{"id":6099,"date":"2023-05-16T15:15:35","date_gmt":"2023-05-16T07:15:35","guid":{"rendered":"https:\/\/www.quartzite-stone.com\/product\/arabescato-vagli-marble\/"},"modified":"2023-08-18T17:00:20","modified_gmt":"2023-08-18T09:00:20","slug":"arabescato-vagli-marmo","status":"publish","type":"product","link":"https:\/\/www.quartzite-stone.com\/it\/products\/arabescato-vagli-marble\/","title":{"rendered":"Marmo Arabescato Vagli"},"content":{"rendered":"<p style=\"line-height: 1.5;text-align: left\"><strong>Marmo Arabescato Vagli&nbsp;<\/strong><\/p>\n<p style=\"line-height: 1.5\">&nbsp; &nbsp; La lente d&#039;ingrandimento virtuale della cava naturale trae ispirazione dalla superficie della pietra, ne riproduce fedelmente le caratteristiche e l&#039;aspetto, e presenta la bellezza unica delle texture high-tech. Il sistema del marmo garantisce che i prodotti di grandi dimensioni abbiano lo stesso effetto dei comuni materiali naturali.<\/p>\n<table border=\"1\" style=\"border-collapse: collapse;width: 100%;height: 54px\">\n<tbody>\n<tr style=\"height: 18px\">\n<td style=\"width: 30.1449%;height: 18px\">Nome del prodotto:<\/td>\n<td style=\"width: 69.8551%;height: 18px\">Corchia Arabescato Bianco<\/td>\n<\/tr>\n<tr style=\"height: 18px\">\n<td style=\"width: 30.1449%;height: 18px\">Stile applicabile:<\/td>\n<td style=\"width: 69.8551%;height: 18px\">Stile francese, stile crema e altri stili di design.<\/td>\n<\/tr>\n<tr style=\"height: 18px\">\n<td style=\"width: 30.1449%;height: 18px\">Posti applicabili:<\/td>\n<td style=\"width: 69.8551%;height: 18px\">muro di fondo, terreno, piattaforma dell&#039;isola, ecc.<\/td>\n<\/tr>\n<\/tbody>\n<\/table>\n<p style=\"line-height: 1.5\">&nbsp; &nbsp; Marmo bianco Arabescato Corchia, come una fioraia, il motivo multi-rete lineare grigio sulla superficie del pannello, il colore \u00e8 magnifico, stupendo, la trama \u00e8 solenne e nobile, la trama \u00e8 distribuita in modo non uniforme ma naturale e liscia, sia che si tratti di un superficie naturale o una superficie mista, cammina come l&#039;acqua che scorre chic e atmosferica.<img fetchpriority=\"high\" decoding=\"async\" src=\"https:\/\/data.adwebcloud.com\/public\/material\/220426a7q47o\/product\/NaturalArabescatoMarbleSlab_1684221049589.jpg\" width=\"750\" height=\"600\" alt=\"\" \/><\/p>\n<p style=\"line-height: 1.5\">&nbsp; &nbsp; Il colore di sfondo del marmo bianco Arabescato Corchia \u00e8 bianco ma non grasso, con un motivo a maglie grigie scure e chiare che si intersecano, naturale e liscio, sparso e coordinato, elegante e grandioso, e la sua consistenza \u00e8 pi\u00f9 dura del normale marmo. Il buon materiale \u00e8 il suo pi\u00f9 grande vantaggio.<\/p>\n<p style=\"line-height: 1.5\">&nbsp; &nbsp; I palazzi sono dotati di marmo come standard. Il marmo bianco Arabescato Corchia non si limita al lusso leggero, al minimalismo e ai grandi motivi bianchi che possono aggiungere un tocco di inimmaginabile delicatezza allo spazio.<\/p>\n<p style=\"line-height: 1.5\">&nbsp; &nbsp; Questo marmo \u00e8 noto per le sue caratteristiche e vantaggi unici. Ha uno sfondo bianco con venature grigie che lo attraversano, creando un bellissimo disegno naturale. I motivi unici rendono questo marmo molto accattivante e aggiungono raffinatezza ed eleganza a qualsiasi spazio.<img decoding=\"async\" src=\"https:\/\/data.adwebcloud.com\/public\/material\/220426a7q47o\/product\/ArabescatoVagliMarbletable_1684221260892.jpg\" width=\"750\" height=\"600\" alt=\"\" \/><br \/>&nbsp; &nbsp; In termini di applicazione, il marmo Arabescato Vagli \u00e8 versatile e pu\u00f2 essere utilizzato per una vasta gamma di scopi come rivestimento di pareti, pavimenti, controsoffitti e altro ancora. La nostra azienda offre opzioni di personalizzazione sia per le dimensioni che per la forma del marmo per soddisfare le vostre esigenze specifiche.<\/p>\n<p style=\"line-height: 1.5\">&nbsp; &nbsp; I nostri HRST Stone si impegnano a fornire un servizio clienti eccellente a tutti i nostri clienti. Siamo consapevoli che ogni progetto \u00e8 unico e lavoriamo a stretto contatto con i nostri clienti per garantire che le loro esigenze e preferenze siano pienamente soddisfatte. Il nostro team di assistenza clienti \u00e8 disponibile 24 ore su 24, 7 giorni su 7, per fornire assistenza in caso di richieste, ordini e qualsiasi altro problema che possa sorgere durante il processo.<br \/>&nbsp; &nbsp; E prestiamo molta attenzione al nostro processo di spedizione e imballaggio per garantire che i nostri prodotti arrivino in modo sicuro e protetto alle destinazioni previste. Utilizziamo materiali durevoli e di alta qualit\u00e0 per l&#039;imballaggio e l&#039;imbottitura per evitare danni o rotture durante il trasporto. Il nostro team di controllo qualit\u00e0 ispeziona ogni prodotto prima della spedizione per garantire che soddisfi i nostri elevati standard e specifiche.<img decoding=\"async\" src=\"https:\/\/data.adwebcloud.com\/public\/material\/220426a7q47o\/product\/naturalwhitemarble_1684221266710.jpg\" width=\"750\" height=\"600\" alt=\"\" \/><\/p>","protected":false},"excerpt":{"rendered":"<p>Arabescato Vagli \u00e8 un meraviglioso marmo di Carrara caratterizzato da venature scure e occasionali ombre chiare su uno sfondo bianco puro. Questa elegante pietra \u00e8 particolarmente adatta per controsoffitti, mosaici, applicazioni di pareti e pavimenti interni ed esterni, fontane, rivestimenti per piscine e pareti e altri progetti di design.<\/p>","protected":false},"featured_media":8406,"comment_status":"open","ping_status":"closed","template":"","meta":[],"product_brand":[],"product_cat":[175],"product_tag":[777,778,779,774,771,773,780,775,776,772],"class_list":{"0":"post-6099","1":"product","2":"type-product","3":"status-publish","4":"has-post-thumbnail","6":"product_cat-marble","7":"product_tag-arabascato-bianco-marble","8":"product_tag-arabascato-bianco-marble-table","9":"product_tag-arabescato-carrara-marble-furniture-table","10":"product_tag-arabescato-marble-bathroom-vanity-top","11":"product_tag-arabescato-marble-countertop","12":"product_tag-arabescato-vagli-marble","13":"product_tag-arabescato-vagli-marble-accent-wall","14":"product_tag-bianco-arabescato-marble","15":"product_tag-bianco-arabescato-marble-tile","16":"product_tag-marmo-arabescato-di-carrara","18":"first","19":"instock","20":"shipping-taxable","21":"product-type-simple"},"_links":{"self":[{"href":"https:\/\/www.quartzite-stone.com\/it\/wp-json\/wp\/v2\/product\/6099","targetHints":{"allow":["GET"]}}],"collection":[{"href":"https:\/\/www.quartzite-stone.com\/it\/wp-json\/wp\/v2\/product"}],"about":[{"href":"https:\/\/www.quartzite-stone.com\/it\/wp-json\/wp\/v2\/types\/product"}],"replies":[{"embeddable":true,"href":"https:\/\/www.quartzite-stone.com\/it\/wp-json\/wp\/v2\/comments?post=6099"}],"wp:featuredmedia":[{"embeddable":true,"href":"https:\/\/www.quartzite-stone.com\/it\/wp-json\/wp\/v2\/media\/8406"}],"wp:attachment":[{"href":"https:\/\/www.quartzite-stone.com\/it\/wp-json\/wp\/v2\/media?parent=6099"}],"wp:term":[{"taxonomy":"product_brand","embeddable":true,"href":"https:\/\/www.quartzite-stone.com\/it\/wp-json\/wp\/v2\/product_brand?post=6099"},{"taxonomy":"product_cat","embeddable":true,"href":"https:\/\/www.quartzite-stone.com\/it\/wp-json\/wp\/v2\/product_cat?post=6099"},{"taxonomy":"product_tag","embeddable":true,"href":"https:\/\/www.quartzite-stone.com\/it\/wp-json\/wp\/v2\/product_tag?post=6099"}],"curies":[{"name":"wp","href":"https:\/\/api.w.org\/{rel}","templated":true}]}}