{"id":6073,"date":"2023-05-15T15:09:22","date_gmt":"2023-05-15T07:09:22","guid":{"rendered":"https:\/\/www.quartzite-stone.com\/product\/blue-sodalite-granite-table-top\/"},"modified":"2023-06-10T10:19:05","modified_gmt":"2023-06-10T02:19:05","slug":"piano-di-tavolo-in-granito-di-sodalite-blu","status":"publish","type":"product","link":"https:\/\/www.quartzite-stone.com\/it\/products\/blue-sodalite-granite-table-top\/","title":{"rendered":"Piano del tavolo in granito blu sodalite"},"content":{"rendered":"<p style=\"line-height: 1.5\">Granito Sodalite Blu<\/p>\n<p style=\"line-height: 1.5\">&nbsp; &nbsp; Che si tratti di lusso leggero moderno, lusso leggero francese o moderno minimalista, decorazione domestica in stile francese moderno, il motivo in marmo \u00e8 sicuramente un elemento essenziale, che raddoppia il senso del lusso in casa.<br \/>&nbsp; &nbsp; Agli occhi dei designer, la texture del marmo \u00e8 sempre stata un elemento classico senza tempo. Appoggiando qualsiasi oggetto sul piano di marmo, in un colpo solo diventa subito high-end. Oggi presentiamo i tipi popolari di pietre per tavoli da pranzo in marmo:<img fetchpriority=\"high\" decoding=\"async\" src=\"https:\/\/data.adwebcloud.com\/public\/material\/220426a7q47o\/product\/bluemarblesidetable_1684134458318.jpg\" width=\"750\" height=\"600\" alt=\"\" \/><\/p>\n<p style=\"line-height: 1.5\">&nbsp; &nbsp; Il marmo Bianco Carrara \u00e8 prodotto in Italia, con un colore di base bianco e trame naturali e uniche come motivi di seta grigio chiaro, motivi a punti e grani fini. Esiste in edifici come la Torre Pendente di Pisa e il Pantheon di Roma, ed \u00e8 anche la materia prima per molte famose sculture.<\/p>\n<p style=\"line-height: 1.5\">&nbsp; &nbsp; Amazonite Granite \u00e8 prodotto in Brasile. Il colore della superficie \u00e8 verde, grigio, bianco e marrone intrecciato tra loro. Ha un forte senso estetico e valorizza istantaneamente lo stile della casa! Integrando la ricca trama e l&#039;arte della pietra, ha un senso di lusso leggero e lussuoso, che \u00e8 profondamente amato da designer e proprietari di casa. Presenta una sorta di innovazione artistica al di fuori della natura.<img decoding=\"async\" src=\"https:\/\/data.adwebcloud.com\/public\/material\/220426a7q47o\/product\/bluemarbletable_1684134464929.jpg\" width=\"750\" height=\"600\" alt=\"\" \/><\/p>\n<p style=\"line-height: 1.5\">&nbsp; &nbsp; <a class=\"wpil_keyword_link\" href=\"https:\/\/www.quartzite-stone.com\/it\/prodotto-2\/granito-sodalite-blu\/\"   title=\"Granito Sodalite Blu\" data-wpil-keyword-link=\"linked\">Granito Sodalite Blu<\/a> \u00e8 il re delle pietre di lusso provenienti dal Brasile, con una produzione ridotta e un valore elevato grazie alla ricchezza dei lapislazzuli. Il colore di base \u00e8 il blu, con una piccola texture bianca o una superficie ondulata. Il motivo a strati della pietra conferisce un forte senso di comfort agli interni e ha una forte plasticit\u00e0. Consigliato per la decorazione: Parete di sfondo per TV\/divano, veranda, tavolo da pranzo, tavolino, ecc.<\/p>\n<p style=\"line-height: 1.5\">&nbsp; &nbsp; <a class=\"wpil_keyword_link\" href=\"https:\/\/www.quartzite-stone.com\/it\/prodotto-2\/granito-oro-patagonia\/\"   title=\"Granito della Patagonia\" data-wpil-keyword-link=\"linked\">Granito della Patagonia<\/a> proviene dalla pietra di lusso pi\u00f9 bella del Brasile, considerata una specie di pietra rara. A causa della trama speciale, del materiale duro, dello stile esotico e dell&#039;alto valore artistico, il prezzo sar\u00e0 pi\u00f9 alto del normale marmo. Gli scenari applicabili sono utilizzati principalmente in ville, case di lusso, vari hotel e atri di edifici per uffici.<\/p>\n<p style=\"line-height: 1.5\">&nbsp; &nbsp; Ice Jade Marble \u00e8 prodotto nello Yunnan, in Cina. \u00c8 un marmo naturale con qualit\u00e0 di giada. La combinazione di colori principale \u00e8 nero, bianco e verde. Con luci calde o abbellimenti in metallo brillante, \u00e8 molto bello come controsoffitto e decorazione murale.<img decoding=\"async\" src=\"https:\/\/data.adwebcloud.com\/public\/material\/220426a7q47o\/product\/newdesignbluemarbletable_1684134471823.jpg\" width=\"750\" height=\"600\" alt=\"\" \/><\/p>\n<p style=\"line-height: 1.5\">&nbsp; &nbsp; L&#039;Onice Rosa prodotto in Iran, \u00e8 una delle pietre pi\u00f9 preziose tra le variet\u00e0 di pietra, con materiale pregiato e un buon effetto di trasmissione della luce. Abbinato a una base in ottone lucido, presenta uno stile Art D\u00e9co alla moda e retr\u00f2 in pochi minuti.<br \/>Il piano del tavolo in marmo blu nella foto sopra \u00e8 uno dei prodotti pi\u00f9 apprezzati della nostra azienda. Ha una forma semplice, un colore brillante e un prezzo attraente ed \u00e8 molto amato dai consumatori.<\/p>\n<p style=\"line-height: 1.5\">&nbsp; &nbsp; Il granito Blue Sodalite \u00e8 noto per il suo bellissimo colore blu con venature bianche e grigie, che crea un motivo naturale e accattivante. Inoltre, la consistenza dura e resistente della pietra la rende perfetta per le aree ad alto traffico come la sala da pranzo o la zona giorno. \u00c8 anche resistente ai graffi, al calore e agli acidi, garantendo longevit\u00e0 e conservando la sua bellezza.<br \/>&nbsp; &nbsp; Noi di HRST Stone siamo orgogliosi di fornire prodotti e servizi eccezionali. I nostri esperti lavoratori produrranno il vostro tavolo personalizzato entro 14 giorni, assicurandovi di ricevere il vostro ordine in modo rapido ed efficiente. Siamo lieti di ricevere qualsiasi richiesta di informazioni e siamo a vostra disposizione per assistervi in ogni fase del progetto.<img decoding=\"async\" src=\"https:\/\/data.adwebcloud.com\/public\/material\/220426a7q47o\/product\/popularbluemarbletabletop_1684134478633.jpg\" alt=\"\" \/><\/p>","protected":false},"excerpt":{"rendered":"<p>Il granito Blue Sodalite \u00e8 una bellissima pietra naturale nota principalmente per il suo colore blu unico con venature bianche e grigie. Ha una consistenza dura e resistente, che lo rende una scelta ideale per applicazioni interne ed esterne. Questo granito offre un&#039;eccellente resistenza ai graffi, al calore e agli acidi, il che lo rende perfetto per aree ad alto traffico come piani cucina e pavimenti. Inoltre, il motivo naturale di Blue Sodalite Granite \u00e8 visivamente stimolante e distintivo, il che lo rende adatto per creare straordinari pezzi d&#039;accento e elementi decorativi.<\/p>","protected":false},"featured_media":6809,"comment_status":"open","ping_status":"closed","template":"","meta":[],"product_brand":[],"product_cat":[460],"product_tag":[754,755,753,752,756,759,758,760,757],"class_list":{"0":"post-6073","1":"product","2":"type-product","3":"status-publish","4":"has-post-thumbnail","6":"product_cat-stone-furniture","7":"product_tag-blue-sodalite-granite-countertop","8":"product_tag-blue-sodalite-granite-dining-table","9":"product_tag-blue-sodalite-granite-furniture","10":"product_tag-blue-sodalite-granite-table-top","11":"product_tag-blue-sodalite-stone","12":"product_tag-luxury-natural-blue-granite","13":"product_tag-royal-blue-sodalite-coffee-table","14":"product_tag-royal-blue-sodalite-island-top","15":"product_tag-royal-blue-sodalite-wall-decor","17":"first","18":"instock","19":"shipping-taxable","20":"product-type-simple"},"_links":{"self":[{"href":"https:\/\/www.quartzite-stone.com\/it\/wp-json\/wp\/v2\/product\/6073","targetHints":{"allow":["GET"]}}],"collection":[{"href":"https:\/\/www.quartzite-stone.com\/it\/wp-json\/wp\/v2\/product"}],"about":[{"href":"https:\/\/www.quartzite-stone.com\/it\/wp-json\/wp\/v2\/types\/product"}],"replies":[{"embeddable":true,"href":"https:\/\/www.quartzite-stone.com\/it\/wp-json\/wp\/v2\/comments?post=6073"}],"wp:featuredmedia":[{"embeddable":true,"href":"https:\/\/www.quartzite-stone.com\/it\/wp-json\/wp\/v2\/media\/6809"}],"wp:attachment":[{"href":"https:\/\/www.quartzite-stone.com\/it\/wp-json\/wp\/v2\/media?parent=6073"}],"wp:term":[{"taxonomy":"product_brand","embeddable":true,"href":"https:\/\/www.quartzite-stone.com\/it\/wp-json\/wp\/v2\/product_brand?post=6073"},{"taxonomy":"product_cat","embeddable":true,"href":"https:\/\/www.quartzite-stone.com\/it\/wp-json\/wp\/v2\/product_cat?post=6073"},{"taxonomy":"product_tag","embeddable":true,"href":"https:\/\/www.quartzite-stone.com\/it\/wp-json\/wp\/v2\/product_tag?post=6073"}],"curies":[{"name":"wp","href":"https:\/\/api.w.org\/{rel}","templated":true}]}}