{"id":6014,"date":"2023-05-11T10:14:52","date_gmt":"2023-05-11T02:14:52","guid":{"rendered":"https:\/\/www.quartzite-stone.com\/product\/natural-matrix-granite\/"},"modified":"2023-05-11T10:56:25","modified_gmt":"2023-05-11T02:56:25","slug":"granito-a-matrice-naturale","status":"publish","type":"product","link":"https:\/\/www.quartzite-stone.com\/it\/products\/natural-matrix-granite\/","title":{"rendered":"Granito a matrice naturale"},"content":{"rendered":"<p style=\"line-height: 1.5\"><strong>Granito a matrice naturale<\/strong><\/p>\n<p style=\"line-height: 1.5\">Matrix Granite \u00e8 una specie di granito nero che si trova principalmente nel paese del Brasile. \u00c8 anche conosciuto con nomi come Black Metal Granite, Granito St Louis, Metallica Granite, Matrix Motion Granite e cos\u00ec via. Ci sono motivi a spirale d&#039;argento, cerchi e punti grigi e trame nere sullo sfondo grigio-nero della pietra. In questo granito si osserva una variazione di livello medio.<img decoding=\"async\" src=\"https:\/\/data.adwebcloud.com\/public\/material\/220426a7q47o\/product\/MatrixGraniteBigSlab_1683771129973.jpg\" alt=\"\" \/><\/p>\n<p style=\"line-height: 1.5\">Nero, profondo e sobrio, high-end e low-key. Come colore popolare senza tempo nella tendenza della moda, mette in risalto la qualit\u00e0 e il lusso dello spazio con un tocco di nero elegante e conciso. Come rappresentante della pietra nera, l&#039;innata texture unica di Matrix Granite inietta moda e atmosfera artistica nello spazio ed \u00e8 molto ricercata da molti proprietari, fashionisti e designer.<\/p>\n<p style=\"line-height: 1.5\">Sotto il riflesso della luce, la superficie nera e profonda simile all&#039;inchiostro di Matrix Granite lampeggia un po&#039; di luce stellare, brillando brillantemente, proprio come le stelle nel cielo sotto il cielo notturno, sognante e bella, conferendo allo spazio un aspetto nobile e temperamento elegante.<img fetchpriority=\"high\" decoding=\"async\" src=\"https:\/\/data.adwebcloud.com\/public\/material\/220426a7q47o\/product\/MatrixGraniteCountertop_1683771145242.jpg\" width=\"1440\" height=\"1080\" alt=\"\" \/><\/p>\n<p style=\"line-height: 1.5\">Il granito straordinario \u00e8 Matrix Granite. Sembra acqua, quasi argento liquido. Questa pietra dall&#039;aspetto metallico ha motivi ondulati composti da turbinii, punti e cerchi di grigio scuro e grigio con macchie nere. I controsoffitti della cucina, le pareti d&#039;accento, i mobili da bagno e i banconi del bar sono tutte scelte drammatiche che possono fungere da punto principale della stanza.<\/p>\n<p style=\"line-height: 1.5\">Matrix Granite ha un colore simile a un gioiello, linee morbide asimmetriche, consistenza dura e struttura densa. I suoi toni scuri di alta qualit\u00e0 possono esprimere appieno lo stile dello spazio, come una signora solenne ed elegante, aggraziata e lussuosa, una volta abbinata a un design semplice ed elegante, far\u00e0 sentire le persone a proprio agio ea proprio agio dal profondo del cuore. Butta via il trambusto della citt\u00e0 e stabilisci i pensieri pi\u00f9 veri nel mio cuore. Il prodotto \u00e8 adatto per spazi decorativi come pavimenti, pareti, pareti di sfondo e scrivanie.<\/p>\n<p style=\"line-height: 1.5\">Natural Matrix Granite \u00e8 una pietra di granito di alta qualit\u00e0, il suo colore di alta qualit\u00e0 pu\u00f2 sempre dare alle persone una sensazione calma e sobria e rivela anche un&#039;atmosfera misteriosa. Lo spazio che decora sembra calmo, maturo, nobile ed elegante e ha realizzato molti eccellenti lavori decorativi.<img decoding=\"async\" src=\"https:\/\/data.adwebcloud.com\/public\/material\/220426a7q47o\/product\/MatrixGraniteUsed_1683771155954.jpg\" width=\"750\" height=\"600\" alt=\"\" \/><\/p>\n<p style=\"line-height: 1.5\">L&#039;attraente granito \u00e8 noto come Matrix ha un bel fondale grigio e venature nere e ondulate. Il colore neutro del granito Matrix lo rende semplice da incorporare in una gamma di schemi di design. \u00c8 un&#039;opzione fantastica per spazi esterni, rivestimenti per caminetti, piani bar, mobili da bagno e superfici della cucina.<\/p>\n<p style=\"line-height: 1.5\">Questa pietra non \u00e8 solo bella da vedere, ma \u00e8 anche piuttosto resistente. \u00c8 comprensibile il motivo per cui questa pietra naturale \u00e8 una scelta popolare tra i proprietari di case, dato quanto appare sbalorditiva e quanto bene pu\u00f2 sopravvivere all&#039;uso che ricever\u00e0 in varie parti della casa. Inoltre, il granito in generale pu\u00f2 aumentare il valore complessivo della tua casa, il che pu\u00f2 essere molto vantaggioso se decidi di vendere. L&#039;installazione del granito Matrix nella tua casa pu\u00f2 rivelarsi una delle migliori scelte che tu abbia mai fatto per questo.<img decoding=\"async\" src=\"https:\/\/data.adwebcloud.com\/public\/material\/220426a7q47o\/product\/PopularMatrixGraniteSlab_1683771174082.jpg\" width=\"1440\" height=\"1039\" alt=\"\" \/><\/p>","protected":false},"excerpt":{"rendered":"<p>Matrix Granite \u00e8 uno gneiss di biotite affascinato dalle scintillanti trame grigio-argento estratte in Brasile. Questa esclusiva pietra esotica \u00e8 particolarmente adatta per controsoffitti, mosaici, applicazioni di pareti e pavimenti interni ed esterni, fontane, rivestimenti per piscine e pareti, scale, davanzali e altri progetti di design.<\/p>","protected":false},"featured_media":6015,"comment_status":"open","ping_status":"closed","template":"","meta":[],"product_brand":[],"product_cat":[205],"product_tag":[741,734,736,740,738,739,733,737,735,732],"class_list":{"0":"post-6014","1":"product","2":"type-product","3":"status-publish","4":"has-post-thumbnail","6":"product_cat-granite","7":"product_tag-black-metal-granite-accent-wall","8":"product_tag-matrix-3d-granite","9":"product_tag-matrix-granite-background-wall","10":"product_tag-matrix-granite-furniture-table","11":"product_tag-matrix-granite-island-top","12":"product_tag-matrix-granite-table","13":"product_tag-matrix-granite-wall-tiles","14":"product_tag-matrix-motion-granite-tile","15":"product_tag-metallica-granite","16":"product_tag-natural-matrix-granite-countertop","18":"first","19":"instock","20":"shipping-taxable","21":"product-type-simple"},"_links":{"self":[{"href":"https:\/\/www.quartzite-stone.com\/it\/wp-json\/wp\/v2\/product\/6014","targetHints":{"allow":["GET"]}}],"collection":[{"href":"https:\/\/www.quartzite-stone.com\/it\/wp-json\/wp\/v2\/product"}],"about":[{"href":"https:\/\/www.quartzite-stone.com\/it\/wp-json\/wp\/v2\/types\/product"}],"replies":[{"embeddable":true,"href":"https:\/\/www.quartzite-stone.com\/it\/wp-json\/wp\/v2\/comments?post=6014"}],"wp:featuredmedia":[{"embeddable":true,"href":"https:\/\/www.quartzite-stone.com\/it\/wp-json\/wp\/v2\/media\/6015"}],"wp:attachment":[{"href":"https:\/\/www.quartzite-stone.com\/it\/wp-json\/wp\/v2\/media?parent=6014"}],"wp:term":[{"taxonomy":"product_brand","embeddable":true,"href":"https:\/\/www.quartzite-stone.com\/it\/wp-json\/wp\/v2\/product_brand?post=6014"},{"taxonomy":"product_cat","embeddable":true,"href":"https:\/\/www.quartzite-stone.com\/it\/wp-json\/wp\/v2\/product_cat?post=6014"},{"taxonomy":"product_tag","embeddable":true,"href":"https:\/\/www.quartzite-stone.com\/it\/wp-json\/wp\/v2\/product_tag?post=6014"}],"curies":[{"name":"wp","href":"https:\/\/api.w.org\/{rel}","templated":true}]}}