{"id":6002,"date":"2023-05-10T10:38:54","date_gmt":"2023-05-10T02:38:54","guid":{"rendered":"https:\/\/www.quartzite-stone.com\/product\/natural-gaya-quartzite\/"},"modified":"2023-06-27T10:57:56","modified_gmt":"2023-06-27T02:57:56","slug":"quarzite-naturale-di-gaya","status":"publish","type":"product","link":"https:\/\/www.quartzite-stone.com\/it\/products\/natural-gaya-quartzite\/","title":{"rendered":"Quarzite Verde Gaya"},"content":{"rendered":"<p><strong>Quarzite naturale di Gaya<\/strong><\/p>\n<p style=\"line-height: 1.5\">La quarzite Verde Gaya \u00e8 una splendida pietra verde chiaro e avorio con sottili sfumature di grigio-pesca e venature rosse. Queste lastre di quarzite levigata sono consigliate per usi interni, sia in ambito residenziale che commerciale, tra cui pavimenti, piani di lavoro, rivestimenti e altre applicazioni a parete.<\/p>\n<p style=\"line-height: 1.5\">La superficie della pietra \u00e8 tipicamente liscia e levigata e pu\u00f2 presentare una sottile lucentezza o scintillio grazie alla presenza di cristalli di quarzo all'interno della roccia. Nel complesso, la quarzite di Gaya ha un aspetto sofisticato ed elegante che pu\u00f2 aggiungere un tocco di bellezza naturale a qualsiasi spazio. L'aspetto esatto della quarzite di Gaya pu\u00f2 variare a seconda della cava specifica e del blocco da cui viene estratta, per cui si consiglia di visionare campioni o lastre di persona prima di effettuare un acquisto.<img fetchpriority=\"high\" decoding=\"async\" src=\"https:\/\/data.adwebcloud.com\/public\/material\/220426a7q47o\/product\/NaturalGayaQuartziteCoffeeTe_1683686230084.jpg\" width=\"750\" height=\"600\" alt=\"\" \/><\/p>\n<p style=\"line-height: 1.5\">L'origine della quarzite di Gaya \u00e8 il Brasile. La superficie della tavola \u00e8 squisita e chiara, delicata ed elastica come lo scamosciato, leggera e lussuosa ma elegante, come un raggio di luce che brilla attraverso una fitta foresta, dando alle persone un senso di tranquillit\u00e0 e serenit\u00e0.<br \/>La quarzite \u00e8 una pietra magnifica con caratteristiche estetiche distintive, molto simili a quelle del marmo. Tuttavia, \u00e8 molto pi\u00f9 resistente, come il granito.<br \/>La quarzite verde naturale del Brasile Emerald \u00e8 ideale per la realizzazione di lastre di grandi dimensioni, piani per cucine, piani per vanit\u00e0, isole da cucina, piani per bar, bordi per vasche e decorazioni diverse per progetti residenziali e di ospitalit\u00e0.<img decoding=\"async\" src=\"https:\/\/data.adwebcloud.com\/public\/material\/220426a7q47o\/product\/GayaGreenQuartziteCoffeeTabe_1683686238653.jpg\" width=\"750\" height=\"600\" alt=\"\" \/><br \/>Le venature marroni profonde definiscono e distinguono le squisite e sofisticate tonalit\u00e0 di taupe, grigio e crema della quarzite di Gaya. Questa splendida pietra naturale \u00e8 perfetta per qualsiasi progetto di design e pu\u00f2 facilmente diventare il punto focale. Inoltre, i piani di lavoro in quarzite sono resistenti al calore, duraturi, semplici da pulire e richiedono una manutenzione minima, il che li rende la scelta perfetta per le famiglie che amano ospitare feste.<br \/>La pietra naturale di alta gamma Gaya, nota come quarzite, ha una superficie generalmente verde e una texture leggermente marrone e bianca. L'estetica complessiva della lastra ricorda un'enorme distesa di prati incolti e il motivo ricorda un'onda prodotta dal vento su quei prati. Nel complesso, si percepisce una sensazione di alta qualit\u00e0, fresca e piacevole.<br \/>La pietra naturale nota come quarzite ha un grado molto elevato di durezza, resistenza al calore e alle macchie. Le lastre di quarzite hanno una superficie liscia, piatta e priva di graffi. \u00c8 facile da pulire grazie alla struttura solida e non porosa del materiale. Di conseguenza, la quarzite \u00e8 eccellente per la produzione di pavimenti interni, piastrelle per pareti, piani per bar, piani per bagni e piani per tavoli da pranzo e da caff\u00e8.<img decoding=\"async\" src=\"https:\/\/data.adwebcloud.com\/public\/material\/220426a7q47o\/product\/GayaQuartziteBackgroundWall_1683686246884.jpg\" alt=\"\" \/><\/p>\n<p style=\"line-height: 1.5\">La quarzite naturale di Gaya \u00e8 una pietra straordinaria e unica, perfetta per una variet\u00e0 di applicazioni interne ed esterne. Con le sue naturali variazioni di colore, le suggestive venature e l'elevata durabilit\u00e0, la quarzite naturale di Gaya \u00e8 la scelta perfetta per chiunque voglia creare uno spazio davvero bello e duraturo.<br \/>Oltre alla sua bellezza e durata, la quarzite naturale di Gaya \u00e8 anche incredibilmente versatile. Pu\u00f2 essere utilizzata per qualsiasi cosa, dai pavimenti ai piani di lavoro, dai rivestimenti alle decorazioni. E poich\u00e9 la nostra azienda dispone di un ampio inventario e di una tecnologia all'avanguardia, possiamo personalizzare e produrre questa pietra in qualsiasi dimensione, forma o stile desideriate.<br \/>Sia che stiate ristrutturando la vostra casa o progettando uno spazio commerciale, la quarzite naturale di Gaya \u00e8 la scelta perfetta. Ci impegniamo a fornire prodotti di altissima qualit\u00e0 a prezzi competitivi, quindi non esitate a contattarci per ulteriori informazioni o per effettuare un ordine.<\/p>\n<p style=\"line-height: 1.5\"><img decoding=\"async\" src=\"https:\/\/data.adwebcloud.com\/public\/material\/220426a7q47o\/product\/GayaGreenQuartzite3_1687833241765.jpg\" width=\"750\" height=\"750\" alt=\"\" \/><\/p><\/p>","protected":false},"excerpt":{"rendered":"<p>Gaya Quartzite \u00e8 un tipo di pietra esotica che viene estratta in Brasile. \u00c8 un materiale durevole e versatile che pu\u00f2 essere utilizzato per una variet\u00e0 di applicazioni, come controsoffitti, pavimenti e rivestimenti di pareti. In termini di aspetto, la quarzite di Gaya ha un colore prevalentemente verde con diverse sfumature e motivi di venature e macchie bianche, beige e marroni.<\/p>","protected":false},"featured_media":7155,"comment_status":"open","ping_status":"closed","template":"","meta":[],"product_brand":[],"product_cat":[195],"product_tag":[724,727,726,730,731,725,722,729,723,728],"class_list":{"0":"post-6002","1":"product","2":"type-product","3":"status-publish","4":"has-post-thumbnail","6":"product_cat-quartzite","7":"product_tag-emerald-green-quartzite","8":"product_tag-emerald-green-quartzite-tile","9":"product_tag-gaya-green-quartzite","10":"product_tag-gaya-green-quartzite-furniture-table","11":"product_tag-gaya-quartzite-background-wall","12":"product_tag-gaya-quartzite-bathroom-vanity-top","13":"product_tag-gaya-quartzite-countertop","14":"product_tag-gaya-quartzite-table-top","15":"product_tag-verde-gaya-quartzite","16":"product_tag-verde-gaya-quartzite-island-top","18":"first","19":"instock","20":"shipping-taxable","21":"product-type-simple"},"_links":{"self":[{"href":"https:\/\/www.quartzite-stone.com\/it\/wp-json\/wp\/v2\/product\/6002","targetHints":{"allow":["GET"]}}],"collection":[{"href":"https:\/\/www.quartzite-stone.com\/it\/wp-json\/wp\/v2\/product"}],"about":[{"href":"https:\/\/www.quartzite-stone.com\/it\/wp-json\/wp\/v2\/types\/product"}],"replies":[{"embeddable":true,"href":"https:\/\/www.quartzite-stone.com\/it\/wp-json\/wp\/v2\/comments?post=6002"}],"wp:featuredmedia":[{"embeddable":true,"href":"https:\/\/www.quartzite-stone.com\/it\/wp-json\/wp\/v2\/media\/7155"}],"wp:attachment":[{"href":"https:\/\/www.quartzite-stone.com\/it\/wp-json\/wp\/v2\/media?parent=6002"}],"wp:term":[{"taxonomy":"product_brand","embeddable":true,"href":"https:\/\/www.quartzite-stone.com\/it\/wp-json\/wp\/v2\/product_brand?post=6002"},{"taxonomy":"product_cat","embeddable":true,"href":"https:\/\/www.quartzite-stone.com\/it\/wp-json\/wp\/v2\/product_cat?post=6002"},{"taxonomy":"product_tag","embeddable":true,"href":"https:\/\/www.quartzite-stone.com\/it\/wp-json\/wp\/v2\/product_tag?post=6002"}],"curies":[{"name":"wp","href":"https:\/\/api.w.org\/{rel}","templated":true}]}}