{"id":5974,"date":"2023-05-09T10:57:41","date_gmt":"2023-05-09T02:57:41","guid":{"rendered":"https:\/\/www.quartzite-stone.com\/product\/natural-cristallo-white-quartzite\/"},"modified":"2023-06-27T10:57:43","modified_gmt":"2023-06-27T02:57:43","slug":"quarzite-bianca-cristallo-naturale","status":"publish","type":"product","link":"https:\/\/www.quartzite-stone.com\/it\/products\/natural-cristallo-white-quartzite\/","title":{"rendered":"Cristallo Quarzite Bianca"},"content":{"rendered":"<p><strong>Cristallo Quarzite Bianca <\/strong><\/p>\n<p style=\"line-height: 1.5\">La quarzite naturale \u00e8 colorata, ricca di consistenza, piena di fascino esotico e misterioso, e ogni piatto \u00e8 diverso e pu\u00f2 essere dipinto indipendentemente; in termini di struttura del materiale, durezza e resistenza all&#039;usura sono migliori del granito; La quarzite ha anche una sua caratteristica, cio\u00e8 ha una certa trasparenza parziale, simile ai cristalli.<br \/>L&#039;arenaria viene prima trasformata in quarzite, una roccia dura e metamorfica, dal calore e dalla pressione causata dalla compressione tettonica. Grazie alla sua solidit\u00e0, la quarzite \u00e8 principalmente resistente all&#039;erosione e alle intemperie, rendendola adatta per l&#039;uso come pavimenti, gradini, rivestimenti murali e tegole. La quarzite sta diventando sempre pi\u00f9 utilizzata all&#039;interno come elemento di arredo e per le superfici dei piani di lavoro. A causa delle diverse concentrazioni di ossido di ferro, la quarzite pura pu\u00f2 anche svilupparsi in una variet\u00e0 di tonalit\u00e0 rosa e rosse oltre alla sua tipica gamma di colori neutri dal bianco al grigio.<\/p>\n<p style=\"line-height: 1.5\"><img fetchpriority=\"high\" decoding=\"async\" src=\"https:\/\/data.adwebcloud.com\/public\/material\/220426a7q47o\/product\/CristalloWhiteQuartziteSlab_1683600959313.jpg\" width=\"750\" height=\"600\" alt=\"\" style=\"float: left\" \/><\/p>\n<p style=\"line-height: 1.5\">\n<p style=\"line-height: 1.5\">\n<p style=\"line-height: 1.5\">\n<p style=\"line-height: 1.5\">\n<p style=\"line-height: 1.5\">\n<p style=\"line-height: 1.5\">\n<p style=\"line-height: 1.5\">\n<p style=\"line-height: 1.5\">\n<p style=\"line-height: 1.5\">\n<p style=\"line-height: 1.5\">\n<p style=\"line-height: 1.5\">\n<p style=\"line-height: 1.5\">\n<p style=\"line-height: 1.5\">\n<p style=\"line-height: 1.5\">\n<p style=\"line-height: 1.5\">\n<p style=\"line-height: 1.5\">\n<p style=\"line-height: 1.5\">\n<p style=\"line-height: 1.5\">\n<p style=\"line-height: 1.5\">\n<p style=\"line-height: 1.5\">\n<p style=\"line-height: 1.5\">Cristallo \u00e8 una quarzite esotica proveniente dal Brasile. Si distingue per un fondale in cristallo trasparente con infiltrazioni dorate, che lo rende ideale per gli ambienti interni, in particolare quelli retroilluminati.<br \/>Le lastre di quarzite bianca sono una pietra bella e pratica che in precedenza era considerata il massimo del lusso. \u00c8 un&#039;opzione straordinaria e robusta, ideale per una variet\u00e0 di applicazioni, inclusi pavimenti e cucine. \u00c8 una pietra senza tempo che resister\u00e0 a urti e graffi meglio del calcare e di altre pietre naturali comparabili poich\u00e9 si \u00e8 formata sotto intenso calore e pressione. Ogni volta si distingue per le sofisticate sfumature ei motivi \u201cmarmorizzati\u201d, che danno un tocco speciale e raffinato alle superfici delle lastre di quarzite bianca dei vostri clienti.<\/p>\n<p style=\"line-height: 1.5\"><img decoding=\"async\" src=\"https:\/\/data.adwebcloud.com\/public\/material\/220426a7q47o\/product\/LuxuryWhiteQuartzite_1683600965857.jpg\" width=\"750\" height=\"600\" alt=\"\" \/><br \/>Cristallo Quarzite \u00e8 solo una parte di una grande variet\u00e0 di diverse Pietre Naturali che portiamo nei nostri showroom. Selezionare la pietra ideale per la tua casa pu\u00f2 essere molto difficile perch\u00e9 ogni pietra naturale ha le sue propriet\u00e0 e fattori da tenere in considerazione. Concentriamoci su questa pietra naturale davvero popolare e sbalorditiva, Cristallo Quarzite, per aiutarti a fare la scelta migliore.<br \/>Per oltre un decennio, un piano di lavoro in quarzite Cristallo \u00e8 stato un elemento molto desiderato in cucine, piani bar e bagni di alto livello. Cristallo Quartzite \u00e8 una pietra splendida e versatile che pu\u00f2 essere utilizzata per controsoffitti, applicazioni a parete e apparecchi di illuminazione alla moda. La sua affascinante qualit\u00e0 cristallina e la sua robusta durata fanno di Cristallo Quartzite una scelta eccellente per un apparecchio domestico di grande effetto e di lunga durata.<\/p>\n<p style=\"line-height: 1.5\"><img decoding=\"async\" src=\"https:\/\/data.adwebcloud.com\/public\/material\/220426a7q47o\/product\/ModernCristalloWhiteQuartzip_1683600972536.jpg\" width=\"750\" height=\"600\" alt=\"\" style=\"float: left\" \/><\/p>\n<p style=\"line-height: 1.5\">\n<p style=\"line-height: 1.5\">\n<p style=\"line-height: 1.5\">\n<p style=\"line-height: 1.5\">\n<p style=\"line-height: 1.5\">\n<p style=\"line-height: 1.5\">\n<p style=\"line-height: 1.5\">\n<p style=\"line-height: 1.5\">\n<p style=\"line-height: 1.5\">\n<p style=\"line-height: 1.5\">\n<p style=\"line-height: 1.5\">\n<p style=\"line-height: 1.5\">\n<p style=\"line-height: 1.5\">\n<p style=\"line-height: 1.5\">\n<p style=\"line-height: 1.5\">\n<p style=\"line-height: 1.5\">\n<p style=\"line-height: 1.5\">\n<p style=\"line-height: 1.5\">\n<p style=\"line-height: 1.5\">\n<p style=\"line-height: 1.5\">\n<p style=\"line-height: 1.5\">Come la maggior parte delle pietre naturali, l&#039;aspetto del Cristallo pu\u00f2 variare parecchio da lastra a lastra. Diversi fattori, come la posizione e l&#039;esposizione agli elementi esterni, possono influenzare notevolmente il colore e le caratteristiche della pietra.<\/p>\n<p style=\"line-height: 1.5\">La quarzite naturale Cristallo White ha guadagnato un'immensa popolarit\u00e0 tra i consumatori grazie alle sue caratteristiche uniche rispetto alle altre quarziti. Questa particolare quarzite \u00e8 molto apprezzata per la sua applicazione come piano di lavoro, mostrando i suoi eccellenti vantaggi quando viene utilizzata in questa veste. HRST Stone vanta un vasto inventario di oltre 10.000 metri quadrati di questo squisito materiale, con un team di lavoratori qualificati e attrezzature all'avanguardia in grado di soddisfare le vostre diverse esigenze. Grazie alla sua ineguagliabile bellezza e durata, la quarzite bianca Cristallo naturale \u00e8 la scelta perfetta per qualsiasi progetto di rivestimento.<img loading=\"lazy\" decoding=\"async\" src=\"https:\/\/data.adwebcloud.com\/public\/material\/220426a7q47o\/product\/WhiteQuartziteCountertop_1683600984033.jpg\" width=\"750\" height=\"600\" alt=\"\" \/><\/p><\/p>","protected":false},"excerpt":{"rendered":"<p>Cristallo White Quartzite \u00e8 una splendida pietra bianca e avorio con sottili toni di colore grigio estratta in Brasile. Questa pietra \u00e8 particolarmente adatta per esterni - applicazioni di pareti e pavimenti interni, controsoffitti, mosaici, fontane, rivestimenti per piscine e pareti e altri progetti di design. Ha anche chiamato Quarzite Cristallo Extra Bianco, Quarzite Cristalo, Quarzite Cristallo Branco, Cristallo Bianco, Quarzite Cristallo Bianco, Quarzite Bianco Cristallo, Quarzite Cristallo.<\/p>","protected":false},"featured_media":7143,"comment_status":"open","ping_status":"closed","template":"","meta":[],"product_brand":[],"product_cat":[195],"product_tag":[693,695,692,701,700,696,697,694,698,699],"class_list":{"0":"post-5974","1":"product","2":"type-product","3":"status-publish","4":"has-post-thumbnail","6":"product_cat-quartzite","7":"product_tag-cristallo-branco-quartzite-slab","8":"product_tag-cristallo-white-quartzite-bathroom-vanity-top","9":"product_tag-cristallo-white-quartzite-countertop","10":"product_tag-cristallo-white-quartzite-furniture-design","11":"product_tag-cristallo-white-quartzite-furniture-table","12":"product_tag-cristallo-white-quartzite-island-top","13":"product_tag-cristallo-white-quartzite-table-top","14":"product_tag-cristallo-white-quartzite-tiles","15":"product_tag-crystallo-quartzite-slabs","16":"product_tag-natural-crystallo-quartzite-background-wall","18":"first","19":"instock","20":"shipping-taxable","21":"product-type-simple"},"_links":{"self":[{"href":"https:\/\/www.quartzite-stone.com\/it\/wp-json\/wp\/v2\/product\/5974","targetHints":{"allow":["GET"]}}],"collection":[{"href":"https:\/\/www.quartzite-stone.com\/it\/wp-json\/wp\/v2\/product"}],"about":[{"href":"https:\/\/www.quartzite-stone.com\/it\/wp-json\/wp\/v2\/types\/product"}],"replies":[{"embeddable":true,"href":"https:\/\/www.quartzite-stone.com\/it\/wp-json\/wp\/v2\/comments?post=5974"}],"wp:featuredmedia":[{"embeddable":true,"href":"https:\/\/www.quartzite-stone.com\/it\/wp-json\/wp\/v2\/media\/7143"}],"wp:attachment":[{"href":"https:\/\/www.quartzite-stone.com\/it\/wp-json\/wp\/v2\/media?parent=5974"}],"wp:term":[{"taxonomy":"product_brand","embeddable":true,"href":"https:\/\/www.quartzite-stone.com\/it\/wp-json\/wp\/v2\/product_brand?post=5974"},{"taxonomy":"product_cat","embeddable":true,"href":"https:\/\/www.quartzite-stone.com\/it\/wp-json\/wp\/v2\/product_cat?post=5974"},{"taxonomy":"product_tag","embeddable":true,"href":"https:\/\/www.quartzite-stone.com\/it\/wp-json\/wp\/v2\/product_tag?post=5974"}],"curies":[{"name":"wp","href":"https:\/\/api.w.org\/{rel}","templated":true}]}}