{"id":5956,"date":"2023-05-08T15:10:58","date_gmt":"2023-05-08T07:10:58","guid":{"rendered":"https:\/\/www.quartzite-stone.com\/product\/natural-prada-green-marble\/"},"modified":"2023-05-08T15:18:35","modified_gmt":"2023-05-08T07:18:35","slug":"marmo-verde-prada-naturale","status":"publish","type":"product","link":"https:\/\/www.quartzite-stone.com\/it\/products\/natural-prada-green-marble\/","title":{"rendered":"Marmo verde Prada naturale"},"content":{"rendered":"<p style=\"line-height: 1.5\"><strong>Marmo verde Prada naturale<\/strong><\/p>\n<p style=\"line-height: 1.5\">Il Marmo Verde di Prada proviene dall'Italia e, grazie alla sua straordinaria giovinezza, al suo bell'aspetto e alla benedizione dei circoli della moda e del lusso, \u00e8 stato fortemente ricercato e amato dai giovani moderni.<br \/>Il Marmo Verde Prada naturale \u00e8 di origine nobile (Italia), forte della propria forza (buon materiale), e ci sono migliaia di buone pietre, ma ci deve essere una pietra chiamata Marmo Verde Prada che non sar\u00e0 ignorata dalla gente.<img decoding=\"async\" src=\"https:\/\/data.adwebcloud.com\/public\/material\/220426a7q47o\/product\/greenmarblebackgroundwall_1683529735227.jpg\" alt=\"\" \/><br \/>Come il blu Tiffany, anche Prada ha il suo colore rappresentativo: il verde Prada. Questo marmo \u00e8 una pietra verde ampiamente utilizzata da PRADA nei flagship store globali, per cui \u00e8 anche riconosciuto come \"verde Prada\". L'applicazione classica di marchi di lusso come LV e PRADA lo rende profondamente noto come prodotto di lusso.<br \/>Verde intenso mescolato con una texture bianca reticolare, questo colore fa davvero breccia nel cuore delle persone, tra il verde scuro e il verde chiaro, la texture \u00e8 uno stile super forte, retr\u00f2, di lusso leggero, eppure atmosferico, che ha raggiunto lo status di Marmo Verde Prada oggi. La texture irregolare del Marmo Verde Prada \u00e8 abbinata al verde intenso. La texture profonda \u00e8 ruvida come le onde, e i mille strati di neve che si sollevano sono senza fondo, emanando un fascino classico.<\/p>\n<p style=\"line-height: 1.5\">Il suo tono fresco aggiunge vitalit\u00e0 allo spazio e la sua texture naturale e coerente rende lo spazio pi\u00f9 fantasioso e offre infinite possibilit\u00e0 di decorazione.<br \/>Come il mare sotto il sole limpido, ha anche il verde verdeggiante della foresta, che fa sentire le persone classiche, e allo stesso tempo ha l'entusiasmo e la vitalit\u00e0 della foresta pluviale. Anche se non vi viene in mente nulla, \u00e8 un gigantesco quadro Art D\u00e9co.<img fetchpriority=\"high\" decoding=\"async\" src=\"https:\/\/data.adwebcloud.com\/public\/material\/220426a7q47o\/product\/naturalmarblecoffeetable_1683529744828.jpg\" width=\"750\" height=\"600\" alt=\"\" \/><br \/>Il marmo verde Prada viene utilizzato sul piano di lavoro o in parte, con una tonalit\u00e0 fresca e naturale, e lo stile di design minimalista facilita il relax nello spazio. Il camino in marmo verde Prada evita il tumulto del mondo esterno e cattura l'ozio naturale e l'eleganza in un pezzo di verde smeraldo. Il marmo verde Prada, utilizzato per le pareti e i pavimenti, fa sembrare l'ambiente intarsiato di gemme, arricchendo la texture dello spazio. Abbinato a decorazioni morbide, riduce la consistenza fredda e dura e mostra appieno la sua bellezza.<\/p>\n<p style=\"line-height: 1.5\">In HRST Stone abbiamo oltre 500 metri quadrati di Marmo Naturale Verde Prada in magazzino, che pu\u00f2 essere tagliato in varie dimensioni e forme, tra cui piani d'appoggio, piastrelle per pareti, piastrelle per pavimenti, tavoli a isola, tavoli da pranzo, piani d'appoggio, lavandini e molto altro ancora, il che lo rende una scelta ideale per una vasta gamma di progetti. Questo marmo \u00e8 di tendenza e alla moda e i suoi colori e motivi unici aggiungono un tocco di eleganza a qualsiasi spazio. Il nostro Marmo Verde Prada Naturale \u00e8 una scelta eccellente per chi vuole creare un look contemporaneo e moderno nelle proprie case, uffici o ambienti commerciali.<img decoding=\"async\" src=\"https:\/\/data.adwebcloud.com\/public\/material\/220426a7q47o\/product\/pradagreenmarblecountertop_1683529753151.jpg\" width=\"750\" height=\"600\" alt=\"\" \/><\/p>\n<p style=\"line-height: 1.5\">Il Marmo Verde Prada Naturale di HRST Stone ha raggiunto cifre di vendita senza precedenti ed \u00e8 diventato il preferito dai clienti sia in Nord America che in Europa. L'immensa popolarit\u00e0 di questo prodotto testimonia la sua qualit\u00e0 e il suo fascino estetico. La nostra azienda \u00e8 orgogliosa della sua vasta esperienza nel settore della pietra naturale, che ci ha permesso di offrire prodotti eccezionali che soddisfano le diverse esigenze dei nostri clienti.<img decoding=\"async\" src=\"https:\/\/data.adwebcloud.com\/public\/material\/220426a7q47o\/product\/naturalgreenmarbleslab_1683529761892.jpg\" alt=\"\" \/><\/p>","protected":false},"excerpt":{"rendered":"<p>Il marmo verde Prada \u00e8 un serpentino brecciato verde scuro con aree di bianco e nero estratto nella regione della Valle d&#039;Aosta, nel nord-ovest dell&#039;Italia. Questo marmo verde intenso \u00e8 particolarmente adatto per controsoffitti di cucine e bagni, monumenti, scale, pietre da costruzione, pietre ornamentali, applicazioni di pareti e pavimenti interni ed esterni, mosaici, motivi a getto d&#039;acqua e altri progetti di design. Chiamato anche Verde Mare Marble, Marmi Verde Alpi Scuro, Verde Alpi Dark Marble, Verde Alpi Issogne Marble, Verde Des Alpes, Vert Des Alpes, Marmi Verde Dolomiti, Marmor Alpe Verde, Alpi Green Marble, Alpine Verde Marble, Verde S. Nicolaus Marmo, Marmo Verde Alpi.<\/p>","protected":false},"featured_media":5957,"comment_status":"open","ping_status":"closed","template":"","meta":[],"product_brand":[],"product_cat":[175],"product_tag":[678,673,679,680,675,672,681,676,677,674],"class_list":{"0":"post-5956","1":"product","2":"type-product","3":"status-publish","4":"has-post-thumbnail","6":"product_cat-marble","7":"product_tag-alpine-verde-marble-stone","8":"product_tag-marmi-verde-alpi-scuro-marble","9":"product_tag-marmi-verde-dolomiti-furniture","10":"product_tag-natural-prada-green-marble-tiles","11":"product_tag-prada-green-marble-bathroom-vanity-top","12":"product_tag-prada-green-marble-countertop","13":"product_tag-prada-green-marble-island-top","14":"product_tag-prada-green-marble-table-top","15":"product_tag-prada-green-marble-tile","16":"product_tag-verde-mare-marble-slab","18":"first","19":"instock","20":"shipping-taxable","21":"product-type-simple"},"_links":{"self":[{"href":"https:\/\/www.quartzite-stone.com\/it\/wp-json\/wp\/v2\/product\/5956","targetHints":{"allow":["GET"]}}],"collection":[{"href":"https:\/\/www.quartzite-stone.com\/it\/wp-json\/wp\/v2\/product"}],"about":[{"href":"https:\/\/www.quartzite-stone.com\/it\/wp-json\/wp\/v2\/types\/product"}],"replies":[{"embeddable":true,"href":"https:\/\/www.quartzite-stone.com\/it\/wp-json\/wp\/v2\/comments?post=5956"}],"wp:featuredmedia":[{"embeddable":true,"href":"https:\/\/www.quartzite-stone.com\/it\/wp-json\/wp\/v2\/media\/5957"}],"wp:attachment":[{"href":"https:\/\/www.quartzite-stone.com\/it\/wp-json\/wp\/v2\/media?parent=5956"}],"wp:term":[{"taxonomy":"product_brand","embeddable":true,"href":"https:\/\/www.quartzite-stone.com\/it\/wp-json\/wp\/v2\/product_brand?post=5956"},{"taxonomy":"product_cat","embeddable":true,"href":"https:\/\/www.quartzite-stone.com\/it\/wp-json\/wp\/v2\/product_cat?post=5956"},{"taxonomy":"product_tag","embeddable":true,"href":"https:\/\/www.quartzite-stone.com\/it\/wp-json\/wp\/v2\/product_tag?post=5956"}],"curies":[{"name":"wp","href":"https:\/\/api.w.org\/{rel}","templated":true}]}}