{"id":5940,"date":"2023-05-06T14:46:26","date_gmt":"2023-05-06T06:46:26","guid":{"rendered":"https:\/\/www.quartzite-stone.com\/product\/roman-impression-quartzite-slab\/"},"modified":"2023-06-27T12:07:21","modified_gmt":"2023-06-27T04:07:21","slug":"lastra-di-quarzite-a-impressione-romana","status":"publish","type":"product","link":"https:\/\/www.quartzite-stone.com\/it\/products\/roman-impression-quartzite-slab\/","title":{"rendered":"Tavolo in quarzite blu Roma"},"content":{"rendered":"<p><strong>Quarzite romana blu <\/strong><\/p>\n<p style=\"line-height: 1.5\">La quarzite blu Roma, chiamata anche quarzite Roma Imperiale, \u00e8 un tipo di pietra naturale nota per il suo aspetto elegante e lussuoso. \u00c8 un tipo di quarzite estratta dal Brasile e caratterizzata da sottili venature e toni caldi. La quarzite Roman Impression ha in genere una base beige o color crema, attraversata da venature di colore marrone pi\u00f9 scuro, grigio o nero. Queste venature possono essere spesse o sottili e possono formare vari motivi, come quelli lineari o vorticosi. La pietra ha una superficie naturale e strutturata che aggiunge profondit\u00e0 e dimensione a qualsiasi spazio. Questa elegante pietra esotica \u00e8 particolarmente indicata per controsoffitti, monumenti, mosaici, applicazioni per pareti e pavimenti esterni e interni, fontane, rivestimenti di piscine e pareti, scale, davanzali e altri progetti di design.<img fetchpriority=\"high\" decoding=\"async\" src=\"https:\/\/data.adwebcloud.com\/public\/material\/220426a7q47o\/product\/BlueRomaQuartziteTable3_1687836033710.jpg\" width=\"800\" height=\"800\" alt=\"\" \/><\/p>\n<p style=\"line-height: 1.5\">Il tavolo in quarzite blu romana \u00e8 una pietra di lusso molto ricercata dai consumatori. Le sue caratteristiche pi\u00f9 importanti includono le sue splendide e intricate venature, le sue propriet\u00e0 durevoli e durature e la sua capacit\u00e0 di aggiungere un tocco unico di eleganza a qualsiasi spazio. Inoltre, HRST Stone dispone di oltre 1.000 m2 di inventario tra cui i clienti possono scegliere, con la possibilit\u00e0 di fabbricare la pietra in varie dimensioni e design per l'uso come piani di lavoro, superfici per tavoli, backsplash e altro ancora. L'azienda \u00e8 dotata di tecnici professionisti e di macchinari importati per garantire la massima qualit\u00e0 e il miglior servizio ai suoi clienti.<\/p>\n<p style=\"line-height: 1.5\">Piano del tavolo in quarzite romana blu: questa bellissima pietra di lusso proviene dal Brasile e il motivo \u00e8 proprio come il suo nome, pieno di atmosfera artistica. La sua trama naturale \u00e8 come rami e viti morte sigillate nell&#039;acqua di mare azzurra, piena di mistero e di fascia alta. Entusiasta ma sobrio, \u00e8 trasformato in un tavolo da pranzo, un tavolino da caff\u00e8 e un muro di fondo, pratico e artistico. Ha un&#039;estetica sobria ma lussuosa.<\/p>\n<p style=\"line-height: 1.5\"><img decoding=\"async\" src=\"https:\/\/data.adwebcloud.com\/public\/material\/220426a7q47o\/product\/BlueRomaQuartziteTable4_1687836046504.jpg\" width=\"800\" height=\"795\" alt=\"\" \/><\/p>\n<p style=\"line-height: 1.5\"><img decoding=\"async\" src=\"https:\/\/data.adwebcloud.com\/public\/material\/220426a7q47o\/product\/BlueQuartziteSlab_1683355498741.jpg\" width=\"750\" height=\"600\" alt=\"\" \/><br \/>La quarzite romana blu naturale ha uno straordinario aspetto esotico che porter\u00e0 un effetto elegante e accattivante ai tuoi interni. Pertanto, \u00e8 sempre stata la prima scelta per designer e casalinghe durante la decorazione.<br \/>La superficie della quarzite romana blu pu\u00f2 essere lucidata, levigata, fiammata, spazzolata, ecc. Lucida e levigata sono le superfici pi\u00f9 popolari. Le finiture lucide accentuano il colore e la trama della pietra. La superficie lucida a specchio presenta un aspetto lucido ed \u00e8 di facile pulizia e manutenzione. Mentre quelli levigati presentano un aspetto decente e antico.<img loading=\"lazy\" decoding=\"async\" src=\"https:\/\/data.adwebcloud.com\/public\/material\/220426a7q47o\/product\/NaturalBlueQuartziteIslandTp_1683355511636.jpg\" width=\"750\" height=\"600\" alt=\"\" \/><br \/>Il materiale duro della quarzite, la consistenza esotica e la finitura di fascia alta della quarzite romana blu naturale lo rendono ideale per piani cucina, mobili da bagno e piastrelle per pavimenti. Oltre a ci\u00f2, questi esclusivi pannelli testurizzati possono essere abbinati a pareti e pannelli TV.<br \/>La quarzite \u00e8 una pietra naturale pi\u00f9 resistente del marmo, pur avendo un aspetto simile. Per questo motivo, molti proprietari di case scelgono la sostanza quando vogliono qualcosa che assomigli al marmo ma che richieda meno manutenzione. Quando si cerca di migliorare l&#039;estetica e la funzionalit\u00e0 della propria casa, i proprietari si rivolgono spesso a <a class=\"wpil_keyword_link\" href=\"https:\/\/www.quartzite-stone.com\/it\/prodotto-2\/quarzite-rom-blu\/\"   title=\"Quarzite Roma blu\" data-wpil-keyword-link=\"linked\">Quarzite Roma blu<\/a> come opzione migliore. Qualunque sia il metodo che usi per incorporarlo nella tua casa, sembrer\u00e0 fantastico e manterr\u00e0 quell&#039;aspetto per molto tempo.<img loading=\"lazy\" decoding=\"async\" src=\"https:\/\/data.adwebcloud.com\/public\/material\/220426a7q47o\/product\/NaturalBlueRomaQuartzite_1683355520392.jpg\" width=\"750\" height=\"600\" alt=\"\" \/><\/p><\/p>","protected":false},"excerpt":{"rendered":"<p>La quarzite blu Roma viene spesso utilizzata per progetti residenziali e commerciali di fascia alta, come controsoffitti, pavimenti, rivestimenti murali e altre applicazioni interne. La sua durabilit\u00e0 e resistenza al calore e alle macchie lo rendono una scelta popolare per cucine, bagni e altre aree in cui la durabilit\u00e0 \u00e8 importante.<\/p><\/p>","protected":false},"featured_media":7213,"comment_status":"open","ping_status":"closed","template":"","meta":[],"product_brand":[],"product_cat":[460],"product_tag":[668,985,983,986,987,984,669,664,670],"class_list":{"0":"post-5940","1":"product","2":"type-product","3":"status-publish","4":"has-post-thumbnail","6":"product_cat-stone-furniture","7":"product_tag-blue-roma-quartzite","8":"product_tag-blue-roma-quartzite-bathroom-vanity-top","9":"product_tag-blue-roma-quartzite-table","10":"product_tag-blue-roma-quartzite-table-top","11":"product_tag-blue-roma-quartzite-tile","12":"product_tag-blue-roma-quartzite-wall-tiles","13":"product_tag-natural-blue-quartzite-slab","14":"product_tag-roma-imperiale-quartzite","15":"product_tag-roman-impression-quartzite-furniture-table","17":"first","18":"instock","19":"shipping-taxable","20":"product-type-simple"},"_links":{"self":[{"href":"https:\/\/www.quartzite-stone.com\/it\/wp-json\/wp\/v2\/product\/5940","targetHints":{"allow":["GET"]}}],"collection":[{"href":"https:\/\/www.quartzite-stone.com\/it\/wp-json\/wp\/v2\/product"}],"about":[{"href":"https:\/\/www.quartzite-stone.com\/it\/wp-json\/wp\/v2\/types\/product"}],"replies":[{"embeddable":true,"href":"https:\/\/www.quartzite-stone.com\/it\/wp-json\/wp\/v2\/comments?post=5940"}],"wp:featuredmedia":[{"embeddable":true,"href":"https:\/\/www.quartzite-stone.com\/it\/wp-json\/wp\/v2\/media\/7213"}],"wp:attachment":[{"href":"https:\/\/www.quartzite-stone.com\/it\/wp-json\/wp\/v2\/media?parent=5940"}],"wp:term":[{"taxonomy":"product_brand","embeddable":true,"href":"https:\/\/www.quartzite-stone.com\/it\/wp-json\/wp\/v2\/product_brand?post=5940"},{"taxonomy":"product_cat","embeddable":true,"href":"https:\/\/www.quartzite-stone.com\/it\/wp-json\/wp\/v2\/product_cat?post=5940"},{"taxonomy":"product_tag","embeddable":true,"href":"https:\/\/www.quartzite-stone.com\/it\/wp-json\/wp\/v2\/product_tag?post=5940"}],"curies":[{"name":"wp","href":"https:\/\/api.w.org\/{rel}","templated":true}]}}