{"id":5918,"date":"2023-05-06T10:51:23","date_gmt":"2023-05-06T02:51:23","guid":{"rendered":"https:\/\/www.quartzite-stone.com\/product\/super-white-travertine-coffee-table\/"},"modified":"2023-06-10T10:15:57","modified_gmt":"2023-06-10T02:15:57","slug":"tavolino-in-travertino-bianco-super","status":"publish","type":"product","link":"https:\/\/www.quartzite-stone.com\/it\/products\/super-white-travertine-coffee-table\/","title":{"rendered":"Tavolino da salotto in travertino super bianco"},"content":{"rendered":"<p style=\"line-height: 1.5\"><strong>Super Travertino Bianco<\/strong><\/p>\n<p style=\"line-height: 1.5\">Il travertino \u00e8 una forma di calcare terrestre depositato attorno a sorgenti minerali, in particolare sorgenti termali. Ha spesso un aspetto fibroso o concentrico ed esiste in variet\u00e0 bianche, marrone chiaro, color crema e persino arrugginite. \u00c8 formato da un processo di rapida precipitazione di carbonato di calcio, spesso alla foce di una sorgente termale o in una grotta calcarea. In quest&#039;ultimo pu\u00f2 formare stalattiti, stalagmiti e altri speleotemi.<\/p>\n<p style=\"line-height: 1.5\">Il travertino ha molti fori, quindi la sua durezza \u00e8 piccola e la sua consistenza \u00e8 relativamente morbida, facile da estrarre e molto forte nella plasticit\u00e0. Le opere finite in travertino sono anche facili da trasportare, quindi sono molto apprezzate dai commercianti. Anche a causa della sua bassa durezza, il travertino \u00e8 facile da scolpire e pu\u00f2 essere trasformato in vari lavori di intaglio.<br \/>Inoltre, i fori nella classificazione del travertino naturale, materiale decorativo, hanno anche una forte capacit\u00e0 di assorbimento del suono. Pertanto, il travertino ha un ottimo effetto di isolamento acustico e, allo stesso tempo, il travertino pu\u00f2 anche isolare dal calore. Esistono pi\u00f9 di dieci tipi di colori naturali della superficie del travertino e la struttura della superficie \u00e8 davvero unica, altamente decorativa e pu\u00f2 essere utilizzata come materiale di riempimento in pietra per giardini rocciosi, bonsai, ecc.<img fetchpriority=\"high\" decoding=\"async\" src=\"https:\/\/data.adwebcloud.com\/public\/material\/220426a7q47o\/product\/naturaltravertinetable_1683341347032.jpg\" width=\"750\" height=\"600\" alt=\"\" \/><\/p>\n<p style=\"line-height: 1.5\">Questa pietra \u00e8 rinomata per le sue caratteristiche belle e pratiche, che la rendono ideale per una vasta gamma di applicazioni. Al momento, disponiamo di oltre 1000 metri quadrati in magazzino e possiamo trasformarlo in una variet\u00e0 di mobili sia visivamente sbalorditivi che pratici.<br \/>Uno degli impieghi pi\u00f9 popolari del travertino bianco \u00e8 la creazione di pratici mobili. La nostra linea di mobili in Travertino Super Bianco di HRST Stone sta guadagnando popolarit\u00e0 negli ultimi tempi ed \u00e8 al tempo stesso conveniente ed elegante. \u00c8 di alta qualit\u00e0 e abbastanza versatile da adattarsi a una vasta gamma di stili di arredamento, il che lo rende una scelta ideale per molti ambienti diversi.<img decoding=\"async\" src=\"https:\/\/data.adwebcloud.com\/public\/material\/220426a7q47o\/product\/naturalstonetable_1683341355226.jpg\" width=\"750\" height=\"600\" alt=\"\" \/><br \/>Il Super White Travertine \u00e8 noto per il suo motivo unico e sorprendente, che \u00e8 il pezzo perfetto. \u00c8 un materiale versatile e funziona bene sia in ambienti interni che esterni, rendendolo ideale per l&#039;uso in case, uffici o per applicazioni commerciali. Inoltre, i nostri prodotti Super White Travertine hanno un prezzo economico, cos\u00ec puoi goderti la bellezza e la funzionalit\u00e0 di questa pietra naturale senza spendere una fortuna.<\/p>\n<p style=\"line-height: 1.5\">Con l&#039;avvicinarsi dell&#039;autunno, i tavoli in travertino aggiungeranno consistenza e calore al tuo spazio man mano che la stagione si raffredda. Questi tavolini hanno piani in travertino liscio che completano le gambe.<img decoding=\"async\" src=\"https:\/\/data.adwebcloud.com\/public\/material\/220426a7q47o\/product\/whitetravertinetable_1683341364791.jpg\" width=\"750\" height=\"600\" alt=\"\" \/><br \/>L&#039;utilizzo del travertino per realizzare tavolini da caff\u00e8 \u00e8 il preferito dai designer del lusso leggero di tutto il mondo. Tutti i tipi di tavoli da pranzo creativi in travertino, tavolini da caff\u00e8 e tavolini da caff\u00e8 mostrano la ricerca dell&#039;individualit\u00e0 da parte degli acquirenti e anche i mobili sperano di essere diversi.<br \/>Questi modelli sono anche un&#039;interpretazione della personalizzazione personalizzata. I pannelli di travertino dalla forma speciale e poligonale aggiungono complessit\u00e0 al processo di taglio, ma il cliente \u00e8 molto soddisfatto dei risultati, che sono belli e funzionali e hanno ancora angoli ad arco amichevoli. Particolare attenzione \u00e8 data alla sicurezza degli anziani e dei bambini a casa, che \u00e8 molto apprezzata dai clienti.<img loading=\"lazy\" decoding=\"async\" src=\"https:\/\/data.adwebcloud.com\/public\/material\/220426a7q47o\/product\/ovalstonetable_1683341416344.jpg\" width=\"750\" height=\"600\" alt=\"\" \/><strong><\/strong><\/p>","protected":false},"excerpt":{"rendered":"<p>Super White Travertine \u00e8 una specie di travertino beige avorio chiaro estratto in Iran. Questa pietra \u00e8 particolarmente indicata per pietre da costruzione, caminetti, scale, controsoffitti, lavandini, monumenti, rivestimenti per piscine, davanzali, pietre ornamentali e altri progetti di design. \u00c8 anche chiamato Super White Iran Travertine, Iran White Travertine, Iran Super White Travertine, Persian White Travertine e Super Light Travertine.<\/p>","protected":false},"featured_media":6763,"comment_status":"open","ping_status":"closed","template":"","meta":[],"product_brand":[],"product_cat":[460],"product_tag":[649,651,650,646,642,648,644,643,645,647],"class_list":{"0":"post-5918","1":"product","2":"type-product","3":"status-publish","4":"has-post-thumbnail","6":"product_cat-stone-furniture","7":"product_tag-iran-super-white-travertine","8":"product_tag-natural-travertine-countertop","9":"product_tag-super-light-travertine","10":"product_tag-super-white-travertine-dining-table","11":"product_tag-super-white-travertine-furniture","12":"product_tag-super-white-travertine-handicrafts","13":"product_tag-super-white-travertine-plinth","14":"product_tag-super-white-travertine-slabs","15":"product_tag-super-white-travertine-table-top","16":"product_tag-super-white-travertine-wall-tiles","18":"first","19":"instock","20":"shipping-taxable","21":"product-type-simple"},"_links":{"self":[{"href":"https:\/\/www.quartzite-stone.com\/it\/wp-json\/wp\/v2\/product\/5918","targetHints":{"allow":["GET"]}}],"collection":[{"href":"https:\/\/www.quartzite-stone.com\/it\/wp-json\/wp\/v2\/product"}],"about":[{"href":"https:\/\/www.quartzite-stone.com\/it\/wp-json\/wp\/v2\/types\/product"}],"replies":[{"embeddable":true,"href":"https:\/\/www.quartzite-stone.com\/it\/wp-json\/wp\/v2\/comments?post=5918"}],"wp:featuredmedia":[{"embeddable":true,"href":"https:\/\/www.quartzite-stone.com\/it\/wp-json\/wp\/v2\/media\/6763"}],"wp:attachment":[{"href":"https:\/\/www.quartzite-stone.com\/it\/wp-json\/wp\/v2\/media?parent=5918"}],"wp:term":[{"taxonomy":"product_brand","embeddable":true,"href":"https:\/\/www.quartzite-stone.com\/it\/wp-json\/wp\/v2\/product_brand?post=5918"},{"taxonomy":"product_cat","embeddable":true,"href":"https:\/\/www.quartzite-stone.com\/it\/wp-json\/wp\/v2\/product_cat?post=5918"},{"taxonomy":"product_tag","embeddable":true,"href":"https:\/\/www.quartzite-stone.com\/it\/wp-json\/wp\/v2\/product_tag?post=5918"}],"curies":[{"name":"wp","href":"https:\/\/api.w.org\/{rel}","templated":true}]}}