{"id":3530,"date":"2022-09-27T13:47:24","date_gmt":"2022-09-27T05:47:24","guid":{"rendered":"https:\/\/www.quartzite-stone.com\/product\/alexandrita-quartzite-slabs-for-countertops\/"},"modified":"2023-06-27T18:03:09","modified_gmt":"2023-06-27T10:03:09","slug":"quarzite-alessandrina","status":"publish","type":"product","link":"https:\/\/www.quartzite-stone.com\/it\/products\/alexandrita-quartzite\/","title":{"rendered":"Quarzite Alessandrina"},"content":{"rendered":"<p><strong>Controsoffitti in quarzite fantasia Alexandrita&nbsp;<\/strong><\/p>\n<p><strong>Quarzite Alessandrina <\/strong><\/p>\n<p><strong>Quarzite smeraldo alessandrina <\/strong><\/p>\n<p>Alexandrita Quartzite \u00e8 una splendida pietra verde chiaro e avorio con sottili toni di verde pi\u00f9 scuro e pesca, circondati da sfumature di acquamarina. La densit\u00e0 della quarzite la rende per lo pi\u00f9 resistente all&#039;erosione e alle intemperie, il che consente applicazioni come rivestimenti murali, tegole, pavimenti e gradini.<\/p>\n<p>Alexandrita Quartzite sta attualmente guadagnando popolarit\u00e0 all&#039;interno come elemento decorativo e per le superfici del controsoffitto. La quarzite pura ha tipicamente una tonalit\u00e0 neutra che va dal bianco al grigio, ma a seconda della quantit\u00e0 di ossido di ferro presente, pu\u00f2 assumere anche una variet\u00e0 di tonalit\u00e0 rosa e rosse.<\/p>\n<p>Hanno anche nomi:Alexandrita Quartzite,Alexandrita Emerald Quartzite,Alexandrita Fantasy Quarzite&nbsp;<\/p>\n<p>Granito Verde Gaya, Quarzite Verde Gaya, Quarzite Giada, Quarzite Verde Smeraldo, Quarzite Verde Gaya<\/p>\n<p>Cristallo Alexandrita Quarzite<\/p>\n<p><img decoding=\"async\" src=\"https:\/\/data.adwebcloud.com\/public\/material\/220426a7q47o\/product\/blobid0_1661243758169.jpg\" \/><\/p>\n<p>La forte pietra naturale conosciuta come quarzite Alexandrita \u00e8 rinomata per la sua bellezza e utilit\u00e0. La quarzite Alexandrita assomiglia al marmo in apparenza, ma \u00e8 altrettanto resistente delle caratteristiche del granito. Il tipo ideale di controsoffitto antiproiettile, la quarzite \u00e8 anche resistente al deterioramento da cibi acidi come limoni o altri succhi o pomodori... e facile da pulire.&nbsp;<\/p>\n<p>Abbiamo varie selezioni di quarzite tra cui scegliere. Quindi inviaci la tua richiesta e possiamo progettare il piano di lavoro della cucina personalizzato per la tua casa. I colori della quarzite includono bianco, marrone, nero e blu e colorato...<\/p>\n<p>La quarzite alessandrina \u00e8 pi\u00f9 dura e pi\u00f9 resistente rispetto alla maggior parte degli altri tipi di pietra naturale, il che la rende un ottimo investimento per i controsoffitti delle cucine top dell&#039;isola, cascata e backsplash e per il design del top del bagno, della parete o del pavimento.<\/p>\n<p><img decoding=\"async\" src=\"https:\/\/data.adwebcloud.com\/public\/material\/220426a7q47o\/product\/blobid1_1661243961877.jpg\" \/><\/p>\n<p>La quarzite verde chiaro della variet\u00e0 Alexandrita \u00e8 una pietra sbalorditiva e calmante, ideale per controsoffitti, pavimenti, applicazioni a parete, alzatine e decorazioni murali del soggiorno e persino per l&#039;ambiente bagno e caminetti.<\/p>\n<p><img decoding=\"async\" src=\"https:\/\/data.adwebcloud.com\/public\/material\/220426a7q47o\/product\/blobid3_1661244342154.jpg\" \/><\/p>\n<p>Alcuni designer scelgono anche Alexandrita Quartzite per fontane, rivestimenti per piscine e pareti, scale, davanzali e piani di tavoli di lusso per tavoli di hotel o di casa come tavolini da caff\u00e8\/bar e reception.. progetti...<\/p>\n<p><img decoding=\"async\" src=\"https:\/\/data.adwebcloud.com\/public\/material\/220426a7q47o\/product\/blobid2_1661244282708.jpg\" \/><\/p>\n<p>&nbsp;<\/p>\n<p>&nbsp;<\/p>","protected":false},"excerpt":{"rendered":"<p>Alexandrita Quartzite \u00e8 una bellissima pietra naturale in grado di soddisfare qualsiasi tipo di esigenza di interior design o architettura. Applicare su controsoffitti da cucina interni o esterni, pareti e pavimenti e piani di mobili. La pietra esotica \u00e8 perfettamente applicata nella grande isola della cucina e nel backsplash.<\/p>","protected":false},"featured_media":7531,"comment_status":"closed","ping_status":"closed","template":"","meta":[],"product_brand":[],"product_cat":[195],"product_tag":[574,576,578],"class_list":{"0":"post-3530","1":"product","2":"type-product","3":"status-publish","4":"has-post-thumbnail","6":"product_cat-quartzite","7":"product_tag-alexandrita-quartzite-countertops","8":"product_tag-alexandrita-quartzite-countertops-and-backsplash","9":"product_tag-gaya-quartzite-green-quartzite","11":"first","12":"instock","13":"shipping-taxable","14":"product-type-simple"},"_links":{"self":[{"href":"https:\/\/www.quartzite-stone.com\/it\/wp-json\/wp\/v2\/product\/3530","targetHints":{"allow":["GET"]}}],"collection":[{"href":"https:\/\/www.quartzite-stone.com\/it\/wp-json\/wp\/v2\/product"}],"about":[{"href":"https:\/\/www.quartzite-stone.com\/it\/wp-json\/wp\/v2\/types\/product"}],"replies":[{"embeddable":true,"href":"https:\/\/www.quartzite-stone.com\/it\/wp-json\/wp\/v2\/comments?post=3530"}],"wp:featuredmedia":[{"embeddable":true,"href":"https:\/\/www.quartzite-stone.com\/it\/wp-json\/wp\/v2\/media\/7531"}],"wp:attachment":[{"href":"https:\/\/www.quartzite-stone.com\/it\/wp-json\/wp\/v2\/media?parent=3530"}],"wp:term":[{"taxonomy":"product_brand","embeddable":true,"href":"https:\/\/www.quartzite-stone.com\/it\/wp-json\/wp\/v2\/product_brand?post=3530"},{"taxonomy":"product_cat","embeddable":true,"href":"https:\/\/www.quartzite-stone.com\/it\/wp-json\/wp\/v2\/product_cat?post=3530"},{"taxonomy":"product_tag","embeddable":true,"href":"https:\/\/www.quartzite-stone.com\/it\/wp-json\/wp\/v2\/product_tag?post=3530"}],"curies":[{"name":"wp","href":"https:\/\/api.w.org\/{rel}","templated":true}]}}