{"id":3413,"date":"2022-09-26T16:38:41","date_gmt":"2022-09-26T08:38:41","guid":{"rendered":"https:\/\/www.quartzite-stone.com\/product\/quartzite-2\/"},"modified":"2023-06-27T17:59:07","modified_gmt":"2023-06-27T09:59:07","slug":"quarzite-verde-botanica","status":"publish","type":"product","link":"https:\/\/www.quartzite-stone.com\/it\/products\/botanic-green-quartzite\/","title":{"rendered":"Quarzite verde botanico"},"content":{"rendered":"<ul>\n<li>Quarzite botanica verde<\/li>\n<li>Quarzite verde botanico<\/li>\n<li>Quarzite bordeaux verde botanico<\/li>\n<li>Quarzite botanica verde<\/li>\n<li>Granito verde botanico<\/li>\n<li>Quarzite bordolese botanica<\/li>\n<li>Marmo Verde Botanico<\/li>\n<\/ul>\n<p>La pietra di lusso brasiliana chiamata Botanic Bordeaux Quartzite \u00e8 uno straordinario colore verde foglia <br \/>pietra con quarzite a bassa manutenzione. \u00c8 una specie di durevole con quarzite lucidata in alto <br \/>pu\u00f2 essere disponibile in grande lastra di spessore 2cm e 3cm ideale per il bagno di casa, <br \/>controsoffitti della cucina di casa o dell&#039;hotel o persino un&#039;isola della cucina a cascata con alzatina <br \/>insieme design e pareti d&#039;accento e persino applicazioni esterne, come la parte superiore della reception per barbecue o <br \/>tavoli in pietra naturale.<\/p>\n<p><img decoding=\"async\" src=\"https:\/\/data.adwebcloud.com\/public\/material\/220426a7q47o\/product\/blobid0_1662536549930.jpg\" \/><\/p>\n<p>La quarzite botanica verde \u00e8 una sorta di toni verdi simili a una spa che si combina con il <br \/>i ricchi disegni di venature dorate che vengono delicatamente cosparsi, lo rendono un abbinamento fantastico per entrambi <br \/>stili di design classici e moderni. Anche le vene che corrono lungo la pietra naturale disegnano lineari <br \/>segni in oro. Cos\u00ec la quarzite verde botanica \u00e8 la scelta migliore per la pavimentazione della tua casa e <br \/>muro d&#039;accento e persino controsoffitti della cucina con alzatina e cascata della cucina con <br \/>design dell'isola. Non esitate a contattarci e potremo realizzare un progetto gratuito per la vostra bella casa. <br \/>e sono disponibili anche campioni gratuiti.<\/p>\n<p><img decoding=\"async\" src=\"https:\/\/data.adwebcloud.com\/public\/material\/220426a7q47o\/product\/blobid2_1662536560110.jpg\" \/><\/p>\n<p>La quarzite Botanic Green \u00e8 molto buona in molte applicazioni: controsoffitti, pareti d&#039;accento, alzatine o persino un&#039;isola cucina a cascata.<\/p>\n<p>La quarzite botanica verde rende uniche le superfici e la cascata del controsoffitto ktichen con bei bordi e decorazioni murali abbinate a libri e banconi nella tua casa.<br \/>Indipendentemente dalle tue preferenze di design, un solo sguardo a Botanic Green Quartzite ti lascer\u00e0 sbalordito e pieno di ispirazione. Questa magnifica e insolita opzione di superficie dar\u00e0 alla tua casa un&#039;atmosfera leggera, esotica e impressionante.<\/p>\n<p><img decoding=\"async\" src=\"https:\/\/data.adwebcloud.com\/public\/material\/220426a7q47o\/product\/blobid1_1662536554295.jpg\" \/><\/p>\n<p>Botanic Green Quartzite ha venature che sono beige e rosse ed \u00e8 una visione di verdi tenui. Questo \u00e8 appropriato per la progettazione di rivestimenti per case.<br \/>I piani cucina e bagno realizzati con quarzite botanica sono sofisticati ed eleganti. Venature bianche e verde muschio risaltano sulla tonalit\u00e0 verde dello sfondo. Queste lastre lucide possono essere utilizzate per piani di lavoro, pareti d&#039;accento, pavimenti e altri elementi di interior design sia in spazi domestici che commerciali.<\/p>\n<p>&nbsp;<\/p>\n<p>La quarzite Botanic Green \u00e8 il materiale ideale per grandi forme leggere grazie al suo spessore standard. Informati sulle possibili trame e finiture per questo materiale. Se sei interessato a sapere che \u00e8 la dimensione pi\u00f9 grande, contattaci per le sue dimensioni e disponibilit\u00e0 per finiture e design specifici per la tua casa, anche il piano del tavolo come tavolino, tavolo da pranzo, piano di lavoro pu\u00f2 essere personalizzato con le dimensioni richieste per abbinarsi alla decorazione della casa. La quarzite verde ha anche molte altre opzioni nel nostro magazzino.&nbsp;<\/p>\n<p><img decoding=\"async\" src=\"https:\/\/data.adwebcloud.com\/public\/material\/220426a7q47o\/product\/blobid3_1662536565086.jpg\" \/><\/p>\n<p>Botanic Green Bordeaux Quartzite \u00e8 anche una quarzite verde che pu\u00f2 essere divisa in due <br \/>lastra con retro composito con nido d&#039;ape, fibra di vetro, quindi sembrer\u00e0 molto bella <br \/>retroilluminazione o luce LED, nel frattempo per renderlo leggero ma anche forte resistente <br \/>materiale per la decorazione sulla parete con accento.<\/p>\n<p>Il granito verde botanico \u00e8 una meravigliosa pietra naturale che ricorda foreste e ricchezze <br \/>foreste tropicali. Ecco perch\u00e9 la maggior parte delle persone fa una nuova tendenza per i rivestimenti murali, <br \/>soprattutto i designer lo fanno come piani di lavoro per cucine e bagni e caff\u00e8 o lato <br \/>tavoli in soggiorno per case di lusso. Forniamo principalmente lastre di alta qualit\u00e0 e varie per <br \/>ogni progetto di case o hotel antichi.<\/p>\n<p>Perch\u00e9 la quarzite \u00e8 anche nota come acqua. Per la sua lucentezza metallica argentea <br \/>ricorda le calmanti acque verde acqua del Sud America. Botanic Green sembra fantastico in un <br \/>ambiente acquatico o adiacente a una vegetazione densa e rigogliosa. La bellezza della quarzite \u00e8 <br \/>insuperabile ed \u00e8 resistente allo sbiadimento, alle macchie e ai graffi.<\/p>","protected":false},"excerpt":{"rendered":"<p>Botanic Bordeaux Quartzite \u00e8 una splendida pietra di colore verde foglia con quarzite a bassa manutenzione. \u00c8 ideale per i controsoffitti della cucina del bagno di casa, della casa o dell&#039;hotel o anche per un&#039;isola da cucina a cascata con design e pareti accentate e persino piani e tavoli per barbecue all&#039;aperto.<\/p>","protected":false},"featured_media":7480,"comment_status":"closed","ping_status":"closed","template":"","meta":[],"product_brand":[],"product_cat":[195],"product_tag":[276,274,275,277,273,272,279,278,280],"class_list":{"0":"post-3413","1":"product","2":"type-product","3":"status-publish","4":"has-post-thumbnail","6":"product_cat-quartzite","7":"product_tag-botanic-bordeaux-quartzite","8":"product_tag-botanic-green-bordeaux-quartzite","9":"product_tag-botanic-green-granite","10":"product_tag-botanic-green-marble","11":"product_tag-botanic-green-quartzite","12":"product_tag-green-botanic-quartzite","13":"product_tag-green-botanic-quartzite-accent-wall","14":"product_tag-green-botanic-quartzite-countertops","15":"product_tag-green-botanic-quartzite-tables","17":"first","18":"instock","19":"shipping-taxable","20":"product-type-simple"},"_links":{"self":[{"href":"https:\/\/www.quartzite-stone.com\/it\/wp-json\/wp\/v2\/product\/3413","targetHints":{"allow":["GET"]}}],"collection":[{"href":"https:\/\/www.quartzite-stone.com\/it\/wp-json\/wp\/v2\/product"}],"about":[{"href":"https:\/\/www.quartzite-stone.com\/it\/wp-json\/wp\/v2\/types\/product"}],"replies":[{"embeddable":true,"href":"https:\/\/www.quartzite-stone.com\/it\/wp-json\/wp\/v2\/comments?post=3413"}],"wp:featuredmedia":[{"embeddable":true,"href":"https:\/\/www.quartzite-stone.com\/it\/wp-json\/wp\/v2\/media\/7480"}],"wp:attachment":[{"href":"https:\/\/www.quartzite-stone.com\/it\/wp-json\/wp\/v2\/media?parent=3413"}],"wp:term":[{"taxonomy":"product_brand","embeddable":true,"href":"https:\/\/www.quartzite-stone.com\/it\/wp-json\/wp\/v2\/product_brand?post=3413"},{"taxonomy":"product_cat","embeddable":true,"href":"https:\/\/www.quartzite-stone.com\/it\/wp-json\/wp\/v2\/product_cat?post=3413"},{"taxonomy":"product_tag","embeddable":true,"href":"https:\/\/www.quartzite-stone.com\/it\/wp-json\/wp\/v2\/product_tag?post=3413"}],"curies":[{"name":"wp","href":"https:\/\/api.w.org\/{rel}","templated":true}]}}