{"id":3338,"date":"2022-09-20T15:24:32","date_gmt":"2022-09-20T07:24:32","guid":{"rendered":"https:\/\/www.quartzite-stone.com\/product\/verde-tartaruga-quartzite\/"},"modified":"2023-06-27T17:58:41","modified_gmt":"2023-06-27T09:58:41","slug":"tartaruga-verde-quarzite","status":"publish","type":"product","link":"https:\/\/www.quartzite-stone.com\/it\/products\/verde-tortoise-quartzite\/","title":{"rendered":"Quarzite Tartaruga Verde"},"content":{"rendered":"<p>La pietra brasiliana Turtle Blue \u00e8 una tonalit\u00e0 blu e verde. Sia gli usi interni che esterni sono appropriati. Le piccole installazioni non sono raccomandate poich\u00e9 rischi di perdere il suo schema distintivo. Pertanto, la maggior parte delle persone lo progetta come controsoffitti o presenta pareti in un design a libro che \u00e8 molto bello grazie al suo guscio simile al dorso di una tartaruga. Pu\u00f2 anche essere utilizzato come piano del tavolo, come tavolino da caff\u00e8, tavolini, piano bar e persino piani da banco.<\/p>\n<p>La quarzite verde tartaruga \u00e8 una pietra molto bella per molti tipi di decorazioni. Come la pavimentazione e il design delle pareti d&#039;accento. Ha anche molti nomi come di seguito:<\/p>\n<p>Ghiacciaio Occhi Quarzite<br \/>Quarzite Tartaruga Verde<br \/>Granito Verde Tortuga<br \/>Granito Tartaruga<br \/>Tartaruga Quarzite<br \/>Verde Tartaruga<br \/>Quarzite Tartaruga Verde<br \/>Quarzite Verde Tortuga<br \/>Quarzite dell&#039;illusione della tartaruga<br \/>Quarzite Verde Tartaruga<\/p>\n<p>Tartaruga Quarzite \u00e8 una specie di pietra grigio-verdastra che ricorda le foreste <br \/>dopo una giornata piena di pioggia. Il petrichor sale dal suolo della foresta, riscaldando e stupefacendo <br \/>ispirando il tuo cuore. Ha anche il nome Turtle Green Quartzite che \u00e8 esotico e raro <br \/>pietra e pu\u00f2 essere l&#039;opzione ideale per decorazioni uniche come pavimenti o accenti di progetti <br \/>parete o anche nei controsoffitti del bagno o nel design della zona doccia grazie al suo guscio di tartaruga e <br \/>guscio di tartaruga alla ricerca. Tutto sommato, Turtle Green Quartzite \u00e8 una fantastica pelle di animale <br \/>effetto che lo rende inusuale e piccolo con una base sui toni del verde.<\/p>\n<p>&nbsp;<\/p>\n<p><img decoding=\"async\" src=\"https:\/\/data.adwebcloud.com\/public\/material\/220426a7q47o\/product\/blobid0_1663658485473.jpg\" \/><\/p>\n<p>La quarzite verde tartaruga \/ quarzite illusione tartaruga \u00e8 una pietra di tono di fondo verde chiaro con insoliti motivi circolari in colori verde pi\u00f9 scuro pi\u00f9 grigi in modo che gli spettacoli somigliassero al design del guscio di una tartaruga, quindi perch\u00e9 si chiama quarzite verde tartaruga.<br \/>Turtle Green \u00e8 una pietra di quarzite meravigliosamente unica e speciale con molti movimenti diversi e diversit\u00e0 di motivi e tonalit\u00e0 su ogni lastra. Pertanto molti designer lo scelgono come parte superiore della barra o parete d&#039;accento con uno spessore disponibile di 20 mm o 30 mm di spessore. Lo spessore in pollici \u00e8 di 3\/4 di pollice o 1 1\/4 di pollice in stock e molti modelli di lastre.<\/p>\n<p><img decoding=\"async\" src=\"https:\/\/data.adwebcloud.com\/public\/material\/220426a7q47o\/product\/blobid1_1663658492645.jpg\" \/><\/p>\n<p>La quarzite Green Tortuga \u00e8 una quarzite di pietra molto dura, ma con minerali pi\u00f9 morbidi che <br \/>pu\u00f2 essere disponibile a magazzino, insieme ad altre pietre come il Bianco Eclipsia. Ha un buio <br \/>sfondo verde ma segni verde chiaro che ricordano un guscio di tartaruga, simile a <br \/>Palomino. La superficie lucida o la superficie in pelle o la superficie opaca possono essere personalizzate come <br \/>richiesto, alcune persone lo chiamano Glacier Eyes Quartzite o Tartaruga Granite, cos\u00ec \u00e8 <br \/>commercialmente dice come Quarzite o Granito.<\/p>\n<p><img decoding=\"async\" src=\"https:\/\/data.adwebcloud.com\/public\/material\/220426a7q47o\/product\/blobid3_1663658510665.jpg\" \/><\/p>\n<p>La quarzite tartaruga verde \u00e8 una pietra grigio verde caratterizzata in modo univoco da motivi a forma di conchiglia verde oliva su tutta la lastra. \u00c8 ideale per banconi e piani cucina grazie alla sua robusta costruzione. A causa del suo caratteristico materiale di durezza e dei motivi a conchiglia, \u00e8 una scelta popolare per pareti e pavimenti caratteristici nel design bookmatched.<\/p>\n<p><img decoding=\"async\" src=\"https:\/\/data.adwebcloud.com\/public\/material\/220426a7q47o\/product\/blobid2_1663658498182.jpg\" \/><\/p>\n<p>La quarzite verde tartaruga \u00e8 anche chiamata quarzite blu tartaruga ed \u00e8 una scelta eccellente per piani cucina, mobili da bagno, piani bar, pareti accentate e altre applicazioni.<br \/>Blue Turtle Quarzite \u00e8 una pietra naturale con caratteristiche molto durevoli e anche di facile manutenzione per la decorazione di controsoffitti. Grazie alla sua composizione, Blue Turtle Quarzite \u00e8 particolarmente adatta per applicazioni esterne, come per piani di lavoro per barbecue, piani di tavoli esterni che risulteranno molto belli in il tuo giardino.<\/p>\n<p>Noi HRST STONE trasporta varie pietre nel nostro magazzino con la nostra fabbrica anche per project.So se avete qualsiasi richiesta basta inviare a noi e possiamo fare il design gratuito e offrire il miglior prezzo compeititive.<\/p>\n<p>La quarzite tartaruga verde si applica bene in molte aree come i controsoffitti della cucina, il bagno <br \/>vanit\u00e0, piani bar, pareti accentate e design dei piani dei tavoli (tavolo da pranzo\/tavolino\/lato <br \/>tavolo).<\/p>\n<p>Ha anche un nome chiamato Turtle Illusion Quartzite che \u00e8 molto resistente rispetto al granito e <br \/>pura pietra completamente naturale, quindi ha richiesto una minore manutenzione per il piano di lavoro in <br \/>cucina o bagno o anche per davanzale come decorazione verde bella e piccola.<\/p>","protected":false},"excerpt":{"rendered":"<p>La quarzite verde tartaruga \u00e8 una specie di pietra grigio-verdastra che ricorda le foreste dopo un&#039;intera giornata di pioggia. Pu\u00f2 essere l&#039;opzione ideale per pavimenti di progetti o pareti d&#039;accento o anche nei controsoffitti del bagno o nel design della zona doccia grazie al suo guscio di tartaruga e all&#039;aspetto del guscio di tartaruga.<\/p>","protected":false},"featured_media":7477,"comment_status":"closed","ping_status":"closed","template":"","meta":[],"product_brand":[],"product_cat":[195],"product_tag":[223,231,224,226,227,232,230,228,229,225],"class_list":{"0":"post-3338","1":"product","2":"type-product","3":"status-publish","4":"has-post-thumbnail","6":"product_cat-quartzite","7":"product_tag-glacier-eyes-quartzite","8":"product_tag-green-tortuga-quartzite","9":"product_tag-green-turtle-quartzite","10":"product_tag-tartaruga-granite","11":"product_tag-tartaruga-quartzite","12":"product_tag-turtle-green-quartzite","13":"product_tag-turtle-illusion-quartzi","14":"product_tag-verde-tartaruga-quartzite","15":"product_tag-verde-tortoise-quartzite","16":"product_tag-verde-tortuga-granite","18":"first","19":"instock","20":"shipping-taxable","21":"product-type-simple"},"_links":{"self":[{"href":"https:\/\/www.quartzite-stone.com\/it\/wp-json\/wp\/v2\/product\/3338","targetHints":{"allow":["GET"]}}],"collection":[{"href":"https:\/\/www.quartzite-stone.com\/it\/wp-json\/wp\/v2\/product"}],"about":[{"href":"https:\/\/www.quartzite-stone.com\/it\/wp-json\/wp\/v2\/types\/product"}],"replies":[{"embeddable":true,"href":"https:\/\/www.quartzite-stone.com\/it\/wp-json\/wp\/v2\/comments?post=3338"}],"wp:featuredmedia":[{"embeddable":true,"href":"https:\/\/www.quartzite-stone.com\/it\/wp-json\/wp\/v2\/media\/7477"}],"wp:attachment":[{"href":"https:\/\/www.quartzite-stone.com\/it\/wp-json\/wp\/v2\/media?parent=3338"}],"wp:term":[{"taxonomy":"product_brand","embeddable":true,"href":"https:\/\/www.quartzite-stone.com\/it\/wp-json\/wp\/v2\/product_brand?post=3338"},{"taxonomy":"product_cat","embeddable":true,"href":"https:\/\/www.quartzite-stone.com\/it\/wp-json\/wp\/v2\/product_cat?post=3338"},{"taxonomy":"product_tag","embeddable":true,"href":"https:\/\/www.quartzite-stone.com\/it\/wp-json\/wp\/v2\/product_tag?post=3338"}],"curies":[{"name":"wp","href":"https:\/\/api.w.org\/{rel}","templated":true}]}}