{"id":3107,"date":"2022-08-23T09:58:38","date_gmt":"2022-08-23T01:58:38","guid":{"rendered":"https:\/\/www.quartzite-stone.com\/?post_type=product&#038;p=3107"},"modified":"2023-04-11T11:12:14","modified_gmt":"2023-04-11T03:12:14","slug":"granito-negresco","status":"publish","type":"product","link":"https:\/\/www.quartzite-stone.com\/it\/products\/negresco-granite\/","title":{"rendered":"Granito Negresco"},"content":{"rendered":"<p>Il granito Negresco \u00e8 una pietra naturale di colore classico. \u00c8 profondamente favorito dal progettista e dall&#039;architetto. Per ora, questa pietra pu\u00f2 essere lavorata in lastre jumbo e tagliata a misura con finitura lucida, levigata e cuoiata.&nbsp;<\/p>\n<p>Negresco \u00e8 uno splendido granito con venature bianche fumose intrecciate su uno sfondo nero intenso e una piacevole sensazione di pelle scamosciata. \u00c8 il granito ideale per qualsiasi alzatina, piano lavabo da bagno, zona giorno all&#039;aperto, cornice del camino o piano di lavoro della cucina. Il granito Negresco sembrer\u00e0 sbalorditivo ovunque lo installi.<\/p>\n<p>Il granito Negresco \u00e8 un&#039;opzione eccellente se hai bisogno di una pietra naturale con una tonalit\u00e0 pi\u00f9 profonda per completare il tuo lavoro di ristrutturazione. Oltre ad essere sorprendente, questo granito \u00e8 anche uno dei materiali da costruzione pi\u00f9 duri che puoi usare all&#039;interno della tua casa. Solo due dei numerosi vantaggi che rendono popolare il granito tra le case sono la sua bellezza e durata. Una delle migliori selezioni di pietre naturali disponibili \u00e8 il granito negresco. Una delle migliori scelte che tu abbia mai fatto per la tua casa potrebbe essere quella di installarla.<\/p>\n<h3 style=\"font-size: 19px\">Quale sar\u00e0 meglio per Grantie? Levigato o Lucidato\uff1f<\/h3>\n<p>Grazie al suo aspetto opaco, il granito levigato \u00e8 pi\u00f9 resistente ai graffi. Mentre il granito levigato pu\u00f2 anche graffiarsi, lo fa meno frequentemente del granito levigato perch\u00e9 il graffio non sar\u00e0 cos\u00ec evidente quando la luce rimbalza su di esso.<\/p>\n<h3 style=\"font-size: 19px\">Qual \u00e8 lo spessore ideale per i piani di lavoro in granito?<\/h3>\n<p>Per i controsoffitti in granito, la maggior parte dei fabbricanti, designer e architetti di controsoffitti consiglia uno spessore di tre centimetri. Fornisce la pi\u00f9 ampia gamma di possibilit\u00e0 di colore, flessibilit\u00e0 dimensionale e durata. Gli armadi non richiedono il supporto in compensato poich\u00e9 il materiale 3CM pu\u00f2 essere posizionato direttamente sopra di essi.<\/p>\n<h3 style=\"font-size: 19px\">Il granito deve essere posizionato su compensato?<\/h3>\n<p>Se il granito ha uno spessore di 3 cm (circa 1 pollice e 1\/4), non \u00e8 necessario un sottostrato di compensato quando si installano piani di lavoro in granito. Tuttavia, dovrai senza dubbio utilizzare il compensato come supporto per il granito con uno spessore di 2 millimetri (o circa 3\/4 pollici).<\/p>\n<h3 style=\"font-size: 19px\">Il piano di lavoro in granito della cucina funziona con uno spessore di 2 cm?<\/h3>\n<p>Mentre un controsoffitto spesso 2 cm \u00e8 un&#039;opzione, la parte superiore richieder\u00e0 un supporto aggiuntivo per aiutare a prevenire fratture o screpolature. Poich\u00e9 sono necessari meno manodopera e materiale, i controsoffitti spessi 2 cm potrebbero essere una scelta preferibile se il denaro \u00e8 un fattore.<\/p>\n<h3 style=\"font-size: 19px\">Il granito deve essere incollato sui mobili?<\/h3>\n<p>Il tipo pi\u00f9 popolare di colla per l&#039;installazione di controsoffitti in granito \u00e8 la colla epossidica. \u00c8 abbastanza robusto da tenere insieme due lastre di pietra e da fissare il granito ai mobili. La resina epossidica \u00e8 ci\u00f2 di cui hai bisogno perch\u00e9 ha una resistenza pari a quella della pietra stessa.<\/p>\n<h3 style=\"font-size: 19px\">Come si pu\u00f2 determinare la qualit\u00e0 del granito?<\/h3>\n<p>Ecco alcuni dei migliori metodi per valutare la qualit\u00e0 del granito:<\/p>\n<p>Le lastre di granito devono essere quadrate, rettangolari o personalizzate in base alle esigenze del cliente.<\/p>\n<p>Dovrebbe avere uno spessore consistente, una struttura cristallina omogenea e un colore.<\/p>\n<p>Dovrebbe essere solido, denso e fermo.<\/p>\n<p>Quando viene colpito, dovrebbe produrre un forte suono squillante.<\/p>\n<h3 style=\"font-size: 19px\">Specifiche del granito negresco<\/h3>\n<p>Le specifiche del granito possono variare a seconda della fonte e del fornitore, ma generalmente includono:<\/p>\n<ol>\n<li>Composizione: Il granito Negresco \u00e8 un tipo di roccia ignea composta da minerali di quarzo, feldspato e mica.<\/li>\n<li>Aspetto: la pietra ha un colore di base nero o grigio scuro con venature bianche o dorate che la attraversano.<\/li>\n<li>Finitura: pu\u00f2 essere rifinito in vari modi, tra cui lucidato, levigato o rivestito in pelle, per ottenere diverse trame e aspetti.<\/li>\n<li>Densit\u00e0: la densit\u00e0 del granito varia da 2,6 a 2,8 g\/cm\u00b3, rendendolo un materiale durevole e resistente.<\/li>\n<li>Utilizzo: il granito Negresco viene spesso utilizzato per applicazioni di design di interni ed esterni come pavimenti, controsoffitti, rivestimenti di pareti e paesaggistica.<\/li>\n<\/ol>\n<p>Vale la pena notare che queste specifiche potrebbero non essere applicabili universalmente e potrebbero cambiare a seconda della cava, della regione e del fornitore specifici del granito Negresco.<\/p>\n<h3 style=\"font-size: 19px\">Vantaggi del granito negresco<\/h3>\n<ol>\n<li>Durabilit\u00e0: il granito Negresco \u00e8 una pietra naturale durevole in grado di resistere a calpestio intenso, temperature estreme e altri segni di usura.<\/li>\n<li>Estetica: Ha un aspetto unico e attraente grazie al suo colore di base scuro con variazioni di venature bianche e dorate.<\/li>\n<li>Versatilit\u00e0: il granito Negresco pu\u00f2 essere utilizzato per un&#039;ampia gamma di applicazioni interne ed esterne come controsoffitti, pavimenti, pareti e paesaggistica.<\/li>\n<li>Manutenzione: richiede una manutenzione minima ed \u00e8 facile da pulire con acqua e sapone neutro.<\/li>\n<li>Valore di rivendita: l&#039;installazione di granito pu\u00f2 aggiungere valore a una propriet\u00e0 e aumentare il valore di rivendita.<\/li>\n<\/ol>\n<p>Nel complesso, il granito Negresco \u00e8 un materiale di alta qualit\u00e0 che offre vantaggi sia estetici che funzionali, rendendolo una scelta popolare per vari progetti di design.<\/p>\n<p><img fetchpriority=\"high\" decoding=\"async\" class=\"size-medium wp-image-3183 aligncenter\" title=\"WeChatIMG1660\" src=\"https:\/\/data.adwebcloud.com\/public\/material\/220426a7q47o\/product\/imageFile_1664271822094.jpg\" alt=\"WeChatIMG1660\" width=\"300\" height=\"240\" \/><\/p>\n<p><img decoding=\"async\" class=\"size-medium wp-image-3182 aligncenter\" title=\"WeChatIMG1659\" src=\"https:\/\/data.adwebcloud.com\/public\/material\/220426a7q47o\/product\/imageFile_1664271822842.jpg\" alt=\"WeChatIMG1659\" width=\"300\" height=\"240\" \/><\/p>\n<p><img decoding=\"async\" class=\"size-medium wp-image-3181 aligncenter\" title=\"WechatIMG1658\" src=\"https:\/\/data.adwebcloud.com\/public\/material\/220426a7q47o\/product\/imageFile_1664271823595.jpg\" alt=\"WechatIMG1658\" width=\"300\" height=\"240\" \/><\/p>\n<p><img loading=\"lazy\" decoding=\"async\" class=\"size-medium wp-image-3179 aligncenter\" title=\"WeChatIMG1656\" src=\"https:\/\/data.adwebcloud.com\/public\/material\/220426a7q47o\/product\/imageFile_1664271824328.jpg\" alt=\"WeChatIMG1656\" width=\"300\" height=\"240\" \/><\/p>\n<p><img loading=\"lazy\" decoding=\"async\" class=\"size-medium wp-image-3180 aligncenter\" title=\"WeChatIMG1657\" src=\"https:\/\/data.adwebcloud.com\/public\/material\/220426a7q47o\/product\/imageFile_1664271825045.jpg\" alt=\"WeChatIMG1657\" width=\"300\" height=\"240\" \/><\/p>\n<p><img loading=\"lazy\" decoding=\"async\" class=\"size-medium wp-image-3178 aligncenter\" title=\"WeChatIMG1655\" src=\"https:\/\/data.adwebcloud.com\/public\/material\/220426a7q47o\/product\/imageFile_1664271825772.jpg\" alt=\"WeChatIMG1655\" width=\"300\" height=\"240\" \/><\/p>","protected":false},"excerpt":{"rendered":"<p>Il granito Negresco \u00e8 una pietra naturale di colore classico. \u00c8 profondamente favorito dal progettista e dall&#039;architetto. Per ora, questa pietra pu\u00f2 essere lavorata in lastre jumbo e tagliata a misura con finitura lucida, levigata e cuoiata. \u00c8 adatto per cucine, bagni, pavimenti, pareti e caminetti.<\/p>","protected":false},"featured_media":5736,"comment_status":"closed","ping_status":"closed","template":"","meta":[],"product_brand":[],"product_cat":[205],"product_tag":[502,501,506,508,504,503,505,507,499,500],"class_list":{"0":"post-3107","1":"product","2":"type-product","3":"status-publish","4":"has-post-thumbnail","6":"product_cat-granite","7":"product_tag-honed-negresco-granite","8":"product_tag-negresco-granit","9":"product_tag-negresco-granite-countertop","10":"product_tag-negresco-granite-kitchen","11":"product_tag-negresco-granite-price","12":"product_tag-negresco-granite-slab","13":"product_tag-negresco-granite-tiles","14":"product_tag-negresco-granite-wall","15":"product_tag-negresco-honed-granite","16":"product_tag-negresco-leathered-granite","18":"first","19":"instock","20":"shipping-taxable","21":"product-type-simple"},"_links":{"self":[{"href":"https:\/\/www.quartzite-stone.com\/it\/wp-json\/wp\/v2\/product\/3107","targetHints":{"allow":["GET"]}}],"collection":[{"href":"https:\/\/www.quartzite-stone.com\/it\/wp-json\/wp\/v2\/product"}],"about":[{"href":"https:\/\/www.quartzite-stone.com\/it\/wp-json\/wp\/v2\/types\/product"}],"replies":[{"embeddable":true,"href":"https:\/\/www.quartzite-stone.com\/it\/wp-json\/wp\/v2\/comments?post=3107"}],"wp:featuredmedia":[{"embeddable":true,"href":"https:\/\/www.quartzite-stone.com\/it\/wp-json\/wp\/v2\/media\/5736"}],"wp:attachment":[{"href":"https:\/\/www.quartzite-stone.com\/it\/wp-json\/wp\/v2\/media?parent=3107"}],"wp:term":[{"taxonomy":"product_brand","embeddable":true,"href":"https:\/\/www.quartzite-stone.com\/it\/wp-json\/wp\/v2\/product_brand?post=3107"},{"taxonomy":"product_cat","embeddable":true,"href":"https:\/\/www.quartzite-stone.com\/it\/wp-json\/wp\/v2\/product_cat?post=3107"},{"taxonomy":"product_tag","embeddable":true,"href":"https:\/\/www.quartzite-stone.com\/it\/wp-json\/wp\/v2\/product_tag?post=3107"}],"curies":[{"name":"wp","href":"https:\/\/api.w.org\/{rel}","templated":true}]}}