{"id":2937,"date":"2022-07-05T00:05:28","date_gmt":"2022-07-04T16:05:28","guid":{"rendered":"https:\/\/www.quartzite-stone.com\/product\/red-agate\/"},"modified":"2023-07-11T11:46:26","modified_gmt":"2023-07-11T03:46:26","slug":"agata-rossa","status":"publish","type":"product","link":"https:\/\/www.quartzite-stone.com\/it\/products\/red-agate\/","title":{"rendered":"Agata Rossa"},"content":{"rendered":"<p>INFORMAZIONI AGGIUNTIVE<\/p>\n<table>\n<tbody>\n<tr>\n<td width=\"124\"><strong>MATERIALE<\/strong><\/td>\n<td width=\"444\">Agata<\/td>\n<\/tr>\n<tr>\n<td width=\"124\"><strong>COLORE<\/strong><\/td>\n<td width=\"444\">Rosso<\/td>\n<\/tr>\n<tr>\n<td width=\"124\"><strong>PAESE DI ORIGINE<\/strong><\/td>\n<td width=\"444\">Brasile<\/td>\n<\/tr>\n<tr>\n<td width=\"124\"><strong>FINITURA SUPERFICIALE<\/strong><\/td>\n<td width=\"444\">Lucido, levigato, rivestito in pelle<\/td>\n<\/tr>\n<tr>\n<td width=\"124\"><strong>UTILIZZO<\/strong><\/td>\n<td width=\"444\">Cucine, Bagni, Pavimenti, Rivestimenti, Piastrelle, Lastre<\/td>\n<\/tr>\n<tr>\n<td width=\"124\"><strong>DISPONIBILIT\u00c0<\/strong><\/td>\n<td width=\"444\">Si prega di verificare la disponibilit\u00e0 di magazzino con HRST STONE per la visita.<\/p>\n<p>Anche i campioni di pietra non sono disponibili per ogni selezione di pietre, si prega di informarsi per la disponibilit\u00e0.<\/td>\n<\/tr>\n<\/tbody>\n<\/table>\n<p>&nbsp;<\/p>\n<h2>Effetto fisiologico<\/h2>\n<p>L&#039;agata rossa pu\u00f2 migliorare il sistema endocrino, rafforzare la circolazione sanguigna, migliorare la carnagione, rimuovere gli ostacoli sessuali ed evitare l&#039;impotenza e l&#039;infertilit\u00e0. L&#039;agata rosso arancio pu\u00f2 essere efficace sul retto e sul tratto gastrointestinale e pu\u00f2 attivare gli organi interni. Prevenire la stitichezza, aiutare ad espellere le tossine, alleviare malattie del fegato, reumatismi, nevralgie, vene varicose, ecc. L&#039;agata rossa ha un campo super energetico.<\/p>\n<p>Rafforza il tuo spirito personale e il tuo campo magnetico, attira forza positiva e buona fortuna e migliora la tua fortuna! L&#039;agata rossa pu\u00f2 migliorare la funzione immunitaria, favorire la circolazione sanguigna, rafforzare il metabolismo e pu\u00f2 anche curare l&#039;insonnia.<\/p>\n<p>&nbsp;<\/p>\n<h2>Effetto psicologico<\/h2>\n<p>Per le persone che sono passive nella situazione attuale e non hanno obiettivi e motivazioni, pu\u00f2 stimolare la loro curiosit\u00e0 e azione, in modo che possano riconoscere i loro obiettivi e affrettarsi a perseguirli. Rafforza la creativit\u00e0 e la creativit\u00e0 e lasciati ispirare nel processo di creazione. Allo stesso tempo, l&#039;agata rossa pu\u00f2 eliminare lo stress e la tensione mentale, risolvere il divario generazionale e promuovere l&#039;onest\u00e0 e l&#039;onest\u00e0 tra le persone. \u00c8 un gioiello per mantenere in armonia i membri della famiglia, dell&#039;azienda e del gruppo.<\/p>\n<p>&nbsp;<\/p>\n<p>Onyx pu\u00f2 bilanciare l&#039;energia positiva e negativa, eliminare la tensione mentale e lo stress. Mantieni l&#039;armonia del corpo e della mente, migliora l&#039;amore e la lealt\u00e0 e ha anche l&#039;effetto di ispirare coraggio e rendere le persone sicure e risolute. Per le persone emotive, il potente potere dell&#039;onice \u00e8 necessario per stabilizzare i problemi della mente.<\/p>\n<p>&nbsp;<\/p>\n<p>Il colore dell&#039;agata rossa \u00e8 delicato, fresco e sorprendente! Quando vedi attraverso la luce, ci saranno evidenti linee naturali. \u00c8 molto carino. Dopo averlo indossato, la pelle risulter\u00e0 pi\u00f9 chiara e delicata. Sin dai tempi antichi, gli studiosi hanno considerato l&#039;agata come il &quot;terzo occhio&quot; nelle gemme, che simboleggia l&#039;amore amichevole e la speranza. Effetti fisiologici: l&#039;agata rossa pu\u00f2 migliorare il sistema endocrino, rafforzare la circolazione sanguigna e migliorare la carnagione.<\/p>\n<p>&nbsp;<\/p>\n<p>L&#039;agata rossa ha l&#039;effetto di stimolare la curiosit\u00e0 e l&#039;azione per le persone che hanno pensieri negativi, non hanno obiettivi e motivazione. Rafforza la creativit\u00e0 e la creativit\u00e0 e lasciati ispirare nel processo di creazione. Il colore dell&#039;agata rossa \u00e8 delicato e brillante, e quando viene visto attraverso la luce, ci saranno evidenti linee naturali. Sin dai tempi antichi, gli studiosi hanno considerato l&#039;agata come il &quot;terzo occhio&quot; nelle pietre preziose, che simboleggia l&#039;amore amichevole e la speranza.<\/p>\n<p><img decoding=\"async\" class=\"aligncenter\" src=\"https:\/\/data.adwebcloud.com\/public\/material\/220426a7q47o\/product\/imageFile_1664271904364.jpg\" alt=\"\" \/><\/p>\n<p><img decoding=\"async\" class=\"aligncenter\" src=\"https:\/\/data.adwebcloud.com\/public\/material\/220426a7q47o\/product\/imageFile_1664271905191.jpg\" alt=\"\" \/><\/p>\n<p><img decoding=\"async\" class=\"aligncenter\" src=\"https:\/\/data.adwebcloud.com\/public\/material\/220426a7q47o\/product\/imageFile_1664271906144.jpg\" alt=\"\" \/><\/p>","protected":false},"excerpt":{"rendered":"<p>L&#039;agata rossa ha l&#039;effetto di stimolare la curiosit\u00e0 e l&#039;azione per le persone che hanno pensieri negativi, non hanno obiettivi e motivazione. Rafforza la creativit\u00e0 e la creativit\u00e0 e lasciati ispirare nel processo di creazione. Il colore dell&#039;agata rossa \u00e8 delicato e brillante, e quando viene visto attraverso la luce...<\/p>","protected":false},"featured_media":7945,"comment_status":"closed","ping_status":"closed","template":"","meta":[],"product_brand":[],"product_cat":[208],"product_tag":[893,891,892,894,896,889,890,895],"class_list":{"0":"post-2937","1":"product","2":"type-product","3":"status-publish","4":"has-post-thumbnail","6":"product_cat-agate","7":"product_tag-red-agate-countertop","8":"product_tag-red-agate-floors","9":"product_tag-red-agate-kitchens","10":"product_tag-red-agate-price","11":"product_tag-red-agate-raw","12":"product_tag-red-agate-slab","13":"product_tag-red-agate-table","14":"product_tag-red-agate-tiles","16":"first","17":"instock","18":"product-type-simple"},"_links":{"self":[{"href":"https:\/\/www.quartzite-stone.com\/it\/wp-json\/wp\/v2\/product\/2937","targetHints":{"allow":["GET"]}}],"collection":[{"href":"https:\/\/www.quartzite-stone.com\/it\/wp-json\/wp\/v2\/product"}],"about":[{"href":"https:\/\/www.quartzite-stone.com\/it\/wp-json\/wp\/v2\/types\/product"}],"replies":[{"embeddable":true,"href":"https:\/\/www.quartzite-stone.com\/it\/wp-json\/wp\/v2\/comments?post=2937"}],"wp:featuredmedia":[{"embeddable":true,"href":"https:\/\/www.quartzite-stone.com\/it\/wp-json\/wp\/v2\/media\/7945"}],"wp:attachment":[{"href":"https:\/\/www.quartzite-stone.com\/it\/wp-json\/wp\/v2\/media?parent=2937"}],"wp:term":[{"taxonomy":"product_brand","embeddable":true,"href":"https:\/\/www.quartzite-stone.com\/it\/wp-json\/wp\/v2\/product_brand?post=2937"},{"taxonomy":"product_cat","embeddable":true,"href":"https:\/\/www.quartzite-stone.com\/it\/wp-json\/wp\/v2\/product_cat?post=2937"},{"taxonomy":"product_tag","embeddable":true,"href":"https:\/\/www.quartzite-stone.com\/it\/wp-json\/wp\/v2\/product_tag?post=2937"}],"curies":[{"name":"wp","href":"https:\/\/api.w.org\/{rel}","templated":true}]}}