{"id":2890,"date":"2022-07-05T00:04:03","date_gmt":"2022-07-04T16:04:03","guid":{"rendered":"https:\/\/www.quartzite-stone.com\/product\/grey-agate\/"},"modified":"2023-07-11T11:46:06","modified_gmt":"2023-07-11T03:46:06","slug":"agata-grigia-3","status":"publish","type":"product","link":"https:\/\/www.quartzite-stone.com\/it\/products\/grey-agate\/","title":{"rendered":"Agata grigia"},"content":{"rendered":"<p>Agata grigia, un materiale raro in pietra, cresce in tutti gli angoli del mondo ed \u00e8 stato battezzato e precipitato per migliaia di anni.Naturalmente liscia, liscia e delicata, agata atone alabs venire con colori di gradazione e strati chiari. Quando il freddo elevato si combina con il calore e la morbidezza, il grigio sbavature, e il movimento pi\u00f9 elegante \u00e8 sinfonia.<\/p>\n<p>&nbsp;<\/p>\n<h2>1.Grey Introduzione del prodotto Agat<\/h2>\n<p>&nbsp;<\/p>\n<p><a class=\"wpil_keyword_link\" href=\"https:\/\/www.quartzite-stone.com\/it\/prodotto-2\/piano-di-lavoro-retroilluminato-in-lastre-di-agata-verde\/\"   title=\"Lastre di pietra d&#039;agata\" data-wpil-keyword-link=\"linked\">Lastre di pietra d&#039;agata<\/a> qualit\u00e0 e sensazioni coesistono, e la texture \u00e8 intrecciata. La trama sbiadita si staglia nella trama chiara della pietra. \u00c8 un'opera di basso profilo e calma, che separa il trambusto della citt\u00e0 dalla frenesia della citt\u00e0 e pavimenta un'ampia area, come se si calpestasse il cielo stellato e la nebulosa che avvolge la citt\u00e0.<\/p>\n<p>&nbsp;<\/p>\n<h2>2.Grey agat piastrelle specifiche: 2700x1200mm<\/h2>\n<p>Numero di facce e motivi: Una pietra su tre lati, un incastro infinito e arbitrario, e la lastra di agata grigia riproduce uno stato d'animo completamente diverso da quello di un'altra pietra. <a href=\"https:\/\/www.quartzite-stone.com\/it\/prodotto-2\/agata-nera\/\">agata nera<\/a>. La trama sbiadita si profila nella trama chiara della pietra, evidenziando l&#039;andamento del motivo e la forma del cristallo.<\/p>\n<p>&nbsp;<\/p>\n<h2>3.Ispirazione di agata grigia<\/h2>\n<p>Agli occhi del designer, le lastre di pietra di agata grigia sono il colore neutro pi\u00f9 perfetto in natura, il fascino del grigio \u00e8 impareggiabile. Il temperamento elegante dell'agata grigia e lo stile straordinario inciso nel midollo osseo, l'effetto complessivo \u00e8 calmo ed elegante, mai fuori moda, l'agata grigia \u00e8 unica e squisita, classica ed elegante, versatile e non grassa, e la texture chiara della gemma rende le persone inebrianti. La lastra di pietra d'agata rende questi tesori un tempo inestimabili un elemento di bellezza che abbellisce gli interni.<\/p>\n<p>&nbsp;<\/p>\n<h2>4.Bellezza spaziale in agata grigia<\/h2>\n<p>L'atmosfera stabile delle piastrelle di agata grigia si sposa perfettamente con l'arredamento e mette in risalto l'alta qualit\u00e0 della texture della vita. Sia in soggiorno che in cucina, l'applicazione della pavimentazione in lastre di pietra d'agata pu\u00f2 dare alle persone un senso di stabilit\u00e0, maturit\u00e0, calma e praticit\u00e0. Allo stesso tempo, la decorazione grigia \u00e8 molto resistente allo sporco e non \u00e8 facile da obsoleta, ed \u00e8 pi\u00f9 facile da usare senza preoccupazioni. Con la lastra di pietra d'agata, una vasta gamma di applicazioni di pavimentazione, possiamo vedere il fascino di un design elegante e atmosferico che si diffonde all'infinito nello spazio con un'immaginazione senza fine.<\/p>\n<p>&nbsp;<\/p>\n<p>INFORMAZIONI AGGIUNTIVE<\/p>\n<table>\n<tbody>\n<tr>\n<td width=\"124\"><strong>MATERIALE<\/strong><\/td>\n<td width=\"444\">Agata<\/td>\n<\/tr>\n<tr>\n<td width=\"124\"><strong>COLORE<\/strong><\/td>\n<td width=\"444\">Grigio<\/td>\n<\/tr>\n<tr>\n<td width=\"124\"><strong>PAESE DI ORIGINE<\/strong><\/td>\n<td width=\"444\">Brasile<\/td>\n<\/tr>\n<tr>\n<td width=\"124\"><strong>FINITURA SUPERFICIALE<\/strong><\/td>\n<td width=\"444\">Lucido, levigato, rivestito in pelle<\/td>\n<\/tr>\n<tr>\n<td width=\"124\"><strong>UTILIZZO<\/strong><\/td>\n<td width=\"444\">Cucine, Bagni, Pavimenti, Rivestimenti, Piastrelle, Lastre<\/td>\n<\/tr>\n<tr>\n<td width=\"124\"><strong>DISPONIBILIT\u00c0<\/strong><\/td>\n<td width=\"444\">Si prega di verificare la disponibilit\u00e0 di magazzino con HRST STONE per la visita.<\/p>\n<p>Anche i campioni di pietra non sono disponibili per ogni selezione di pietre, si prega di informarsi per la disponibilit\u00e0.<\/td>\n<\/tr>\n<\/tbody>\n<\/table>\n<p>&nbsp;<\/p>\n<p>L'agata grigia \u00e8 particolarmente bella per la sua levigatezza temperata.  Il nastro \u00e8 come gli anelli di un tronco d'albero, elegante e naturale; come la pittura di un paesaggio con gli schizzi d'inchiostro, magnifica; simbolo di perseveranza, si dice che l'energia dell'agata grigia possa rimuovere le impurit\u00e0 dall'aura e stimolare efficacemente il proprio fascino.<\/p>\n<p><img decoding=\"async\" class=\"aligncenter\" src=\"https:\/\/data.adwebcloud.com\/public\/material\/220426a7q47o\/product\/imageFile_1664271909703.jpg\" alt=\"\" \/><\/p>\n<p><img decoding=\"async\" class=\"aligncenter\" src=\"https:\/\/data.adwebcloud.com\/public\/material\/220426a7q47o\/product\/imageFile_1664271910596.jpg\" alt=\"\" \/><\/p>\n<p><img decoding=\"async\" class=\"aligncenter\" src=\"https:\/\/data.adwebcloud.com\/public\/material\/220426a7q47o\/product\/imageFile_1664271911379.jpg\" alt=\"\" \/><\/p>","protected":false},"excerpt":{"rendered":"<p>L&#039;agata grigia \u00e8 particolarmente bella per la sua morbidezza moderata. Il nastro \u00e8 come gli anelli del tronco d&#039;albero, elegante naturale; Come la pittura di paesaggio con inchiostro a spruzzo, magnifica; Simbolo di perseveranza, si dice che l&#039;energia dell&#039;agata grigia possa rimuovere le impurit\u00e0 dall&#039;aura ed efficacemente...<\/p>\n<div id=\"gtx-trans\">\n<div class=\"gtx-trans-icon\"><\/div>\n<\/div>","protected":false},"featured_media":7950,"comment_status":"closed","ping_status":"closed","template":"","meta":[],"product_brand":[],"product_cat":[208],"product_tag":[861,864,863,867,859,865,862,866,869,860,868],"class_list":{"0":"post-2890","1":"product","2":"type-product","3":"status-publish","4":"has-post-thumbnail","6":"product_cat-agate","7":"product_tag-agate-gray","8":"product_tag-agate-grey-and-white","9":"product_tag-blue-grey-agate","10":"product_tag-dark-grey-agate","11":"product_tag-gray-agate","12":"product_tag-gray-agate-crystal","13":"product_tag-gray-agate-stone","14":"product_tag-grey-agate-raw","15":"product_tag-grey-agate-slab","16":"product_tag-grey-agate-stone","17":"product_tag-grey-agate-table","19":"first","20":"instock","21":"product-type-simple"},"_links":{"self":[{"href":"https:\/\/www.quartzite-stone.com\/it\/wp-json\/wp\/v2\/product\/2890","targetHints":{"allow":["GET"]}}],"collection":[{"href":"https:\/\/www.quartzite-stone.com\/it\/wp-json\/wp\/v2\/product"}],"about":[{"href":"https:\/\/www.quartzite-stone.com\/it\/wp-json\/wp\/v2\/types\/product"}],"replies":[{"embeddable":true,"href":"https:\/\/www.quartzite-stone.com\/it\/wp-json\/wp\/v2\/comments?post=2890"}],"wp:featuredmedia":[{"embeddable":true,"href":"https:\/\/www.quartzite-stone.com\/it\/wp-json\/wp\/v2\/media\/7950"}],"wp:attachment":[{"href":"https:\/\/www.quartzite-stone.com\/it\/wp-json\/wp\/v2\/media?parent=2890"}],"wp:term":[{"taxonomy":"product_brand","embeddable":true,"href":"https:\/\/www.quartzite-stone.com\/it\/wp-json\/wp\/v2\/product_brand?post=2890"},{"taxonomy":"product_cat","embeddable":true,"href":"https:\/\/www.quartzite-stone.com\/it\/wp-json\/wp\/v2\/product_cat?post=2890"},{"taxonomy":"product_tag","embeddable":true,"href":"https:\/\/www.quartzite-stone.com\/it\/wp-json\/wp\/v2\/product_tag?post=2890"}],"curies":[{"name":"wp","href":"https:\/\/api.w.org\/{rel}","templated":true}]}}