{"id":2867,"date":"2022-07-05T00:03:19","date_gmt":"2022-07-04T16:03:19","guid":{"rendered":"https:\/\/www.quartzite-stone.com\/product\/white-crystal-agate\/"},"modified":"2023-07-11T11:55:10","modified_gmt":"2023-07-11T03:55:10","slug":"agata-di-cristallo-bianco","status":"publish","type":"product","link":"https:\/\/www.quartzite-stone.com\/it\/products\/white-crystal-agate\/","title":{"rendered":"Agata bianca di cristallo"},"content":{"rendered":"<h3 style=\"font-size: 19px\">L&#039;agata di cristallo bianco \u00e8 adatta per<\/h3>\n<ul>\n<li>piani cucina;<\/li>\n<li>pannelli paraspruzzi per cucine;<\/li>\n<li>Oggetti decorativi come candele, opere d&#039;arte e vassoi ti consentono di stare al passo con la tendenza senza decorazioni costose;<\/li>\n<li>parete decorativa in bagno o in cucina;<\/li>\n<li>mobile bagno;<\/li>\n<li>camino;<\/li>\n<li>Mobili di legno.<\/li>\n<\/ul>\n<p>&nbsp;<\/p>\n<p>La decorazione della casa, il soggiorno sar\u00e0 sempre il momento clou, la grande parete in lastre di roccia e l&#039;applicazione del pavimento, danno pieno gioco ai suoi grandi vantaggi visivi, pavimentazione del pavimento in agata bianca di alta qualit\u00e0, con una trama decisa, una trama delicata, che modella la personalit\u00e0 dello spazio, parete di fondo in agata bianca di alta qualit\u00e0 un pezzo verso l&#039;alto, riducendo notevolmente le tracce di giunzione e lo spazio abitativo \u00e8 notevolmente migliorato sia nell&#039;aspetto che nel grado.<\/p>\n<p>&nbsp;<\/p>\n<p>La camera da letto \u00e8 un luogo dove puoi dormire dolcemente e profondamente, quindi se \u00e8 la combinazione di colori dello spazio. Quando si tratta di vestiti morbidi, deve essere appropriato per il <a href=\"https:\/\/www.quartzite-stone.com\/it\/presentazione-dellazienda\/\">porcellana HRST fabbrica di pietra<\/a> -La parete di fondo in agata bianca crea un'atmosfera completamente diversa da quella dell'agata nera. La texture sbiadita si staglia nella trama chiara della pietra, evidenziando l'andamento del motivo e la forma del cristallo.<\/p>\n<p>&nbsp;<\/p>\n<p>Il bagno \u00e8 il luogo pi\u00f9 utilizzato nella scena domestica. Il design del bagno dovrebbe essere pratico e confortevole. La disposizione pura e ricca dell&#039;agata bianca \u00e8 diffusa su pareti e pavimenti, punteggiata da una debole trama bianca, interpretando la trama naturale che non pu\u00f2 essere replicata e creando un&#039;atmosfera spaziale profonda e suggestiva.<\/p>\n<p>&nbsp;<\/p>\n<p>INFORMAZIONI AGGIUNTIVE<\/p>\n<table>\n<tbody>\n<tr>\n<td width=\"124\"><strong>MATERIALE<\/strong><\/td>\n<td width=\"444\">Agata<\/td>\n<\/tr>\n<tr>\n<td width=\"124\"><strong>COLORE<\/strong><\/td>\n<td width=\"444\">Bianco<\/td>\n<\/tr>\n<tr>\n<td width=\"124\"><strong>PAESE DI ORIGINE<\/strong><\/td>\n<td width=\"444\">Brasile<\/td>\n<\/tr>\n<tr>\n<td width=\"124\"><strong>FINITURA SUPERFICIALE<\/strong><\/td>\n<td width=\"444\">Lucido, levigato, rivestito in pelle<\/td>\n<\/tr>\n<tr>\n<td width=\"124\"><strong>UTILIZZO<\/strong><\/td>\n<td width=\"444\">Cucine, Bagni, Pavimenti, Rivestimenti, Piastrelle, Lastre<\/td>\n<\/tr>\n<tr>\n<td width=\"124\"><strong>DISPONIBILIT\u00c0<\/strong><\/td>\n<td width=\"444\">Si prega di verificare la disponibilit\u00e0 di magazzino con HRST STONE per la visita.<\/p>\n<p>Anche i campioni di pietra non sono disponibili per ogni selezione di pietre, si prega di informarsi per la disponibilit\u00e0.<\/p>\n<\/td>\n<\/tr>\n<\/tbody>\n<\/table>\n<p>&nbsp;<\/p>\n<p>L&#039;agata di cristallo bianco trasparente e puro \u00e8 uno dei doni magici della terra. L&#039;agata di cristallo bianco \u00e8 l&#039;energia magnetica pi\u00f9 stabile e pura di tutti i tipi di cristallo. \u00c8 anche la sintesi di tutta l&#039;energia del colore e la scelta migliore per bilanciare l&#039;energia nel corpo. il cristallo bianco ha pura energia, pu\u00f2 migliorare efficacemente il reiki gratuito, stimolare il potenziale, regolare la salute, rendere il suo spirito pi\u00f9 pacifico.<\/p>\n<\/p>\n<p>L&#039;agata bianca \u00e8 una variet\u00e0 di calcedonio, un minerale della famiglia dei quarzi. In genere \u00e8 bianco o traslucido con una finitura cerosa o opaca e pu\u00f2 presentare bande o altri motivi. L&#039;agata di cristallo bianco \u00e8 spesso usata in gioielleria e altri oggetti decorativi e alcuni ritengono che abbia propriet\u00e0 curative. Si trova in molte parti del mondo, tra cui Brasile, India e Stati Uniti.<\/p>\n<\/p>\n<h3 style=\"font-size: 19px\">Caratteristiche dell&#039;agata di cristallo bianco<\/h3>\n<p>L&#039;agata bianca \u00e8 un tipo di gemma semipreziosa che presenta diverse caratteristiche distintive, tra cui:<\/p>\n<ol>\n<li>Colore: l&#039;agata di cristallo bianco \u00e8 nota per il suo colore bianco latte o traslucido.<\/li>\n<li>Bande: come altri tipi di agata, l&#039;agata di cristallo bianco ha spesso motivi a bande che la attraversano, che possono conferirle un aspetto unico e interessante.<\/li>\n<li>Semitrasparente: l&#039;agata di cristallo bianco \u00e8 generalmente semitrasparente, il che significa che la luce pu\u00f2 attraversarla parzialmente.<\/li>\n<li>Durezza: l&#039;agata di cristallo bianco ha una durezza di circa 7 sulla scala Mohs, che la rende relativamente durevole e resistente ai graffi.<\/li>\n<li>Formazione: l&#039;agata di cristallo bianco si forma tipicamente nelle rocce vulcaniche, spesso in strati o cavit\u00e0.<\/li>\n<li>Usi: l&#039;agata bianca \u00e8 comunemente usata nella creazione di gioielli, come perline, ciondoli e braccialetti, nonch\u00e9 oggetti decorativi come fermalibri, sottobicchieri e vasi. Si ritiene inoltre che abbia propriet\u00e0 spirituali e viene utilizzato nelle pratiche di meditazione e guarigione.<\/li>\n<\/ol>\n<p><img decoding=\"async\" class=\"aligncenter\" src=\"https:\/\/data.adwebcloud.com\/public\/material\/220426a7q47o\/product\/imageFile_1664271893813.jpg\" alt=\"agata bianca trasparente\" height=\"600\" \/><\/p>\n<p><img fetchpriority=\"high\" decoding=\"async\" src=\"https:\/\/data.adwebcloud.com\/public\/material\/220426a7q47o\/product\/WhiteCrystalwithGoldtabletop_1665558311520.jpg\" alt=\"Tavolino da divano in cristallo bianco\" width=\"750\" height=\"999\" \/><\/p>\n<p><img decoding=\"async\" src=\"https:\/\/data.adwebcloud.com\/public\/material\/220426a7q47o\/product\/CrystalWhiteTable_1665561378730.jpg\" alt=\"Tavoli in cristallo bianco\" width=\"750\" height=\"563\" \/><\/p><\/p>","protected":false},"excerpt":{"rendered":"<p>La pavimentazione del pavimento in agata bianca di alta qualit\u00e0, con una trama decisa e una trama delicata, modella la personalit\u00e0 dello spazio. Il muro di fondo in agata bianca di alta qualit\u00e0 \u00e8 un pezzo unico verso l&#039;alto, riducendo notevolmente le tracce di giunzione e lo spazio abitativo \u00e8 notevolmente migliorato sia nell&#039;aspetto che nel grado.<\/p>","protected":false},"featured_media":7988,"comment_status":"closed","ping_status":"closed","template":"","meta":[],"product_brand":[],"product_cat":[208],"product_tag":[589,597,591,590,596,593,592,594,595],"class_list":{"0":"post-2867","1":"product","2":"type-product","3":"status-publish","4":"has-post-thumbnail","6":"product_cat-agate","7":"product_tag-crystal-white","8":"product_tag-transparent-white-agate","9":"product_tag-white-agate","10":"product_tag-white-cristallo","11":"product_tag-white-crystal-kitchen","12":"product_tag-white-crystal-slabs","13":"product_tag-white-crystal-table","14":"product_tag-white-crystal-tiles","15":"product_tag-white-crystal-walls","17":"first","18":"instock","19":"product-type-simple"},"_links":{"self":[{"href":"https:\/\/www.quartzite-stone.com\/it\/wp-json\/wp\/v2\/product\/2867","targetHints":{"allow":["GET"]}}],"collection":[{"href":"https:\/\/www.quartzite-stone.com\/it\/wp-json\/wp\/v2\/product"}],"about":[{"href":"https:\/\/www.quartzite-stone.com\/it\/wp-json\/wp\/v2\/types\/product"}],"replies":[{"embeddable":true,"href":"https:\/\/www.quartzite-stone.com\/it\/wp-json\/wp\/v2\/comments?post=2867"}],"wp:featuredmedia":[{"embeddable":true,"href":"https:\/\/www.quartzite-stone.com\/it\/wp-json\/wp\/v2\/media\/7988"}],"wp:attachment":[{"href":"https:\/\/www.quartzite-stone.com\/it\/wp-json\/wp\/v2\/media?parent=2867"}],"wp:term":[{"taxonomy":"product_brand","embeddable":true,"href":"https:\/\/www.quartzite-stone.com\/it\/wp-json\/wp\/v2\/product_brand?post=2867"},{"taxonomy":"product_cat","embeddable":true,"href":"https:\/\/www.quartzite-stone.com\/it\/wp-json\/wp\/v2\/product_cat?post=2867"},{"taxonomy":"product_tag","embeddable":true,"href":"https:\/\/www.quartzite-stone.com\/it\/wp-json\/wp\/v2\/product_tag?post=2867"}],"curies":[{"name":"wp","href":"https:\/\/api.w.org\/{rel}","templated":true}]}}