{"id":2800,"date":"2022-07-05T00:01:16","date_gmt":"2022-07-04T16:01:16","guid":{"rendered":"https:\/\/www.quartzite-stone.com\/product\/labradorite-blue-granite\/"},"modified":"2023-04-19T14:18:04","modified_gmt":"2023-04-19T06:18:04","slug":"granito-blu-labradorite","status":"publish","type":"product","link":"https:\/\/www.quartzite-stone.com\/it\/products\/labradorite-blue-granite\/","title":{"rendered":"Labradorite Granito Blu"},"content":{"rendered":"<p>INFORMAZIONI AGGIUNTIVE<\/p>\n<table>\n<tbody>\n<tr>\n<td width=\"124\"><strong>MATERIALE<\/strong><\/td>\n<td width=\"444\">Granito<\/td>\n<\/tr>\n<tr>\n<td width=\"124\"><strong>COLORE<\/strong><\/td>\n<td width=\"444\">Blu<\/td>\n<\/tr>\n<tr>\n<td width=\"124\"><strong>PAESE DI ORIGINE<\/strong><\/td>\n<td width=\"444\">Madagascar<\/td>\n<\/tr>\n<tr>\n<td width=\"124\"><strong>FINITURA SUPERFICIALE<\/strong><\/td>\n<td width=\"444\">Lucido, levigato, rivestito in pelle<\/td>\n<\/tr>\n<tr>\n<td width=\"124\"><strong>UTILIZZO<\/strong><\/td>\n<td width=\"444\">Cucine, Bagni, Pavimenti, Rivestimenti, Piastrelle, Lastre<\/td>\n<\/tr>\n<tr>\n<td width=\"124\"><strong>DISPONIBILIT\u00c0<\/strong><\/td>\n<td width=\"444\">Si prega di verificare la disponibilit\u00e0 di magazzino con HRST STONE per la visita.<\/p>\n<p>Anche i campioni di pietra non sono disponibili per ogni selezione di pietre, si prega di informarsi per la disponibilit\u00e0.<\/p>\n<\/td>\n<\/tr>\n<\/tbody>\n<\/table>\n<p>Labradorite Blue Granite \u00e8 composto principalmente da omphacite, la trama \u00e8 delicata e la luce \u00e8 super sognante, penetrante nel ghiaccio, e la testa dell&#039;acqua \u00e8 eccellente, discreta ma non opaca, elegante ma senza pretese, la giadeite blu \u00e8 altrettanto bella e sognante come il colore del mare e del cielo. Rispetto ad altri pannelli di decorazione d&#039;interni, la pietra di lusso \u00e8 leggera, lussuosa e piena di fascino. La scelta della pietra di lusso per illuminare la vita pu\u00f2 sicuramente portare una festa visiva unica.<\/p>\n<p>Labradorite Granite si abbiner\u00e0 al colore di quasi tutti i mobili in quanto sar\u00e0 il punto focale della cucina piuttosto che qualsiasi altro colore. Armadi bianchi, armadi color crema, armadi in ciliegio e armadi in rovere fanno risaltare questa pietra. Guarda il nostro granito labradorite. Offriamo granito in vari colori. Scegli un design unico e speciale per il tuo piano di lavoro. Il prezzo per piede quadrato di Labradorite Granite varia a seconda del colore. Per l&#039;ultimo prezzo di Labradorite Blue Granite, si prega di contattare HRST STONE.<\/p>\n<p>La labradorite \u00e8 una specie di plagioclasio, che \u00e8 una serie isomorfa composta da albite e anortite, e ha un sistema cristallino triclinico. I cristalli sono per lo pi\u00f9 a forma di piastra o colonnare, bianco-grigio o grigio-nero, occasionalmente giallo, marrone, rosso e verde, lucentezza del vetro, trasparente o leggermente trasparente, densit\u00e0 relativa 2,69-2,2, durezza 6-6,5, nessuna reazione di fluorescenza.<\/p>\n<p>La labradorite \u00e8 relativamente comune ed \u00e8 usata come materiale decorativo, e alcune labradorite con iridescenza sono anche usate come pietre preziose. Coloro che raggiungono il livello della gemma sono traslucidi, mostrando cambiamenti di colore blu, verde, arancione, rosso o di altro tipo in una direzione speciale. Gira la labradorite e puoi vedere gli splendidi colori da diverse direzioni. La labradorite con gioco di colori, nota anche come &quot;pietra spettrale&quot;, \u00e8 di prima scelta in blu, giallo-verde e rosso.<\/p>\n<h3 style=\"font-size: 19px\">Il ruolo del granito blu labradorite:<\/h3>\n<p>La labradorite ha l&#039;effetto di alleviare il dolore agli occhi e alla gola, in particolare per alleviare il dolore e assorbire la fatica del corpo umano. Pu\u00f2 ripristinare rapidamente la forza fisica e insegnare alle persone a lavorare a lungo senza sentirsi stanchi. Pu\u00f2 aiutare a realizzare il potenziale, eliminare le emozioni spiacevoli, migliorare l&#039;intuizione e l&#039;osservazione ed evitare di essere ingannati. Poich\u00e9 \u00e8 anche un membro del sistema della pietra nera, ha anche la funzione di combattere l&#039;energia negativa.<\/p>\n<h3 style=\"font-size: 19px\">Cura del granito blu labradorite<\/h3>\n<p>Labradorite Granite \u00e8 una pietra naturale bella e resistente che pu\u00f2 aggiungere un tocco di eleganza a qualsiasi spazio. Ecco alcuni suggerimenti per aiutarti a prenderti cura del tuo granito labradorite:<\/p>\n<ol>\n<li>Pulire regolarmente: utilizzare un panno morbido e umido per pulire regolarmente i controsoffitti o le superfici in granito blu labradorite. Evitare l&#039;uso di detergenti abrasivi, detergenti acidi o alcalini o altri prodotti chimici aggressivi.<\/li>\n<li>Sigilla il granito: il granito labradorite \u00e8 una pietra porosa che pu\u00f2 macchiarsi facilmente. Per evitare macchie, applicare un sigillante per granito sulla superficie almeno una volta all&#039;anno. Seguire attentamente le istruzioni del produttore per ottenere i migliori risultati.<\/li>\n<li>Evitare l&#039;esposizione al calore: il granito pu\u00f2 essere danneggiato dal calore elevato, quindi utilizzare sempre un sottopentola o un tappetino caldo quando si posizionano oggetti caldi sulle superfici Labradorite Blue Granite.<\/li>\n<li>Maneggiare con cura: sebbene il granito sia un materiale durevole, pu\u00f2 comunque scheggiarsi o graffiarsi se sottoposto a forti urti o oggetti appuntiti. Prestare attenzione quando si maneggiano oggetti pesanti o si utilizzano strumenti affilati vicino alle superfici in granito.<\/li>\n<li>Pulisci prontamente le fuoriuscite: se del liquido si rovescia sul tuo Labradorite Granite, puliscilo immediatamente per evitare macchie. Utilizzare un panno umido per pulire la fuoriuscita, quindi asciugare accuratamente la superficie.<\/li>\n<\/ol>\n<p><img decoding=\"async\" class=\"aligncenter\" src=\"https:\/\/data.adwebcloud.com\/public\/material\/220426a7q47o\/product\/imageFile_1664271865190.jpg\" alt=\"\" \/><\/p>\n<p><img decoding=\"async\" class=\"aligncenter\" src=\"https:\/\/data.adwebcloud.com\/public\/material\/220426a7q47o\/product\/imageFile_1664271866156.jpg\" alt=\"\" \/><\/p>\n<p><img decoding=\"async\" class=\"aligncenter\" src=\"https:\/\/data.adwebcloud.com\/public\/material\/220426a7q47o\/product\/imageFile_1664271866969.jpg\" alt=\"\" \/><\/p>\n<p>FAQ<br \/>D: Cos&#039;\u00e8 il granito blu labradorite?<br \/>R: Il granito labradorite \u00e8 una pietra naturale composta principalmente da feldspato labradorite e vari altri minerali.<\/p>\n<p>D: Qual \u00e8 il colore del granito labradorite?<br \/>A: Come suggerisce il nome, Labradorite Granite ha una tonalit\u00e0 grigio-bluastra con lampi iridescenti di blu, verde e oro.<\/p>\n<p>D: Da dove proviene Labradorite Granite?<br \/>R: Il granito labradorite proviene da cave situate principalmente in Madagascar e Brasile.<\/p>\n<p>D: Quali sono gli usi comuni di Labradorite Granite?<br \/>A: Labradorite Blue Granite \u00e8 comunemente usato per controsoffitti da cucina, mobili da bagno, pavimenti e rivestimenti per caminetti. Viene anche utilizzato in progetti paesaggistici e esterni.<\/p>\n<p>D: Labradorite Granite \u00e8 un materiale durevole?<br \/>R: S\u00ec, il granito labradorite \u00e8 un materiale altamente durevole che resiste a graffi, calore e macchie. \u00c8 anche facile da mantenere con una pulizia regolare.<\/p>\n<p>D: Labradorite Granite pu\u00f2 essere utilizzato in applicazioni esterne?<br \/>R: S\u00ec, Labradorite Granite \u00e8 adatto per l&#039;uso esterno in quanto \u00e8 resistente agli agenti atmosferici e all&#039;esposizione ai raggi UV.<\/p>\n<p>D: Labradorite Granite \u00e8 costoso?<br \/>A: Labradorite Granite \u00e8 una pietra dal prezzo moderato. Il costo pu\u00f2 variare a seconda della qualit\u00e0 della pietra, delle dimensioni del progetto e dell&#039;ubicazione del fornitore.<\/p>\n<p>D: Come posso mantenere la bellezza dei miei controsoffitti Labradorite Blue Granite?<br \/>A: Per mantenere la bellezza dei tuoi controsoffitti Labradorite Granite, puliscili regolarmente con una soluzione di acqua e sapone delicato. Evitare l&#039;uso di prodotti chimici aggressivi o detergenti abrasivi che possono danneggiare la superficie della pietra. Inoltre, richiudere i controsoffitti ogni anno per evitare macchie e danni causati dall&#039;acqua.<\/p>","protected":false},"excerpt":{"rendered":"<p>Labradorite Blue Granite \u00e8 composto principalmente da omphacite, la trama \u00e8 delicata e la luce \u00e8 super sognante, penetrante nel ghiaccio, e la testa dell&#039;acqua \u00e8 eccellente, discreta ma non opaca, elegante ma senza pretese, la giadeite blu \u00e8 altrettanto bella e sognante come il colore del mare e del cielo. Rispetto \u2026<\/p><\/p>","protected":false},"featured_media":5810,"comment_status":"closed","ping_status":"closed","template":"","meta":[],"product_brand":[],"product_cat":[205],"product_tag":[176,200,177,206,178,180,181,182],"class_list":{"0":"post-2800","1":"product","2":"type-product","3":"status-publish","4":"has-post-thumbnail","6":"product_cat-granite","7":"product_tag-bathrooms","8":"product_tag-blue","9":"product_tag-floors","10":"product_tag-granite","11":"product_tag-kitchens","12":"product_tag-slabs","13":"product_tag-tiles","14":"product_tag-walls","16":"first","17":"instock","18":"product-type-simple"},"_links":{"self":[{"href":"https:\/\/www.quartzite-stone.com\/it\/wp-json\/wp\/v2\/product\/2800","targetHints":{"allow":["GET"]}}],"collection":[{"href":"https:\/\/www.quartzite-stone.com\/it\/wp-json\/wp\/v2\/product"}],"about":[{"href":"https:\/\/www.quartzite-stone.com\/it\/wp-json\/wp\/v2\/types\/product"}],"replies":[{"embeddable":true,"href":"https:\/\/www.quartzite-stone.com\/it\/wp-json\/wp\/v2\/comments?post=2800"}],"wp:featuredmedia":[{"embeddable":true,"href":"https:\/\/www.quartzite-stone.com\/it\/wp-json\/wp\/v2\/media\/5810"}],"wp:attachment":[{"href":"https:\/\/www.quartzite-stone.com\/it\/wp-json\/wp\/v2\/media?parent=2800"}],"wp:term":[{"taxonomy":"product_brand","embeddable":true,"href":"https:\/\/www.quartzite-stone.com\/it\/wp-json\/wp\/v2\/product_brand?post=2800"},{"taxonomy":"product_cat","embeddable":true,"href":"https:\/\/www.quartzite-stone.com\/it\/wp-json\/wp\/v2\/product_cat?post=2800"},{"taxonomy":"product_tag","embeddable":true,"href":"https:\/\/www.quartzite-stone.com\/it\/wp-json\/wp\/v2\/product_tag?post=2800"}],"curies":[{"name":"wp","href":"https:\/\/api.w.org\/{rel}","templated":true}]}}