{"id":2707,"date":"2022-07-04T23:57:22","date_gmt":"2022-07-04T15:57:22","guid":{"rendered":"https:\/\/www.quartzite-stone.com\/product\/allure-quartzite\/"},"modified":"2023-07-07T16:00:42","modified_gmt":"2023-07-07T08:00:42","slug":"fascino-quarzite","status":"publish","type":"product","link":"https:\/\/www.quartzite-stone.com\/it\/products\/allure-quartzite\/","title":{"rendered":"Fascino Quarzite"},"content":{"rendered":"<h3 style=\"font-size: 19px\">Introduzione del controsoffitto in quarzite Allure<\/h3>\n<p>La quarzite Allure \u00e8 attualmente il materiale del piano cucina pi\u00f9 utilizzato, un must per 80% delle famiglie. \u00c8 un nuovo tipo di pietra sintetizzato artificialmente da pi\u00f9 di 90% di cristalli di quarzo pi\u00f9 resina e altri oligoelementi.<\/p>\n<p>La quarzite Allure \u00e8 un tipo di pietra naturale noto per il suo aspetto unico e sorprendente. \u00c8 una roccia metamorfica che si forma quando l&#039;arenaria \u00e8 soggetta a calore e pressione elevati nel tempo. La pietra risultante ha una vasta gamma di colori, inclusi bianchi, grigi, blu e verdi, con venature e turbinii di colori contrastanti che corrono dappertutto.<\/p>\n<p>Una delle caratteristiche principali della quarzite allure \u00e8 la sua durata e resistenza a graffi, calore e macchie, che la rendono una scelta popolare per l&#039;uso in piani cucina, paraschizzi e pavimenti. Pu\u00f2 essere utilizzato anche per scopi decorativi come rivestimenti murali e pezzi d&#039;accento.<\/p>\n<p>Come tutte le pietre naturali, la quarzite allure necessita di un&#039;adeguata cura e manutenzione per preservarne la bellezza e la durata nel tempo. Si consiglia di pulirlo con un sapone delicato e acqua tiepida e di evitare prodotti chimici aggressivi o detergenti abrasivi che possono danneggiare la superficie della pietra. \u00c8 inoltre importante risigillare periodicamente la pietra per evitare che macchie e umidit\u00e0 penetrino nella superficie.<\/p>\n<\/p>\n<p>&nbsp;<\/p>\n<p>INFORMAZIONI AGGIUNTIVE<\/p>\n<table>\n<tbody>\n<tr>\n<td width=\"124\"><strong>MATERIALE<\/strong><\/td>\n<td width=\"444\">Quarzite<\/td>\n<\/tr>\n<tr>\n<td width=\"124\"><strong>COLORE<\/strong><\/td>\n<td width=\"444\">Blu<\/td>\n<\/tr>\n<tr>\n<td width=\"124\"><strong>PAESE DI ORIGINE<\/strong><\/td>\n<td width=\"444\">Brasile<\/td>\n<\/tr>\n<tr>\n<td width=\"124\"><strong>FINITURA SUPERFICIALE<\/strong><\/td>\n<td width=\"444\">Lucido, levigato, rivestito in pelle<\/td>\n<\/tr>\n<tr>\n<td width=\"124\"><strong>UTILIZZO<\/strong><\/td>\n<td width=\"444\">Cucine, Bagni, Pavimenti, Rivestimenti, Piastrelle, Lastre<\/td>\n<\/tr>\n<tr>\n<td width=\"124\"><strong>DISPONIBILIT\u00c0<\/strong><\/td>\n<td width=\"444\">Si prega di verificare la disponibilit\u00e0 di magazzino con HRST STONE per la visita.<\/p>\n<p>Anche i campioni di pietra non sono disponibili per ogni selezione di pietre, si prega di informarsi per la disponibilit\u00e0.<\/p>\n<\/td>\n<\/tr>\n<\/tbody>\n<\/table>\n<p>&nbsp;<\/p>\n<p><img decoding=\"async\" class=\"aligncenter\" src=\"https:\/\/data.adwebcloud.com\/public\/material\/220426a7q47o\/product\/imageFile_1664271805226.jpg\" alt=\"\" \/><\/p>\n<p><img decoding=\"async\" class=\"aligncenter\" src=\"https:\/\/data.adwebcloud.com\/public\/material\/220426a7q47o\/product\/imageFile_1664271806105.jpg\" alt=\"\" \/><\/p>\n<p><p>Allure Quartzite colpisce per l&#039;intensa gamma di colori dal molto profondo al blu chiaro su uno sfondo grigio bianco accentuato da onde bianche di quarzite esotica estratta in Brasile. Questa pietra \u00e8 particolarmente indicata per piani di lavoro, piani lavabo, piani bar, scale, piastrelle per pareti e pavimenti, mosaici e altri progetti di design.<\/p>\n<p>&nbsp;<\/p>\n<p>Allure Quartzite \u00e8 un prezioso e<a href=\"https:\/\/www.quartzite-stone.com\/it\/prodotti\/\"> popolare quarzite<\/a> estratto in Brasile con varie sfumature di blu e venature ruggine, che lo rendono un&#039;opera d&#039;arte della natura davvero unica e invidiabile. Far\u00e0 sicuramente colpo come parte di un bancone della cucina, mobiletto del bagno, vasca o doccia, caminetto o qualsiasi spazio abitativo all&#039;aperto.<\/p>\n<p>&nbsp;<\/p>\n<p>Allure Quartzite \u00e8 una scelta eccellente per i proprietari di case che preferiscono la tavolozza neutra ma desiderano un tocco di colore che si presta a una personalit\u00e0 aggiuntiva.<\/p>\n<\/p>\n<p><img decoding=\"async\" class=\"aligncenter\" src=\"https:\/\/data.adwebcloud.com\/public\/material\/220426a7q47o\/product\/imageFile_1664271807041.jpg\" alt=\"\" \/><\/p>\n<h3 style=\"font-size: 19px\">Vantaggi dell&#039;allure quarzite<\/h3>\n<ol>\n<li>Elevata durezza. La durezza della quarzite seducente \u00e8 relativamente alta e la sua durezza \u00e8 simile a quella del diamante.<\/li>\n<li>Forte resistenza alle macchie. Quando si sceglie un piano cucina, la cosa principale da scegliere \u00e8 se la resistenza alle macchie \u00e8 buona o meno. Se gli ingredienti utilizzati per la cucina quotidiana vengono cosparsi sul piano di lavoro e penetrano all&#039;interno, non solo influisce sull&#039;estetica, ma indica anche che la qualit\u00e0 non \u00e8 sufficiente.<\/li>\n<li>Resistente all&#039;usura, antigraffio, di alta qualit\u00e0, bello, privo di radiazioni, naturale ed ecologico.<\/li>\n<\/ol>\n<h3 style=\"font-size: 19px\">Cura quotidiana della quarzite Allure<\/h3>\n<ol>\n<li>\n<h3><span style=\"font-size: 16px\">Manutenzione giornaliera<\/span><\/h3>\n<\/li>\n<\/ol>\n<p>La quarzite Allure \u00e8 una pietra verde ed ecologica. Il prodotto non \u00e8 radioattivo e il cibo pu\u00f2 entrare direttamente in contatto con la superficie. \u00c8 ampiamente utilizzato in armadi, tavoli da pranzo e altri luoghi. Macchie di olio, macchie di caff\u00e8, macchie di vino e aceto, macchie di zucchero e sale, ecc. non possono essere evitate e diventano sciatte. In questo caso, il piano di lavoro pu\u00f2 essere pulito e ordinato solo strofinandolo con acqua tiepida e acqua saponata. Se incontri macchie ostinate, puoi usare una spugnetta per rimuoverle.<\/p>\n<ol start=\"2\">\n<li>\n<h3><span style=\"font-size: 16px\">Rimuovere macchie d&#039;acqua e ruggine<\/span><\/h3>\n<\/li>\n<\/ol>\n<p>Poich\u00e9 in cucina ci sono molte pentole in metallo, sul piano di lavoro sono inevitabili fastidiose macchie d&#039;acqua e ruggine. Per trattare queste macchie di ruggine, puoi strofinare le macchie superficiali con un panno umido, quindi immergere la macchia con dentifricio, aceto bianco o disinfettante 84 per circa 10 minuti, quindi strofinarla con un panno, in modo che le macchie possano essere rimosse facilmente .<\/p>\n<ol start=\"3\">\n<li>\n<h3><span style=\"font-size: 16px\">Scrittura a mano con inchiostro trasparente<\/span><\/h3>\n<\/li>\n<\/ol>\n<p>La calligrafia a inchiostro pu\u00f2 essere cancellata con una gomma dopo aver pulito le macchie superficiali con un panno umido. Se sono ancora presenti tracce, utilizzare detersivo in polvere e acqua in un rapporto di 1:0,5, che rende il detersivo miscelato appiccicoso e ha una certa forza di attrito. Immergere il detersivo preparato sul piano di lavoro per circa 5 minuti, quindi spazzolarlo con uno spazzolino fino a rimuovere le macchie e infine lavare con acqua pulita.<\/p>\n<ol start=\"4\">\n<li>\n<h3><span style=\"font-size: 16px\">Evitare le alte temperature<\/span><\/h3>\n<\/li>\n<\/ol>\n<p>La quarzite Allure \u00e8 composta dalla maggior parte della sabbia di quarzo e da una piccola parte di resina combinata con pigmenti e acceleranti attraverso molteplici rigorosi processi produttivi. \u00c8 ingegnoso e ha una migliore resistenza al calore rispetto alla superficie superiore di altri materiali. Tuttavia, la resina ha propriet\u00e0 di espansione e contrazione termica. Nell&#039;uso quotidiano, l&#039;uso di cuscinetti termoisolanti e treppiedi termoisolanti pu\u00f2 proteggere meglio la superficie del piano di lavoro, in particolare i bordi, ed evitare improvvise rotture del piano di lavoro dovute a temperature elevate.<\/p>\n<ol start=\"5\">\n<li>\n<h3><span style=\"font-size: 16px\">Evitare graffi o urti violenti<\/span><\/h3>\n<\/li>\n<\/ol>\n<p>Nell&#039;uso quotidiano, l&#039;allure quarzite dovrebbe anche evitare graffi da forti forze esterne. Ad esempio, evitare di strofinare il piano di lavoro con una sfera di filo d&#039;acciaio, non tagliare le verdure direttamente sul piano di lavoro, quindi mettere un panno spesso e poi mettere un tagliere quando si tagliano le verdure; non usare violenza meccanica come un coltello o un trapano per scuoterlo.<\/p>\n<ol start=\"6\">\n<li>\n<h3><span style=\"font-size: 16px\">Impermeabile<\/span><\/h3>\n<\/li>\n<\/ol>\n<p>Quando si incontrano macchie d&#039;acqua sulla superficie della quarzite seducente di alta qualit\u00e0, si volatilizzer\u00e0 per un certo periodo di tempo e non filtrer\u00e0. Varie sostanze coloranti stesse non influiranno sulla quarzite. Solo quando la macchia incontra l&#039;acqua e provoca cambiamenti chimici, causer\u00e0 problemi di tintura e inquinamento. Inoltre, gli ambienti umidi a lungo termine sono particolarmente soggetti a batteri che influiscono sulla salute. Le macchie d&#039;acqua sono il peggior nemico dei controsoffitti in quarzite, quindi \u00e8 particolarmente importante mantenere il piano di lavoro ventilato e asciutto.<\/p>\n<ol start=\"7\">\n<li>\n<h3><span style=\"font-size: 16px\">Resistenza alla corrosione<\/span><\/h3>\n<\/li>\n<\/ol>\n<p>Fai attenzione ai prodotti chimici aggressivi che entrano in contatto con i controsoffitti in quarzite, come sverniciatori, detergenti per metalli, detergenti per stufe, cloruro di metilene, acetone (solvente per unghie), detergenti acidi forti, ecc.<\/p><\/p>","protected":false},"excerpt":{"rendered":"<p>Allure Quartzite colpisce per l&#039;intensa gamma di colori dal molto profondo al blu chiaro su uno sfondo grigio bianco accentuato da onde bianche di quarzite esotica estratta in Brasile. Questa pietra \u00e8 particolarmente indicata per piani di lavoro, piani lavabo, piani bar, scale, piastrelle per pareti e pavimenti, mosaici e altri design...<\/p><\/p>","protected":false},"featured_media":7770,"comment_status":"closed","ping_status":"closed","template":"","meta":[],"product_brand":[],"product_cat":[195],"product_tag":[1119,1127,1121,1122,1277,1123,1124,1125,1126,1278],"class_list":{"0":"post-2707","1":"product","2":"type-product","3":"status-publish","4":"has-post-thumbnail","6":"product_cat-quartzite","7":"product_tag-allure-quartzite-bathrooms","8":"product_tag-allure-quartzite-countertop","9":"product_tag-allure-quartzite-floors","10":"product_tag-allure-quartzite-kitchens","11":"product_tag-allure-quartzite-made-in-china","12":"product_tag-allure-quartzite-price","13":"product_tag-allure-quartzite-slabs","14":"product_tag-allure-quartzite-tiles","15":"product_tag-allure-quartzite-walls","16":"product_tag-china-allure-quartzite","18":"first","19":"instock","20":"product-type-simple"},"_links":{"self":[{"href":"https:\/\/www.quartzite-stone.com\/it\/wp-json\/wp\/v2\/product\/2707","targetHints":{"allow":["GET"]}}],"collection":[{"href":"https:\/\/www.quartzite-stone.com\/it\/wp-json\/wp\/v2\/product"}],"about":[{"href":"https:\/\/www.quartzite-stone.com\/it\/wp-json\/wp\/v2\/types\/product"}],"replies":[{"embeddable":true,"href":"https:\/\/www.quartzite-stone.com\/it\/wp-json\/wp\/v2\/comments?post=2707"}],"wp:featuredmedia":[{"embeddable":true,"href":"https:\/\/www.quartzite-stone.com\/it\/wp-json\/wp\/v2\/media\/7770"}],"wp:attachment":[{"href":"https:\/\/www.quartzite-stone.com\/it\/wp-json\/wp\/v2\/media?parent=2707"}],"wp:term":[{"taxonomy":"product_brand","embeddable":true,"href":"https:\/\/www.quartzite-stone.com\/it\/wp-json\/wp\/v2\/product_brand?post=2707"},{"taxonomy":"product_cat","embeddable":true,"href":"https:\/\/www.quartzite-stone.com\/it\/wp-json\/wp\/v2\/product_cat?post=2707"},{"taxonomy":"product_tag","embeddable":true,"href":"https:\/\/www.quartzite-stone.com\/it\/wp-json\/wp\/v2\/product_tag?post=2707"}],"curies":[{"name":"wp","href":"https:\/\/api.w.org\/{rel}","templated":true}]}}