{"id":2666,"date":"2022-07-04T23:55:55","date_gmt":"2022-07-04T15:55:55","guid":{"rendered":"https:\/\/www.quartzite-stone.com\/product\/london-grey-quartzite\/"},"modified":"2023-06-27T16:27:59","modified_gmt":"2023-06-27T08:27:59","slug":"quarzite-grigia-di-londra","status":"publish","type":"product","link":"https:\/\/www.quartzite-stone.com\/it\/products\/london-grey-quartzite\/","title":{"rendered":"Quarzite grigio Londra"},"content":{"rendered":"<p>INFORMAZIONI AGGIUNTIVE<\/p>\n<table>\n<tbody>\n<tr>\n<td width=\"124\"><strong>MATERIALE<\/strong><\/td>\n<td width=\"444\">Quarzite<\/td>\n<\/tr>\n<tr>\n<td width=\"124\"><strong>COLORE<\/strong><\/td>\n<td width=\"444\">Grigio<\/td>\n<\/tr>\n<tr>\n<td width=\"124\"><strong>PAESE DI ORIGINE<\/strong><\/td>\n<td width=\"444\">Brasile<\/td>\n<\/tr>\n<tr>\n<td width=\"124\"><strong>FINITURA SUPERFICIALE<\/strong><\/td>\n<td width=\"444\">Lucido, levigato, rivestito in pelle<\/td>\n<\/tr>\n<tr>\n<td width=\"124\"><strong>UTILIZZO<\/strong><\/td>\n<td width=\"444\">Cucine, Bagni, Pavimenti, Rivestimenti, Piastrelle, Lastre<\/td>\n<\/tr>\n<tr>\n<td width=\"124\"><strong>DISPONIBILIT\u00c0<\/strong><\/td>\n<td width=\"444\">Si prega di verificare la disponibilit\u00e0 di magazzino con HRST STONE per la visita.<\/p>\n<p>Anche i campioni di pietra non sono disponibili per ogni selezione di pietre, si prega di informarsi per la disponibilit\u00e0.<\/p>\n<\/td>\n<\/tr>\n<\/tbody>\n<\/table>\n<p>La quarzite grigio londra \u00e8 una pietra grigio scuro con una sottile lucentezza che si adatta sia ai design di cucine chiare che scure. La quarzite grigio Londra \u00e8 non porosa, altamente resistente alle macchie e ai graffi. \u00c8 un materiale ideale per bagni e cucine perch\u00e9 ha quattro volte la resistenza e il doppio dell&#039;impatto rispetto alla pietra naturale come il granito.<\/p>\n<\/p>\n<p><img decoding=\"async\" class=\"aligncenter\" src=\"https:\/\/data.adwebcloud.com\/public\/material\/220426a7q47o\/product\/imageFile_1664271847050.jpg\" alt=\"\" \/><\/p>\n<p>Grigio Londra. La finitura traslucida London Grey Quartzite lo rende unico tra molte altre varianti di quarzo grigio. Un eloquente grigio chiaro opaco si fonde con una morbida texture antracite. Di solito la serie London Grey Supernatural ha una finitura lucida e lucida. Standard, Gigante. Un grigio chiaro eloquente, opaco, con una morbida texture antracite che \u00e8 espressiva. viene ampiamente utilizzato.<\/p>\n<p><img decoding=\"async\" class=\"aligncenter\" src=\"https:\/\/data.adwebcloud.com\/public\/material\/220426a7q47o\/product\/imageFile_1664271847842.jpg\" alt=\"\" \/><\/p>\n<p>La quarzite grigio londra \u00e8 una delle rocce pi\u00f9 durevoli e chimicamente resistenti presenti sulla superficie terrestre. Come altre pietre naturali, la quarzite \u00e8 una pietra estratta considerata di fascia alta e lussuosa. Se trattata correttamente, la quarzite resiste all&#039;umidit\u00e0, ai batteri, alle macchie, ai graffi ed \u00e8 anche resistente al calore. Se riscaldati durante il processo di fabbricazione, i singoli fiocchi di quarzo si ricristallizzano, dando vita a un bellissimo e decorativo motivo scintillante.<\/p>\n<p><img decoding=\"async\" class=\"aligncenter\" src=\"https:\/\/data.adwebcloud.com\/public\/material\/220426a7q47o\/product\/imageFile_1664271848845.jpg\" alt=\"\" \/><\/p>\n<p>Durevole, resistente ai graffi e versatile, la quarzite grigio londra \u00e8 un&#039;ottima scelta di materiale, mentre l&#039;intensa tonalit\u00e0 del grigio londra la rende anche un&#039;ottima scelta cromatica per soluzioni esterne e interne.<\/p>\n<p>Usa la quarzite grigio londra per mobili da bagno, rivestimenti esterni, pavimentazioni esterne, pavimenti interni, pareti interne, piani cucina e altri progetti di design.<\/p><\/p>","protected":false},"excerpt":{"rendered":"<p>La quarzite grigio londra \u00e8 una pietra grigio scuro con una sottile lucentezza che si adatta sia ai design di cucine chiare che scure. La quarzite grigio Londra \u00e8 non porosa, altamente resistente alle macchie e ai graffi. \u00c8 un materiale ideale per bagni e cucine perch\u00e9 ha quattro volte la resistenza e il doppio dell&#039;impatto...<\/p>","protected":false},"featured_media":7324,"comment_status":"closed","ping_status":"closed","template":"","meta":[],"product_brand":[],"product_cat":[195],"product_tag":[1006,1031,1034,1032,1033,1035,1036,1037],"class_list":{"0":"post-2666","1":"product","2":"type-product","3":"status-publish","4":"has-post-thumbnail","6":"product_cat-quartzite","7":"product_tag-grey-quartzite","8":"product_tag-london-grey-quartzite-bathrooms","9":"product_tag-london-grey-quartzite-countertops","10":"product_tag-london-grey-quartzite-floors","11":"product_tag-london-grey-quartzite-kitchens","12":"product_tag-london-grey-quartzite-slabs","13":"product_tag-london-grey-quartzite-tiles","14":"product_tag-london-grey-quartzite-walls","16":"first","17":"instock","18":"product-type-simple"},"_links":{"self":[{"href":"https:\/\/www.quartzite-stone.com\/it\/wp-json\/wp\/v2\/product\/2666","targetHints":{"allow":["GET"]}}],"collection":[{"href":"https:\/\/www.quartzite-stone.com\/it\/wp-json\/wp\/v2\/product"}],"about":[{"href":"https:\/\/www.quartzite-stone.com\/it\/wp-json\/wp\/v2\/types\/product"}],"replies":[{"embeddable":true,"href":"https:\/\/www.quartzite-stone.com\/it\/wp-json\/wp\/v2\/comments?post=2666"}],"wp:featuredmedia":[{"embeddable":true,"href":"https:\/\/www.quartzite-stone.com\/it\/wp-json\/wp\/v2\/media\/7324"}],"wp:attachment":[{"href":"https:\/\/www.quartzite-stone.com\/it\/wp-json\/wp\/v2\/media?parent=2666"}],"wp:term":[{"taxonomy":"product_brand","embeddable":true,"href":"https:\/\/www.quartzite-stone.com\/it\/wp-json\/wp\/v2\/product_brand?post=2666"},{"taxonomy":"product_cat","embeddable":true,"href":"https:\/\/www.quartzite-stone.com\/it\/wp-json\/wp\/v2\/product_cat?post=2666"},{"taxonomy":"product_tag","embeddable":true,"href":"https:\/\/www.quartzite-stone.com\/it\/wp-json\/wp\/v2\/product_tag?post=2666"}],"curies":[{"name":"wp","href":"https:\/\/api.w.org\/{rel}","templated":true}]}}