{"id":2615,"date":"2022-07-04T23:53:18","date_gmt":"2022-07-04T15:53:18","guid":{"rendered":"https:\/\/www.quartzite-stone.com\/product\/brazil-white-mont-blanc-quartzite\/"},"modified":"2023-06-27T16:30:22","modified_gmt":"2023-06-27T08:30:22","slug":"quarzite-bianca-brasile-mont-blanc","status":"publish","type":"product","link":"https:\/\/www.quartzite-stone.com\/it\/products\/brazil-white-mont-blanc-quartzite\/","title":{"rendered":"Quarzite bianca del Monte Bianco"},"content":{"rendered":"<p>INFORMAZIONI AGGIUNTIVE<\/p>\n<table width=\"568\">\n<tbody>\n<tr>\n<td width=\"148\"><strong>MATERIALE<\/strong><\/td>\n<td width=\"420\">Quarzite<\/td>\n<\/tr>\n<tr>\n<td width=\"148\"><strong>COLORE<\/strong><\/td>\n<td width=\"420\">Bianco con venature grigie<\/td>\n<\/tr>\n<tr>\n<td width=\"148\"><strong>PAESE DI ORIGINE<\/strong><\/td>\n<td width=\"420\">Brasile<\/td>\n<\/tr>\n<tr>\n<td width=\"148\"><strong>FINITURA SUPERFICIALE<\/strong><\/td>\n<td width=\"420\">Lucido, levigato, rivestito in pelle<\/td>\n<\/tr>\n<tr>\n<td width=\"148\"><strong>UTILIZZO<\/strong><\/td>\n<td width=\"420\">Cucine, Bagni, Pavimenti, Rivestimenti, Camini, Piastrelle, Lastre<\/td>\n<\/tr>\n<tr>\n<td width=\"148\"><strong>DISPONIBILIT\u00c0<\/strong><\/td>\n<td width=\"420\">Verificare la disponibilit\u00e0 in magazzino con il team di vendita HRST stone.<\/p>\n<p>Anche i campioni di quarzite bianca mont blanc brasiliana non sono disponibili per ogni selezione di pietre, si prega di richiedere la disponibilit\u00e0.<\/p>\n<\/td>\n<\/tr>\n<\/tbody>\n<\/table>\n<p>La quarzite brasiliana bianca blanc mont \u00e8 una scelta eccellente per un design d&#039;interni moderno. \u00c8 una pietra naturale comune per piani cucina e altre superfici. Questa insolita pietra di quarzite ha uno sfondo bianco con venature grigie, venature che sembrano marmo ma hanno caratteristiche simili al granito.<\/p>\n<p>La quarzite brasiliana mont blanc bianca \u00e8 una pietra naturale di lunga durata proveniente dal Brasile con una tinta grigio crema, linee grigie distinte e venature dorate. Per banconi da cucina, piani lavabo e pannelli a parete, \u00e8 una scelta formidabile.<\/p>\n<p>La quarzite mont bianca brasiliana \u00e8 una roccia metamorfica forte, bella e adattabile. \u00c8 un&#039;ottima alternativa al marmo poich\u00e9 ha un aspetto simile al marmo ma \u00e8 pi\u00f9 resistente, rendendolo una scelta popolare per i banconi della cucina. La quarzite bianca brasiliana mont blanc pu\u00f2 essere utilizzata come pavimento, alzatina, bagno o caminetto sia all&#039;interno che all&#039;esterno.<\/p>\n<p>La quarzite del monte bianco \u00e8 un tipo di pietra naturale molto ricercata per la sua bellezza e durata. \u00c8 una roccia metamorfica che si \u00e8 formata da arenaria e quarzo sotto intenso calore e pressione in profondit\u00e0 sotto la superficie terrestre.<\/p>\n<\/p>\n<p><img decoding=\"async\" class=\"aligncenter\" src=\"https:\/\/data.adwebcloud.com\/public\/material\/220426a7q47o\/product\/imageFile_1664271763279.jpg\" alt=\"\" \/><\/p>\n<p>La quarzite Mont Blanc \u00e8 nota per la sua straordinaria colorazione bianca e grigia, con sottili venature e motivi che creano un aspetto unico ed elegante. Viene spesso utilizzato in progetti di edilizia residenziale e commerciale di fascia alta, inclusi controsoffitti, pavimenti e rivestimenti di pareti.<\/p>\n<p>Uno dei motivi per cui la quarzite blanc mont \u00e8 cos\u00ec apprezzata \u00e8 perch\u00e9 \u00e8 estremamente dura e durevole, rendendola resistente a graffi, calore e altri tipi di usura. Ha anche un basso tasso di assorbimento, il che significa che \u00e8 altamente resistente alle macchie e ai danni causati dall&#039;acqua.<\/p>\n<p><img decoding=\"async\" class=\"aligncenter\" src=\"https:\/\/data.adwebcloud.com\/public\/material\/220426a7q47o\/product\/imageFile_1664271764228.jpg\" alt=\"\" \/><\/p>\n<h3 style=\"font-size: 19px\">Specifiche della quarzite mont blanc<\/h3>\n<p>La quarzite del Monte Bianco \u00e8 una pietra naturale che viene estratta in Brasile. Ecco alcune specifiche di Mont Quartzite:<\/p>\n<ol>\n<li>Composizione: Blanc Mont La quarzite \u00e8 una roccia metamorfica composta principalmente da quarzite e mica.<\/li>\n<li>Colore: Il colore di fondo della quarzite Mont Blanc \u00e8 tipicamente grigio chiaro o bianco, con sottili venature e variazioni di colore.<\/li>\n<li>Texture: la texture di Blanc Mont Quartzite \u00e8 generalmente liscia e levigata, il che la rende una scelta popolare per l&#039;uso come piano di lavoro o in altre applicazioni in cui si desidera una superficie liscia.<\/li>\n<li>Durezza: la quarzite del Monte Bianco \u00e8 una pietra molto dura e durevole, con un punteggio di 7 sulla scala di durezza Mohs.<\/li>\n<li>Usi: Blanc Mont Quartzite \u00e8 comunemente usato in applicazioni interne ed esterne, inclusi controsoffitti, pavimenti, rivestimenti murali e accenti decorativi.<\/li>\n<li>Manutenzione: la quarzite Mont Blanc richiede una manutenzione relativamente bassa e pu\u00f2 essere pulita con un detergente delicato e acqua. Si consiglia comunque di sigillare periodicamente la pietra per proteggerla da macchie e graffi.<\/li>\n<li>Sostenibilit\u00e0: Blanc Mont Quartzite \u00e8 una pietra naturale, il che significa che \u00e8 una risorsa rinnovabile. Tuttavia, l&#039;estrazione e il trasporto della pietra possono avere impatti ambientali, quindi \u00e8 importante procurarsi la pietra da fornitori responsabili.<\/li>\n<\/ol>\n<p><img decoding=\"async\" class=\"aligncenter\" src=\"https:\/\/data.adwebcloud.com\/public\/material\/220426a7q47o\/product\/imageFile_1664271765143.jpg\" alt=\"\" \/><\/p>\n<h3 style=\"font-size: 19px\">Prendersi cura della quarzite mont blanc<\/h3>\n<p>Per prenderti cura della tua quarzite Mont Blanc, segui questi suggerimenti:<\/p>\n<ol>\n<li>Pulire immediatamente le fuoriuscite: asciugare le fuoriuscite il prima possibile per evitare macchie. Utilizzare un panno morbido e sapone neutro e acqua per pulire.<\/li>\n<li>Usa sottobicchieri e sottopentola: posiziona sottobicchieri, tovagliette e sottopentola sotto bicchieri, piatti e piatti caldi per evitare graffi, macchie e danni dovuti al calore.<\/li>\n<li>Evitare detergenti acidi: non utilizzare detergenti acidi o abrasivi, come aceto, succo di limone o bicarbonato di sodio, poich\u00e9 possono graffiare o incidere la superficie della pietra.<\/li>\n<li>Sigillare la pietra: applicare un sigillante per pietra ogni anno o come raccomandato dal produttore per proteggere la pietra da macchie e incisioni.<\/li>\n<li>Utilizzare taglieri: utilizzare un tagliere durante la preparazione del cibo per evitare di graffiare la superficie della pietra.<\/li>\n<li>Spazzare regolarmente: spazzare regolarmente la superficie per rimuovere sporco e detriti che possono causare graffi.<\/li>\n<\/ol>\n<p>Seguendo questi semplici passaggi, puoi mantenere la bellezza e la longevit\u00e0 della tua quarzite mont blanc.<\/p><\/p>","protected":false},"excerpt":{"rendered":"<p>La quarzite Mont Blanc \u00e8 una scelta eccellente per un design d&#039;interni moderno. \u00c8 una pietra naturale comune per piani cucina e altre superfici.<\/p>\n<p>Questa insolita pietra di quarzite ha uno sfondo bianco con venature grigie, venature che sembrano marmo ma hanno caratteristiche simili al granito.<\/p><\/p>","protected":false},"featured_media":7360,"comment_status":"closed","ping_status":"closed","template":"","meta":[],"product_brand":[],"product_cat":[195],"product_tag":[1047,1048,1049,1050,1051,1052,1053,249,1054],"class_list":{"0":"post-2615","1":"product","2":"type-product","3":"status-publish","4":"has-post-thumbnail","6":"product_cat-quartzite","7":"product_tag-mont-blanc-quartzite-bathrooms","8":"product_tag-mont-blanc-quartzite-countertop","9":"product_tag-mont-blanc-quartzite-floors","10":"product_tag-mont-blanc-quartzite-kitchens","11":"product_tag-mont-blanc-quartzite-slabs","12":"product_tag-mont-blanc-quartzite-tiles","13":"product_tag-mont-blanc-quartzite-walls","14":"product_tag-white-quartzite","15":"product_tag-white-with-grey-veins-quartzite","17":"first","18":"instock","19":"product-type-simple"},"_links":{"self":[{"href":"https:\/\/www.quartzite-stone.com\/it\/wp-json\/wp\/v2\/product\/2615","targetHints":{"allow":["GET"]}}],"collection":[{"href":"https:\/\/www.quartzite-stone.com\/it\/wp-json\/wp\/v2\/product"}],"about":[{"href":"https:\/\/www.quartzite-stone.com\/it\/wp-json\/wp\/v2\/types\/product"}],"replies":[{"embeddable":true,"href":"https:\/\/www.quartzite-stone.com\/it\/wp-json\/wp\/v2\/comments?post=2615"}],"wp:featuredmedia":[{"embeddable":true,"href":"https:\/\/www.quartzite-stone.com\/it\/wp-json\/wp\/v2\/media\/7360"}],"wp:attachment":[{"href":"https:\/\/www.quartzite-stone.com\/it\/wp-json\/wp\/v2\/media?parent=2615"}],"wp:term":[{"taxonomy":"product_brand","embeddable":true,"href":"https:\/\/www.quartzite-stone.com\/it\/wp-json\/wp\/v2\/product_brand?post=2615"},{"taxonomy":"product_cat","embeddable":true,"href":"https:\/\/www.quartzite-stone.com\/it\/wp-json\/wp\/v2\/product_cat?post=2615"},{"taxonomy":"product_tag","embeddable":true,"href":"https:\/\/www.quartzite-stone.com\/it\/wp-json\/wp\/v2\/product_tag?post=2615"}],"curies":[{"name":"wp","href":"https:\/\/api.w.org\/{rel}","templated":true}]}}