{"id":2586,"date":"2022-07-04T23:52:04","date_gmt":"2022-07-04T15:52:04","guid":{"rendered":"https:\/\/www.quartzite-stone.com\/product\/china-ice-green-marble\/"},"modified":"2022-09-27T17:43:37","modified_gmt":"2022-09-27T09:43:37","slug":"marmo-verde-ghiaccio-cina","status":"publish","type":"product","link":"https:\/\/www.quartzite-stone.com\/it\/products\/china-ice-green-marble\/","title":{"rendered":"Marmo Cina Verde Ghiaccio"},"content":{"rendered":"<h2><strong>Introduzione al marmo verde ghiaccio cinese<\/strong><\/h2>\n<p>Negli ultimi due anni, ci sono molte variet\u00e0 di pietre popolari sul mercato, dal microcristallino, alle lastre di roccia, alle pietre di lusso, alla promessa del terrazzo, ecc., Il marmo verde ghiaccio cinese \u00e8 un prodotto nobile e misterioso pi\u00f9 venduto. Il marmo verde ghiaccio cinese \u00e8 prodotto nello Yunnan. In termini di colore, non \u00e8 un colore molto puro, il colore di sfondo \u00e8 bianco, il piatto \u00e8 nero, verde, ecc. Un mix di colori o colori di gradazione, quindi l&#039;eccellente marmo verde ghiaccio cinese \u00e8 prodotto nello yunnan, rendendolo pi\u00f9 misterioso come decorazione di sfondo. \u00c8 uno dei marmi verdi pi\u00f9 popolari.<\/p>\n<p>Il marmo verde ghiaccio cinese \u00e8 naturalmente saturo di colore, non contiene pigmenti artificiali, \u00e8 puro naturale ed ecologico. Come rappresentante di prodotti ecocompatibili, il marmo verde ghiaccio cinese ha naturalmente le sue caratteristiche. L&#039;eccellente marmo verde ghiaccio cinese non solo ha una buona rigidit\u00e0 e non \u00e8 facile da deformare, ma anche la sua durezza \u00e8 relativamente elevata rispetto a prodotti simili e anche la sua resistenza all&#039;usura \u00e8 elevata, quindi non \u00e8 necessario preoccuparsi della sua integrit\u00e0 ed estetica quando collisione con altri oggetti duri.<\/p>\n<p>L&#039;eccellente marmo verde ghiaccio cinese viene fornito con le proprie regole nelle linee caotiche. Lo spirito diventa una poesia e lo splendore \u00e8 come la giada. Il temperamento moderno e pulito \u00e8 intriso di eleganza, facendo sentire le persone al sicuro ea proprio agio, interpretando uno stile unico di lusso elegante e leggero.<\/p>\n<p>Il marmo verde ghiaccio cinese \u00e8 una splendida pietra verde che far\u00e0 una dichiarazione. White Beauty \u00e8 un altro nome per questa pietra. Ice Green Marble \u00e8 un colore misto verde, bianco e nero <a href=\"https:\/\/www.quartzite-stone.com\/it\/prodotto-2\/spagna-marmo-marrone-armani\/\">marmo naturale cinese<\/a>. Questo marmo pu\u00f2 essere retroilluminato con LED sul retro, quindi \u00e8 ampiamente utilizzato per rivestimenti murali come pareti TV, pareti con caminetti, soffitti, ecc. Inoltre, pu\u00f2 essere combinato con mobili da cucina o porte d&#039;ingresso, rendendoli unici.<\/p>\n<p>&nbsp;<\/p>\n<h2><strong>Vantaggi e vantaggi del marmo verde ghiaccio cinese<\/strong><\/h2>\n<ol>\n<li>Bellissimo motivo: il marmo verde ghiaccio cinese ha una sorta di bellezza naturale, una consistenza liscia e delicata, ed \u00e8 liscio e luminoso, lussuoso e d&#039;atmosfera.<\/li>\n<li>Protezione ambientale verde: il marmo verde ghiaccio cinese naturale \u00e8 come piante e alberi nella vita naturale. Pu\u00f2 andare molto d&#039;accordo con gli esseri umani e non ci sono sostanze radioattive che influiscono sulla salute umana<\/li>\n<li>Classico e senza tempo: l&#039;eccellente marmo verde ghiaccio cinese ha caratteristiche e scarsit\u00e0 uniche.<\/li>\n<\/ol>\n<p>&nbsp;<\/p>\n<h2><strong>Informazioni aggiuntive<\/strong><\/h2>\n<table width=\"568\">\n<tbody>\n<tr>\n<td width=\"148\"><strong>MATERIALE<\/strong><\/td>\n<td width=\"420\">Marmo<\/td>\n<\/tr>\n<tr>\n<td width=\"148\"><strong>COLORE<\/strong><\/td>\n<td width=\"420\">Verde, bianco e nero<\/td>\n<\/tr>\n<tr>\n<td width=\"148\"><strong>PAESE DI ORIGINE<\/strong><\/td>\n<td width=\"420\">Cina<\/td>\n<\/tr>\n<tr>\n<td width=\"148\"><strong>FINITURA SUPERFICIALE<\/strong><\/td>\n<td width=\"420\">Lucido, levigato, rivestito in pelle<\/td>\n<\/tr>\n<tr>\n<td width=\"148\"><strong>UTILIZZO<\/strong><\/td>\n<td width=\"420\">Cucine, Bagni, Pavimenti, Rivestimenti, Camini, Piastrelle, Lastre<\/td>\n<\/tr>\n<tr>\n<td width=\"148\"><strong>DISPONIBILIT\u00c0<\/strong><\/td>\n<td width=\"420\">Verificare la disponibilit\u00e0 in magazzino con il team di vendita HRST stone.<\/p>\n<p>Anche i campioni di pietra non sono disponibili per ogni selezione di pietre, si prega di informarsi per la disponibilit\u00e0.<\/td>\n<\/tr>\n<\/tbody>\n<\/table>\n<p>&nbsp;<\/p>\n<p><img decoding=\"async\" class=\"aligncenter\" src=\"https:\/\/data.adwebcloud.com\/public\/material\/220426a7q47o\/product\/imageFile_1664271757338.jpg\" alt=\"\" \/><\/p>\n<p><img decoding=\"async\" class=\"aligncenter\" src=\"https:\/\/data.adwebcloud.com\/public\/material\/220426a7q47o\/product\/imageFile_1664271758229.jpg\" alt=\"\" \/><\/p>\n<p><img fetchpriority=\"high\" decoding=\"async\" class=\"aligncenter\" src=\"https:\/\/data.adwebcloud.com\/public\/material\/220426a7q47o\/product\/imageFile_1664271759203.jpg\" alt=\"\" width=\"750\" height=\"600\" \/><\/p>","protected":false},"excerpt":{"rendered":"<p>Negli ultimi due anni, ci sono molte variet\u00e0 di pietre popolari sul mercato, dal microcristallino, alle lastre di roccia, alle pietre di lusso, alla promessa del terrazzo, ecc., Il marmo verde ghiaccio cinese \u00e8 un prodotto nobile e misterioso pi\u00f9 venduto.<\/p>","protected":false},"featured_media":3644,"comment_status":"closed","ping_status":"closed","template":"","meta":[],"product_brand":[],"product_cat":[175],"product_tag":[373],"class_list":{"0":"post-2586","1":"product","2":"type-product","3":"status-publish","4":"has-post-thumbnail","6":"product_cat-marble","7":"product_tag-bathroomsfireplacefloorsgreenwhiteblackkitchensmarbleslabstileswalls","9":"first","10":"instock","11":"product-type-simple"},"_links":{"self":[{"href":"https:\/\/www.quartzite-stone.com\/it\/wp-json\/wp\/v2\/product\/2586","targetHints":{"allow":["GET"]}}],"collection":[{"href":"https:\/\/www.quartzite-stone.com\/it\/wp-json\/wp\/v2\/product"}],"about":[{"href":"https:\/\/www.quartzite-stone.com\/it\/wp-json\/wp\/v2\/types\/product"}],"replies":[{"embeddable":true,"href":"https:\/\/www.quartzite-stone.com\/it\/wp-json\/wp\/v2\/comments?post=2586"}],"wp:featuredmedia":[{"embeddable":true,"href":"https:\/\/www.quartzite-stone.com\/it\/wp-json\/wp\/v2\/media\/3644"}],"wp:attachment":[{"href":"https:\/\/www.quartzite-stone.com\/it\/wp-json\/wp\/v2\/media?parent=2586"}],"wp:term":[{"taxonomy":"product_brand","embeddable":true,"href":"https:\/\/www.quartzite-stone.com\/it\/wp-json\/wp\/v2\/product_brand?post=2586"},{"taxonomy":"product_cat","embeddable":true,"href":"https:\/\/www.quartzite-stone.com\/it\/wp-json\/wp\/v2\/product_cat?post=2586"},{"taxonomy":"product_tag","embeddable":true,"href":"https:\/\/www.quartzite-stone.com\/it\/wp-json\/wp\/v2\/product_tag?post=2586"}],"curies":[{"name":"wp","href":"https:\/\/api.w.org\/{rel}","templated":true}]}}