{"id":2552,"date":"2022-07-04T23:50:43","date_gmt":"2022-07-04T15:50:43","guid":{"rendered":"https:\/\/www.quartzite-stone.com\/product\/brazil-blue-lumen-marble\/"},"modified":"2022-10-23T01:01:50","modified_gmt":"2022-10-22T17:01:50","slug":"marmo-lume-blu-brasiliano","status":"publish","type":"product","link":"https:\/\/www.quartzite-stone.com\/it\/products\/brazil-blue-lumen-marble\/","title":{"rendered":"Marmo Lumen Blu Brasile"},"content":{"rendered":"<p>INFORMAZIONI AGGIUNTIVE<\/p>\n<table width=\"568\">\n<tbody>\n<tr>\n<td width=\"148\"><strong>MATERIALE<\/strong><\/td>\n<td width=\"420\">Marmo<\/td>\n<\/tr>\n<tr>\n<td width=\"148\"><strong>COLORE<\/strong><\/td>\n<td width=\"420\">Blu e Giallo<\/td>\n<\/tr>\n<tr>\n<td width=\"148\"><strong>PAESE DI ORIGINE<\/strong><\/td>\n<td width=\"420\">Brasile<\/td>\n<\/tr>\n<tr>\n<td width=\"148\"><strong>FINITURA SUPERFICIALE<\/strong><\/td>\n<td width=\"420\">Lucido, levigato, rivestito in pelle<\/td>\n<\/tr>\n<tr>\n<td width=\"148\"><strong>UTILIZZO<\/strong><\/td>\n<td width=\"420\">Cucine, Bagni, Pavimenti, Rivestimenti, Camini, Piastrelle, Lastre<\/td>\n<\/tr>\n<tr>\n<td width=\"148\"><strong>DISPONIBILIT\u00c0<\/strong><\/td>\n<td width=\"420\">Verificare la disponibilit\u00e0 in magazzino con il team di vendita HRST stone.<\/p>\n<p>Anche i campioni di pietra non sono disponibili per ogni selezione di pietre, si prega di informarsi per la disponibilit\u00e0.<\/p>\n<\/td>\n<\/tr>\n<\/tbody>\n<\/table>\n<p>&nbsp;<\/p>\n<p>Lumen Marble \u00e8 un marmo blu brasiliano estratto dal terreno. Questa pietra \u00e8 ideale per l&#039;uso come pietra decorativa, nonch\u00e9 per progetti di design di interni, esterni, pareti e pavimenti. Lumen Blue Marble \u00e8 un altro nome per questo.<\/p>\n<p>Lumen Marble \u00e8 un raro marmo azzurro pallido con venature bianche che attraversa la roccia metamorfica in vari gradi.<\/p>\n<p>Levigato, Invecchiato, Lucidato, Segato, Levigato, Smerigliato, Sabbiato, Bocciardato, Tumbled, Weatheredge sono tutte opzioni.<\/p>\n<p>Esterno - Sono prevalenti le applicazioni di pareti e pavimenti interni, controsoffitti, mosaici, fontane, rivestimenti per piscine e pareti, scale, davanzali e altri usi per Lumen Marble.<\/p>\n<p>Il marmo Blue Lumen \u00e8 originario della cava di pietra brasiliana, sembra un dipinto di cielo blu con alcune nuvole in movimento. Questo marmo \u00e8 pi\u00f9 disponibile in abbinamenti a libro e pu\u00f2 essere simile all&#039;onice retroilluminato. \u00c8 molto adatto per piani cucina e piani isola e sar\u00e0 di facile manutenzione. Inoltre, \u00e8 una buona scelta da applicare sui pannelli della mensola del camino.<\/p>\n<p>&nbsp;<\/p>\n<p>Trama | Delicato e realistico, il colore \u00e8 denso e trasparente:<br \/>La tacita combinazione di bellezza naturale e scienza moderna ha creato l&#039;effetto di pavimentazione naturale e atmosferica del marmo lumen blu brasiliano.<br \/>1. Ci sono migliaia di immagini e la trama \u00e8 piena di cambiamenti<br \/>Il realismo \u00e8 l&#039;anima del marmo lume blu brasiliano. La fedelt\u00e0 della trama non \u00e8 paragonabile al tradizionale smalto completamente lucidato. La trama del marmo lumen blu brasiliano, attraverso la tecnologia di rilevamento e scansione a infrarossi, rileva tutti i lati e i lati del corpo del mattone per creare l&#039;effetto di una pietra e molti lati. Questi effetti di aberrazione cromatica \u201cintenzionali\u201d rendono l&#039;effetto complessivo della pavimentazione del marmo brasil blue lumen naturale e liscio, la trama \u00e8 ricca di cambiamenti e cambiamenti agili, infrangendo il detto che &quot;il marmo \u00e8 vivo, mentre le piastrelle sono morte&quot;.<br \/>2. Il lato positivo o il lato morbido ha i suoi punti di forza<br \/>La tecnologia di lucidatura morbida rende il marmo lume blu brasiliano il miglior comfort visivo. La lucentezza pu\u00f2 raggiungere la lucentezza del marmo naturale dopo la ceratura e l&#039;effetto della pavimentazione \u00e8 magnifico. Il marmo soft light \u00e8 gentile ed elegante, non insegue superfici lucide e luminose e ha un buon comfort visivo.<br \/>Toccare | Pietra naturale reincisa, venature concave e convesse rare e uniche:<br \/>In passato, le piastrelle in finta pietra rimanevano solo allo stadio simile e l&#039;effetto della pavimentazione era freddo e opaco, ma il marmo brasile blu lumen ha superato questo limite e ha riprodotto le rare venature concave e convesse della pietra naturale, raggiungendo davvero sia la forma che lo spirito .<\/p>\n<p><img fetchpriority=\"high\" decoding=\"async\" class=\"aligncenter\" src=\"https:\/\/data.adwebcloud.com\/public\/material\/220426a7q47o\/product\/imageFile_1664271742323.jpg\" alt=\"\" width=\"750\" height=\"600\" \/><\/p>\n<p><img decoding=\"async\" class=\"aligncenter\" src=\"https:\/\/data.adwebcloud.com\/public\/material\/220426a7q47o\/product\/imageFile_1664271743433.jpg\" alt=\"\" \/><\/p>\n<p><img decoding=\"async\" class=\"aligncenter\" src=\"https:\/\/data.adwebcloud.com\/public\/material\/220426a7q47o\/product\/imageFile_1664271744835.jpg\" alt=\"\" \/><\/p>\n<p><img decoding=\"async\" class=\"aligncenter\" src=\"https:\/\/data.adwebcloud.com\/public\/material\/220426a7q47o\/product\/imageFile_1664271745668.jpg\" alt=\"\" \/><\/p>","protected":false},"excerpt":{"rendered":"<p>Lumen Marble \u00e8 un marmo blu brasiliano estratto dal terreno. Questa pietra \u00e8 ideale per l&#039;uso come pietra decorativa, nonch\u00e9 per progetti di design di interni, esterni, pareti e pavimenti. Lumen Blue Marble \u00e8 un altro nome per questo.<br \/>\nIl Marmo Lumen \u00e8 un raro marmo azzurro pallido con venature bianche che corrono \u2026<\/p>","protected":false},"featured_media":4483,"comment_status":"closed","ping_status":"closed","template":"","meta":[],"product_brand":[],"product_cat":[175],"product_tag":[369],"class_list":{"0":"post-2552","1":"product","2":"type-product","3":"status-publish","4":"has-post-thumbnail","6":"product_cat-marble","7":"product_tag-bathroomsblueyellowfireplacefloorskitchensmarbleslabstileswalls","9":"first","10":"instock","11":"product-type-simple"},"_links":{"self":[{"href":"https:\/\/www.quartzite-stone.com\/it\/wp-json\/wp\/v2\/product\/2552","targetHints":{"allow":["GET"]}}],"collection":[{"href":"https:\/\/www.quartzite-stone.com\/it\/wp-json\/wp\/v2\/product"}],"about":[{"href":"https:\/\/www.quartzite-stone.com\/it\/wp-json\/wp\/v2\/types\/product"}],"replies":[{"embeddable":true,"href":"https:\/\/www.quartzite-stone.com\/it\/wp-json\/wp\/v2\/comments?post=2552"}],"wp:featuredmedia":[{"embeddable":true,"href":"https:\/\/www.quartzite-stone.com\/it\/wp-json\/wp\/v2\/media\/4483"}],"wp:attachment":[{"href":"https:\/\/www.quartzite-stone.com\/it\/wp-json\/wp\/v2\/media?parent=2552"}],"wp:term":[{"taxonomy":"product_brand","embeddable":true,"href":"https:\/\/www.quartzite-stone.com\/it\/wp-json\/wp\/v2\/product_brand?post=2552"},{"taxonomy":"product_cat","embeddable":true,"href":"https:\/\/www.quartzite-stone.com\/it\/wp-json\/wp\/v2\/product_cat?post=2552"},{"taxonomy":"product_tag","embeddable":true,"href":"https:\/\/www.quartzite-stone.com\/it\/wp-json\/wp\/v2\/product_tag?post=2552"}],"curies":[{"name":"wp","href":"https:\/\/api.w.org\/{rel}","templated":true}]}}