{"id":2526,"date":"2022-07-04T23:50:43","date_gmt":"2022-07-04T15:50:43","guid":{"rendered":"https:\/\/www.quartzite-stone.com\/product\/petit-antique-marble\/"},"modified":"2025-08-27T11:56:25","modified_gmt":"2025-08-27T03:56:25","slug":"piccolo-marmo-antico","status":"publish","type":"product","link":"https:\/\/www.quartzite-stone.com\/it\/products\/petit-antique-marble\/","title":{"rendered":"Piccolo marmo antico"},"content":{"rendered":"<h3 style=\"font-size: 19px;\">Introduzione ai piani di lavoro in marmo petit antique<\/h3>\n<p>Il marmo antico \u00e8 una roccia naturale, nota anche come marmo, i cui componenti principali sono calcio e dolomite. Con la sua texture ricca, la sua consistenza calda e il suo stile lussuoso, \u00e8 diventato gradualmente un beniamino nel campo del miglioramento della casa, ed \u00e8 anche adatto per l'uso sui piani di lavoro della cucina.<\/p>\n<p>Il piano d'appoggio \u00e8 semplice e d'atmosfera e il piano d'appoggio in marmo antico \u00e8 semplice e bello. Ha un'atmosfera elegante, quindi \u00e8 pi\u00f9 adatto alle case in stile moderno con un'atmosfera semplice.<\/p>\n<h3 style=\"font-size: 19px;\">Vantaggi del marmo petit antique<\/h3>\n<ul>\n<li>Nessuna deformazione, il marmo petit antique ha un'elevata durezza, una forte resistenza all'usura, una struttura uniforme, un coefficiente di espansione lineare minimo, la completa scomparsa delle tensioni interne, nessuna deformazione.<\/li>\n<li>Lunga durata, i piani di lavoro in marmo antico non temono l'erosione dei liquidi acidi e alcalini, non arrugginiscono, non si attaccano facilmente alla polvere, non sono influenzati dall'umidit\u00e0 e la durata \u00e8 molto lunga.<\/li>\n<li>Fisicamente stabile, non si graffia, non \u00e8 bloccato da condizioni di temperatura costante e le propriet\u00e0 fisiche originali del marmo antico possono essere mantenute a temperatura ambiente.<\/li>\n<li>La texture \u00e8 naturale e il piano di lavoro in marmo antico ha un'atmosfera aggraziata, perfetta per una decorazione di alto livello.<\/li>\n<\/ul>\n<h3 style=\"font-size: 19px;\">Cura quotidiana del marmo antico Petit<\/h3>\n<ol>\n<li>\n<h3><span style=\"font-size: 16px;\">La protezione ha un periodo di tempo e deve essere spazzolata regolarmente.<\/span><\/h3>\n<\/li>\n<\/ol>\n<p>Anche se gli agenti protettivi non sono una panacea, i lavabi in marmo antico sono assolutamente impossibili senza spazzolare gli agenti protettivi. In genere, l'effetto della protezione del lavello pu\u00f2 durare circa 1 anno, mentre l'inquinamento e le lesioni di vario grado si manifestano in 2 anni. Pertanto, la protezione non \u00e8 una volta per tutte e deve essere rinnovata regolarmente.<\/p>\n<ol start=\"2\">\n<li>\n<h3><span style=\"font-size: 16px;\">Previene a lungo la ritenzione idrica<\/span><\/h3>\n<\/li>\n<\/ol>\n<p>Dopo l'uso, svuotare l'acqua nella bacinella e asciugarla sul piano di lavoro in marmo petit antique. Questa abitudine consente di mantenere pulita la superficie della pietra e di ridurre l'inquinamento.<\/p>\n<ol start=\"3\">\n<li>\n<h3><span style=\"font-size: 16px;\">Scegliere il detergente giusto<\/span><\/h3>\n<\/li>\n<\/ol>\n<p>Come \u00e8 noto, il marmo antico teme gli acidi e gli alcali forti e la pulizia della pietra non pu\u00f2 essere ignorata rapidamente dagli ingredienti dei detergenti. In genere, i detergenti contengono acidi e alcali. Se si utilizzano a lungo detergenti con ingredienti sconosciuti, la superficie della pietra perder\u00e0 la sua lucentezza e potr\u00e0 addirittura causare lesioni. Ad esempio, se il marmo \u00e8 alcalino, \u00e8 necessario utilizzare un detergente alcalino, mentre il granito \u00e8 acido, \u00e8 necessario utilizzare un detergente acido.<\/p>\n<ol start=\"4\">\n<li>\n<h3><span style=\"font-size: 16px;\">Prevenzione dei graffi<\/span><\/h3>\n<\/li>\n<\/ol>\n<p>Graffi di oggetti duri e abrasioni di palline di ferro riducono l'effetto protettivo del marmo petit antique e devono essere evitati il pi\u00f9 possibile.<\/p>\n<ol start=\"5\">\n<li>\n<h3><span style=\"font-size: 16px;\">Circostanze speciali<\/span><\/h3>\n<\/li>\n<\/ol>\n<p>Se il piano di lavoro in marmo antico petit presenta un inquinamento profondo, una grave perdita di luce, un invecchiamento superficiale, microfratture, rotture o danni, si prega di contattare un'azienda professionale per la cura della pietra.<\/p>\n<p>INFORMAZIONI AGGIUNTIVE<\/p>\n<table style=\"width: 53.0762%; height: 252px;\">\n<tbody>\n<tr style=\"height: 22px;\">\n<td style=\"width: 21.4533%; height: 22px;\" width=\"124\"><strong>MATERIALE<\/strong><\/td>\n<td style=\"width: 76.8166%; height: 22px;\" width=\"444\">Marmo<\/td>\n<\/tr>\n<tr style=\"height: 22px;\">\n<td style=\"width: 21.4533%; height: 22px;\" width=\"124\"><strong>COLORE<\/strong><\/td>\n<td style=\"width: 76.8166%; height: 22px;\" width=\"444\">Nero<\/td>\n<\/tr>\n<tr style=\"height: 44px;\">\n<td style=\"width: 21.4533%; height: 44px;\" width=\"124\"><strong>PAESE DI ORIGINE<\/strong><\/td>\n<td style=\"width: 76.8166%; height: 44px;\" width=\"444\">Francia<\/td>\n<\/tr>\n<tr style=\"height: 44px;\">\n<td style=\"width: 21.4533%; height: 44px;\" width=\"124\"><strong>FINITURA SUPERFICIALE<\/strong><\/td>\n<td style=\"width: 76.8166%; height: 44px;\" width=\"444\">Lucido, levigato, rivestito in pelle<\/td>\n<\/tr>\n<tr style=\"height: 22px;\">\n<td style=\"width: 21.4533%; height: 22px;\" width=\"124\"><strong>UTILIZZO<\/strong><\/td>\n<td style=\"width: 76.8166%; height: 22px;\" width=\"444\">Cucine, Bagni, Pavimenti, Rivestimenti, Piastrelle, Lastre<\/td>\n<\/tr>\n<tr style=\"height: 98px;\">\n<td style=\"width: 21.4533%; height: 98px;\" width=\"124\"><strong>DISPONIBILIT\u00c0<\/strong><\/td>\n<td style=\"width: 76.8166%; height: 98px;\" width=\"444\">Si prega di verificare la disponibilit\u00e0 di magazzino con HRST STONE per la visita.<\/p>\n<p>Anche i campioni di pietra non sono disponibili per ogni selezione di pietre, si prega di informarsi per la disponibilit\u00e0.<\/td>\n<\/tr>\n<\/tbody>\n<\/table>\n<p>&nbsp;<\/p>\n<p>Petit Antique marble is a kind of black breccia mined in France. Countertops, mosaics, external \u2013 interior wall and floor applications, fireplaces, fountains, pool and wall capping, stairs, window sills, and other design projects benefit greatly from this stone.petit antique marble, noir petit antique, petit antique bechantillon, and noir grand antique marble are some of the other names for it. Polished, sawn cut, sanded, rockfaced, sandblasted, tumbled, and more finishes are available for petit antique marble.<\/p>\n<p>Il marmo antico Petit \u00e8 un fondo nero freddo con venature bianche, armonioso e unitario.<a href=\"https:\/\/www.quartzite-stone.com\/it\/prodotti\/\"> toni naturali<\/a> creano un'atmosfera elegante e beata, mentre lo strato centrale \u00e8 liscio e ordinato e controlla l'ambiente tranquillo dello spazio.<\/p>\n<h3 style=\"font-size: 19px;\">Quali fattori contribuiscono al valore e al prezzo del marmo antico?<\/h3>\n<p>Diversi fattori contribuiscono al valore e al prezzo del marmo antico. Ecco alcuni fattori chiave:<\/p>\n<ol style=\"list-style-type: decimal;\">\n<li>Rarit\u00e0: La rarit\u00e0 del marmo petit antique gioca un ruolo importante nel determinare il suo valore. Se il marmo \u00e8 scarso e difficile da reperire, tende a essere pi\u00f9 prezioso.<\/li>\n<li>Qualit\u00e0: Anche la qualit\u00e0 del marmo antico influisce sul suo prezzo. Il marmo di alta qualit\u00e0 con imperfezioni minime, come colore e consistenza uniformi, \u00e8 generalmente pi\u00f9 prezioso.<\/li>\n<li>Colore e venature: Il colore e le venature del marmo antico possono influenzare notevolmente il suo valore. I colori pi\u00f9 desiderabili, come le tonalit\u00e0 calde o le venature pi\u00f9 ricche, hanno spesso prezzi pi\u00f9 elevati.<\/li>\n<li>Origine: L'origine specifica del marmo petit antique pu\u00f2 influire sul suo valore. Il marmo proveniente da determinate regioni o cave pu\u00f2 essere considerato pi\u00f9 prestigioso o di qualit\u00e0 superiore, con conseguenti prezzi pi\u00f9 elevati.<\/li>\n<li>Dimensioni e disponibilit\u00e0: Le dimensioni e la disponibilit\u00e0 di lastre o blocchi di marmo antico possono influire sul prezzo. Pezzi pi\u00f9 grandi e consistenti possono richiedere prezzi pi\u00f9 alti, mentre la disponibilit\u00e0 limitata pu\u00f2 far aumentare il valore.<\/li>\n<li>Significato storico e architettonico: Se il marmo antico \u00e8 associato a punti di riferimento storici o a progetti architettonici rinomati, il suo valore pu\u00f2 aumentare grazie al suo significato culturale e storico.<\/li>\n<li>Domanda di mercato: Anche la domanda e le tendenze del mercato possono influenzare il prezzo del marmo antico. Se c'\u00e8 un'elevata richiesta da parte di designer, architetti o collezionisti, i prezzi possono aumentare di conseguenza.<\/li>\n<li>Condizione e rarit\u00e0 dei pezzi antichi: Nel caso di pezzi di marmo antichi petit antique, le condizioni e la rarit\u00e0 giocano un ruolo significativo. Un marmo antico ben conservato, con caratteristiche uniche o di rilevanza storica, pu\u00f2 avere un valore elevato.<\/li>\n<li>Costi di estrazione e produzione: I costi associati all'estrazione, alla lavorazione e al trasporto del marmo petit antique possono influire sul prezzo. Se il processo di estrazione \u00e8 complesso o i costi di trasporto sono elevati, ci\u00f2 pu\u00f2 riflettersi sul prezzo finale.<\/li>\n<\/ol>\n<p>Vale la pena notare che il valore e il prezzo del marmo antico pu\u00f2 variare in base alle condizioni di mercato, alle preferenze culturali e alle considerazioni del singolo venditore.<\/p>\n<h3 style=\"font-size: 19px;\">Esistono requisiti specifici per la cura e la manutenzione del marmo petit antique?<\/h3>\n<p>S\u00ec, esistono requisiti specifici per la cura e la manutenzione del marmo antico per garantirne la longevit\u00e0 e preservarne la bellezza naturale. Ecco alcune linee guida essenziali:<\/p>\n<ol style=\"list-style-type: decimal;\">\n<li>Pulizia regolare: Pulire regolarmente le superfici in marmo antico utilizzando un detergente delicato a pH neutro e un panno o una spugna morbida. Evitare detergenti abrasivi o spazzole che possono graffiare la superficie.<\/li>\n<li>Pulire immediatamente le fuoriuscite: Pulire tempestivamente eventuali fuoriuscite sul marmo petit antique per evitare che si macchino. Sostanze acide come succhi di agrumi, vino e aceto possono incidere e scolorire la superficie se lasciate incustodite.<\/li>\n<li>Evitare prodotti chimici aggressivi: Evitare l'uso di prodotti chimici aggressivi, candeggina, ammoniaca o detergenti acidi sul marmo antico, perch\u00e9 possono danneggiare la superficie. Limitarsi a prodotti per la pulizia delicati e sicuri per il marmo.<\/li>\n<li>Utilizzare sottobicchieri e tappetini: Posizionare dei sottobicchieri sotto bicchieri, tazze e altre bevande per proteggere il marmo da potenziali macchie di anelli. Posizionare tappetini o sottopentole sotto gli oggetti caldi per evitare shock termici.<\/li>\n<li>Evitare materiali abrasivi: Evitare l'uso di materiali abrasivi come lana d'acciaio o spugne ruvide sulle superfici in marmo petit antique, perch\u00e9 possono graffiare e opacizzare la finitura. Scegliere panni morbidi o strumenti di pulizia non abrasivi.<\/li>\n<li>Sigillatura e lucidatura: a seconda del tipo specifico di marmo petit antique, pu\u00f2 essere utile una sigillatura periodica per proteggerlo dalle macchie. Consultare un professionista della pietra per determinare il sigillante appropriato e la frequenza di applicazione. Anche la lucidatura pu\u00f2 migliorare la brillantezza e la lucentezza del marmo.<\/li>\n<li>Evitare gli impatti pesanti: Evitare impatti violenti o la caduta di oggetti pesanti sulle superfici in marmo petit antique, in quanto possono causare crepe o scheggiature. Maneggiare gli oggetti con cura e utilizzare imbottiture o tappetini protettivi quando si spostano i mobili.<\/li>\n<li>Ispezioni periodiche di manutenzione: Ispezionare periodicamente il marmo petit antique per individuare eventuali segni di danni, crepe o scheggiature. Affrontare tempestivamente qualsiasi problema per prevenire ulteriori danni e mantenere l'integrit\u00e0 del marmo.<\/li>\n<li>Restauro professionale: Se le superfici in marmo antico si usurano, si graffiano o si danneggiano in modo significativo con il passare del tempo, si consiglia di rivolgersi a un professionista del restauro della pietra per ripristinare e riparare il marmo nelle sue condizioni originali.<\/li>\n<\/ol>\n<p>Ricordate che \u00e8 sempre meglio consultare un professionista della cura della pietra o fare riferimento alle linee guida del produttore per le istruzioni specifiche di cura in base al tipo di marmo petit antique che avete.<\/p>","protected":false},"excerpt":{"rendered":"<p>Il marmo Petit Antique \u00e8 un tipo di breccia nera estratta in Francia. Piani d'appoggio, mosaici, rivestimenti e pavimenti esterni e interni, caminetti, fontane, rivestimenti di piscine e pareti, scale, davanzali e altri progetti di design traggono grande beneficio da questa pietra. Marbre Petit Antique, Petit ...<\/p>","protected":false},"featured_media":7775,"comment_status":"closed","ping_status":"closed","template":"","meta":[],"product_brand":[],"product_cat":[175],"product_tag":[1270,1268,1263,1264,2141,935,1265,1269,1267,1266],"class_list":{"0":"post-2526","1":"product","2":"type-product","3":"status-publish","4":"has-post-thumbnail","6":"product_cat-marble","7":"product_tag-china-petit-antique-marble","8":"product_tag-custom-petit-antique-marble","9":"product_tag-high-quality-petit-antique-marble","10":"product_tag-hot-sale-petit-antique-marble","11":"product_tag-marble-wall-covering","12":"product_tag-petit-antique-marble","13":"product_tag-petit-antique-marble-made-in-china","14":"product_tag-petit-antique-marble-manufacturer","15":"product_tag-petit-antique-marble-supplier","16":"product_tag-wholesale-petit-antique-marble","18":"first","19":"instock","20":"product-type-simple"},"_links":{"self":[{"href":"https:\/\/www.quartzite-stone.com\/it\/wp-json\/wp\/v2\/product\/2526","targetHints":{"allow":["GET"]}}],"collection":[{"href":"https:\/\/www.quartzite-stone.com\/it\/wp-json\/wp\/v2\/product"}],"about":[{"href":"https:\/\/www.quartzite-stone.com\/it\/wp-json\/wp\/v2\/types\/product"}],"replies":[{"embeddable":true,"href":"https:\/\/www.quartzite-stone.com\/it\/wp-json\/wp\/v2\/comments?post=2526"}],"wp:featuredmedia":[{"embeddable":true,"href":"https:\/\/www.quartzite-stone.com\/it\/wp-json\/wp\/v2\/media\/7775"}],"wp:attachment":[{"href":"https:\/\/www.quartzite-stone.com\/it\/wp-json\/wp\/v2\/media?parent=2526"}],"wp:term":[{"taxonomy":"product_brand","embeddable":true,"href":"https:\/\/www.quartzite-stone.com\/it\/wp-json\/wp\/v2\/product_brand?post=2526"},{"taxonomy":"product_cat","embeddable":true,"href":"https:\/\/www.quartzite-stone.com\/it\/wp-json\/wp\/v2\/product_cat?post=2526"},{"taxonomy":"product_tag","embeddable":true,"href":"https:\/\/www.quartzite-stone.com\/it\/wp-json\/wp\/v2\/product_tag?post=2526"}],"curies":[{"name":"wp","href":"https:\/\/api.w.org\/{rel}","templated":true}]}}