{"id":2517,"date":"2022-07-04T23:50:43","date_gmt":"2022-07-04T15:50:43","guid":{"rendered":"https:\/\/www.quartzite-stone.com\/product\/bianco-statuario-white-marble\/"},"modified":"2025-08-27T11:59:00","modified_gmt":"2025-08-27T03:59:00","slug":"bianco-statuario-marmo-bianco","status":"publish","type":"product","link":"https:\/\/www.quartzite-stone.com\/it\/products\/bianco-statuario-white-marble\/","title":{"rendered":"Bianco Statuario Marmo Bianco"},"content":{"rendered":"<h2>Bianco statuario colore e caratteristiche del marmo bianco<\/h2>\n<p>Bianco marmo bianco statuario proveniente da una cava italiana, a fondo bianco, striato grigio chiaro con fini venature ambra e oro. \u00c8 disponibile in una variet\u00e0 di superfici finite, tra cui levigatura, lucidatura, ecc., e pu\u00f2 essere utilizzato anche per pareti e piastrelle per pavimenti. Il marmo bianco Bianco statuario \u00e8 il materiale pi\u00f9 richiesto per residenze di lusso e progetti alberghieri.<\/p>\n<p>Il marmo bianco statuario bianco \u00e8 un materiale e un motivo molto popolare, che apporta un tocco retr\u00f2 al design moderno. Il marmo bianco fashion bianco statuario \u00e8 molto dinamico e vibrante ed \u00e8 perfetto per abbinarsi a tutti i colori neri. La struttura della superficie ST75 pietra morbida naturale fatta a mano conferisce al motivo un tocco vellutato e apporta anche un effetto irregolare visivamente naturale. Direzionale l&#039;abito fashion bianco statuario in marmo bianco.<\/p>\n<p>&nbsp;<\/p>\n<h2>Un&#039;introduzione di base al marmo bianco bianco statuario<\/h2>\n<ul>\n<li>Colore bianco<\/li>\n<li>Paese di origine: Italia<\/li>\n<li>Propriet\u00e0 fisiche: tasso di assorbimento dell&#039;acqua 0,11%<\/li>\n<li>Caratteristiche della scheda: sfondo bianco, seta grigio chiaro, punto, grana fine, seta grigio chiaro, buona resistenza agli acidi e agli alcali<\/li>\n<li>Ambito di applicazione: il marmo bianco statuario Bianco \u00e8 una specie di marmo bianco amato da designer e proprietari. \u00c8 ampiamente utilizzato in hotel di fascia alta, ville di fascia alta, luoghi di svago di fascia alta, pavimenti, pareti, intagli, controsoffitti, caminetti, artigianato, mosaici, colonne, tavoli, pareti di fondo, ecc., per materiali di decorazione e decorazione .<\/li>\n<\/ul>\n<p>&nbsp;<\/p>\n<h2>Metodi di manutenzione e protezione<\/h2>\n<ol>\n<li>Usa una ceratrice per applicare la cera, oppure usa una piattaforma lenta o una piattaforma ad alta velocit\u00e0 per spruzzare il marmo bianco moda bianco statuario.<\/li>\n<li>Utilizzare un agente di trattamento della superficie del cristallo acido per pulire il marmo bianco moda bianco statuario.<\/li>\n<li>Polvere abrasiva e lucidante.<\/li>\n<li>Polpa abrasiva Jingliang, posizionare una piccola quantit\u00e0 di pasta lucidante sulla superficie della pietra, utilizzare una macchina per pavimenti a 175 velocit\u00e0 con un tampone in fibra bianca per lucidare o con filo di acciaio per lucidare su marmo bianco statuario.<\/li>\n<\/ol>\n<p>&nbsp;<\/p>\n<h2><strong><b>Informazioni aggiuntive<\/b><\/strong><\/h2>\n<table>\n<tbody>\n<tr>\n<td width=\"124\"><strong>MATERIALE<\/strong><\/td>\n<td width=\"444\">Marmo<\/td>\n<\/tr>\n<tr>\n<td width=\"124\"><strong>COLORE<\/strong><\/td>\n<td width=\"444\">Bianco<\/td>\n<\/tr>\n<tr>\n<td width=\"124\"><strong>PAESE DI ORIGINE<\/strong><\/td>\n<td width=\"444\">Italia<\/td>\n<\/tr>\n<tr>\n<td width=\"124\"><strong>FINITURA SUPERFICIALE<\/strong><\/td>\n<td width=\"444\">Lucido, levigato, rivestito in pelle<\/td>\n<\/tr>\n<tr>\n<td width=\"124\"><strong>UTILIZZO<\/strong><\/td>\n<td width=\"444\">Cucine, Bagni, Pavimenti, Rivestimenti, Piastrelle, Lastre<\/td>\n<\/tr>\n<tr>\n<td width=\"124\"><strong>DISPONIBILIT\u00c0<\/strong><\/td>\n<td width=\"444\">Si prega di verificare la disponibilit\u00e0 di magazzino con HRST STONE per la visita.<\/p>\n<p>Anche i campioni di pietra non sono disponibili per ogni selezione di pietre, si prega di informarsi per la disponibilit\u00e0.<\/td>\n<\/tr>\n<\/tbody>\n<\/table>\n<p>HRST Stone \u00e8 stato un produttore ed esportatore leader di naturale <a href=\"https:\/\/www.quartzite-stone.com\/it\/prodotto-2\/marmo-bianco-calacatta\/\">marmo bianco calacatta<\/a> ,bianco statuario marmo bianco, petit marmo antico oltre 20 anni, ed \u00e8 riconosciuto per i suoi prodotti di alta qualit\u00e0 e un servizio clienti eccellente. Abbiamo il nostro team di produzione e controllo qualit\u00e0 che ispeziona e certifica ogni prodotto.<\/p>\n<p>Una morbida filigrana di linee grigie si fonde in un delicato sfondo bianco per elevare questo materiale con la sua sottigliezza. Le sue delicate linee grigie si incrociano e si fondono con un bianco morbido e delicato fino a diventare sfumate. Questa sottigliezza lo rende un materiale altamente distinto. Su un fondale bianco un groviglio di linee in diverse tonalit\u00e0 di grigio attraversa in maniera uniforme il marmo Statuarietto. Questa sensazione di linee che ricordano i neuroni in un costante stato di sinapsi \u00e8 ci\u00f2 che fa risplendere questo materiale dalle innumerevoli possibilit\u00e0 decorative. Non sorprende che il suo utilizzo sia cos\u00ec diffuso da essere una scommessa sicura sia per interni che per esterni e nella maggior parte degli stili. Questa versatilit\u00e0 \u00e8 ci\u00f2 che lo definisce e gli conferisce una personalit\u00e0 molto speciale. Da solo o abbinato ad altri marmi e materiali, il risultato finale sar\u00e0 insuperabile.<\/p>\n<p>Sfondo bianco con sottilissime striature grigie chiare e piccole venature ambrate e dorate in lastra di marmo Bianco Statuario proveniente dalla cava italiana. \u00c8 disponibile in una gamma di finiture, tra cui levigato, lucidato e lucidato, oltre che in piastrelle per pareti e pavimenti. Per gli sviluppi residenziali e alberghieri di alto livello, questo \u00e8 il materiale preferito.<\/p>\n<p><img decoding=\"async\" class=\"aligncenter\" src=\"https:\/\/data.adwebcloud.com\/public\/material\/220426a7q47o\/product\/imageFile_1664271733125.jpg\" alt=\"\" \/><\/p>\n<p><img decoding=\"async\" class=\"aligncenter\" src=\"https:\/\/data.adwebcloud.com\/public\/material\/220426a7q47o\/product\/imageFile_1664271734104.jpg\" alt=\"\" \/><\/p>\n<p><img decoding=\"async\" class=\"aligncenter\" src=\"https:\/\/data.adwebcloud.com\/public\/material\/220426a7q47o\/product\/imageFile_1664271734864.jpg\" alt=\"\" \/><\/p>\n<p><img decoding=\"async\" class=\"aligncenter\" src=\"https:\/\/data.adwebcloud.com\/public\/material\/220426a7q47o\/product\/imageFile_1664271735643.jpg\" alt=\"\" \/><\/p>","protected":false},"excerpt":{"rendered":"<p>HRST Stone \u00e8 uno dei principali produttori ed esportatori di pietre naturali da oltre 20 anni ed \u00e8 riconosciuto per i suoi prodotti di alta qualit\u00e0 e l&#039;eccellente servizio clienti. Abbiamo il nostro team di produzione e controllo qualit\u00e0 che ispeziona e certifica il marmo bianco moda bianco statuario.<\/p>","protected":false},"featured_media":3797,"comment_status":"closed","ping_status":"closed","template":"","meta":[],"product_brand":[],"product_cat":[175],"product_tag":[176,177,178,179,2141,180,181,182,183],"class_list":{"0":"post-2517","1":"product","2":"type-product","3":"status-publish","4":"has-post-thumbnail","6":"product_cat-marble","7":"product_tag-bathrooms","8":"product_tag-floors","9":"product_tag-kitchens","10":"product_tag-marble","11":"product_tag-marble-wall-covering","12":"product_tag-slabs","13":"product_tag-tiles","14":"product_tag-walls","15":"product_tag-white","17":"first","18":"instock","19":"product-type-simple"},"_links":{"self":[{"href":"https:\/\/www.quartzite-stone.com\/it\/wp-json\/wp\/v2\/product\/2517","targetHints":{"allow":["GET"]}}],"collection":[{"href":"https:\/\/www.quartzite-stone.com\/it\/wp-json\/wp\/v2\/product"}],"about":[{"href":"https:\/\/www.quartzite-stone.com\/it\/wp-json\/wp\/v2\/types\/product"}],"replies":[{"embeddable":true,"href":"https:\/\/www.quartzite-stone.com\/it\/wp-json\/wp\/v2\/comments?post=2517"}],"wp:featuredmedia":[{"embeddable":true,"href":"https:\/\/www.quartzite-stone.com\/it\/wp-json\/wp\/v2\/media\/3797"}],"wp:attachment":[{"href":"https:\/\/www.quartzite-stone.com\/it\/wp-json\/wp\/v2\/media?parent=2517"}],"wp:term":[{"taxonomy":"product_brand","embeddable":true,"href":"https:\/\/www.quartzite-stone.com\/it\/wp-json\/wp\/v2\/product_brand?post=2517"},{"taxonomy":"product_cat","embeddable":true,"href":"https:\/\/www.quartzite-stone.com\/it\/wp-json\/wp\/v2\/product_cat?post=2517"},{"taxonomy":"product_tag","embeddable":true,"href":"https:\/\/www.quartzite-stone.com\/it\/wp-json\/wp\/v2\/product_tag?post=2517"}],"curies":[{"name":"wp","href":"https:\/\/api.w.org\/{rel}","templated":true}]}}