{"id":8894,"date":"2023-12-22T16:55:44","date_gmt":"2023-12-22T08:55:44","guid":{"rendered":"https:\/\/www.quartzite-stone.com\/product\/ariston-white-marble\/"},"modified":"2023-12-22T17:15:35","modified_gmt":"2023-12-22T09:15:35","slug":"marbre-blanc-ariston","status":"publish","type":"product","link":"https:\/\/www.quartzite-stone.com\/fr\/products\/ariston-white-marble\/","title":{"rendered":"Ariston Marbre blanc"},"content":{"rendered":"<p>Le marbre blanc Ariston est aussi blanc que le jade, ses particules sont fines, d'un blanc tr\u00e8s pur, incrust\u00e9es de gris tr\u00e8s pur, avec peu de lignes et une texture naturelle. Il est si charmant que vous ne pouvez pas l'imaginer.<\/p>\n<p>Tout comme les nuages blancs flottant dans le ciel clair, les gens ne peuvent pas r\u00e9sister \u00e0 la tentation. Belle et \u00e9l\u00e9gante, mais de texture douce, c'est une pierre d\u00e9licate. Car le marbre blanc Ariston de haute qualit\u00e9 est la plus blanche de toutes les pierres.<\/p>\n<p><img fetchpriority=\"high\" decoding=\"async\" src=\"https:\/\/data.adwebcloud.com\/public\/material\/220426a7q47o\/product\/e49b2596450e675a16e52920864e_1703235166945.jpg\" width=\"800\" height=\"534\" alt=\"Dalle de marbre blanc Ariston\" \/><\/p>\n<p><strong>Caract\u00e9ristiques:<\/strong> Originaire de Gr\u00e8ce, avec des fleurs en serg\u00e9 et en pointill\u00e9.<br \/><strong>Propri\u00e9t\u00e9s physiques : <\/strong>Densit\u00e9 volumique : 2,63g\/cm3<br \/><strong>R\u00e9sistance \u00e0 la pression :<\/strong> 130Mpa<br \/><strong>R\u00e9sistance \u00e0 la flexion :<\/strong> 11.12Mpa<br \/><strong>Absorption d'eau :<\/strong> 0.18%<\/p>\n<p><strong>Classification par niveau :<\/strong><\/p>\n<p>Ariston White Marble Premium : Fond blanc avec de fines lignes uniform\u00e9ment r\u00e9parties et sans d\u00e9fauts.<br \/>Marbre blanc Ariston Niveau 1 : Les lignes fines sont r\u00e9parties uniform\u00e9ment sur un fond blanc pr\u00e9sentant peu de d\u00e9fauts.<br \/>Qualit\u00e9 standard du marbre blanc Ariston : pas d'exigences en mati\u00e8re de couleur de fond, nombreux d\u00e9fauts.<\/p>\n<p>Le marbre blanc d'Ariston n'est exploit\u00e9 qu'en Gr\u00e8ce, et comme le volume d'extraction est limit\u00e9, le prix de ce type de pierre est g\u00e9n\u00e9ralement relativement \u00e9lev\u00e9. Les h\u00f4tels haut de gamme, les villas et autres d\u00e9corations utilisent le marbre blanc d'Ariston pour la d\u00e9coration, qui peut mieux refl\u00e9ter la noblesse et l'\u00e9l\u00e9gance.<\/p>\n<p><img decoding=\"async\" src=\"https:\/\/data.adwebcloud.com\/public\/material\/220426a7q47o\/product\/AristonWhiteMarble2_1703235187117.jpg\" width=\"750\" height=\"750\" alt=\"Salle de bains en marbre blanc Ariston\" \/><\/p>\n<p>Le march\u00e9 chinois vend g\u00e9n\u00e9ralement de grandes planches d'environ 1,8 cm, d'une hauteur moyenne de 1,6 \u00e0 1,8 m\u00e8tre et d'une longueur d'environ 2,8 m\u00e8tres. Par cons\u00e9quent, les concepteurs doivent concevoir des tailles raisonnables dans la s\u00e9lection des mat\u00e9riaux et la conception, sinon cela entra\u00eenera non seulement un gaspillage important de ressources, mais aussi une augmentation consid\u00e9rable du co\u00fbt de la transformation.<\/p>\n<p>Lors du traitement, elle ne peut pas \u00eatre taill\u00e9e avec d'autres pierres qui se d\u00e9colorent facilement, ni stock\u00e9e avec d'autres pierres d\u00e9color\u00e9es, sous peine de pollution ;<\/p>\n<p>Apr\u00e8s avoir \u00e9t\u00e9 taill\u00e9e \u00e0 la taille pr\u00e9vue, la pierre doit \u00eatre s\u00e9ch\u00e9e \u00e0 temps, puis un traitement protecteur \u00e0 six faces doit \u00eatre appliqu\u00e9 \u00e0 l'aide d'un agent protecteur sp\u00e9cifique \u00e0 la pierre. L'agent protecteur doit \u00eatre appliqu\u00e9 uniform\u00e9ment, de sorte qu'apr\u00e8s l'application et le s\u00e9chage de la protection, les \u00e9claboussures d'eau sur la pierre ne p\u00e9n\u00e8trent pas \u00e0 l'int\u00e9rieur.<\/p>\n<p>La texture du marbre blanc Ariston est relativement douce. S'il n'est pas correctement emball\u00e9, il s'ab\u00eeme facilement pendant le transport. C'est pourquoi la bo\u00eete de transport longue distance doit \u00eatre remplie d'une certaine \u00e9paisseur de mousse. En g\u00e9n\u00e9ral, un centim\u00e8tre de mousse suffit. Apr\u00e8s l'emballage, la pierre \u00e0 l'int\u00e9rieur ne doit subir aucune secousse.<\/p>\n<p><img decoding=\"async\" src=\"https:\/\/data.adwebcloud.com\/public\/material\/220426a7q47o\/product\/AristonWhiteMarble8_1703235206301.jpg\" width=\"800\" height=\"800\" alt=\"Escalier en marbre blanc Ariston\" \/><\/p>\n<p><strong>Application spatiale du marbre blanc Ariston :<\/strong><br \/>En termes d'application spatiale, gr\u00e2ce \u00e0 sa texture dure et d\u00e9licate, Yashibai convient aux styles modernes. Gr\u00e2ce \u00e0 son style de d\u00e9coration calme, \u00e9l\u00e9gant, doux et simple, il est tr\u00e8s appr\u00e9ci\u00e9 par les jeunes gens d'aujourd'hui. Le style moderne et simple r\u00e9v\u00e8le une beaut\u00e9 luxueuse discr\u00e8te.<\/p>\n<p><img loading=\"lazy\" decoding=\"async\" src=\"https:\/\/data.adwebcloud.com\/public\/material\/220426a7q47o\/product\/AristonWhiteMarble1_1703235223654.jpg\" width=\"800\" height=\"800\" alt=\"Carreaux de sol et de mur en marbre blanc Ariston\" \/><\/p>\n<p>Le marbre blanc Ariston, originaire de Gr\u00e8ce, est un marbre haut de gamme parmi les mat\u00e9riaux de construction blancs. Sa couleur immacul\u00e9e, ses fines particules et son aspect blanc pur, incrust\u00e9 d'un gris subtil, cr\u00e9ent une pierre captivante et charmante qui \u00e9voque des images de nuages blancs dans un ciel clair.<\/p>\n<p><strong>L'\u00e9l\u00e9gance \u00e0 l'origine :<\/strong><br \/>Le marbre Ariston, provenant de la r\u00e9gion de Drama en Gr\u00e8ce, est r\u00e9put\u00e9 pour son \u00e9l\u00e9gance, sa puret\u00e9 et sa beaut\u00e9 intemporelle. La couleur de base, un blanc brillant et cr\u00e9meux, exsude la sophistication, tandis que les veines grises complexes ajoutent de la profondeur et de l'int\u00e9r\u00eat visuel. Les veines d\u00e9licates mais pro\u00e9minentes du marbre varient en intensit\u00e9 et en \u00e9paisseur, contribuant \u00e0 un aspect unique.<\/p>\n<p><strong>Offre limit\u00e9e, qualit\u00e9 sup\u00e9rieure :<\/strong><br \/>Le marbre blanc Ariston est exclusif \u00e0 la Gr\u00e8ce, et son volume d'extraction limit\u00e9 augmente sa valeur. Par cons\u00e9quent, il est souvent choisi pour des projets haut de gamme, tels que la d\u00e9coration d'h\u00f4tels et de villas de luxe, refl\u00e9tant un sentiment de noblesse et d'\u00e9l\u00e9gance.<\/p>\n<p><strong>Consid\u00e9rations relatives \u00e0 la conception :<\/strong><br \/>Sur le march\u00e9 chinois, le marbre blanc Ariston est g\u00e9n\u00e9ralement vendu en grandes planches, ce qui souligne l'importance d'une conception qui tienne compte de l'efficacit\u00e9 des ressources. Il est conseill\u00e9 aux concepteurs de choisir des tailles appropri\u00e9es pour minimiser les d\u00e9chets et les co\u00fbts de traitement.<\/p>\n<p><strong>Traitement et maintenance :<\/strong><br \/>Pendant la transformation, il faut veiller \u00e0 ne pas couper le marbre blanc Ariston avec des pierres sujettes \u00e0 la d\u00e9coloration et \u00e0 ne pas l'entreposer avec des pierres d\u00e9color\u00e9es, car cela pourrait entra\u00eener une pollution. Apr\u00e8s la taille, le marbre doit \u00eatre s\u00e9ch\u00e9 en temps voulu et soumis \u00e0 un traitement protecteur complet sur six faces, \u00e0 l'aide d'un agent sp\u00e9cifique \u00e0 la pierre, afin d'emp\u00eacher la p\u00e9n\u00e9tration de l'eau.<\/p>\n<p><strong>Manipulation et transport :<\/strong><br \/>Compte tenu de sa texture relativement molle, il est essentiel de l'emballer correctement pour \u00e9viter qu'elle ne soit endommag\u00e9e pendant le transport. Les caisses de transport \u00e0 longue distance doivent \u00eatre remplies d'une \u00e9paisseur de mousse suffisante pour assurer la stabilit\u00e9 de la pierre et \u00e9viter les secousses qui pourraient l'endommager.<\/p>\n<p><strong>Application de l'espace :<\/strong><br \/>Le marbre blanc Ariston trouve sa place id\u00e9ale dans les styles modernes, gr\u00e2ce \u00e0 sa texture \u00e0 la fois dure et d\u00e9licate. Son esth\u00e9tique calme, \u00e9l\u00e9gante et douce s'harmonise parfaitement avec les styles de d\u00e9coration modernes et simples, ce qui en fait le choix pr\u00e9f\u00e9r\u00e9 des personnes contemporaines \u00e0 la recherche d'une beaut\u00e9 luxueuse et discr\u00e8te.<\/p>\n<p>En conclusion, le marbre blanc Ariston n'est pas seulement une pierre naturelle visuellement \u00e9blouissante, mais aussi un t\u00e9moignage de l'art et du savoir-faire qui l'accompagnent. Sa raret\u00e9, combin\u00e9e \u00e0 son attrait visuel unique, en fait un mat\u00e9riau recherch\u00e9 par ceux qui souhaitent insuffler sophistication et \u00e9l\u00e9gance \u00e0 leurs espaces.<\/p>\n<\/p>\n<p><strong>FAQ :<\/strong><\/p>\n<p><strong>Quel pays produit le plus grand marbre blanc ?<\/strong><\/p>\n<p>Le meilleur pays pour la qualit\u00e9 du marbre blanc ne peut \u00eatre d\u00e9termin\u00e9 avec certitude car diff\u00e9rents \u00e9l\u00e9ments tels que les processus de traitement, les conditions g\u00e9ologiques et les pratiques mini\u00e8res peuvent affecter la qualit\u00e9 du marbre. N\u00e9anmoins, plusieurs pays sont tr\u00e8s r\u00e9put\u00e9s pour leur marbre blanc de qualit\u00e9 sup\u00e9rieure. L'Italie produit depuis longtemps du marbre d'excellente qualit\u00e9, dont l'un des types les plus connus est le marbre de Carrare. La Gr\u00e8ce a acquis une renomm\u00e9e internationale pour son marbre blanc, en particulier le c\u00e9l\u00e8bre marbre de Thassos. L'Espagne, l'Inde et la Turquie sont r\u00e9put\u00e9es pour leur production de marbre blanc de qualit\u00e9 sup\u00e9rieure. Le choix du meilleur marbre blanc d\u00e9pend en fin de compte des go\u00fbts personnels et des besoins particuliers.<\/p>\n<\/p>\n<p><strong>Quelle finition convient le mieux au marbre blanc Ariston ?<\/strong><\/p>\n<p>Le choix du traitement des rev\u00eatements muraux et des dalles de sol en marbre Ariston d\u00e9pend de l'aspect recherch\u00e9 et des pr\u00e9f\u00e9rences personnelles. 1. Polissage : Cette option est tr\u00e8s appr\u00e9ci\u00e9e car elle conf\u00e8re au marbre une surface brillante et lisse qui met en valeur sa beaut\u00e9 inh\u00e9rente et ses veines. La lumi\u00e8re est r\u00e9fl\u00e9chie par la finition polie, ce qui donne \u00e0 la pi\u00e8ce un aspect opulent et raffin\u00e9. 2. Poli : Cette finition donne un aspect satin\u00e9 ou mat sur une surface plane. Contrairement \u00e0 la finition brillante, elle pr\u00e9sente la beaut\u00e9 inh\u00e9rente du marbre d'une mani\u00e8re plus discr\u00e8te. En outre, les rev\u00eatements polis sont plus r\u00e9sistants aux taches et aux rayures. 3. Cuir : Cette finition consiste \u00e0 traiter le marbre pour cr\u00e9er une surface l\u00e9g\u00e8rement textur\u00e9e avec un lustre doux. La finition cuir\u00e9e ajoute de la profondeur et du caract\u00e8re au marbre, ce qui en fait un bon choix pour ceux qui recherchent un aspect unique et rustique. 4. Bross\u00e9 : Il s'agit de brosser la surface du marbre pour cr\u00e9er un aspect textur\u00e9 et l\u00e9g\u00e8rement us\u00e9 par les intemp\u00e9ries. La finition bross\u00e9e donne au marbre un aspect plus naturel et antique, qui rappelle souvent les surfaces en pierre plus anciennes. En fin de compte, la meilleure finition pour les appuis de fen\u00eatre en marbre Ariston d\u00e9pend des pr\u00e9f\u00e9rences personnelles et du style g\u00e9n\u00e9ral et de la conception de l'espace o\u00f9 ils seront install\u00e9s. Il est recommand\u00e9 de consulter un professionnel ou de visiter une salle d'exposition pour voir les diff\u00e9rentes finitions en personne et prendre une d\u00e9cision \u00e9clair\u00e9e.<\/p>","protected":false},"excerpt":{"rendered":"<p>Le marbre blanc Ariston, originaire de Gr\u00e8ce, est un mat\u00e9riau de construction blanc haut de gamme \u00e0 la texture naturelle et aux particules fines.<\/p>","protected":false},"featured_media":8899,"comment_status":"open","ping_status":"closed","template":"","meta":[],"product_brand":[],"product_cat":[175],"product_tag":[1699,1698,1697,1704,1700,1702,1701,1703],"class_list":{"0":"post-8894","1":"product","2":"type-product","3":"status-publish","4":"has-post-thumbnail","6":"product_cat-marble","7":"product_tag-ariston-marble","8":"product_tag-ariston-white-marble-price","9":"product_tag-ariston-white-marble-slabs","10":"product_tag-ariston-white-marble-tiles","11":"product_tag-bianco-ariston-marble","12":"product_tag-drama-white-marble","13":"product_tag-galaxy-classico-marble","14":"product_tag-kavala-white-marble","16":"first","17":"instock","18":"shipping-taxable","19":"product-type-simple"},"_links":{"self":[{"href":"https:\/\/www.quartzite-stone.com\/fr\/wp-json\/wp\/v2\/product\/8894","targetHints":{"allow":["GET"]}}],"collection":[{"href":"https:\/\/www.quartzite-stone.com\/fr\/wp-json\/wp\/v2\/product"}],"about":[{"href":"https:\/\/www.quartzite-stone.com\/fr\/wp-json\/wp\/v2\/types\/product"}],"replies":[{"embeddable":true,"href":"https:\/\/www.quartzite-stone.com\/fr\/wp-json\/wp\/v2\/comments?post=8894"}],"wp:featuredmedia":[{"embeddable":true,"href":"https:\/\/www.quartzite-stone.com\/fr\/wp-json\/wp\/v2\/media\/8899"}],"wp:attachment":[{"href":"https:\/\/www.quartzite-stone.com\/fr\/wp-json\/wp\/v2\/media?parent=8894"}],"wp:term":[{"taxonomy":"product_brand","embeddable":true,"href":"https:\/\/www.quartzite-stone.com\/fr\/wp-json\/wp\/v2\/product_brand?post=8894"},{"taxonomy":"product_cat","embeddable":true,"href":"https:\/\/www.quartzite-stone.com\/fr\/wp-json\/wp\/v2\/product_cat?post=8894"},{"taxonomy":"product_tag","embeddable":true,"href":"https:\/\/www.quartzite-stone.com\/fr\/wp-json\/wp\/v2\/product_tag?post=8894"}],"curies":[{"name":"wp","href":"https:\/\/api.w.org\/{rel}","templated":true}]}}