{"id":8607,"date":"2023-10-18T18:10:41","date_gmt":"2023-10-18T10:10:41","guid":{"rendered":"https:\/\/www.quartzite-stone.com\/product\/nero-marquina-marble\/"},"modified":"2023-11-24T16:05:35","modified_gmt":"2023-11-24T08:05:35","slug":"marbre-nero-marquina","status":"publish","type":"product","link":"https:\/\/www.quartzite-stone.com\/fr\/products\/nero-marquina-marble\/","title":{"rendered":"Marbre Nero Marquina"},"content":{"rendered":"<p>Le marbre Nero Marquina est un marbre noir \u00e0 structure dense avec des veines blanches provenant de Chine. Il est originaire du Guangxi et du Hubei, principalement du Guangxi.<\/p>\n<p><img fetchpriority=\"high\" decoding=\"async\" src=\"https:\/\/data.adwebcloud.com\/public\/material\/220426a7q47o\/product\/6401_1697623508074.png\" width=\"710\" height=\"473\" alt=\"\" \/><\/p>\n<p>Parmi eux, le marbre Nero Marquina produit \u00e0 Guilin, dans le Guangxi, pr\u00e9sente un fond noir, une bonne luminosit\u00e9 et des motifs blancs. Sa durabilit\u00e9, sa r\u00e9sistance au gel, sa r\u00e9sistance \u00e0 l'usure et sa duret\u00e9 r\u00e9pondent aux normes internationales en termes d'indicateurs de qualit\u00e9. Ses indicateurs de radioactivit\u00e9 sont tous conformes aux normes nationales de classe A et sont nocifs pour le corps humain. Il n'y a pas de radiation ni de pollution de l'environnement. Les produits peuvent r\u00e9pondre aux normes nationales d'exportation. Nous disposons de conditions sup\u00e9rieures et des \u00e9quipements de production les plus modernes et les plus avanc\u00e9s du Guangxi.  Les marbres Nero Marquina sont les meilleurs produits pour la d\u00e9coration des b\u00e2timents modernes haut de gamme.<\/p>\n<p><img decoding=\"async\" src=\"https:\/\/data.adwebcloud.com\/public\/material\/220426a7q47o\/product\/6401_1697623516400.jpg\" width=\"710\" height=\"927\" alt=\"\" \/><\/p>\n<p>Le marbre Nero Marquina est un type de marbre naturel avec des veines noires et des veines blanches. Il est discret et sobre, mais il implique aussi la magnanimit\u00e9, comme un gentleman \u00e9l\u00e9gant. Lorsque vous vous trouvez dans l'espace cr\u00e9\u00e9 par Nero Marquina Marble World, vous avez l'impression de b\u00e9n\u00e9ficier d'un soutien solide. Votre c\u0153ur agit\u00e9 commence \u00e0 se calmer et vous ne vous sentez plus h\u00e9sitant ou craintif face \u00e0 l'avenir. C'est le charme unique des racines noires et blanches.<\/p>\n<p><img decoding=\"async\" src=\"https:\/\/data.adwebcloud.com\/public\/material\/220426a7q47o\/product\/BlackMarbleStairs1_1698398921244.jpg\" width=\"800\" height=\"800\" alt=\"\" \/><\/p>\n<p>Parce que le noir peut faire para\u00eetre les autres couleurs plus lumineuses, m\u00eame les couleurs sombres s'accordent bien avec le noir, qui est donc principalement utilis\u00e9 comme couleur d'accompagnement dans les dessins. \u00c9l\u00e9gant, sobre et discret, il convient \u00e0 diff\u00e9rents styles.<\/p>","protected":false},"excerpt":{"rendered":"<p>Le marbre Nero Marquina, une structure dense noire avec des veines blanches, provient de Guangxi et Hubei, en Chine. Sa durabilit\u00e9, sa r\u00e9sistance au gel, sa r\u00e9sistance \u00e0 l'usure et sa duret\u00e9 sont conformes aux normes internationales.<\/p>","protected":false},"featured_media":8614,"comment_status":"closed","ping_status":"closed","template":"","meta":[],"product_brand":[],"product_cat":[175],"product_tag":[185,1577,1574,1575,1578,1573,1576],"class_list":{"0":"post-8607","1":"product","2":"type-product","3":"status-publish","4":"has-post-thumbnail","6":"product_cat-marble","7":"product_tag-black","8":"product_tag-black-marble","9":"product_tag-black-marquina-marble","10":"product_tag-chinese-black-marble","11":"product_tag-marquina-marble","12":"product_tag-nero-marquina-marble-slab","13":"product_tag-nero-marquina-marble-tiles","15":"first","16":"instock","17":"shipping-taxable","18":"product-type-simple"},"_links":{"self":[{"href":"https:\/\/www.quartzite-stone.com\/fr\/wp-json\/wp\/v2\/product\/8607","targetHints":{"allow":["GET"]}}],"collection":[{"href":"https:\/\/www.quartzite-stone.com\/fr\/wp-json\/wp\/v2\/product"}],"about":[{"href":"https:\/\/www.quartzite-stone.com\/fr\/wp-json\/wp\/v2\/types\/product"}],"replies":[{"embeddable":true,"href":"https:\/\/www.quartzite-stone.com\/fr\/wp-json\/wp\/v2\/comments?post=8607"}],"wp:featuredmedia":[{"embeddable":true,"href":"https:\/\/www.quartzite-stone.com\/fr\/wp-json\/wp\/v2\/media\/8614"}],"wp:attachment":[{"href":"https:\/\/www.quartzite-stone.com\/fr\/wp-json\/wp\/v2\/media?parent=8607"}],"wp:term":[{"taxonomy":"product_brand","embeddable":true,"href":"https:\/\/www.quartzite-stone.com\/fr\/wp-json\/wp\/v2\/product_brand?post=8607"},{"taxonomy":"product_cat","embeddable":true,"href":"https:\/\/www.quartzite-stone.com\/fr\/wp-json\/wp\/v2\/product_cat?post=8607"},{"taxonomy":"product_tag","embeddable":true,"href":"https:\/\/www.quartzite-stone.com\/fr\/wp-json\/wp\/v2\/product_tag?post=8607"}],"curies":[{"name":"wp","href":"https:\/\/api.w.org\/{rel}","templated":true}]}}