{"id":8587,"date":"2023-10-17T17:40:39","date_gmt":"2023-10-17T09:40:39","guid":{"rendered":"https:\/\/www.quartzite-stone.com\/product\/estremoz-rosa-lagoa-marble\/"},"modified":"2023-10-17T17:45:36","modified_gmt":"2023-10-17T09:45:36","slug":"marbre-estremoz-rosa-lagoa","status":"publish","type":"product","link":"https:\/\/www.quartzite-stone.com\/fr\/products\/estremoz-rosa-lagoa-marble\/","title":{"rendered":"Estremoz Rosa Lagoa Marble"},"content":{"rendered":"<p>Le marbre rose est une pierre naturelle tr\u00e8s populaire dont la couleur et la texture uniques conf\u00e8rent un charme unique aux habitations et aux espaces commerciaux.<\/p>\n<p><img fetchpriority=\"high\" decoding=\"async\" src=\"https:\/\/data.adwebcloud.com\/public\/material\/220426a7q47o\/product\/EstremozRosaLagoaMarble2_1697535066381.jpg\" width=\"800\" height=\"800\" alt=\"\" \/><\/p>\n<p>Le marbre Estremoz Rosa Lagoa est un marbre fin de couleur rose clair avec des tons doux et des veines noires. Ce marbre est id\u00e9al pour les salles de bains, les cuisines, les plans de travail, etc.&nbsp;<\/p>\n<p>Le rose vous rebute ? Ne vous inqui\u00e9tez pas, la texture unique du marbre rose naturel Estremoz Rosa Lagoa Marble rendra toute la pi\u00e8ce douce et \u00e9nergique. Ce style doux de marbre Estremoz Rosa Lagoa est visuellement frais et raffin\u00e9, peut instantan\u00e9ment capturer votre c\u0153ur, et conviendra certainement \u00e0 votre go\u00fbt. Nous pouvons \u00e9galement utiliser des couleurs compl\u00e9mentaires pour mettre en valeur le design de la pi\u00e8ce et des couleurs contrast\u00e9es pour \u00e9quilibrer la douceur du rose. Nous pouvons utiliser le marbre Estremoz Rosa Lagoa non seulement pour d\u00e9corer les murs, mais aussi avec des meubles et des accessoires de salon roses.<\/p>\n<p><img decoding=\"async\" src=\"https:\/\/data.adwebcloud.com\/public\/material\/220426a7q47o\/product\/EstremozRosaLagoaMarble5_1697535462224.jpg\" width=\"800\" height=\"800\" alt=\"\" \/><\/p>","protected":false},"excerpt":{"rendered":"<p>Le marbre rose est une pierre naturelle tr\u00e8s populaire dont la couleur et la texture uniques conf\u00e8rent un charme unique aux habitations et aux espaces commerciaux.<\/p>","protected":false},"featured_media":8588,"comment_status":"open","ping_status":"closed","template":"","meta":[],"product_brand":[],"product_cat":[175],"product_tag":[1570,1567,1563,1569,1564,1566,1565,1568],"class_list":{"0":"post-8587","1":"product","2":"type-product","3":"status-publish","4":"has-post-thumbnail","6":"product_cat-marble","7":"product_tag-calacatta-pink-marble","8":"product_tag-estremoz-rosa-extra-marble","9":"product_tag-estremoz-rosa-marble","10":"product_tag-rosa-claro-marble","11":"product_tag-rosa-lagoa-marble","12":"product_tag-rosa-marble-price","13":"product_tag-rosa-marble-slab","14":"product_tag-rosa-portogalo-marble","16":"first","17":"instock","18":"shipping-taxable","19":"product-type-simple"},"_links":{"self":[{"href":"https:\/\/www.quartzite-stone.com\/fr\/wp-json\/wp\/v2\/product\/8587","targetHints":{"allow":["GET"]}}],"collection":[{"href":"https:\/\/www.quartzite-stone.com\/fr\/wp-json\/wp\/v2\/product"}],"about":[{"href":"https:\/\/www.quartzite-stone.com\/fr\/wp-json\/wp\/v2\/types\/product"}],"replies":[{"embeddable":true,"href":"https:\/\/www.quartzite-stone.com\/fr\/wp-json\/wp\/v2\/comments?post=8587"}],"wp:featuredmedia":[{"embeddable":true,"href":"https:\/\/www.quartzite-stone.com\/fr\/wp-json\/wp\/v2\/media\/8588"}],"wp:attachment":[{"href":"https:\/\/www.quartzite-stone.com\/fr\/wp-json\/wp\/v2\/media?parent=8587"}],"wp:term":[{"taxonomy":"product_brand","embeddable":true,"href":"https:\/\/www.quartzite-stone.com\/fr\/wp-json\/wp\/v2\/product_brand?post=8587"},{"taxonomy":"product_cat","embeddable":true,"href":"https:\/\/www.quartzite-stone.com\/fr\/wp-json\/wp\/v2\/product_cat?post=8587"},{"taxonomy":"product_tag","embeddable":true,"href":"https:\/\/www.quartzite-stone.com\/fr\/wp-json\/wp\/v2\/product_tag?post=8587"}],"curies":[{"name":"wp","href":"https:\/\/api.w.org\/{rel}","templated":true}]}}