{"id":8234,"date":"2023-07-17T17:33:36","date_gmt":"2023-07-17T09:33:36","guid":{"rendered":"https:\/\/www.quartzite-stone.com\/product\/galapagos-quartzite\/"},"modified":"2023-07-17T17:57:38","modified_gmt":"2023-07-17T09:57:38","slug":"quartzite-des-galapagos","status":"publish","type":"product","link":"https:\/\/www.quartzite-stone.com\/fr\/products\/galapagos-quartzite\/","title":{"rendered":"Quartzite des Gal\u00e1pagos"},"content":{"rendered":"<p>Le quartzite de Galapagos est un quartzite gris fonc\u00e9, brun et vert provenant du Br\u00e9sil. Le quartzite de Galapagos, \u00e9galement connu sous le nom de \"Misty Rain Quartzite\", est une pierre tr\u00e8s exotique, rare et sp\u00e9ciale qui ne manquera pas de faire ressortir vos projets.&nbsp;<\/p>\n<p><img fetchpriority=\"high\" decoding=\"async\" src=\"https:\/\/data.adwebcloud.com\/public\/material\/220426a7q47o\/product\/GalapagosQuartzite15_1689586007313.jpg\" width=\"800\" height=\"800\" alt=\"\" \/><\/p>\n<p>Quartzite des Gal\u00e1pagos Le quartzite brun est un type de pierre naturelle compos\u00e9e principalement de grains de quartz. Il est connu pour sa couleur brune unique et ses motifs tourbillonnants, qui sont form\u00e9s par les impuret\u00e9s min\u00e9rales naturelles pr\u00e9sentes dans la pierre. Le quartzite brun est tr\u00e8s durable et peut \u00eatre utilis\u00e9 pour une vari\u00e9t\u00e9 d'applications, y compris les comptoirs, les planchers et les rev\u00eatements muraux. Il est \u00e9galement r\u00e9sistant \u00e0 la chaleur, aux rayures et aux taches, ce qui en fait un choix populaire pour les cuisines et les salles de bains.<\/p>\n<p><img decoding=\"async\" src=\"https:\/\/data.adwebcloud.com\/public\/material\/220426a7q47o\/product\/GalapagosQuartzite19_1689586073990.jpg\" width=\"800\" height=\"800\" alt=\"\" \/><\/p>\n<p>La forme minimaliste de la dalle en quartzite Galapagos, la texture naturelle et la touche de bois s'accompagnent d'un temp\u00e9rament \u00e9l\u00e9gant, comme le soleil en hiver, ni profond ni \u00e9blouissant, doucement saupoudr\u00e9 sur la terre.<\/p>\n<p><img decoding=\"async\" src=\"https:\/\/data.adwebcloud.com\/public\/material\/220426a7q47o\/product\/GalapagosQuartzite13_1689586182870.jpg\" width=\"800\" height=\"800\" alt=\"\" \/><\/p>\n<p>Le dallage de grande surface en quartzite de Galapagos est intercal\u00e9 verticalement et horizontalement dans l'ensemble de l'espace, tandis que les d\u00e9tails sont naturels, rustiques, bruts et primitifs, et que le fort contraste des tons de couleur est naturellement mis en \u00e9vidence, ce qui r\u00e9pond au style chinois simple et tranquille de l'espace. Ce type de combinaison pr\u00e9sente une nouvelle collision r\u00e9gionale, dominante et luxueuse, rendant chaque d\u00e9tail digne d'une attention particuli\u00e8re, seul le plaisir et le luxe ne peuvent \u00eatre d\u00e9\u00e7us.<\/p>\n<p><img loading=\"lazy\" decoding=\"async\" src=\"https:\/\/data.adwebcloud.com\/public\/material\/220426a7q47o\/product\/77d9aa7254fca12d877fd088bc96_1689586202294.jpg\" width=\"800\" height=\"600\" alt=\"\" \/><\/p>\n<p>La pierre Galapagos Quartzite Slab est diff\u00e9rente du rouge et du jaune vifs et d\u00e9brid\u00e9s, et le brun entre les deux est l'une des couleurs repr\u00e9sentatives du syst\u00e8me de couleurs de la terre. Avec une attitude calme et humble face \u00e0 la vie, il a attir\u00e9 l'attention des gens \u00e0 une \u00e9poque o\u00f9 la fatigue visuelle est omnipr\u00e9sente.<\/p><\/p>","protected":false},"excerpt":{"rendered":"<p>Le quartzite des Gal\u00e1pagos, \u00e9galement connu sous le nom de \"Misty Rain Quartzite\", est un quartzite br\u00e9silien rare, exotique et unique, de couleur gris fonc\u00e9, brune et verte. Cette pierre naturelle est tr\u00e8s durable, convient aux plans de travail, aux sols et aux rev\u00eatements muraux, et r\u00e9siste \u00e0 la chaleur, aux rayures et aux taches. Son design minimaliste et son temp\u00e9rament \u00e9l\u00e9gant en font un choix populaire pour les cuisines et les salles de bains.<\/p><\/p>","protected":false},"featured_media":8235,"comment_status":"open","ping_status":"closed","template":"","meta":[],"product_brand":[],"product_cat":[195],"product_tag":[1015,1485,1486,1482,1483,1484,1481],"class_list":{"0":"post-8234","1":"product","2":"type-product","3":"status-publish","4":"has-post-thumbnail","6":"product_cat-quartzite","7":"product_tag-brown-quartzite","8":"product_tag-brown-quartzite-price","9":"product_tag-brown-quartzite-slab","10":"product_tag-galapagos-quartzite-countertop","11":"product_tag-galapagos-quartzite-kitchen","12":"product_tag-galapagos-quartzite-price","13":"product_tag-galapagos-quartzite-slab","15":"first","16":"instock","17":"shipping-taxable","18":"product-type-simple"},"_links":{"self":[{"href":"https:\/\/www.quartzite-stone.com\/fr\/wp-json\/wp\/v2\/product\/8234","targetHints":{"allow":["GET"]}}],"collection":[{"href":"https:\/\/www.quartzite-stone.com\/fr\/wp-json\/wp\/v2\/product"}],"about":[{"href":"https:\/\/www.quartzite-stone.com\/fr\/wp-json\/wp\/v2\/types\/product"}],"replies":[{"embeddable":true,"href":"https:\/\/www.quartzite-stone.com\/fr\/wp-json\/wp\/v2\/comments?post=8234"}],"wp:featuredmedia":[{"embeddable":true,"href":"https:\/\/www.quartzite-stone.com\/fr\/wp-json\/wp\/v2\/media\/8235"}],"wp:attachment":[{"href":"https:\/\/www.quartzite-stone.com\/fr\/wp-json\/wp\/v2\/media?parent=8234"}],"wp:term":[{"taxonomy":"product_brand","embeddable":true,"href":"https:\/\/www.quartzite-stone.com\/fr\/wp-json\/wp\/v2\/product_brand?post=8234"},{"taxonomy":"product_cat","embeddable":true,"href":"https:\/\/www.quartzite-stone.com\/fr\/wp-json\/wp\/v2\/product_cat?post=8234"},{"taxonomy":"product_tag","embeddable":true,"href":"https:\/\/www.quartzite-stone.com\/fr\/wp-json\/wp\/v2\/product_tag?post=8234"}],"curies":[{"name":"wp","href":"https:\/\/api.w.org\/{rel}","templated":true}]}}