{"id":8224,"date":"2023-07-17T16:06:46","date_gmt":"2023-07-17T08:06:46","guid":{"rendered":"https:\/\/www.quartzite-stone.com\/product\/santorini-quartzite\/"},"modified":"2023-07-17T16:48:22","modified_gmt":"2023-07-17T08:48:22","slug":"quartzite-de-santorini","status":"publish","type":"product","link":"https:\/\/www.quartzite-stone.com\/fr\/products\/santorini-quartzite\/","title":{"rendered":"Quartzite de Santorin"},"content":{"rendered":"<p>Le quartzite de Santorini est une pierre naturelle exotique originaire du Br\u00e9sil qui pr\u00e9sente des nuances de gris, de brun et de jaune. Le quartzite de Santorin est un choix populaire pour les comptoirs, les sols et d'autres applications int\u00e9rieures et ext\u00e9rieures en raison de sa durabilit\u00e9, de sa r\u00e9sistance \u00e0 la chaleur et de son faible besoin d'entretien. Son aspect unique et ses veines naturelles en font un choix particuli\u00e8rement frappant pour les pi\u00e8ces d'apparat telles que les murs d'apparat et les entourages de chemin\u00e9e. Il est \u00e9galement couramment utilis\u00e9 dans les projets de construction r\u00e9sidentielle et commerciale haut de gamme, en particulier dans l'industrie h\u00f4teli\u00e8re.<\/p>\n<p><img fetchpriority=\"high\" decoding=\"async\" src=\"https:\/\/data.adwebcloud.com\/public\/material\/220426a7q47o\/product\/SantoriniQuartzite5_1689580937705.jpg\" width=\"800\" height=\"600\" alt=\"Plaque de quartzite de Santorin\" \/><\/p>\n<p>Le quartzite Santorini du Br\u00e9sil peut \u00eatre utilis\u00e9 dans une cuisine. Le quartzite est une pierre naturelle durable et dure qui r\u00e9siste \u00e0 la chaleur et aux rayures, ce qui en fait un choix appropri\u00e9 pour les comptoirs de cuisine. Toutefois, il est important de noter que, comme toute pierre naturelle, le quartzite de Santorin n\u00e9cessite un entretien r\u00e9gulier pour \u00e9viter les taches et les dommages. Il est recommand\u00e9 de sceller la pierre au moins une fois par an et d'\u00e9viter d'utiliser des nettoyants ou des mat\u00e9riaux abrasifs.<\/p><\/p>","protected":false},"excerpt":{"rendered":"<p>Le quartzite de Santorini, une pierre naturelle exotique br\u00e9silienne, est tr\u00e8s appr\u00e9ci\u00e9 pour les plans de travail, les sols et les applications int\u00e9rieures et ext\u00e9rieures en raison de sa durabilit\u00e9, de sa r\u00e9sistance \u00e0 la chaleur et du peu d'entretien qu'il n\u00e9cessite. Son aspect unique et ses motifs de veinage en font une pierre id\u00e9ale pour les murs d'agr\u00e9ment et les entourages de chemin\u00e9e. Pour les comptoirs de cuisine, il est recommand\u00e9 d'entretenir r\u00e9guli\u00e8rement la pierre, notamment en la scellant chaque ann\u00e9e et en \u00e9vitant les nettoyants abrasifs.<\/p><\/p>","protected":false},"featured_media":8225,"comment_status":"open","ping_status":"closed","template":"","meta":[],"product_brand":[],"product_cat":[195],"product_tag":[309,1477,1479,1478,1480],"class_list":{"0":"post-8224","1":"product","2":"type-product","3":"status-publish","4":"has-post-thumbnail","6":"product_cat-quartzite","7":"product_tag-blue-quartzite","8":"product_tag-santorini-quartzite-countertop","9":"product_tag-santorini-quartzite-kitchen","10":"product_tag-santorini-quartzite-price","11":"product_tag-santorini-quartzite-slab","13":"first","14":"instock","15":"shipping-taxable","16":"product-type-simple"},"_links":{"self":[{"href":"https:\/\/www.quartzite-stone.com\/fr\/wp-json\/wp\/v2\/product\/8224","targetHints":{"allow":["GET"]}}],"collection":[{"href":"https:\/\/www.quartzite-stone.com\/fr\/wp-json\/wp\/v2\/product"}],"about":[{"href":"https:\/\/www.quartzite-stone.com\/fr\/wp-json\/wp\/v2\/types\/product"}],"replies":[{"embeddable":true,"href":"https:\/\/www.quartzite-stone.com\/fr\/wp-json\/wp\/v2\/comments?post=8224"}],"wp:featuredmedia":[{"embeddable":true,"href":"https:\/\/www.quartzite-stone.com\/fr\/wp-json\/wp\/v2\/media\/8225"}],"wp:attachment":[{"href":"https:\/\/www.quartzite-stone.com\/fr\/wp-json\/wp\/v2\/media?parent=8224"}],"wp:term":[{"taxonomy":"product_brand","embeddable":true,"href":"https:\/\/www.quartzite-stone.com\/fr\/wp-json\/wp\/v2\/product_brand?post=8224"},{"taxonomy":"product_cat","embeddable":true,"href":"https:\/\/www.quartzite-stone.com\/fr\/wp-json\/wp\/v2\/product_cat?post=8224"},{"taxonomy":"product_tag","embeddable":true,"href":"https:\/\/www.quartzite-stone.com\/fr\/wp-json\/wp\/v2\/product_tag?post=8224"}],"curies":[{"name":"wp","href":"https:\/\/api.w.org\/{rel}","templated":true}]}}