{"id":8212,"date":"2023-07-15T12:08:15","date_gmt":"2023-07-15T04:08:15","guid":{"rendered":"https:\/\/www.quartzite-stone.com\/product\/michelangelo-quartzite\/"},"modified":"2023-07-15T12:33:31","modified_gmt":"2023-07-15T04:33:31","slug":"quartzite-michelangelo","status":"publish","type":"product","link":"https:\/\/www.quartzite-stone.com\/fr\/products\/michelangelo-quartzite\/","title":{"rendered":"Quartzite Michelangelo"},"content":{"rendered":"<p>Le quartzite Michelangelo est une pierre naturelle \u00e9tonnante connue pour ses couleurs vibrantes et ses veines spectaculaires. Elle est extraite du Br\u00e9sil et est tr\u00e8s recherch\u00e9e pour son aspect luxueux et sa durabilit\u00e9.<\/p>\n<p><img fetchpriority=\"high\" decoding=\"async\" src=\"https:\/\/data.adwebcloud.com\/public\/material\/220426a7q47o\/product\/MichelangeloQuartzite12_1689394012720.jpg\" width=\"800\" height=\"450\" alt=\"\" \/><\/p>\n<p>Ce quartzite pr\u00e9sente un fond blanc travers\u00e9 par des veines audacieuses de gris, d'or et de noir. Les veines cr\u00e9ent souvent des motifs complexes qui ressemblent \u00e0 des coups de pinceau, ce qui conf\u00e8re \u00e0 la pierre une qualit\u00e9 artistique unique rappelant Michel-Ange.<\/p>\n<p><img decoding=\"async\" src=\"https:\/\/data.adwebcloud.com\/public\/material\/220426a7q47o\/product\/MichelangeloQuartzite9_1689394024904.jpg\" width=\"800\" height=\"978\" alt=\"\" \/><\/p>\n<p>La belle pierre naturelle appel\u00e9e quartzite Michelangelo se trouve dans la carri\u00e8re du Br\u00e9sil. Elle est fr\u00e9quemment utilis\u00e9e dans les h\u00f4tels, les maisons priv\u00e9es opulentes, les d\u00e9corations int\u00e9rieures haut de gamme, etc. Cette substance a un aspect magnifique et se comporte comme le marbre, tout en \u00e9tant plus dure que le granit. Chaque dalle a ses propres couleurs et veines, les couleurs rouge, verte, brune et blanche se m\u00e9langeant pour former un chef-d'\u0153uvre sp\u00e9cial.<\/p>\n<p><img decoding=\"async\" src=\"https:\/\/data.adwebcloud.com\/public\/material\/220426a7q47o\/product\/MichelangeloQuartzite7_1689394038027.jpg\" width=\"800\" height=\"506\" alt=\"\" \/><\/p>\n<p>Les comptoirs de cuisine, en particulier, b\u00e9n\u00e9ficient grandement de la duret\u00e9 et de la durabilit\u00e9 remarquables du quartzite Michelangelo dans les salles de bains et les cuisines. Par ailleurs, le quartzite Michelangelo peut \u00e9galement servir de d\u00e9coration d'arri\u00e8re-plan pour compl\u00e9ter les livres, ce qui permet d'embellir votre maison.<\/p><\/p>","protected":false},"excerpt":{"rendered":"<\/p>","protected":false},"featured_media":8213,"comment_status":"open","ping_status":"closed","template":"","meta":[],"product_brand":[],"product_cat":[195],"product_tag":[1476,1471,1472,1475,1470,1474,1473],"class_list":{"0":"post-8212","1":"product","2":"type-product","3":"status-publish","4":"has-post-thumbnail","6":"product_cat-quartzite","7":"product_tag-azul-tropicale-quartzite","8":"product_tag-michelangelo-quartzite-countertop","9":"product_tag-michelangelo-quartzite-kitchen","10":"product_tag-michelangelo-quartzite-price","11":"product_tag-michelangelo-quartzite-slab","12":"product_tag-michelangelo-quartzite-tiles","13":"product_tag-michelangelo-quartzite-wall","15":"first","16":"instock","17":"shipping-taxable","18":"product-type-simple"},"_links":{"self":[{"href":"https:\/\/www.quartzite-stone.com\/fr\/wp-json\/wp\/v2\/product\/8212","targetHints":{"allow":["GET"]}}],"collection":[{"href":"https:\/\/www.quartzite-stone.com\/fr\/wp-json\/wp\/v2\/product"}],"about":[{"href":"https:\/\/www.quartzite-stone.com\/fr\/wp-json\/wp\/v2\/types\/product"}],"replies":[{"embeddable":true,"href":"https:\/\/www.quartzite-stone.com\/fr\/wp-json\/wp\/v2\/comments?post=8212"}],"wp:featuredmedia":[{"embeddable":true,"href":"https:\/\/www.quartzite-stone.com\/fr\/wp-json\/wp\/v2\/media\/8213"}],"wp:attachment":[{"href":"https:\/\/www.quartzite-stone.com\/fr\/wp-json\/wp\/v2\/media?parent=8212"}],"wp:term":[{"taxonomy":"product_brand","embeddable":true,"href":"https:\/\/www.quartzite-stone.com\/fr\/wp-json\/wp\/v2\/product_brand?post=8212"},{"taxonomy":"product_cat","embeddable":true,"href":"https:\/\/www.quartzite-stone.com\/fr\/wp-json\/wp\/v2\/product_cat?post=8212"},{"taxonomy":"product_tag","embeddable":true,"href":"https:\/\/www.quartzite-stone.com\/fr\/wp-json\/wp\/v2\/product_tag?post=8212"}],"curies":[{"name":"wp","href":"https:\/\/api.w.org\/{rel}","templated":true}]}}