{"id":8151,"date":"2023-07-12T16:52:04","date_gmt":"2023-07-12T08:52:04","guid":{"rendered":"https:\/\/www.quartzite-stone.com\/product\/blue-tiger-eyes\/"},"modified":"2023-07-19T10:48:12","modified_gmt":"2023-07-19T02:48:12","slug":"yeux-bleus-tigres","status":"publish","type":"product","link":"https:\/\/www.quartzite-stone.com\/fr\/products\/blue-tiger-eyes\/","title":{"rendered":"Yeux de tigre bleu"},"content":{"rendered":"<p>Une table en \u0153il de tigre bleu est un meuble qui comporte un dessus de table fabriqu\u00e9 \u00e0 partir de la pierre pr\u00e9cieuse connue sous le nom d&#039;\u0153il de tigre bleu. L&#039;\u0153il de tigre bleu, \u00e9galement appel\u00e9 \u0153il de faucon, est une forme de quartz avec une couleur bleue unique et une chatoyance, qui est le ph\u00e9nom\u00e8ne optique qui cr\u00e9e un effet chatoyant ou \u00ab\u00a0\u0153il de chat\u00a0\u00bb lorsque la pierre est vue sous certains angles.<\/p>\n<p><img fetchpriority=\"high\" decoding=\"async\" src=\"https:\/\/data.adwebcloud.com\/public\/material\/220426a7q47o\/product\/BlueYellowTigerEyes4_1689151797734.jpg\" width=\"800\" height=\"600\" alt=\"\" \/><\/p>\n<p>L&#039;\u0153il de tigre bleu se caract\u00e9rise par sa couleur bleu profond avec des tra\u00een\u00e9es de lumi\u00e8re chatoyante qui se d\u00e9placent sur la surface lorsque la pierre est tourn\u00e9e. Cet effet captivant donne \u00e0 la pierre une sensation de profondeur et de mouvement, ajoutant un int\u00e9r\u00eat visuel \u00e0 n&#039;importe quel espace.<\/p>\n<p>Les tables en \u0153il de tigre bleu sont g\u00e9n\u00e9ralement fabriqu\u00e9es \u00e0 la main pour mettre en valeur la beaut\u00e9 naturelle de la pierre. Les dalles en \u0153il de tigre bleu utilis\u00e9es pour les dessus de table sont souvent d\u00e9coup\u00e9es en diff\u00e9rentes formes telles que rectangulaires, rondes ou ovales, et polies pour une finition lisse et brillante.<\/p>\n<p>Ces tables peuvent servir de points focaux accrocheurs dans la d\u00e9coration int\u00e9rieure. Ils sont souvent utilis\u00e9s comme tables basses, tables d&#039;appoint ou pi\u00e8ces d&#039;appoint, ajoutant une touche d&#039;\u00e9l\u00e9gance et de mystique \u00e0 n&#039;importe quelle pi\u00e8ce. La couleur bleue fascinante et les motifs chatoyants de l&#039;\u0153il de tigre bleu peuvent compl\u00e9ter une gamme de styles de design, du moderne au traditionnel.<\/p>\n<p><img decoding=\"async\" src=\"https:\/\/data.adwebcloud.com\/public\/material\/220426a7q47o\/product\/BlueYellowTigerEyes8_1689151807231.jpg\" width=\"800\" height=\"600\" alt=\"\" \/><\/p>\n<p>En plus de son attrait esth\u00e9tique, on pense que l&#039;\u0153il de tigre bleu poss\u00e8de certaines propri\u00e9t\u00e9s m\u00e9taphysiques. On pense que c&#039;est une pierre de protection, de clart\u00e9 et de perspicacit\u00e9. De nombreuses personnes utilisent l&#039;\u0153il de tigre bleu dans leurs espaces de vie pour cr\u00e9er une atmosph\u00e8re calme et sereine ou pour favoriser la croissance personnelle et l&#039;expression de soi.<\/p>\n<p>Lorsqu&#039;il s&#039;agit de prendre soin d&#039;une table en \u0153il de tigre bleu, il est important de manipuler la pierre avec soin, car elle peut \u00eatre relativement douce par rapport \u00e0 d&#039;autres min\u00e9raux. Pour nettoyer la table, utilisez simplement un chiffon doux ou une \u00e9ponge avec du savon doux et de l&#039;eau. \u00c9vitez d&#039;utiliser des produits chimiques agressifs ou des nettoyants abrasifs qui pourraient endommager la surface de la pierre.<\/p>\n<p>En r\u00e9sum\u00e9, une table en \u0153il de tigre bleu est un meuble avec un dessus de table fabriqu\u00e9 \u00e0 partir de la captivante pierre pr\u00e9cieuse en \u0153il de tigre bleu. Sa couleur bleu profond et ses motifs chatoyants en font un ajout remarquable \u00e0 tout espace int\u00e9rieur. Qu&#039;elle soit utilis\u00e9e comme table fonctionnelle ou comme accent d\u00e9coratif, une table en \u0153il de tigre bleu peut apporter une touche d&#039;\u00e9l\u00e9gance et d&#039;intrigue \u00e0 votre maison ou \u00e0 votre bureau.<\/p><\/p>","protected":false},"excerpt":{"rendered":"<p>Une table en \u0153il de tigre bleu est un meuble unique dot\u00e9 d&#039;un dessus de table fabriqu\u00e9 \u00e0 partir de la captivante pierre pr\u00e9cieuse en \u0153il de tigre bleu. Ce quartz unique a un effet \u00ab \u0153il de chat \u00bb scintillant et est fabriqu\u00e9 \u00e0 la main pour mettre en valeur sa beaut\u00e9 naturelle.<\/p><\/p>","protected":false},"featured_media":8267,"comment_status":"open","ping_status":"closed","template":"","meta":[],"product_brand":[],"product_cat":[208],"product_tag":[1429,1431,1434,1432,1430,1433],"class_list":{"0":"post-8151","1":"product","2":"type-product","3":"status-publish","4":"has-post-thumbnail","6":"product_cat-agate","7":"product_tag-blue-tiger-eyes","8":"product_tag-blue-tiger-eyes-countertop","9":"product_tag-blue-tiger-eyes-flooring","10":"product_tag-blue-tiger-eyes-slab","11":"product_tag-blue-tiger-eyes-table","12":"product_tag-blue-tiger-eyes-wall-tiles","14":"first","15":"instock","16":"shipping-taxable","17":"product-type-simple"},"_links":{"self":[{"href":"https:\/\/www.quartzite-stone.com\/fr\/wp-json\/wp\/v2\/product\/8151","targetHints":{"allow":["GET"]}}],"collection":[{"href":"https:\/\/www.quartzite-stone.com\/fr\/wp-json\/wp\/v2\/product"}],"about":[{"href":"https:\/\/www.quartzite-stone.com\/fr\/wp-json\/wp\/v2\/types\/product"}],"replies":[{"embeddable":true,"href":"https:\/\/www.quartzite-stone.com\/fr\/wp-json\/wp\/v2\/comments?post=8151"}],"wp:featuredmedia":[{"embeddable":true,"href":"https:\/\/www.quartzite-stone.com\/fr\/wp-json\/wp\/v2\/media\/8267"}],"wp:attachment":[{"href":"https:\/\/www.quartzite-stone.com\/fr\/wp-json\/wp\/v2\/media?parent=8151"}],"wp:term":[{"taxonomy":"product_brand","embeddable":true,"href":"https:\/\/www.quartzite-stone.com\/fr\/wp-json\/wp\/v2\/product_brand?post=8151"},{"taxonomy":"product_cat","embeddable":true,"href":"https:\/\/www.quartzite-stone.com\/fr\/wp-json\/wp\/v2\/product_cat?post=8151"},{"taxonomy":"product_tag","embeddable":true,"href":"https:\/\/www.quartzite-stone.com\/fr\/wp-json\/wp\/v2\/product_tag?post=8151"}],"curies":[{"name":"wp","href":"https:\/\/api.w.org\/{rel}","templated":true}]}}