{"id":8122,"date":"2023-07-12T16:24:48","date_gmt":"2023-07-12T08:24:48","guid":{"rendered":"https:\/\/www.quartzite-stone.com\/product\/green-malachite\/"},"modified":"2023-07-12T16:33:52","modified_gmt":"2023-07-12T08:33:52","slug":"malachite-verte","status":"publish","type":"product","link":"https:\/\/www.quartzite-stone.com\/fr\/products\/green-malachite\/","title":{"rendered":"Malachite verte"},"content":{"rendered":"<p>La table en malachite verte est un meuble dont le plateau est fabriqu\u00e9 \u00e0 partir d'une pierre semi-pr\u00e9cieuse, la malachite. La malachite est un min\u00e9ral d'un vert \u00e9clatant, appr\u00e9ci\u00e9 pour ses motifs uniques et sa riche coloration.<\/p>\n<p><img fetchpriority=\"high\" decoding=\"async\" src=\"https:\/\/data.adwebcloud.com\/public\/material\/220426a7q47o\/product\/GreenMalachite7_1689150112543.jpg\" width=\"800\" height=\"800\" alt=\"\" \/><\/p>\n<p>Les tables en malachite verte sont souvent fabriqu\u00e9es \u00e0 la main et soigneusement construites pour mettre en valeur la beaut\u00e9 de la pierre. Les dalles de malachite utilis\u00e9es pour les plateaux de table sont g\u00e9n\u00e9ralement d\u00e9coup\u00e9es en diff\u00e9rentes formes (rectangulaires, rondes ou ovales) et polies jusqu'\u00e0 ce qu'elles soient tr\u00e8s brillantes, ce qui permet de mettre en valeur les motifs et les teintes complexes du min\u00e9ral.<\/p>\n<p>Les motifs de la malachite peuvent aller de bandes tourbillonnantes \u00e0 des anneaux concentriques, cr\u00e9ant ainsi un aspect fascinant et dynamique. Les nuances de vert de la malachite peuvent varier, offrant une gamme d'intensit\u00e9s allant du vert for\u00eat profond \u00e0 des nuances plus claires avec des touches de bleu ou de jaune.<\/p>\n<p>Outre son attrait esth\u00e9tique, la malachite est cens\u00e9e poss\u00e9der certaines propri\u00e9t\u00e9s m\u00e9taphysiques. Elle est souvent associ\u00e9e \u00e0 la transformation, \u00e0 la protection et \u00e0 la gu\u00e9rison. De nombreuses personnes utilisent la malachite comme \u00e9l\u00e9ment d\u00e9coratif dans leur maison ou leur bureau afin de cr\u00e9er une atmosph\u00e8re apaisante et calmante.<\/p>\n<p><img decoding=\"async\" src=\"https:\/\/data.adwebcloud.com\/public\/material\/220426a7q47o\/product\/GreenMalachite6_1689150121941.jpg\" width=\"650\" height=\"650\" alt=\"\" \/><\/p>\n<p>Les tables en malachite verte peuvent constituer des points de mire \u00e9tonnants dans la d\u00e9coration int\u00e9rieure. Elles sont souvent utilis\u00e9es comme tables basses, tables d'appoint ou pi\u00e8ces d'accent, ajoutant une touche d'\u00e9l\u00e9gance naturelle et de sophistication \u00e0 n'importe quel espace. Leur couleur verte vibrante s'accorde avec une grande vari\u00e9t\u00e9 de styles de d\u00e9coration, du contemporain au traditionnel.<\/p>\n<p><img decoding=\"async\" src=\"https:\/\/data.adwebcloud.com\/public\/material\/220426a7q47o\/product\/GreenMalachite5_1689150136762.jpg\" width=\"800\" height=\"800\" alt=\"\" \/><\/p>\n<p>Pour l'entretien d'une table en malachite verte, il est important de manipuler la pierre avec pr\u00e9caution, car la malachite est relativement douce par rapport \u00e0 d'autres min\u00e9raux. Il est donc recommand\u00e9 de nettoyer la table \u00e0 l'aide d'un chiffon doux et d'un savon doux ou d'un nettoyant pour pierre sp\u00e9cialis\u00e9. \u00c9vitez de placer des objets chauds directement sur la surface afin d'\u00e9viter tout risque de dommage d\u00fb \u00e0 la chaleur.<\/p>\n<p><img loading=\"lazy\" decoding=\"async\" src=\"https:\/\/data.adwebcloud.com\/public\/material\/220426a7q47o\/product\/GreenMalachite9_1689150150018.jpg\" width=\"650\" height=\"650\" alt=\"\" \/><\/p>\n<p>En r\u00e9sum\u00e9, une table en malachite verte est un meuble dont le plateau est fabriqu\u00e9 \u00e0 partir du magnifique et vibrant min\u00e9ral qu'est la malachite. Ses motifs uniques et sa riche couleur verte en font un ajout frappant \u00e0 tout espace int\u00e9rieur. Qu'elle soit utilis\u00e9e comme table fonctionnelle ou comme accent d\u00e9coratif, une table en malachite verte peut apporter une touche de beaut\u00e9 naturelle et d'\u00e9l\u00e9gance \u00e0 votre maison ou \u00e0 votre bureau.<\/p><\/p>","protected":false},"excerpt":{"rendered":"<p>La table en malachite verte est un meuble fabriqu\u00e9 \u00e0 la main avec un dessus de table en malachite min\u00e9rale verte vibrante.<\/p>","protected":false},"featured_media":8129,"comment_status":"open","ping_status":"closed","template":"","meta":[],"product_brand":[],"product_cat":[208],"product_tag":[1421,1423,1428,1422,1424,1425,1426,1427],"class_list":{"0":"post-8122","1":"product","2":"type-product","3":"status-publish","4":"has-post-thumbnail","6":"product_cat-agate","7":"product_tag-green-malachite","8":"product_tag-green-malachite-slab","9":"product_tag-green-malachite-table","10":"product_tag-malachite","11":"product_tag-malachite-countertop","12":"product_tag-malachite-kitchen","13":"product_tag-malachite-slab","14":"product_tag-malachite-table","16":"first","17":"instock","18":"shipping-taxable","19":"product-type-simple"},"_links":{"self":[{"href":"https:\/\/www.quartzite-stone.com\/fr\/wp-json\/wp\/v2\/product\/8122","targetHints":{"allow":["GET"]}}],"collection":[{"href":"https:\/\/www.quartzite-stone.com\/fr\/wp-json\/wp\/v2\/product"}],"about":[{"href":"https:\/\/www.quartzite-stone.com\/fr\/wp-json\/wp\/v2\/types\/product"}],"replies":[{"embeddable":true,"href":"https:\/\/www.quartzite-stone.com\/fr\/wp-json\/wp\/v2\/comments?post=8122"}],"wp:featuredmedia":[{"embeddable":true,"href":"https:\/\/www.quartzite-stone.com\/fr\/wp-json\/wp\/v2\/media\/8129"}],"wp:attachment":[{"href":"https:\/\/www.quartzite-stone.com\/fr\/wp-json\/wp\/v2\/media?parent=8122"}],"wp:term":[{"taxonomy":"product_brand","embeddable":true,"href":"https:\/\/www.quartzite-stone.com\/fr\/wp-json\/wp\/v2\/product_brand?post=8122"},{"taxonomy":"product_cat","embeddable":true,"href":"https:\/\/www.quartzite-stone.com\/fr\/wp-json\/wp\/v2\/product_cat?post=8122"},{"taxonomy":"product_tag","embeddable":true,"href":"https:\/\/www.quartzite-stone.com\/fr\/wp-json\/wp\/v2\/product_tag?post=8122"}],"curies":[{"name":"wp","href":"https:\/\/api.w.org\/{rel}","templated":true}]}}