{"id":8052,"date":"2023-07-11T17:05:10","date_gmt":"2023-07-11T09:05:10","guid":{"rendered":"https:\/\/www.quartzite-stone.com\/product\/purple-agate\/"},"modified":"2023-07-11T17:48:23","modified_gmt":"2023-07-11T09:48:23","slug":"agate-violette","status":"publish","type":"product","link":"https:\/\/www.quartzite-stone.com\/fr\/products\/purple-agate\/","title":{"rendered":"Agate violette"},"content":{"rendered":"<p>Un comptoir en agate violette est un choix magnifique et luxueux pour ajouter une touche d&#039;\u00e9l\u00e9gance et de beaut\u00e9 naturelle \u00e0 votre espace. L&#039;agate est un type de calc\u00e9doine, qui est une forme de quartz, et elle est connue pour ses couleurs vibrantes et ses motifs de bandes uniques.<\/p>\n<p><img fetchpriority=\"high\" decoding=\"async\" src=\"https:\/\/data.adwebcloud.com\/public\/material\/220426a7q47o\/product\/PurpleAgate1_1689066051220.jpg\" width=\"800\" height=\"800\" alt=\"\" \/><\/p>\n<p>Ce qui distingue un comptoir en agate violette, c&#039;est sa teinte violette envo\u00fbtante. L&#039;agate se pr\u00e9sente naturellement dans une vari\u00e9t\u00e9 de couleurs, et l&#039;agate violette est particuli\u00e8rement captivante. Les tons violets riches peuvent aller du violet fonc\u00e9 \u00e0 la lavande ou m\u00eame une teinte violet p\u00e2le translucide.<\/p>\n<p>Les motifs de bandes trouv\u00e9s dans l&#039;agate ajoutent une couche suppl\u00e9mentaire d&#039;int\u00e9r\u00eat visuel au comptoir. Ces motifs varient d&#039;une pierre \u00e0 l&#039;autre, cr\u00e9ant une apparence unique et organique. Les tourbillons, les rayures et les anneaux concentriques \u00e0 l&#039;int\u00e9rieur de l&#039;agate peuvent cr\u00e9er une sensation de mouvement et de profondeur, ce qui en fait une v\u00e9ritable pi\u00e8ce ma\u00eetresse dans tout design d&#039;int\u00e9rieur.<\/p>\n<p><img decoding=\"async\" src=\"https:\/\/data.adwebcloud.com\/public\/material\/220426a7q47o\/product\/PurpleAgate12_1689066064998.jpg\" width=\"800\" height=\"800\" alt=\"\" \/><\/p>\n<p>En plus de sa beaut\u00e9 saisissante, un comptoir en agate violette est \u00e9galement durable et adapt\u00e9 \u00e0 un usage quotidien. L&#039;agate est une pierre relativement dure, obtenant un 7 sur l&#039;\u00e9chelle de duret\u00e9 de Mohs, ce qui la rend r\u00e9sistante aux rayures et \u00e0 l&#039;usure. Cependant, comme pour toute pierre naturelle, il est important de prendre soin et d&#039;entretenir correctement la surface pour pr\u00e9server sa beaut\u00e9 au fil du temps.<\/p>\n<p><img decoding=\"async\" src=\"https:\/\/data.adwebcloud.com\/public\/material\/220426a7q47o\/product\/PurpleAgate2_1689066077019.jpg\" width=\"800\" height=\"800\" alt=\"\" \/><\/p>\n<p>Lors de la s\u00e9lection d&#039;un comptoir en agate violette, gardez \u00e0 l&#039;esprit que l&#039;apparence de chaque dalle peut varier en raison des caract\u00e9ristiques naturelles de la pierre. Il est conseill\u00e9 de visualiser des \u00e9chantillons ou de s\u00e9lectionner les dalles r\u00e9elles pour vous assurer d&#039;obtenir la nuance de violet souhait\u00e9e et les motifs uniques que vous pr\u00e9f\u00e9rez.<\/p>\n<p>Dans l&#039;ensemble, un comptoir en agate violette ajoute une touche de luxe et d&#039;unicit\u00e9 \u00e0 votre espace. Sa couleur violette vibrante et ses motifs de bandes fascinants en font un choix vraiment accrocheur qui peut am\u00e9liorer l&#039;esth\u00e9tique g\u00e9n\u00e9rale de votre maison.<\/p><\/p>","protected":false},"excerpt":{"rendered":"<p>Le comptoir en agate violette est une option luxueuse et accrocheuse pour ajouter de l&#039;\u00e9l\u00e9gance et de la beaut\u00e9 naturelle \u00e0 votre espace. L&#039;agate, une pierre \u00e0 base de quartz, est connue pour ses couleurs vibrantes et ses motifs de bandes uniques. Sa teinte violette envo\u00fbtante, allant du violet fonc\u00e9 \u00e0 la lavande, cr\u00e9e une apparence captivante et organique.<\/p><\/p>","protected":false},"featured_media":8059,"comment_status":"open","ping_status":"closed","template":"","meta":[],"product_brand":[],"product_cat":[208],"product_tag":[1381,1384,1385,1382,1383,1386,1389,1388,1387],"class_list":{"0":"post-8052","1":"product","2":"type-product","3":"status-publish","4":"has-post-thumbnail","6":"product_cat-agate","7":"product_tag-purple-agate","8":"product_tag-purple-agate-countertop","9":"product_tag-purple-agate-kitchen","10":"product_tag-purple-agate-price","11":"product_tag-purple-agate-slab","12":"product_tag-purple-agate-tiles","13":"product_tag-purple-gemstone","14":"product_tag-purple-semi-precious-stone","15":"product_tag-translucent-agate","17":"first","18":"instock","19":"shipping-taxable","20":"product-type-simple"},"_links":{"self":[{"href":"https:\/\/www.quartzite-stone.com\/fr\/wp-json\/wp\/v2\/product\/8052","targetHints":{"allow":["GET"]}}],"collection":[{"href":"https:\/\/www.quartzite-stone.com\/fr\/wp-json\/wp\/v2\/product"}],"about":[{"href":"https:\/\/www.quartzite-stone.com\/fr\/wp-json\/wp\/v2\/types\/product"}],"replies":[{"embeddable":true,"href":"https:\/\/www.quartzite-stone.com\/fr\/wp-json\/wp\/v2\/comments?post=8052"}],"wp:featuredmedia":[{"embeddable":true,"href":"https:\/\/www.quartzite-stone.com\/fr\/wp-json\/wp\/v2\/media\/8059"}],"wp:attachment":[{"href":"https:\/\/www.quartzite-stone.com\/fr\/wp-json\/wp\/v2\/media?parent=8052"}],"wp:term":[{"taxonomy":"product_brand","embeddable":true,"href":"https:\/\/www.quartzite-stone.com\/fr\/wp-json\/wp\/v2\/product_brand?post=8052"},{"taxonomy":"product_cat","embeddable":true,"href":"https:\/\/www.quartzite-stone.com\/fr\/wp-json\/wp\/v2\/product_cat?post=8052"},{"taxonomy":"product_tag","embeddable":true,"href":"https:\/\/www.quartzite-stone.com\/fr\/wp-json\/wp\/v2\/product_tag?post=8052"}],"curies":[{"name":"wp","href":"https:\/\/api.w.org\/{rel}","templated":true}]}}