{"id":7876,"date":"2023-07-10T11:56:53","date_gmt":"2023-07-10T03:56:53","guid":{"rendered":"https:\/\/www.quartzite-stone.com\/product\/white-fjord-quartzite\/"},"modified":"2023-07-10T12:42:29","modified_gmt":"2023-07-10T04:42:29","slug":"quartzite-du-fjord-blanc","status":"publish","type":"product","link":"https:\/\/www.quartzite-stone.com\/fr\/products\/white-fjord-quartzite\/","title":{"rendered":"Quartzite du fjord blanc"},"content":{"rendered":"<p>White Fjord Quartzite est un type de pierre naturelle extraite de la terre. Il est connu pour sa belle coloration blanche et grise, avec des motifs et des veines complexes. Le quartzite est form\u00e9 \u00e0 partir de gr\u00e8s qui a subi une chaleur et une pression intenses pendant des millions d&#039;ann\u00e9es, ce qui donne un mat\u00e9riau dense et durable.<\/p>\n<p><img fetchpriority=\"high\" decoding=\"async\" src=\"https:\/\/data.adwebcloud.com\/public\/material\/220426a7q47o\/product\/WhiteFjordQuartzite2_1688961320245.jpg\" width=\"800\" height=\"800\" alt=\"\" \/><\/p>\n<p>White Fjord Quartzite est un choix populaire pour les comptoirs, les rev\u00eatements de sol, les rev\u00eatements muraux et d&#039;autres applications int\u00e9rieures et ext\u00e9rieures. Sa beaut\u00e9 naturelle et ses veines uniques en font une option attrayante pour les styles de design modernes et traditionnels. Il ajoute une touche d&#039;\u00e9l\u00e9gance et de sophistication \u00e0 n&#039;importe quel espace.<\/p>\n<p>En termes d&#039;entretien, White Fjord Quartzite est relativement facile \u00e0 entretenir. Il r\u00e9siste aux taches, aux rayures et \u00e0 la chaleur, ce qui le rend id\u00e9al pour les zones \u00e0 fort trafic. Un scellement et un nettoyage r\u00e9guliers avec un savon doux et de l&#039;eau suffisent g\u00e9n\u00e9ralement \u00e0 lui donner un aspect optimal.<\/p>\n<p><img decoding=\"async\" src=\"https:\/\/data.adwebcloud.com\/public\/material\/220426a7q47o\/product\/WhiteFjordQuartzite7_1688961330867.jpg\" width=\"800\" height=\"800\" alt=\"\" \/><\/p>\n<p>Lorsque vous utilisez White Fjord Quartzite dans vos projets de conception, il est important de se rappeler qu&#039;il s&#039;agit d&#039;une pierre naturelle et qu&#039;il faut s&#039;attendre \u00e0 des variations de couleur, de motif et de veines. Ces variations ajoutent au charme et \u00e0 la singularit\u00e9 du mat\u00e9riau.<\/p>\n<p><img decoding=\"async\" src=\"https:\/\/data.adwebcloud.com\/public\/material\/220426a7q47o\/product\/WhiteFjordQuartzite8_1688961342173.jpg\" width=\"800\" height=\"800\" alt=\"\" \/><\/p>\n<p>Dans l&#039;ensemble, White Fjord Quartzite est une option polyvalente et esth\u00e9tique pour ceux qui cherchent \u00e0 incorporer de la pierre naturelle dans leurs espaces int\u00e9rieurs ou ext\u00e9rieurs. Sa beaut\u00e9 intemporelle et sa durabilit\u00e9 en font un investissement rentable pour tout projet de conception.<\/p><\/p>","protected":false},"excerpt":{"rendered":"<p>White Fjord Quartzite est une pierre naturelle avec une belle coloration blanche et grise, des motifs complexes et des veines.<\/p><\/p>","protected":false},"featured_media":7877,"comment_status":"open","ping_status":"closed","template":"","meta":[],"product_brand":[],"product_cat":[195],"product_tag":[1210,1331,1333,1335,1334,1332,1336,1337,249],"class_list":{"0":"post-7876","1":"product","2":"type-product","3":"status-publish","4":"has-post-thumbnail","6":"product_cat-quartzite","7":"product_tag-crystal-quartzite","8":"product_tag-fjord-quartzite","9":"product_tag-white-fjord-quartzite-countertop","10":"product_tag-white-fjord-quartzite-kitchen","11":"product_tag-white-fjord-quartzite-price","12":"product_tag-white-fjord-quartzite-slab","13":"product_tag-white-fjord-quartzite-vanity","14":"product_tag-white-fjord-quartzite-wall","15":"product_tag-white-quartzite","17":"first","18":"instock","19":"shipping-taxable","20":"product-type-simple"},"_links":{"self":[{"href":"https:\/\/www.quartzite-stone.com\/fr\/wp-json\/wp\/v2\/product\/7876","targetHints":{"allow":["GET"]}}],"collection":[{"href":"https:\/\/www.quartzite-stone.com\/fr\/wp-json\/wp\/v2\/product"}],"about":[{"href":"https:\/\/www.quartzite-stone.com\/fr\/wp-json\/wp\/v2\/types\/product"}],"replies":[{"embeddable":true,"href":"https:\/\/www.quartzite-stone.com\/fr\/wp-json\/wp\/v2\/comments?post=7876"}],"wp:featuredmedia":[{"embeddable":true,"href":"https:\/\/www.quartzite-stone.com\/fr\/wp-json\/wp\/v2\/media\/7877"}],"wp:attachment":[{"href":"https:\/\/www.quartzite-stone.com\/fr\/wp-json\/wp\/v2\/media?parent=7876"}],"wp:term":[{"taxonomy":"product_brand","embeddable":true,"href":"https:\/\/www.quartzite-stone.com\/fr\/wp-json\/wp\/v2\/product_brand?post=7876"},{"taxonomy":"product_cat","embeddable":true,"href":"https:\/\/www.quartzite-stone.com\/fr\/wp-json\/wp\/v2\/product_cat?post=7876"},{"taxonomy":"product_tag","embeddable":true,"href":"https:\/\/www.quartzite-stone.com\/fr\/wp-json\/wp\/v2\/product_tag?post=7876"}],"curies":[{"name":"wp","href":"https:\/\/api.w.org\/{rel}","templated":true}]}}