{"id":7646,"date":"2023-06-29T17:39:48","date_gmt":"2023-06-29T09:39:48","guid":{"rendered":"https:\/\/www.quartzite-stone.com\/product\/aquarella-quartzite\/"},"modified":"2023-06-29T18:36:39","modified_gmt":"2023-06-29T10:36:39","slug":"quartzite-de-laquarelle","status":"publish","type":"product","link":"https:\/\/www.quartzite-stone.com\/fr\/products\/aquarella-quartzite\/","title":{"rendered":"Quartzite Aquarella"},"content":{"rendered":"<p>Aquarella Quartzite est une autre belle pierre naturelle connue pour son aspect unique et captivant. C&#039;est un type de quartzite qui pr\u00e9sente une \u00e9tonnante combinaison de couleurs, y compris des nuances de bleu, de vert, de gris et de blanc.<\/p>\n<p><img fetchpriority=\"high\" decoding=\"async\" src=\"https:\/\/data.adwebcloud.com\/public\/material\/220426a7q47o\/product\/AquarellaQuartzite6_1688031457840.jpg\" width=\"800\" height=\"600\" alt=\"\" \/><\/p>\n<p>Aquarella Quartzite elle-m\u00eame est une roche m\u00e9tamorphique qui se forme \u00e0 partir de gr\u00e8s sous une chaleur et une pression intenses. Ce processus donne \u00e0 Aquarella Quartzite sa durabilit\u00e9 et sa duret\u00e9, ce qui le rend adapt\u00e9 \u00e0 une large gamme d&#039;applications, y compris les comptoirs, les rev\u00eatements de sol, les rev\u00eatements muraux et les accents d\u00e9coratifs.<\/p>\n<p><img decoding=\"async\" src=\"https:\/\/data.adwebcloud.com\/public\/material\/220426a7q47o\/product\/AquarellaQuartzite3_1688031469666.jpg\" width=\"800\" height=\"544\" alt=\"\" \/><\/p>\n<p>Ce qui distingue Aquarella Quartzite, c&#039;est sa palette de couleurs saisissante. Le m\u00e9lange de bleus, de verts, de gris et de blancs cr\u00e9e un effet d&#039;aquarelle, ressemblant aux teintes d&#039;un oc\u00e9an pittoresque ou d&#039;un paysage de plage serein. Cette coloration unique ajoute une sensation de tranquillit\u00e9 et de profondeur \u00e0 n&#039;importe quel espace, ce qui en fait un choix id\u00e9al pour ceux qui recherchent un \u00e9l\u00e9ment de design unique en son genre.<\/p>\n<p>Outre son attrait esth\u00e9tique, Aquarella Quartzite est \u00e9galement tr\u00e8s durable et r\u00e9sistant aux rayures, \u00e0 la chaleur et aux taches. Cela en fait une option pratique pour les zones achaland\u00e9es dans les environnements r\u00e9sidentiels et commerciaux.<\/p>\n<p><img decoding=\"async\" src=\"https:\/\/data.adwebcloud.com\/public\/material\/220426a7q47o\/product\/AquarellaQuartzite4_1688031481656.jpg\" width=\"800\" height=\"600\" alt=\"\" \/><\/p>\n<p>Comme pour toute pierre naturelle, des soins et un entretien appropri\u00e9s sont essentiels pour pr\u00e9server la beaut\u00e9 d&#039;Aquarella Quartzite. Un scellement r\u00e9gulier et un nettoyage doux aideront \u00e0 maintenir son apparence et \u00e0 assurer sa long\u00e9vit\u00e9.<\/p>\n<p>Dans l&#039;ensemble, Aquarella Quartzite offre un m\u00e9lange de beaut\u00e9 et de force exceptionnelles, ce qui en fait un choix populaire pour ceux qui cherchent \u00e0 incorporer une touche d&#039;\u00e9l\u00e9gance et d&#039;art naturel dans leurs projets de design d&#039;int\u00e9rieur.<\/p><\/p>","protected":false},"excerpt":{"rendered":"<p>Aquarella Quartzite est une superbe pierre naturelle avec une palette de couleurs unique de bleu, vert, gris et blanc. C&#039;est une roche m\u00e9tamorphique form\u00e9e de gr\u00e8s sous une chaleur et une pression intenses, offrant durabilit\u00e9 et duret\u00e9 pour diverses applications.<\/p><\/p>","protected":false},"featured_media":7663,"comment_status":"open","ping_status":"closed","template":"","meta":[],"product_brand":[],"product_cat":[195],"product_tag":[1206,1207,1202,1205,1201,1200,1203,1204,1199],"class_list":{"0":"post-7646","1":"product","2":"type-product","3":"status-publish","4":"has-post-thumbnail","6":"product_cat-quartzite","7":"product_tag-aquarela-gold-quartzite","8":"product_tag-aquarella-macauba-quartzite","9":"product_tag-aquarella-quartzite-countertop","10":"product_tag-aquarella-quartzite-kitchen","11":"product_tag-aquarella-quartzite-price","12":"product_tag-aquarella-quartzite-slab","13":"product_tag-aquarella-quartzite-tiles","14":"product_tag-aquarella-quartzite-wall-panel","15":"product_tag-purple-quartzite","17":"first","18":"instock","19":"shipping-taxable","20":"product-type-simple"},"_links":{"self":[{"href":"https:\/\/www.quartzite-stone.com\/fr\/wp-json\/wp\/v2\/product\/7646","targetHints":{"allow":["GET"]}}],"collection":[{"href":"https:\/\/www.quartzite-stone.com\/fr\/wp-json\/wp\/v2\/product"}],"about":[{"href":"https:\/\/www.quartzite-stone.com\/fr\/wp-json\/wp\/v2\/types\/product"}],"replies":[{"embeddable":true,"href":"https:\/\/www.quartzite-stone.com\/fr\/wp-json\/wp\/v2\/comments?post=7646"}],"wp:featuredmedia":[{"embeddable":true,"href":"https:\/\/www.quartzite-stone.com\/fr\/wp-json\/wp\/v2\/media\/7663"}],"wp:attachment":[{"href":"https:\/\/www.quartzite-stone.com\/fr\/wp-json\/wp\/v2\/media?parent=7646"}],"wp:term":[{"taxonomy":"product_brand","embeddable":true,"href":"https:\/\/www.quartzite-stone.com\/fr\/wp-json\/wp\/v2\/product_brand?post=7646"},{"taxonomy":"product_cat","embeddable":true,"href":"https:\/\/www.quartzite-stone.com\/fr\/wp-json\/wp\/v2\/product_cat?post=7646"},{"taxonomy":"product_tag","embeddable":true,"href":"https:\/\/www.quartzite-stone.com\/fr\/wp-json\/wp\/v2\/product_tag?post=7646"}],"curies":[{"name":"wp","href":"https:\/\/api.w.org\/{rel}","templated":true}]}}