{"id":7618,"date":"2023-06-28T18:08:38","date_gmt":"2023-06-28T10:08:38","guid":{"rendered":"https:\/\/www.quartzite-stone.com\/product\/sequoia-brown-quartzite\/"},"modified":"2023-06-28T18:21:27","modified_gmt":"2023-06-28T10:21:27","slug":"quartzite-brun-sequoia","status":"publish","type":"product","link":"https:\/\/www.quartzite-stone.com\/fr\/products\/sequoia-brown-quartzite\/","title":{"rendered":"Quartzite brun s\u00e9quoia"},"content":{"rendered":"<p>Le quartzite brun Sequoia est une pierre naturelle \u00e9tonnante connue pour sa riche couleur brune et ses motifs complexes. Il s'agit d'un type de quartzite form\u00e9 \u00e0 partir de gr\u00e8s et soumis \u00e0 des temp\u00e9ratures et des pressions \u00e9lev\u00e9es pour former un mat\u00e9riau durable et r\u00e9sistant.<\/p>\n<p>Le quartz brun Sequoia se d\u00e9cline dans une gamme de nuances de brun, allant d'une teinte caramel claire \u00e0 une teinte chocolat plus profonde. Ces couleurs chaudes et terreuses apportent chaleur et \u00e9l\u00e9gance \u00e0 tout espace. Les changements de couleur dans les dalles de quartzite brun s\u00e9quoia ajoutent de la profondeur et de l'int\u00e9r\u00eat visuel, cr\u00e9ant un aspect attrayant et unique.<\/p>\n<p><img fetchpriority=\"high\" decoding=\"async\" src=\"https:\/\/data.adwebcloud.com\/public\/material\/220426a7q47o\/product\/hongshanmu2500_1687946807739.jpg\" width=\"600\" height=\"450\" alt=\"Dalle de quartzite brun s\u00e9quoia\" \/><\/p>\n<p>L'une des caract\u00e9ristiques de la quartzite brune Sequoia est son veinage complexe et ses motifs tourbillonnants. Ces motifs naturels se pr\u00e9sentent dans une vari\u00e9t\u00e9 de couleurs, allant de d\u00e9licates volutes \u00e0 des textures rugueuses, dans des nuances de blanc, de gris et m\u00eame d'or. Ces motifs ajoutent une texture visuelle et un mouvement \u00e0 la pierre, ce qui rehausse sa beaut\u00e9 et son caract\u00e8re.<\/p>\n<p>Outre sa beaut\u00e9, la pierre Sequoia Brown Quartz offre une durabilit\u00e9 et des performances exceptionnelles. Elle est tr\u00e8s r\u00e9sistante aux rayures, \u00e0 la chaleur et aux taches et convient \u00e0 une grande vari\u00e9t\u00e9 d'applications. Elle est couramment utilis\u00e9e pour les comptoirs, les sols, les dosserets et les rev\u00eatements muraux afin d'offrir une fonctionnalit\u00e9 et une sensation de naturel et de raffinement.<\/p>\n<p><img decoding=\"async\" src=\"https:\/\/data.adwebcloud.com\/public\/material\/220426a7q47o\/product\/SequoiaBrownQuartzite4_1687946835688.jpg\" width=\"600\" height=\"600\" alt=\"\" \/><\/p>\n<p>Le quartz Redwood est une pierre polyvalente qui s'accorde avec une grande vari\u00e9t\u00e9 de styles de d\u00e9coration. Il se marie bien avec diff\u00e9rentes palettes de couleurs, finitions d'armoires et mat\u00e9riaux de rev\u00eatement de sol, offrant ainsi une grande vari\u00e9t\u00e9 d'options de conception. Qu'il soit utilis\u00e9 comme point central ou comme accent, le quartz Sequoia Brown ajoute une beaut\u00e9 et une \u00e9l\u00e9gance intemporelles \u00e0 n'importe quel espace.<\/p>\n<p><img decoding=\"async\" src=\"https:\/\/data.adwebcloud.com\/public\/material\/220426a7q47o\/product\/SequoiaBrownQuartzite7_1687946854578.jpg\" width=\"600\" height=\"600\" alt=\"\" \/><\/p>\n<p>Il convient de noter que la pierre naturelle, y compris le quartz redwood brown, peut varier en couleur, en grain et en motif. Il est recommand\u00e9 d'examiner et de s\u00e9lectionner les panneaux sp\u00e9cifiques que vous avez l'intention d'utiliser afin de vous assurer qu'ils r\u00e9pondent \u00e0 vos pr\u00e9f\u00e9rences esth\u00e9tiques.<\/p>\n<p>En conclusion, le quartz brun Sequoia est une pierre naturelle attrayante connue pour sa riche couleur brune, son motif complexe et sa durabilit\u00e9 exceptionnelle. Ses tons chauds et terreux, combin\u00e9s \u00e0 sa texture unique, en font un choix populaire pour ajouter de l'\u00e9l\u00e9gance et de la sophistication aux espaces r\u00e9sidentiels et commerciaux.<\/p><\/p>","protected":false},"excerpt":{"rendered":"<p>Sequoia Brown Quartzite est une pierre naturelle avec une riche couleur brune et des motifs complexes. Fabriqu\u00e9 \u00e0 partir de gr\u00e8s, il est durable et r\u00e9sistant, avec des nuances allant du caramel au chocolat. Son veinage complexe et son motif tourbillonnant ajoutent de la texture et du mouvement \u00e0 la pierre. Cette pierre est tr\u00e8s r\u00e9sistante aux rayures, \u00e0 la chaleur et aux taches, ce qui la rend adapt\u00e9e \u00e0 diverses applications. Il est couramment utilis\u00e9 dans les plans de travail, les sols, les dosserets et les rev\u00eatements muraux pour son aspect naturel et raffin\u00e9.<\/p><\/p>","protected":false},"featured_media":7619,"comment_status":"open","ping_status":"closed","template":"","meta":[],"product_brand":[],"product_cat":[195],"product_tag":[1015,1181,1182,1183,1188,1184,1187,1186,1185],"class_list":{"0":"post-7618","1":"product","2":"type-product","3":"status-publish","4":"has-post-thumbnail","6":"product_cat-quartzite","7":"product_tag-brown-quartzite","8":"product_tag-sequoia-brown-quartzite-countertops","9":"product_tag-sequoia-brown-quartzite-price","10":"product_tag-sequoia-brown-quartzite-slab","11":"product_tag-sequoia-brown-quartzite-table","12":"product_tag-sequoia-brown-quartzite-tiles","13":"product_tag-sequoia-brown-quartzite-wall","14":"product_tag-sequoia-quartzite","15":"product_tag-sequoia-wood-quartzite","17":"first","18":"instock","19":"shipping-taxable","20":"product-type-simple"},"_links":{"self":[{"href":"https:\/\/www.quartzite-stone.com\/fr\/wp-json\/wp\/v2\/product\/7618","targetHints":{"allow":["GET"]}}],"collection":[{"href":"https:\/\/www.quartzite-stone.com\/fr\/wp-json\/wp\/v2\/product"}],"about":[{"href":"https:\/\/www.quartzite-stone.com\/fr\/wp-json\/wp\/v2\/types\/product"}],"replies":[{"embeddable":true,"href":"https:\/\/www.quartzite-stone.com\/fr\/wp-json\/wp\/v2\/comments?post=7618"}],"wp:featuredmedia":[{"embeddable":true,"href":"https:\/\/www.quartzite-stone.com\/fr\/wp-json\/wp\/v2\/media\/7619"}],"wp:attachment":[{"href":"https:\/\/www.quartzite-stone.com\/fr\/wp-json\/wp\/v2\/media?parent=7618"}],"wp:term":[{"taxonomy":"product_brand","embeddable":true,"href":"https:\/\/www.quartzite-stone.com\/fr\/wp-json\/wp\/v2\/product_brand?post=7618"},{"taxonomy":"product_cat","embeddable":true,"href":"https:\/\/www.quartzite-stone.com\/fr\/wp-json\/wp\/v2\/product_cat?post=7618"},{"taxonomy":"product_tag","embeddable":true,"href":"https:\/\/www.quartzite-stone.com\/fr\/wp-json\/wp\/v2\/product_tag?post=7618"}],"curies":[{"name":"wp","href":"https:\/\/api.w.org\/{rel}","templated":true}]}}