{"id":7186,"date":"2023-06-27T11:35:22","date_gmt":"2023-06-27T03:35:22","guid":{"rendered":"https:\/\/www.quartzite-stone.com\/product\/iceberg-multicolor-quartzite\/"},"modified":"2023-06-27T12:07:16","modified_gmt":"2023-06-27T04:07:16","slug":"quartzite-multicolore-iceberg","status":"publish","type":"product","link":"https:\/\/www.quartzite-stone.com\/fr\/products\/iceberg-multicolor-quartzite\/","title":{"rendered":"Iceberg Multicolore Quartzite"},"content":{"rendered":"<p><strong>Iceberg Multicolor Polish quartzite\/Antartide Quartzite Countertops&nbsp;<\/strong><\/p>\n<p>Notre soci\u00e9t\u00e9 HRST STONE est situ\u00e9e \u00e0 Xiamen, en Chine, et poss\u00e8de sa propre usine pour la conception et la fabrication de comptoirs et m\u00eame de carreaux pour les cuisines, les salles de bains, les foyers, les chemin\u00e9es et l'environnement des chemin\u00e9es dans des projets et des d\u00e9corations d'int\u00e9rieur et d'ext\u00e9rieur.<\/p>\n<p>Iceberg Multicolor Leather\/Polished surface est \u00e9galement disponible en stock avec plus de 2000m2 en stock dans diff\u00e9rentes options de motifs de dalles. Ce quartzite Iceberg Multicolor, \u00e9galement appel\u00e9 Antartide, est une pierre fantastique qui pr\u00e9sente un paysage de vagues bleues, vertes, gris clair et blanches, dans des patrons de couleurs multiples et qui semble tr\u00e8s simple et propre de la vue d'ensemble de la dalle. En outre, cette pierre de quartzite peut \u00eatre utilis\u00e9e comme \u00e9clairage d'appoint pour les comptoirs int\u00e9rieurs ou les murs d'acent, car cette pierre poss\u00e8de des qualit\u00e9s cristallines et aquatiques qui la font briller sous n'importe quelle lumi\u00e8re.<\/p>\n<p><img decoding=\"async\" src=\"https:\/\/data.adwebcloud.com\/public\/material\/220426a7q47o\/product\/blobid0_1662347159129.jpg\" \/><\/p>\n<p>Le quartzite bleu Iceberg est une pierre naturelle bleue qui pr\u00e9sente de bonnes qualit\u00e9s de transmission de la lumi\u00e8re. Les veines de cette dalle, qui sont essentiellement de larges bandes, sont principalement constitu\u00e9es de bleu, de vert clair et d'une infime quantit\u00e9 de gris clair. Toute la surface de la dalle est tr\u00e8s fine, claire comme du cristal et ressemble \u00e0 un motif de cristal bleu.<br \/>La pierre naturelle connue sous le nom de quartzite bleu Iceberg pr\u00e9sente un degr\u00e9 tr\u00e8s \u00e9lev\u00e9 de duret\u00e9, de r\u00e9sistance \u00e0 la chaleur et de r\u00e9sistance aux taches. Les dalles de quartzite ont une surface lisse, plate et sans rayures. Elles sont faciles \u00e0 nettoyer gr\u00e2ce \u00e0 leur structure solide et non poreuse. Par cons\u00e9quent, le quartzite est un excellent mat\u00e9riau pour fabriquer des dessus de table de salle \u00e0 manger et de table basse, des tabourets de bar, des vanit\u00e9s de salle de bain, des comptoirs de cuisine, des carreaux de sol et de mur int\u00e9rieurs, des marches d'escalier, etc.<\/p>\n<p><img decoding=\"async\" src=\"https:\/\/data.adwebcloud.com\/public\/material\/220426a7q47o\/product\/blobid1_1662347190638.jpg\" \/><\/p>\n<p>Le quartzite bleu Iceberg pr\u00e9sente des veines plus fonc\u00e9es qui se d\u00e9tachent sur un fond bleu clair. Les formations cristallines de cette calcite br\u00e9silienne sont de grande taille et tr\u00e8s coh\u00e9rentes dans le motif de la dalle, ce qui la rend plus r\u00e9sistante que le marbre et plus douce que le quartzite. Elle est id\u00e9ale pour la fabrication de comptoirs, de meubles-lavabos et d'autres accessoires d'int\u00e9rieur, comme les tables de meubles.<\/p>\n<p>Le quartzite br\u00e9silien appel\u00e9 Iceberg Blue Quartzite est un quartzite bleu p\u00e2le. Les dalles de 2 centim\u00e8tres et de 3 cm de ce quartzite poli r\u00e9sistant sont facilement accessibles et conviennent parfaitement aux utilisations en ext\u00e9rieur, en int\u00e9rieur et dans les salles de bains.<\/p>\n<p>La pierre bleu clair appel\u00e9e quartzite bleu Iceberg est entour\u00e9e de taches blanches, grises et bleu plus fonc\u00e9. Le quartzite Iceberg Multicolor Polish est un autre nom pour cette pierre. La texture de ce quartzite est agr\u00e9able sans \u00eatre dominante ou dramatique. Cette pierre conviendrait \u00e0 n'importe quelle maison. C'est une merveilleuse illustration de la beaut\u00e9 que la nature est capable de cr\u00e9er. Elle sera parfaite partout dans la maison, y compris sur les plans de travail, les plans de toilette de la salle de bains principale et d'autres \u00e9l\u00e9ments de d\u00e9coration.<\/p>\n<p><img decoding=\"async\" src=\"https:\/\/data.adwebcloud.com\/public\/material\/220426a7q47o\/product\/blobid2_1662347194427.jpg\" \/><\/p>\n<p>Cette exceptionnelle dalle de quartzite bleu Iceberg peut transformer l'aspect de votre cuisine. Vous aurez non seulement un beau comptoir, mais le quartzite est aussi une pierre tr\u00e8s durable.<\/p>\n<p>Le quartzite bleu Iceberg comprend du quartz cristallin naturel, cr\u00e9\u00e9 lorsqu'un gr\u00e8s riche en quartz subit un m\u00e9tamorphisme, un processus naturel impliquant la chaleur, la pression et l'activit\u00e9 chimique. En raison de sa r\u00e9sistance, de sa duret\u00e9 et de son aspect marbr\u00e9 unique, le quartzite bleu Iceberg est le mat\u00e9riau id\u00e9al pour les surfaces de comptoir.<\/p>\n<p>Le quartzite Iceberg Multicolor Polish est parfait pour les murs d'accent, les dessus de bar, les vanit\u00e9s de salle de bain et bien plus encore.<\/p>\n<p><img decoding=\"async\" src=\"https:\/\/data.adwebcloud.com\/public\/material\/220426a7q47o\/product\/blobid0_1664267428780.jpg\" \/><\/p>\n<p>Le quartzite multicolore Iceberg est un choix tr\u00e8s recherch\u00e9 pour les plans de travail, en raison de sa haute qualit\u00e9 et de sa durabilit\u00e9, qu'il s'agisse d'un fini poli ou d'un fini cuir. Le quartzite Antartide est une dalle de 20 mm d'\u00e9paisseur et constitue \u00e9galement un bon choix pour les dosserets et les plans de travail.<\/p>\n<p>Nous sommes les professionnels de la fourniture de tout marbre, granit, quartzite pour les dalles de qualit\u00e9 sup\u00e9rieure dans les options de comptoirs et nous pouvons m\u00eame fabriquer des comptoirs personnalis\u00e9s et des meubles solides en pierre naturelle comme des tables \u00e0 manger, des dessus de bancs, des tables basses et des tables d'appoint et d'autres. <br \/>Le quartzite polonais multicolore Iceberg est un choix simple et agr\u00e9able.<\/p>\n<p>&nbsp;<\/p>","protected":false},"excerpt":{"rendered":"<p>Le cuir multicolore Iceberg\/la surface polie sont \u00e9galement disponibles en stock avec plus de 2000 m2 en stock dans diff\u00e9rentes options de motifs de dalles. Cette pierre de quartzite peut \u00eatre r\u00e9tro-\u00e9clair\u00e9e pour les comptoirs int\u00e9rieurs ou les murs d&#039;accent.<\/p>","protected":false},"featured_media":7217,"comment_status":"open","ping_status":"closed","template":"","meta":[],"product_brand":[],"product_cat":[195],"product_tag":[308,316,314,315,364,313,311,317,310,312],"class_list":{"0":"post-7186","1":"product","2":"type-product","3":"status-publish","4":"has-post-thumbnail","6":"product_cat-quartzite","7":"product_tag-antartide-quartzite-countertops","8":"product_tag-blue-color-stone","9":"product_tag-blue-quartzite-for-countertop","10":"product_tag-blue-stone-furniture","11":"product_tag-iceberg-blue-quartzite","12":"product_tag-iceberg-multicolor-countertops","13":"product_tag-iceberg-multicolor-leathered-quartzite","14":"product_tag-iceberg-multicolor-marble","15":"product_tag-iceberg-multicolor-polish-quartzite","16":"product_tag-iceberg-multicolor-quartzite","18":"first","19":"instock","20":"shipping-taxable","21":"product-type-simple"},"_links":{"self":[{"href":"https:\/\/www.quartzite-stone.com\/fr\/wp-json\/wp\/v2\/product\/7186","targetHints":{"allow":["GET"]}}],"collection":[{"href":"https:\/\/www.quartzite-stone.com\/fr\/wp-json\/wp\/v2\/product"}],"about":[{"href":"https:\/\/www.quartzite-stone.com\/fr\/wp-json\/wp\/v2\/types\/product"}],"replies":[{"embeddable":true,"href":"https:\/\/www.quartzite-stone.com\/fr\/wp-json\/wp\/v2\/comments?post=7186"}],"wp:featuredmedia":[{"embeddable":true,"href":"https:\/\/www.quartzite-stone.com\/fr\/wp-json\/wp\/v2\/media\/7217"}],"wp:attachment":[{"href":"https:\/\/www.quartzite-stone.com\/fr\/wp-json\/wp\/v2\/media?parent=7186"}],"wp:term":[{"taxonomy":"product_brand","embeddable":true,"href":"https:\/\/www.quartzite-stone.com\/fr\/wp-json\/wp\/v2\/product_brand?post=7186"},{"taxonomy":"product_cat","embeddable":true,"href":"https:\/\/www.quartzite-stone.com\/fr\/wp-json\/wp\/v2\/product_cat?post=7186"},{"taxonomy":"product_tag","embeddable":true,"href":"https:\/\/www.quartzite-stone.com\/fr\/wp-json\/wp\/v2\/product_tag?post=7186"}],"curies":[{"name":"wp","href":"https:\/\/api.w.org\/{rel}","templated":true}]}}