{"id":6173,"date":"2023-05-18T10:15:58","date_gmt":"2023-05-18T02:15:58","guid":{"rendered":"https:\/\/www.quartzite-stone.com\/product\/patagonia-alpha-granite\/"},"modified":"2023-05-18T11:06:17","modified_gmt":"2023-05-18T03:06:17","slug":"patagonia-alpha-granite-2","status":"publish","type":"product","link":"https:\/\/www.quartzite-stone.com\/fr\/products\/patagonia-alpha-granite\/","title":{"rendered":"Patagonie Alpha Granit"},"content":{"rendered":"<p style=\"line-height: 1.5\"><strong>Patagonie Alpha Granit<\/strong><\/p>\n<p>&nbsp; &nbsp; Lorsque vous achetez des pierres de luxe, regardez Patagonia Alpha. Sa couleur et sa texture peuvent attraper nos c\u0153urs en un coup d&#039;\u0153il, transformant l&#039;espace en texture, composition, ton et couleur, avec des couches distinctes, pleines de vie et pleines d&#039;\u00e9nergie.<\/p>\n<p>&nbsp; &nbsp; En grec ancien, &quot;Pa&quot; signifie tout et &quot;to&quot; signifie cadeau. La belle signification inspire les commer\u00e7ants lors de la d\u00e9nomination des marques et est encore plus populaire parmi les consommateurs. La mythique bo\u00eete de Pandore est pleine de myst\u00e8re et de curiosit\u00e9, et la pierre de luxe nomm\u00e9e Patagonia Alpha ne m\u00e9nage aucun effort pour mettre en valeur le style myst\u00e9rieux de l&#039;exotisme. La texture des couleurs naturelles, l&#039;affichage du luxe l\u00e9ger et des couleurs \u00e0 la mode, et les cristaux de cristal sont transparents et transmettent la lumi\u00e8re comme s&#039;ils enregistraient le secret du temps.<\/p>\n<p><img decoding=\"async\" src=\"https:\/\/data.adwebcloud.com\/public\/material\/220426a7q47o\/product\/naturalPatagoniaGranitetablp_1684376078409.jpg\" alt=\"\" \/><\/p>\n<p>&nbsp; &nbsp; Diff\u00e9rent de nombreuses pierres de luxe, il a le mat\u00e9riau du cristal. Ce mat\u00e9riau sp\u00e9cial a \u00e9t\u00e9 tremp\u00e9 par le temps comme s&#039;il avait enregistr\u00e9 les secrets de pr\u00e9cieux tr\u00e9sors du pass\u00e9. C&#039;est l&#039;une des raisons pour lesquelles Patagonia Alpha est si populaire.<\/p>\n<p>&nbsp; &nbsp; La dalle Patagonia est compos\u00e9e de gris, de blanc, d&#039;or et de noir, et la texture change comme des vagues. Lustre en pierre naturelle, pr\u00e9sentant le comportement \u00e9l\u00e9gant de l&#039;art et de la nature. Incorporez Patagonia Alpha dans l&#039;espace, donnez \u00e0 l&#039;espace un sens du myst\u00e8re, injectez une touche de couleur et de mode dans l&#039;espace et ajoutez un peu de plaisir \u00e0 la vie.<\/p>\n<p>&nbsp; &nbsp; Les textures en couches compl\u00e9t\u00e9es par des embellissements rendent l&#039;espace sauvage et non d\u00e9sordonn\u00e9, soulignant la collision de la texture et de la couleur. Chaque pi\u00e8ce de Patagonia Alpha est une &quot;\u0153uvre d&#039;art&quot; soigneusement con\u00e7ue, qu&#039;elle soit appliqu\u00e9e au mur ou au sol, elle est \u00e0 la fois pratique et d\u00e9corative.<\/p>\n<p>&nbsp; &nbsp; La combinaison de la texture artistique et des diff\u00e9rents mat\u00e9riaux de Patagonia, ainsi que la colocalisation ing\u00e9nieuse des textures, des couleurs et des mat\u00e9riaux am\u00e9liorent non seulement la pl\u00e9nitude de la surface d\u00e9corative de l&#039;espace, mais maintiennent \u00e9galement l&#039;espace dans un \u00e9tat \u00e9quilibr\u00e9, sans donner \u00e0 l&#039;espace un aspect trop terne ni fatiguer vos yeux.<img fetchpriority=\"high\" decoding=\"async\" src=\"https:\/\/data.adwebcloud.com\/public\/material\/220426a7q47o\/product\/PatagoniaGraniteSlab_1684376090361.jpg\" width=\"750\" height=\"600\" alt=\"\" \/><\/p>\n<p>&nbsp; &nbsp; L&#039;espace cuisine et salle de bain est si simple et sans pr\u00e9tention, mais gr\u00e2ce \u00e0 une pierre de luxe Patagonia Alpha, il montre sa noblesse et son go\u00fbt. Et int\u00e9grez une force charmante entre beaut\u00e9 et magie dans la vie de la cuisine.<\/p>\n<p>&nbsp; &nbsp; Ce granit magnifique et unique pr\u00e9sente une palette de tons gris chauds, accentu\u00e9s par des teintes blanches, noires et brunes dans des motifs tourbillonnants qui ressemblent \u00e0 des vagues dans l&#039;oc\u00e9an.<\/p>\n<p>&nbsp; &nbsp; Le granit Patagonia Alpha est un excellent choix pour les comptoirs et les vanit\u00e9s, car il est tr\u00e8s durable, r\u00e9sistant aux rayures et aux taches et facile \u00e0 entretenir. Sa beaut\u00e9 naturelle et ses motifs uniques en font un excellent choix pour les espaces r\u00e9sidentiels et commerciaux.<\/p>\n<p>&nbsp; &nbsp; De plus, ce granit est tr\u00e8s populaire sur votre march\u00e9 en raison de sa beaut\u00e9, de sa fonctionnalit\u00e9 et de sa polyvalence uniques. Il a \u00e9t\u00e9 recommand\u00e9 par de nombreux propri\u00e9taires, constructeurs et architectes pour une utilisation dans les cuisines, les salles de bains et les projets d&#039;am\u00e9nagement paysager ext\u00e9rieur.<\/p>\n<p>&nbsp; &nbsp; Chez HRST Stone, nous sommes fiers de ne proposer que des produits de qualit\u00e9 sup\u00e9rieure, notamment le granit Patagonia Alpha. Notre \u00e9quipe d'experts est \u00e0 votre disposition pour vous aider \u00e0 choisir le granit le mieux adapt\u00e9 \u00e0 vos besoins sp\u00e9cifiques et pour r\u00e9pondre \u00e0 toutes les questions que vous pourriez avoir sur nos produits ou services.<img decoding=\"async\" src=\"https:\/\/data.adwebcloud.com\/public\/material\/220426a7q47o\/product\/Patagoniaslab_1684376100412.jpg\" alt=\"\" \/><\/p>","protected":false},"excerpt":{"rendered":"<p>Un granit clair saisissant avec des motifs spectaculaires. Le granit Patagonia Alpha contient de gros cristaux de feldspath, de quartz et de biotite. La duret\u00e9 et la durabilit\u00e9 de cette pierre la rendent id\u00e9ale pour les plans de travail de cuisine, les dessus de vanit\u00e9, les dessus de table, les dessus de bar et les dosserets.<\/p>","protected":false},"featured_media":6178,"comment_status":"open","ping_status":"closed","template":"","meta":[],"product_brand":[],"product_cat":[205],"product_tag":[826,829,821,824,823,788,827,825,828,822],"class_list":{"0":"post-6173","1":"product","2":"type-product","3":"status-publish","4":"has-post-thumbnail","6":"product_cat-granite","7":"product_tag-patagonia-alpha-granite-background-wall","8":"product_tag-patagonia-alpha-granite-coffee-table","9":"product_tag-patagonia-alpha-granite-countertop","10":"product_tag-patagonia-alpha-granite-slab","11":"product_tag-patagonia-alpha-granite-tiles","12":"product_tag-patagonia-granite-home-decor","13":"product_tag-patagonia-granite-table-top","14":"product_tag-patagonia-granite-vanity-top","15":"product_tag-patagonia-granite-wall-tiles","16":"product_tag-patagonia-original-granite","18":"first","19":"instock","20":"shipping-taxable","21":"product-type-simple"},"_links":{"self":[{"href":"https:\/\/www.quartzite-stone.com\/fr\/wp-json\/wp\/v2\/product\/6173","targetHints":{"allow":["GET"]}}],"collection":[{"href":"https:\/\/www.quartzite-stone.com\/fr\/wp-json\/wp\/v2\/product"}],"about":[{"href":"https:\/\/www.quartzite-stone.com\/fr\/wp-json\/wp\/v2\/types\/product"}],"replies":[{"embeddable":true,"href":"https:\/\/www.quartzite-stone.com\/fr\/wp-json\/wp\/v2\/comments?post=6173"}],"wp:featuredmedia":[{"embeddable":true,"href":"https:\/\/www.quartzite-stone.com\/fr\/wp-json\/wp\/v2\/media\/6178"}],"wp:attachment":[{"href":"https:\/\/www.quartzite-stone.com\/fr\/wp-json\/wp\/v2\/media?parent=6173"}],"wp:term":[{"taxonomy":"product_brand","embeddable":true,"href":"https:\/\/www.quartzite-stone.com\/fr\/wp-json\/wp\/v2\/product_brand?post=6173"},{"taxonomy":"product_cat","embeddable":true,"href":"https:\/\/www.quartzite-stone.com\/fr\/wp-json\/wp\/v2\/product_cat?post=6173"},{"taxonomy":"product_tag","embeddable":true,"href":"https:\/\/www.quartzite-stone.com\/fr\/wp-json\/wp\/v2\/product_tag?post=6173"}],"curies":[{"name":"wp","href":"https:\/\/api.w.org\/{rel}","templated":true}]}}