{"id":6154,"date":"2023-05-17T11:59:03","date_gmt":"2023-05-17T03:59:03","guid":{"rendered":"https:\/\/www.quartzite-stone.com\/product\/palissandro-marble\/"},"modified":"2023-08-18T17:00:24","modified_gmt":"2023-08-18T09:00:24","slug":"marbre-palissandre","status":"publish","type":"product","link":"https:\/\/www.quartzite-stone.com\/fr\/products\/palissandro-marble\/","title":{"rendered":"Chine Marbre Palissandro"},"content":{"rendered":"<p><strong>Marbre Palissandro<\/strong><\/p>\n<p style=\"line-height: 1.5\">&nbsp; &nbsp; Le marbre Palissandro, \u00e9galement connu sous le nom de Palissandria en italien, est un type de marbre extrait \u00e0 Vicenza, en Italie. Il est g\u00e9n\u00e9ralement de couleur bleu-gris, blanc argent\u00e9 ou bleu fonc\u00e9 et a souvent des veines distinctes et tourbillonnantes. Bien qu&#039;il soit exploit\u00e9 depuis le d\u00e9but de l&#039;\u00e9poque romaine, sa popularit\u00e9 a augment\u00e9 ces derni\u00e8res ann\u00e9es.<\/p>\n<p style=\"line-height: 1.5\">&nbsp; &nbsp; Le marbre Palissandro est cr\u00e9\u00e9 lorsque du calcaire pur est chauff\u00e9 sous haute pression et transform\u00e9 en marbre. Le calcaire est le mat\u00e9riau de base utilis\u00e9 dans ce type de marbre, ce qui le rend tr\u00e8s durable et r\u00e9sistant aux taches. De plus, il est tr\u00e8s dense et a un faible taux d&#039;absorption d&#039;eau, ce qui le rend id\u00e9al pour une utilisation dans les zones humides. En cons\u00e9quence, il est souvent utilis\u00e9 dans les salles de bain, les cuisines et tout autre endroit qui doit \u00eatre prot\u00e9g\u00e9 de l&#039;humidit\u00e9.<img fetchpriority=\"high\" decoding=\"async\" src=\"https:\/\/data.adwebcloud.com\/public\/material\/220426a7q47o\/product\/PalissandroMarbleTile_1684295861667.jpg\" width=\"750\" height=\"600\" alt=\"\" \/><\/p>\n<p style=\"line-height: 1.5\">&nbsp; &nbsp; Le marbre Palissandro a une vari\u00e9t\u00e9 d&#039;utilisations, \u00e0 la fois pratiques et d\u00e9coratives. En raison de sa r\u00e9sistance et de sa durabilit\u00e9, c&#039;est un excellent choix pour les planchers et les comptoirs et peut \u00e9galement \u00eatre utilis\u00e9 pour les foyers et les manteaux. Il a \u00e9galement fi\u00e8re allure comme dosseret, car il peut rassembler n&#039;importe quelle pi\u00e8ce avec sa couleur et sa texture uniques.<\/p>\n<p style=\"line-height: 1.5\">&nbsp; &nbsp; &nbsp;Le marbre Palissandro est \u00e9galement populaire pour sa beaut\u00e9 subtile. Ses tourbillons bleu-gris ou blanc argent\u00e9 sont uniques et ne ressemblent \u00e0 aucun autre type de marbre. Chaque pi\u00e8ce est unique et il n&#039;y a pas deux pi\u00e8ces identiques. Cela en fait un excellent choix pour ceux qui recherchent un \u00e9l\u00e9ment unique dans leur maison.<\/p>\n<p style=\"line-height: 1.5\">&nbsp; &nbsp; L&#039;un des plus grands avantages du marbre Palissandro est qu&#039;il a fi\u00e8re allure dans pratiquement toutes les maisons. Sa couleur subtile et ses veines distinctes peuvent \u00eatre utilis\u00e9es pour cr\u00e9er des accents accrocheurs ou pour cr\u00e9er une d\u00e9claration audacieuse dans n&#039;importe quelle pi\u00e8ce. De plus, il est beaucoup plus abordable que de nombreux autres types de marbre et peut \u00eatre trouv\u00e9 en plus petits morceaux, ce qui en fait un excellent choix pour ceux qui n&#039;ont pas un gros budget.<img decoding=\"async\" src=\"https:\/\/data.adwebcloud.com\/public\/material\/220426a7q47o\/product\/PalissandroMarbleWallDecoran_1684295869985.jpg\" width=\"750\" height=\"600\" alt=\"\" \/><\/p>\n<p style=\"line-height: 1.5\">&nbsp; &nbsp; Dans l&#039;ensemble, Palissandro Marble est un beau choix qui peut \u00eatre utilis\u00e9 de diff\u00e9rentes fa\u00e7ons pour ajouter du style, de l&#039;\u00e9l\u00e9gance et de la durabilit\u00e9 \u00e0 n&#039;importe quelle maison. Qu&#039;il s&#039;agisse d&#039;ajouter une touche de luxe \u00e0 une salle de bain ou une cuisine r\u00e9sidentielle ou de l&#039;utiliser comme dosseret pour cr\u00e9er un superbe point focal, ce type de marbre peut rendre n&#039;importe quelle maison plus luxueuse. Avec sa couleur unique, ses veines distinctes et son prix abordable, il n&#039;est pas \u00e9tonnant que le marbre Palissandro soit un choix de plus en plus populaire pour les propri\u00e9taires du monde entier.<\/p>\n<p style=\"line-height: 1.5\">&nbsp; &nbsp; Le marbre Palissandro est l&#039;une de nos pierres les plus populaires et les plus recherch\u00e9es. C&#039;est un marbre beau et \u00e9l\u00e9gant, connu pour ses veines grises et bleu-gris uniques qui traversent un fond blanc cr\u00e8me. Il est parfait pour une utilisation dans des projets r\u00e9sidentiels haut de gamme et des espaces commerciaux prestigieux.<\/p>\n<p style=\"line-height: 1.5\">&nbsp; &nbsp; Nous proposons le marbre Palissandro dans une gamme de finitions, notamment polie, adoucie, bross\u00e9e et cuir\u00e9e. Il est disponible en dalles ainsi qu&#039;en carreaux de diff\u00e9rentes tailles pour r\u00e9pondre \u00e0 vos besoins sp\u00e9cifiques. Quant au prix, cela d\u00e9pendra de la quantit\u00e9 et de la taille de la commande. Veuillez nous fournir les d\u00e9tails de votre projet, et nous nous ferons un plaisir de vous faire une soumission.<img decoding=\"async\" src=\"https:\/\/data.adwebcloud.com\/public\/material\/220426a7q47o\/product\/NaturalChinaPalissandroMarbe_1684295884539.jpg\" width=\"750\" height=\"600\" alt=\"\" \/><\/p>","protected":false},"excerpt":{"rendered":"<p>Le marbre Palissandro est une sorte de marbre argent-bleu-gris extrait en Chine. Cette pierre est particuli\u00e8rement adapt\u00e9e aux applications ext\u00e9rieures - murs et sols int\u00e9rieurs, monuments, comptoirs, mosa\u00efques, fontaines, couronnements de piscines et de murs, escaliers, rebords de fen\u00eatres, etc., et autres projets de conception.<\/p>","protected":false},"featured_media":8407,"comment_status":"open","ping_status":"closed","template":"","meta":[],"product_brand":[],"product_cat":[175],"product_tag":[809,802,808,803,804,807,810,801,805,806],"class_list":{"0":"post-6154","1":"product","2":"type-product","3":"status-publish","4":"has-post-thumbnail","6":"product_cat-marble","7":"product_tag-blue-sand-marble-furniture-table","8":"product_tag-blue-sand-marble-marble","9":"product_tag-blue-sand-marble-table","10":"product_tag-blue-sand-stone-flooring-tiles","11":"product_tag-china-palissandro-bluette-marble-vanity-top","12":"product_tag-marmo-palissandro-blu-azzurro","13":"product_tag-palissandro-azzurro-marble-accent-wall","14":"product_tag-palissandro-azzurro-marble-countertop","15":"product_tag-palissandro-marble-island-top","16":"product_tag-palissandro-marble-tile","18":"first","19":"instock","20":"shipping-taxable","21":"product-type-simple"},"_links":{"self":[{"href":"https:\/\/www.quartzite-stone.com\/fr\/wp-json\/wp\/v2\/product\/6154","targetHints":{"allow":["GET"]}}],"collection":[{"href":"https:\/\/www.quartzite-stone.com\/fr\/wp-json\/wp\/v2\/product"}],"about":[{"href":"https:\/\/www.quartzite-stone.com\/fr\/wp-json\/wp\/v2\/types\/product"}],"replies":[{"embeddable":true,"href":"https:\/\/www.quartzite-stone.com\/fr\/wp-json\/wp\/v2\/comments?post=6154"}],"wp:featuredmedia":[{"embeddable":true,"href":"https:\/\/www.quartzite-stone.com\/fr\/wp-json\/wp\/v2\/media\/8407"}],"wp:attachment":[{"href":"https:\/\/www.quartzite-stone.com\/fr\/wp-json\/wp\/v2\/media?parent=6154"}],"wp:term":[{"taxonomy":"product_brand","embeddable":true,"href":"https:\/\/www.quartzite-stone.com\/fr\/wp-json\/wp\/v2\/product_brand?post=6154"},{"taxonomy":"product_cat","embeddable":true,"href":"https:\/\/www.quartzite-stone.com\/fr\/wp-json\/wp\/v2\/product_cat?post=6154"},{"taxonomy":"product_tag","embeddable":true,"href":"https:\/\/www.quartzite-stone.com\/fr\/wp-json\/wp\/v2\/product_tag?post=6154"}],"curies":[{"name":"wp","href":"https:\/\/api.w.org\/{rel}","templated":true}]}}