{"id":5974,"date":"2023-05-09T10:57:41","date_gmt":"2023-05-09T02:57:41","guid":{"rendered":"https:\/\/www.quartzite-stone.com\/product\/natural-cristallo-white-quartzite\/"},"modified":"2023-06-27T10:57:43","modified_gmt":"2023-06-27T02:57:43","slug":"natural-cristallo-white-quartzite","status":"publish","type":"product","link":"https:\/\/www.quartzite-stone.com\/fr\/products\/natural-cristallo-white-quartzite\/","title":{"rendered":"Cristallo Blanc Quartzite"},"content":{"rendered":"<p><strong>Cristallo Blanc Quartzite <\/strong><\/p>\n<p style=\"line-height: 1.5\">Le quartzite naturel est color\u00e9, riche en texture, plein de charme exotique et myst\u00e9rieux, et chaque assiette est diff\u00e9rente et peut \u00eatre peinte ind\u00e9pendamment. en termes de structure mat\u00e9rielle, de duret\u00e9 et de r\u00e9sistance \u00e0 l&#039;usure, ils sont meilleurs que le granit\u00a0; La quartzite a \u00e9galement une caract\u00e9ristique qui lui est propre, c&#039;est-\u00e0-dire qu&#039;elle a une certaine transparence partielle, semblable aux cristaux.<br \/>Le gr\u00e8s est d&#039;abord m\u00e9tamorphos\u00e9 en quartzite, une roche dure et m\u00e9tamorphique, par la chaleur et la pression provoqu\u00e9es par la compression tectonique. En raison de sa solidit\u00e9, le quartzite est principalement r\u00e9sistant \u00e0 l&#039;\u00e9rosion et aux intemp\u00e9ries, ce qui le rend appropri\u00e9 pour une utilisation comme rev\u00eatement de sol, marches d&#039;escalier, rev\u00eatements muraux et tuiles de toiture. Le quartzite est de plus en plus utilis\u00e9 \u00e0 l&#039;int\u00e9rieur comme meuble et pour les surfaces de comptoir. En raison de diff\u00e9rentes concentrations d&#039;oxyde de fer, le quartzite pur peut \u00e9galement se d\u00e9velopper dans une vari\u00e9t\u00e9 de teintes roses et rouges en plus de sa gamme de couleurs neutres typiques allant du blanc au gris.<\/p>\n<p style=\"line-height: 1.5\"><img fetchpriority=\"high\" decoding=\"async\" src=\"https:\/\/data.adwebcloud.com\/public\/material\/220426a7q47o\/product\/CristalloWhiteQuartziteSlab_1683600959313.jpg\" width=\"750\" height=\"600\" alt=\"\" style=\"float: left\" \/><\/p>\n<p style=\"line-height: 1.5\">\n<p style=\"line-height: 1.5\">\n<p style=\"line-height: 1.5\">\n<p style=\"line-height: 1.5\">\n<p style=\"line-height: 1.5\">\n<p style=\"line-height: 1.5\">\n<p style=\"line-height: 1.5\">\n<p style=\"line-height: 1.5\">\n<p style=\"line-height: 1.5\">\n<p style=\"line-height: 1.5\">\n<p style=\"line-height: 1.5\">\n<p style=\"line-height: 1.5\">\n<p style=\"line-height: 1.5\">\n<p style=\"line-height: 1.5\">\n<p style=\"line-height: 1.5\">\n<p style=\"line-height: 1.5\">\n<p style=\"line-height: 1.5\">\n<p style=\"line-height: 1.5\">\n<p style=\"line-height: 1.5\">\n<p style=\"line-height: 1.5\">\n<p style=\"line-height: 1.5\">Cristallo est un quartzite exotique du Br\u00e9sil. Il se distingue par un fond en cristal transparent avec des infiltrations dor\u00e9es, ce qui le rend id\u00e9al pour les espaces int\u00e9rieurs, en particulier ceux qui sont r\u00e9tro-\u00e9clair\u00e9s.<br \/>Les dalles de quartzite blanc sont une pierre belle et pratique qui \u00e9tait auparavant consid\u00e9r\u00e9e comme le summum du luxe. C&#039;est une option \u00e9tonnante et robuste qui est id\u00e9ale pour une vari\u00e9t\u00e9 d&#039;applications, y compris les sols et les cuisines. C&#039;est une pierre intemporelle qui r\u00e9sistera mieux aux coups et aux rayures que le calcaire et d&#039;autres pierres naturelles comparables car elle a \u00e9t\u00e9 form\u00e9e sous une chaleur et une pression intenses. \u00c0 chaque fois, il se distingue par ses teintes sophistiqu\u00e9es et ses motifs \u00ab marbr\u00e9s \u00bb, qui conf\u00e8rent \u00e0 chacune des surfaces des dalles de quartzite blanc de vos clients une touche particuli\u00e8re et raffin\u00e9e.<\/p>\n<p style=\"line-height: 1.5\"><img decoding=\"async\" src=\"https:\/\/data.adwebcloud.com\/public\/material\/220426a7q47o\/product\/LuxuryWhiteQuartzite_1683600965857.jpg\" width=\"750\" height=\"600\" alt=\"\" \/><br \/>Cristallo Quartzite n&#039;est que l&#039;une des nombreuses pierres naturelles que nous proposons dans nos salles d&#039;exposition. Choisir la pierre id\u00e9ale pour votre maison peut \u00eatre tr\u00e8s difficile car chaque pierre naturelle a ses propres propri\u00e9t\u00e9s et facteurs \u00e0 prendre en compte. Concentrons-nous sur cette pierre naturelle vraiment populaire et \u00e9tonnante, Cristallo Quartzite, pour vous aider \u00e0 faire le meilleur choix.<br \/>Depuis plus d&#039;une d\u00e9cennie, un comptoir Cristallo Quartzite est un \u00e9l\u00e9ment tr\u00e8s recherch\u00e9 dans les cuisines, les comptoirs de bar et les salles de bains haut de gamme. Cristallo Quartzite est une pierre magnifique et polyvalente qui peut \u00eatre utilis\u00e9e pour les comptoirs, les applications murales et les luminaires \u00e0 la mode. Sa qualit\u00e9 cristalline fascinante et sa durabilit\u00e9 robuste font de Cristallo Quartzite un excellent choix pour un luminaire domestique impressionnant et durable.<\/p>\n<p style=\"line-height: 1.5\"><img decoding=\"async\" src=\"https:\/\/data.adwebcloud.com\/public\/material\/220426a7q47o\/product\/ModernCristalloWhiteQuartzip_1683600972536.jpg\" width=\"750\" height=\"600\" alt=\"\" style=\"float: left\" \/><\/p>\n<p style=\"line-height: 1.5\">\n<p style=\"line-height: 1.5\">\n<p style=\"line-height: 1.5\">\n<p style=\"line-height: 1.5\">\n<p style=\"line-height: 1.5\">\n<p style=\"line-height: 1.5\">\n<p style=\"line-height: 1.5\">\n<p style=\"line-height: 1.5\">\n<p style=\"line-height: 1.5\">\n<p style=\"line-height: 1.5\">\n<p style=\"line-height: 1.5\">\n<p style=\"line-height: 1.5\">\n<p style=\"line-height: 1.5\">\n<p style=\"line-height: 1.5\">\n<p style=\"line-height: 1.5\">\n<p style=\"line-height: 1.5\">\n<p style=\"line-height: 1.5\">\n<p style=\"line-height: 1.5\">\n<p style=\"line-height: 1.5\">\n<p style=\"line-height: 1.5\">\n<p style=\"line-height: 1.5\">Comme la plupart des pierres naturelles, l&#039;apparence de Cristallo peut varier consid\u00e9rablement d&#039;une dalle \u00e0 l&#039;autre. Diff\u00e9rents facteurs, tels que l&#039;emplacement et l&#039;exposition aux \u00e9l\u00e9ments ext\u00e9rieurs, peuvent grandement affecter la couleur et les caract\u00e9ristiques de la pierre.<\/p>\n<p style=\"line-height: 1.5\">Le quartzite Natural Cristallo White a acquis une immense popularit\u00e9 aupr\u00e8s des consommateurs en raison de ses caract\u00e9ristiques uniques par rapport aux autres quartzites. Ce quartzite particulier est tr\u00e8s appr\u00e9ci\u00e9 pour son application en tant que comptoir, mettant en \u00e9vidence ses excellents avantages lorsqu'il est utilis\u00e9 \u00e0 cette fin. HRST Stone dispose d'un vaste inventaire de plus de 10000 pieds carr\u00e9s de ce mat\u00e9riau exquis, avec une \u00e9quipe de travailleurs qualifi\u00e9s et un \u00e9quipement de pointe qui peut r\u00e9pondre \u00e0 vos diff\u00e9rents besoins. Avec sa beaut\u00e9 et sa durabilit\u00e9 in\u00e9gal\u00e9es, le quartzite Natural Cristallo White est le choix parfait pour tout projet de comptoir.<img loading=\"lazy\" decoding=\"async\" src=\"https:\/\/data.adwebcloud.com\/public\/material\/220426a7q47o\/product\/WhiteQuartziteCountertop_1683600984033.jpg\" width=\"750\" height=\"600\" alt=\"\" \/><\/p><\/p>","protected":false},"excerpt":{"rendered":"<p>Cristallo White Quartzite est une superbe pierre blanche et ivoire avec des tons subtils de couleur grise extraite au Br\u00e9sil. Cette pierre est particuli\u00e8rement bonne pour les applications ext\u00e9rieures - murs et sols int\u00e9rieurs, les comptoirs, la mosa\u00efque, les fontaines, les couronnements de piscines et de murs et d&#039;autres projets de conception. Il a \u00e9galement appel\u00e9 Cristallo Extra White Quartzite, Crystalo Quartzite, Cristallo Branco Quartzite, Blanco Cristallo, Bianco Cristallo Quartzite, Cristallo White Quartzite, Crystallo Quartzite.<\/p>","protected":false},"featured_media":7143,"comment_status":"open","ping_status":"closed","template":"","meta":[],"product_brand":[],"product_cat":[195],"product_tag":[693,695,692,701,700,696,697,694,698,699],"class_list":{"0":"post-5974","1":"product","2":"type-product","3":"status-publish","4":"has-post-thumbnail","6":"product_cat-quartzite","7":"product_tag-cristallo-branco-quartzite-slab","8":"product_tag-cristallo-white-quartzite-bathroom-vanity-top","9":"product_tag-cristallo-white-quartzite-countertop","10":"product_tag-cristallo-white-quartzite-furniture-design","11":"product_tag-cristallo-white-quartzite-furniture-table","12":"product_tag-cristallo-white-quartzite-island-top","13":"product_tag-cristallo-white-quartzite-table-top","14":"product_tag-cristallo-white-quartzite-tiles","15":"product_tag-crystallo-quartzite-slabs","16":"product_tag-natural-crystallo-quartzite-background-wall","18":"first","19":"instock","20":"shipping-taxable","21":"product-type-simple"},"_links":{"self":[{"href":"https:\/\/www.quartzite-stone.com\/fr\/wp-json\/wp\/v2\/product\/5974","targetHints":{"allow":["GET"]}}],"collection":[{"href":"https:\/\/www.quartzite-stone.com\/fr\/wp-json\/wp\/v2\/product"}],"about":[{"href":"https:\/\/www.quartzite-stone.com\/fr\/wp-json\/wp\/v2\/types\/product"}],"replies":[{"embeddable":true,"href":"https:\/\/www.quartzite-stone.com\/fr\/wp-json\/wp\/v2\/comments?post=5974"}],"wp:featuredmedia":[{"embeddable":true,"href":"https:\/\/www.quartzite-stone.com\/fr\/wp-json\/wp\/v2\/media\/7143"}],"wp:attachment":[{"href":"https:\/\/www.quartzite-stone.com\/fr\/wp-json\/wp\/v2\/media?parent=5974"}],"wp:term":[{"taxonomy":"product_brand","embeddable":true,"href":"https:\/\/www.quartzite-stone.com\/fr\/wp-json\/wp\/v2\/product_brand?post=5974"},{"taxonomy":"product_cat","embeddable":true,"href":"https:\/\/www.quartzite-stone.com\/fr\/wp-json\/wp\/v2\/product_cat?post=5974"},{"taxonomy":"product_tag","embeddable":true,"href":"https:\/\/www.quartzite-stone.com\/fr\/wp-json\/wp\/v2\/product_tag?post=5974"}],"curies":[{"name":"wp","href":"https:\/\/api.w.org\/{rel}","templated":true}]}}