{"id":5956,"date":"2023-05-08T15:10:58","date_gmt":"2023-05-08T07:10:58","guid":{"rendered":"https:\/\/www.quartzite-stone.com\/product\/natural-prada-green-marble\/"},"modified":"2023-05-08T15:18:35","modified_gmt":"2023-05-08T07:18:35","slug":"marbre-vert-prada-naturel","status":"publish","type":"product","link":"https:\/\/www.quartzite-stone.com\/fr\/products\/natural-prada-green-marble\/","title":{"rendered":"Marbre vert Prada naturel"},"content":{"rendered":"<p style=\"line-height: 1.5\"><strong>Marbre vert Prada naturel<\/strong><\/p>\n<p style=\"line-height: 1.5\">Prada Green Marble est originaire d&#039;Italie, en raison de sa jeunesse exceptionnelle, de sa beaut\u00e9 et de la b\u00e9n\u00e9diction des cercles de la mode et du luxe, il a \u00e9t\u00e9 fortement recherch\u00e9 et aim\u00e9 par les jeunes modernes.<br \/>Le marbre vert Prada naturel est d&#039;origine noble (Italie), fort de sa propre force (bon mat\u00e9riau), et il existe des milliers de bonnes pierres, mais il doit y avoir une pierre appel\u00e9e marbre vert Prada qui ne sera pas ignor\u00e9e par les gens.<img decoding=\"async\" src=\"https:\/\/data.adwebcloud.com\/public\/material\/220426a7q47o\/product\/greenmarblebackgroundwall_1683529735227.jpg\" alt=\"\" \/><br \/>Comme le bleu Tiffany, Prada a aussi sa couleur repr\u00e9sentative - le vert Prada. Et ce marbre est une pierre verte largement utilis\u00e9e par PRADA dans les magasins phares mondiaux, il est donc \u00e9galement honor\u00e9 comme &quot;Prada Green&quot;. L&#039;application classique des marques de luxe telles que LV et PRADA en fait un produit de luxe profond\u00e9ment marqu\u00e9.<br \/>Vert profond m\u00e9lang\u00e9 \u00e0 une texture blanche r\u00e9ticulaire, cette couleur touche vraiment le c\u0153ur des gens, entre le vert fonc\u00e9 et le vert clair, la texture est un luxe super fort, r\u00e9tro, l\u00e9ger et pourtant atmosph\u00e9rique, qui a atteint le statut de Prada Green Marble aujourd&#039;hui. La texture irr\u00e9guli\u00e8re du Prada Green Marble est associ\u00e9e \u00e0 un vert profond. La texture profonde est aussi rugueuse que les vagues et les mille couches de neige qui s&#039;\u00e9l\u00e8vent sont sans fond et d\u00e9gagent un charme classique.<\/p>\n<p style=\"line-height: 1.5\">Son ton frais ajoute de la vitalit\u00e9 \u00e0 l&#039;espace, et sa texture naturelle et coh\u00e9rente rend l&#039;espace plus imaginatif et offre des possibilit\u00e9s infinies pour la d\u00e9coration de la maison.<br \/>Comme la mer sous le soleil clair, il a aussi le vert verdoyant de la for\u00eat, qui fait ressentir aux gens les sentiments classiques, et en m\u00eame temps a l&#039;enthousiasme et la vitalit\u00e9 comme la for\u00eat tropicale. M\u00eame si vous ne pensez \u00e0 rien, c&#039;est un tableau Art d\u00e9co g\u00e9ant.<img fetchpriority=\"high\" decoding=\"async\" src=\"https:\/\/data.adwebcloud.com\/public\/material\/220426a7q47o\/product\/naturalmarblecoffeetable_1683529744828.jpg\" width=\"750\" height=\"600\" alt=\"\" \/><br \/>Le marbre vert Prada est utilis\u00e9 sur le comptoir ou en partie, avec un ton frais et naturel, et le style de design minimaliste permet aux gens de se d\u00e9tendre plus facilement dans l&#039;espace. La chemin\u00e9e en marbre vert Prada \u00e9vite l&#039;agitation du monde ext\u00e9rieur et capture le loisir naturel et l&#039;\u00e9l\u00e9gance dans un morceau de vert \u00e9meraude. Le marbre vert Prada est utilis\u00e9 sur les murs et les sols, donnant l&#039;impression que l&#039;espace est incrust\u00e9 de pierres pr\u00e9cieuses, enrichissant la texture de l&#039;espace. Assorti \u00e0 une d\u00e9coration douce, il r\u00e9duit la texture froide et dure et montre pleinement sa beaut\u00e9.<\/p>\n<p style=\"line-height: 1.5\">Chez HRST Stone, nous avons plus de 500 m\u00e8tres carr\u00e9s de marbre naturel Prada Green en stock, qui peut \u00eatre d\u00e9coup\u00e9 en diff\u00e9rentes tailles et formes, notamment en plans de travail, carreaux muraux, carreaux de sol, tables d'\u00eelots, tables de salle \u00e0 manger, comptoirs, \u00e9viers et bien plus encore, ce qui en fait un choix id\u00e9al pour un large \u00e9ventail de projets. Ce marbre est tendance et \u00e0 la mode, et ses couleurs et motifs uniques ajoutent une touche d'\u00e9l\u00e9gance \u00e0 n'importe quel espace. Notre Marbre Vert Prada Naturel est un excellent choix pour ceux qui veulent cr\u00e9er un look contemporain et moderne dans leur maison, leur bureau ou leur espace commercial.<img decoding=\"async\" src=\"https:\/\/data.adwebcloud.com\/public\/material\/220426a7q47o\/product\/pradagreenmarblecountertop_1683529753151.jpg\" width=\"750\" height=\"600\" alt=\"\" \/><\/p>\n<p style=\"line-height: 1.5\">Le marbre naturel Prada Green de notre HRST Stone a atteint des chiffres de vente sans pr\u00e9c\u00e9dent et est devenu un favori parmi les clients en Am\u00e9rique du Nord et en Europe. L&#039;immense popularit\u00e9 de ce produit t\u00e9moigne de sa qualit\u00e9 et de son attrait esth\u00e9tique. Notre entreprise est fi\u00e8re de sa vaste exp\u00e9rience dans l&#039;industrie de la pierre naturelle, ce qui nous a permis d&#039;offrir des produits exceptionnels qui r\u00e9pondent aux divers besoins de nos clients.<img decoding=\"async\" src=\"https:\/\/data.adwebcloud.com\/public\/material\/220426a7q47o\/product\/naturalgreenmarbleslab_1683529761892.jpg\" alt=\"\" \/><\/p>","protected":false},"excerpt":{"rendered":"<p>Prada Green Marble est une serpentine br\u00e9chique vert fonc\u00e9 avec des zones de noir et de blanc extraites dans la r\u00e9gion de la Vall\u00e9e d&#039;Aoste au nord-ouest de l&#039;Italie. Ce marbre vert fonc\u00e9 est particuli\u00e8rement bon pour les comptoirs de cuisine et de salle de bain, les monuments, les escaliers, les pierres de construction, les pierres ornementales, les applications de murs et de sols int\u00e9rieurs et ext\u00e9rieurs, la mosa\u00efque, les motifs de jet d&#039;eau et d&#039;autres projets de conception. Il a \u00e9galement appel\u00e9 Verde Mare Marble, Marmi Verde Alpi Scuro, Verde Alpi Dark Marble, Verde Alpi Issogne Marble, Verde Des Alpes, Vert Des Alpes, Marmi Verde Dolomiti, Marmor Alpe Verde, Alpi Green Marble, Alpine Verde Marble, Verde S. Nicolaus Marbre, Marbre Verde Alpi.<\/p>","protected":false},"featured_media":5957,"comment_status":"open","ping_status":"closed","template":"","meta":[],"product_brand":[],"product_cat":[175],"product_tag":[678,673,679,680,675,672,681,676,677,674],"class_list":{"0":"post-5956","1":"product","2":"type-product","3":"status-publish","4":"has-post-thumbnail","6":"product_cat-marble","7":"product_tag-alpine-verde-marble-stone","8":"product_tag-marmi-verde-alpi-scuro-marble","9":"product_tag-marmi-verde-dolomiti-furniture","10":"product_tag-natural-prada-green-marble-tiles","11":"product_tag-prada-green-marble-bathroom-vanity-top","12":"product_tag-prada-green-marble-countertop","13":"product_tag-prada-green-marble-island-top","14":"product_tag-prada-green-marble-table-top","15":"product_tag-prada-green-marble-tile","16":"product_tag-verde-mare-marble-slab","18":"first","19":"instock","20":"shipping-taxable","21":"product-type-simple"},"_links":{"self":[{"href":"https:\/\/www.quartzite-stone.com\/fr\/wp-json\/wp\/v2\/product\/5956","targetHints":{"allow":["GET"]}}],"collection":[{"href":"https:\/\/www.quartzite-stone.com\/fr\/wp-json\/wp\/v2\/product"}],"about":[{"href":"https:\/\/www.quartzite-stone.com\/fr\/wp-json\/wp\/v2\/types\/product"}],"replies":[{"embeddable":true,"href":"https:\/\/www.quartzite-stone.com\/fr\/wp-json\/wp\/v2\/comments?post=5956"}],"wp:featuredmedia":[{"embeddable":true,"href":"https:\/\/www.quartzite-stone.com\/fr\/wp-json\/wp\/v2\/media\/5957"}],"wp:attachment":[{"href":"https:\/\/www.quartzite-stone.com\/fr\/wp-json\/wp\/v2\/media?parent=5956"}],"wp:term":[{"taxonomy":"product_brand","embeddable":true,"href":"https:\/\/www.quartzite-stone.com\/fr\/wp-json\/wp\/v2\/product_brand?post=5956"},{"taxonomy":"product_cat","embeddable":true,"href":"https:\/\/www.quartzite-stone.com\/fr\/wp-json\/wp\/v2\/product_cat?post=5956"},{"taxonomy":"product_tag","embeddable":true,"href":"https:\/\/www.quartzite-stone.com\/fr\/wp-json\/wp\/v2\/product_tag?post=5956"}],"curies":[{"name":"wp","href":"https:\/\/api.w.org\/{rel}","templated":true}]}}