{"id":5940,"date":"2023-05-06T14:46:26","date_gmt":"2023-05-06T06:46:26","guid":{"rendered":"https:\/\/www.quartzite-stone.com\/product\/roman-impression-quartzite-slab\/"},"modified":"2023-06-27T12:07:21","modified_gmt":"2023-06-27T04:07:21","slug":"dalle-de-quartzite-impression-romaine","status":"publish","type":"product","link":"https:\/\/www.quartzite-stone.com\/fr\/products\/roman-impression-quartzite-slab\/","title":{"rendered":"Table Quartzite Bleu Roma"},"content":{"rendered":"<p><strong>Quartzite romain bleu <\/strong><\/p>\n<p style=\"line-height: 1.5\">Le quartzite Roma bleu, \u00e9galement appel\u00e9 quartzite Roma Imperiale, est un type de pierre naturelle connu pour son aspect \u00e9l\u00e9gant et luxueux. Il s'agit d'un type de quartzite extrait au Br\u00e9sil qui se caract\u00e9rise par un veinage subtil et des tons chauds. Le quartzite Roman Impression pr\u00e9sente g\u00e9n\u00e9ralement une base beige ou cr\u00e8me travers\u00e9e par des veines de brun plus fonc\u00e9, de gris ou de noir. Ces veines peuvent \u00eatre plus ou moins \u00e9paisses et former diff\u00e9rents motifs, lin\u00e9aires ou tourbillonnants. La pierre pr\u00e9sente une surface naturelle et textur\u00e9e qui ajoute de la profondeur et de la dimension \u00e0 n'importe quel espace. Cette \u00e9l\u00e9gante pierre exotique est particuli\u00e8rement adapt\u00e9e aux comptoirs, aux monuments, aux mosa\u00efques, aux murs ext\u00e9rieurs et int\u00e9rieurs et aux sols, aux fontaines, aux rev\u00eatements de piscine et de mur, aux escaliers, aux appuis de fen\u00eatre et \u00e0 d'autres projets de design.<img fetchpriority=\"high\" decoding=\"async\" src=\"https:\/\/data.adwebcloud.com\/public\/material\/220426a7q47o\/product\/BlueRomaQuartziteTable3_1687836033710.jpg\" width=\"800\" height=\"800\" alt=\"\" \/><\/p>\n<p style=\"line-height: 1.5\">La table de quartzite bleu romain est une pierre luxueuse tr\u00e8s recherch\u00e9e par les consommateurs. Ses caract\u00e9ristiques les plus remarquables sont ses veines \u00e9tonnantes et complexes, ses propri\u00e9t\u00e9s durables et sa capacit\u00e9 \u00e0 ajouter une touche unique d'\u00e9l\u00e9gance \u00e0 n'importe quel espace. En outre, HRST Stone dispose d'un stock de plus de 1 000 m2 que les clients peuvent choisir, avec la possibilit\u00e9 de fabriquer la pierre en diff\u00e9rentes tailles et mod\u00e8les pour l'utiliser comme comptoirs, surfaces de table, dosserets, etc. L'entreprise est \u00e9quip\u00e9e de techniciens professionnels et de machines import\u00e9es pour garantir la meilleure qualit\u00e9 et le meilleur service \u00e0 ses clients.<\/p>\n<p style=\"line-height: 1.5\">Dessus de table en quartzite romain bleu - cette belle pierre de luxe vient du Br\u00e9sil, et le motif est comme son nom, plein d&#039;atmosph\u00e8re artistique. Sa texture naturelle est comme des branches et des vignes mortes scell\u00e9es dans une eau de mer bleu clair, pleine de myst\u00e8re et haut de gamme. Enthousiaste mais sobre, il est transform\u00e9 en table \u00e0 manger, table basse et mur de fond, pratique et artistique. Il a une esth\u00e9tique sobre mais luxueuse.<\/p>\n<p style=\"line-height: 1.5\"><img decoding=\"async\" src=\"https:\/\/data.adwebcloud.com\/public\/material\/220426a7q47o\/product\/BlueRomaQuartziteTable4_1687836046504.jpg\" width=\"800\" height=\"795\" alt=\"\" \/><\/p>\n<p style=\"line-height: 1.5\"><img decoding=\"async\" src=\"https:\/\/data.adwebcloud.com\/public\/material\/220426a7q47o\/product\/BlueQuartziteSlab_1683355498741.jpg\" width=\"750\" height=\"600\" alt=\"\" \/><br \/>Le quartzite romain bleu naturel a un look exotique \u00e9poustouflant qui apportera un effet \u00e9l\u00e9gant et accrocheur \u00e0 vos int\u00e9rieurs. Par cons\u00e9quent, il a toujours \u00e9t\u00e9 le premier choix des designers et des m\u00e9nag\u00e8res lors de la d\u00e9coration.<br \/>La surface de Blue Roman Quartzite peut \u00eatre polie, adoucie, flamm\u00e9e, bross\u00e9e, etc. Les surfaces polies et adoucies sont les plus populaires. Les finitions polies accentuent la couleur et la texture de la pierre. La surface brillante miroir pr\u00e9sente un effet brillant et est facile \u00e0 nettoyer et \u00e0 entretenir. Alors que les aiguis\u00e9s pr\u00e9sentent une sensation d\u00e9cente et antique.<img loading=\"lazy\" decoding=\"async\" src=\"https:\/\/data.adwebcloud.com\/public\/material\/220426a7q47o\/product\/NaturalBlueQuartziteIslandTp_1683355511636.jpg\" width=\"750\" height=\"600\" alt=\"\" \/><br \/>Le mat\u00e9riau de quartzite dur, la texture exotique et la finition haut de gamme du quartzite romain bleu naturel le rendent id\u00e9al pour les comptoirs de cuisine, les armoires de salle de bain et les carreaux de sol. Au-del\u00e0 de cela, ces panneaux textur\u00e9s uniques peuvent \u00eatre assortis \u00e0 des murs et des panneaux de t\u00e9l\u00e9vision.<br \/>Le quartzite est une pierre naturelle plus r\u00e9sistante que le marbre, malgr\u00e9 son apparence similaire. Pour cette raison, de nombreux propri\u00e9taires choisissent la substance lorsqu&#039;ils veulent quelque chose qui ressemble \u00e0 du marbre mais n\u00e9cessite moins d&#039;entretien. Lorsqu&#039;ils essaient d&#039;am\u00e9liorer l&#039;esth\u00e9tique et la fonctionnalit\u00e9 de leur maison, les propri\u00e9taires se tournent souvent vers <a class=\"wpil_keyword_link\" href=\"https:\/\/www.quartzite-stone.com\/fr\/produit\/quartzite-bleu-roma\/\"   title=\"Quartzite bleu de Rome\" data-wpil-keyword-link=\"linked\">Quartzite bleu de Rome<\/a> comme une option sup\u00e9rieure. Quelle que soit la m\u00e9thode que vous utilisez pour l&#039;int\u00e9grer dans votre maison, il aura l&#039;air fantastique et conservera cette apparence pendant tr\u00e8s longtemps.<img loading=\"lazy\" decoding=\"async\" src=\"https:\/\/data.adwebcloud.com\/public\/material\/220426a7q47o\/product\/NaturalBlueRomaQuartzite_1683355520392.jpg\" width=\"750\" height=\"600\" alt=\"\" \/><\/p><\/p>","protected":false},"excerpt":{"rendered":"<p>Blue Roma Quartzite est souvent utilis\u00e9 pour des projets r\u00e9sidentiels et commerciaux haut de gamme, tels que des comptoirs, des rev\u00eatements de sol, des rev\u00eatements muraux et d&#039;autres applications int\u00e9rieures. Sa durabilit\u00e9 et sa r\u00e9sistance \u00e0 la chaleur et aux taches en font un choix populaire pour les cuisines, les salles de bain et d&#039;autres endroits o\u00f9 la durabilit\u00e9 est importante.<\/p><\/p>","protected":false},"featured_media":7213,"comment_status":"open","ping_status":"closed","template":"","meta":[],"product_brand":[],"product_cat":[460],"product_tag":[668,985,983,986,987,984,669,664,670],"class_list":{"0":"post-5940","1":"product","2":"type-product","3":"status-publish","4":"has-post-thumbnail","6":"product_cat-stone-furniture","7":"product_tag-blue-roma-quartzite","8":"product_tag-blue-roma-quartzite-bathroom-vanity-top","9":"product_tag-blue-roma-quartzite-table","10":"product_tag-blue-roma-quartzite-table-top","11":"product_tag-blue-roma-quartzite-tile","12":"product_tag-blue-roma-quartzite-wall-tiles","13":"product_tag-natural-blue-quartzite-slab","14":"product_tag-roma-imperiale-quartzite","15":"product_tag-roman-impression-quartzite-furniture-table","17":"first","18":"instock","19":"shipping-taxable","20":"product-type-simple"},"_links":{"self":[{"href":"https:\/\/www.quartzite-stone.com\/fr\/wp-json\/wp\/v2\/product\/5940","targetHints":{"allow":["GET"]}}],"collection":[{"href":"https:\/\/www.quartzite-stone.com\/fr\/wp-json\/wp\/v2\/product"}],"about":[{"href":"https:\/\/www.quartzite-stone.com\/fr\/wp-json\/wp\/v2\/types\/product"}],"replies":[{"embeddable":true,"href":"https:\/\/www.quartzite-stone.com\/fr\/wp-json\/wp\/v2\/comments?post=5940"}],"wp:featuredmedia":[{"embeddable":true,"href":"https:\/\/www.quartzite-stone.com\/fr\/wp-json\/wp\/v2\/media\/7213"}],"wp:attachment":[{"href":"https:\/\/www.quartzite-stone.com\/fr\/wp-json\/wp\/v2\/media?parent=5940"}],"wp:term":[{"taxonomy":"product_brand","embeddable":true,"href":"https:\/\/www.quartzite-stone.com\/fr\/wp-json\/wp\/v2\/product_brand?post=5940"},{"taxonomy":"product_cat","embeddable":true,"href":"https:\/\/www.quartzite-stone.com\/fr\/wp-json\/wp\/v2\/product_cat?post=5940"},{"taxonomy":"product_tag","embeddable":true,"href":"https:\/\/www.quartzite-stone.com\/fr\/wp-json\/wp\/v2\/product_tag?post=5940"}],"curies":[{"name":"wp","href":"https:\/\/api.w.org\/{rel}","templated":true}]}}