{"id":5888,"date":"2023-05-05T11:56:26","date_gmt":"2023-05-05T03:56:26","guid":{"rendered":"https:\/\/www.quartzite-stone.com\/product\/popular-azul-bahia-granite\/"},"modified":"2023-05-05T12:54:12","modified_gmt":"2023-05-05T04:54:12","slug":"granit-populaire-azul-bahia","status":"publish","type":"product","link":"https:\/\/www.quartzite-stone.com\/fr\/products\/popular-azul-bahia-granite\/","title":{"rendered":"Granit Azul Bahia populaire"},"content":{"rendered":"<p style=\"line-height: 1.5\"><strong>Granit Azul Bahia<\/strong> <br \/>Azul Bahia Granite est un min\u00e9ral bleu largement consid\u00e9r\u00e9 comme une pierre pr\u00e9cieuse ornementale. C&#039;est une combinaison exquise de blanc et de bleu dans un motif fluide. Il est parfait pour les comptoirs de cuisine et les vanit\u00e9s de salle de bain.<\/p>\n<p style=\"line-height: 1.5\"><img fetchpriority=\"high\" decoding=\"async\" src=\"https:\/\/data.adwebcloud.com\/public\/material\/220426a7q47o\/product\/bluegranitedecor_1683258582374.jpg\" width=\"750\" height=\"600\" alt=\"\" \/><br \/>Le granit de luxe Azul Bahia est un min\u00e9ral bleu largement consid\u00e9r\u00e9 comme une pierre pr\u00e9cieuse ornementale. C&#039;est une combinaison exquise de blanc et de bleu dans un motif fluide. Il est parfait pour les comptoirs de cuisine et les vanit\u00e9s de salle de bain.<br \/>Le mat\u00e9riau de comptoir Azul Bahia Granite est disponible dans l&#039;un de nos sites \u00e0 King of Prussia, Philadelphie, New Castle et Harrisburg. Nous concevons, livrons et installons des comptoirs de cuisine, des vanit\u00e9s de salle de bain et des comptoirs sur mesure.<br \/>Azul Bahia Granite est une frivolit\u00e9 bleue de la p\u00e9riode pr\u00e9cambrienne, en partie avec de la cancrinite jaune. Cette pierre peut \u00eatre d\u00e9sign\u00e9e au niveau international comme granit mais dans le domaine d&#039;application de la norme europ\u00e9enne, cette pierre doit \u00eatre d\u00e9sign\u00e9e comme frivolit\u00e9. Le veinage et la couleur varient consid\u00e9rablement et un petit \u00e9chantillon de granit Azul Bahia peut ne pas repr\u00e9senter l&#039;ensemble de la dalle. Par cons\u00e9quent, des \u00e9chantillons d&#039;\u00e9chantillons doivent \u00eatre approuv\u00e9s pour les grands projets afin de garantir que les blocs sont tous extraits de la m\u00eame face de carri\u00e8re \u00e0 des fins de correspondance. Pendant le processus de polissage, un mastic de r\u00e9sine \u00e9poxy transparent peut \u00eatre utilis\u00e9 pour remplir les microfissures ou les petites piq\u00fbres, mais cela n&#039;affecte pas l&#039;int\u00e9grit\u00e9 de la pierre, il fournit simplement une finition de surface encore plus lisse.<img decoding=\"async\" src=\"https:\/\/data.adwebcloud.com\/public\/material\/220426a7q47o\/product\/BlueGraniteCountertop_1683258615142.jpg\" width=\"750\" height=\"600\" alt=\"\" \/><br \/>Azul Bahia Granite convient \u00e0 un usage int\u00e9rieur avec le polissage constant uniquement \u00e0 l&#039;int\u00e9rieur, Azul Bahia Granite peut facilement \u00eatre endommag\u00e9 par contact avec de l&#039;acide et a tendance \u00e0 casser les dalles al\u00e9atoires souvent renforc\u00e9es avec de la r\u00e9sine arm\u00e9e de fibres de verre2. Sp\u00e9cifications du granit Azul Bahia: Des tailles personnalis\u00e9es peuvent \u00eatre disponibles.<\/p>\n<p style=\"line-height: 1.5\">Azul Bahia Granite est une belle pierre naturelle extraite au Br\u00e9sil. Il se caract\u00e9rise par sa superbe couleur bleue et son veinage qui lui conf\u00e8rent un aspect unique et luxueux. Le granit a une finition polie, ce qui rehausse sa beaut\u00e9 naturelle et sa luminosit\u00e9. La pierre est tr\u00e8s durable et r\u00e9sistante aux rayures, \u00e0 la chaleur et aux taches, ce qui en fait un excellent choix pour les comptoirs de cuisine et autres zones \u00e0 fort trafic.<br \/>L&#039;un des principaux avantages du granit Azul Bahia est sa valeur esth\u00e9tique. La couleur bleue et le motif complexe de la pierre en font un ajout accrocheur \u00e0 n&#039;importe quel espace. Il cr\u00e9e un look luxueux et \u00e9l\u00e9gant tr\u00e8s recherch\u00e9 dans le design d&#039;int\u00e9rieur. Ce granit est polyvalent et peut compl\u00e9ter un large \u00e9ventail de styles de cuisine, du moderne au traditionnel.<\/p>\n<p style=\"line-height: 1.5\"><img decoding=\"async\" src=\"https:\/\/data.adwebcloud.com\/public\/material\/220426a7q47o\/product\/naturalbluegraniteslab_1683258644386.jpg\" alt=\"\" \/><br \/>Un autre avantage du granit Azul Bahia est sa durabilit\u00e9. Cette pierre est tr\u00e8s r\u00e9sistante aux dommages et peut supporter une utilisation intensive sans montrer de signes d&#039;usure. Il est \u00e9galement relativement facile \u00e0 entretenir, ne n\u00e9cessitant qu&#039;un scellement occasionnel et un nettoyage r\u00e9gulier avec une solution d&#039;eau et de savon doux.<br \/>Dans l&#039;ensemble, Azul Bahia Granite est un choix populaire pour les comptoirs de cuisine et d&#039;autres applications de design d&#039;int\u00e9rieur en raison de sa beaut\u00e9, de sa durabilit\u00e9 et de sa polyvalence. Sa couleur bleue unique et son motif complexe en font un mat\u00e9riau tr\u00e8s recherch\u00e9 qui ajoute de la valeur et de la sophistication \u00e0 n&#039;importe quel espace.<br \/>3. Application de granit d&#039;Azul Bahia : Villa\/h\u00f4tel\/d\u00e9cor \u00e0 la maison <br \/>4. Emballage : Caisses en bois fumig\u00e9es navigables fortes <br \/>5. March\u00e9 : Moyen-Orient\/Afrique\/Asie\/Am\u00e9rique du Sud\/Europe\/Am\u00e9rique du Nord <br \/>6. MOQ : 10 m\u00e8tres carr\u00e9s<\/p>\n<p>&nbsp;<img decoding=\"async\" src=\"https:\/\/data.adwebcloud.com\/public\/material\/220426a7q47o\/product\/nautralbluegranite_1683258631444.jpg\" width=\"750\" height=\"600\" alt=\"\" \/><\/p>\n<p>&nbsp;<\/p>","protected":false},"excerpt":{"rendered":"<p>Azul Bahia Granite est une pierre semi-pr\u00e9cieuse provenant d&#039;une carri\u00e8re de substrat rocheux \u00e0 Bahia, au Br\u00e9sil. Cette pierre est parfaite pour les comptoirs, les mosa\u00efques, les applications de murs et de sols ext\u00e9rieurs et int\u00e9rieurs, les fontaines, les couronnements de piscines et de murs, les escaliers, les appuis de fen\u00eatre et d&#039;autres projets de conception. Il a \u00e9galement appel\u00e9 Azul Bahia Granite,<a class=\"wpil_keyword_link\" href=\"https:\/\/www.quartzite-stone.com\/fr\/produit\/granit-bleu-bahia\/\"   title=\"Granit Bleu Bahia\" data-wpil-keyword-link=\"linked\">Granit Bleu Bahia<\/a>, Granit Bahia Azul, Granit Bleu Bahia, Granit Bleu Angra.<\/p>","protected":false},"featured_media":5889,"comment_status":"open","ping_status":"closed","template":"","meta":[],"product_brand":[],"product_cat":[205],"product_tag":[605,609,603,607,610,608,604,606,612,611],"class_list":{"0":"post-5888","1":"product","2":"type-product","3":"status-publish","4":"has-post-thumbnail","6":"product_cat-granite","7":"product_tag-azul-bahia-granite","8":"product_tag-azul-bahia-granite-background-wall","9":"product_tag-azul-bahia-granite-countertop","10":"product_tag-azul-bahia-granite-home-decor","11":"product_tag-azul-bahia-granite-table","12":"product_tag-azul-bahia-granite-tile","13":"product_tag-blue-azul-bahia-granite","14":"product_tag-blue-bahia-granite","15":"product_tag-blue-bahia-granite-slabs","16":"product_tag-blue-bahia-granite-wall-tiles","18":"first","19":"instock","20":"shipping-taxable","21":"product-type-simple"},"_links":{"self":[{"href":"https:\/\/www.quartzite-stone.com\/fr\/wp-json\/wp\/v2\/product\/5888","targetHints":{"allow":["GET"]}}],"collection":[{"href":"https:\/\/www.quartzite-stone.com\/fr\/wp-json\/wp\/v2\/product"}],"about":[{"href":"https:\/\/www.quartzite-stone.com\/fr\/wp-json\/wp\/v2\/types\/product"}],"replies":[{"embeddable":true,"href":"https:\/\/www.quartzite-stone.com\/fr\/wp-json\/wp\/v2\/comments?post=5888"}],"wp:featuredmedia":[{"embeddable":true,"href":"https:\/\/www.quartzite-stone.com\/fr\/wp-json\/wp\/v2\/media\/5889"}],"wp:attachment":[{"href":"https:\/\/www.quartzite-stone.com\/fr\/wp-json\/wp\/v2\/media?parent=5888"}],"wp:term":[{"taxonomy":"product_brand","embeddable":true,"href":"https:\/\/www.quartzite-stone.com\/fr\/wp-json\/wp\/v2\/product_brand?post=5888"},{"taxonomy":"product_cat","embeddable":true,"href":"https:\/\/www.quartzite-stone.com\/fr\/wp-json\/wp\/v2\/product_cat?post=5888"},{"taxonomy":"product_tag","embeddable":true,"href":"https:\/\/www.quartzite-stone.com\/fr\/wp-json\/wp\/v2\/product_tag?post=5888"}],"curies":[{"name":"wp","href":"https:\/\/api.w.org\/{rel}","templated":true}]}}