{"id":3593,"date":"2022-09-27T15:22:57","date_gmt":"2022-09-27T07:22:57","guid":{"rendered":"https:\/\/www.quartzite-stone.com\/product\/azul-imperial-quartzite\/"},"modified":"2023-06-27T17:58:54","modified_gmt":"2023-06-27T09:58:54","slug":"azul-imperiale-quartzite-2","status":"publish","type":"product","link":"https:\/\/www.quartzite-stone.com\/fr\/products\/azul-imperiale-quartzite\/","title":{"rendered":"Azul Imperiale Quartzite"},"content":{"rendered":"<p><strong>Azul Imp\u00e9rial Quartzite<\/strong><\/p>\n<p>La douce \u00e9l\u00e9gance d&#039;Azul Imperiale vous transporte comme un ciel d&#039;\u00e9t\u00e9 aux l\u00e9g\u00e8res teintes bleut\u00e9es. Les \u00ab\u00a0initi\u00e9s\u00a0\u00bb de la pierre br\u00e9silienne admirent ce quartzite bleu poli en raison de ses teintes bleues exceptionnelles et de son beau mouvement.<\/p>\n<p>Azul Imperiale est id\u00e9al pour les environnements de chemin\u00e9e, les bains et les espaces ext\u00e9rieurs car il produit une ambiance douce et a\u00e9r\u00e9e. La beaut\u00e9 de la quartzite est in\u00e9gal\u00e9e et elle r\u00e9siste \u00e0 la d\u00e9coloration, aux taches et aux rayures.<\/p>\n<p><img decoding=\"async\" src=\"https:\/\/data.adwebcloud.com\/public\/material\/220426a7q47o\/product\/blobid0_1661228241014.jpg\" \/><\/p>\n<p>HRST STONE est un fabricant de premier plan pour les fabricants de plans de travail, les entreprises de plans de travail, les cuisines, les salles de bain et les rev\u00eatements de sol, en particulier le quartzite imp\u00e9rial Azul qui est un tr\u00e8s beau choix pour un d\u00e9cor int\u00e9rieur luxueux mais simple.<\/p>\n<p>\u00c9tant donn\u00e9 que les dalles Azul Imperial Quartzite sont tr\u00e8s solides et plus durables que de nombreuses autres dalles de pierre naturelle, elles deviennent de plus en plus appr\u00e9ci\u00e9es comme mat\u00e9riau parfait pour les projets de design d&#039;int\u00e9rieur. La quartzite a un \u00e9clat cristallin et offre un aspect brillant et \u00e9l\u00e9gant.<\/p>\n<p><img decoding=\"async\" src=\"https:\/\/data.adwebcloud.com\/public\/material\/220426a7q47o\/product\/blobid1_1661228461082.jpg\" \/><\/p>\n<p>Auzl Imperial Quartzite ressemble \u00e0 des mouvements d&#039;eau, ce qui en fait une option hautement souhaitable pour les comptoirs. En raison de sa densit\u00e9 \u00e9lev\u00e9e, le quartzite bleu imp\u00e9rial est durable et est \u00e9galement disponible dans des finitions adoucies et cuir\u00e9es. MOQ une dalle est disponible sur notre entrep\u00f4t.<\/p>\n<p><strong>Application<\/strong>: Cuisine, Salle de bain, Bar Tops, Chemin\u00e9e, Ext\u00e9rieur<\/p>\n<h3>Profils de bord\u00a0: assoupli\/quart de biseau\/demi-biseau\/quart de rond\/demi-rond\/demi-bullnose\/bullnose\/Ogeee<\/h3>\n<p>Nous fabriquons des entourages de chemin\u00e9e avec Azul Imperial Quartzite qui comprend tout ou partie des dessous - foyer, entourage, jupe et manteau. M\u00eame nous pouvons fabriquer une chemin\u00e9e personnalis\u00e9e avec n&#039;importe quelle pierre naturelle que vous aimez et faire de votre r\u00eave une r\u00e9alit\u00e9 et rendre votre maison charmante avec du quartzite bleu imp\u00e9rial en pierre naturelle.<\/p>\n<p><img fetchpriority=\"high\" decoding=\"async\" src=\"https:\/\/data.adwebcloud.com\/public\/material\/220426a7q47o\/product\/blobid2_1661228517487.jpg\" width=\"635\" height=\"508\" \/><\/p>","protected":false},"excerpt":{"rendered":"<p>Azul Imperiale Quartzite est compos\u00e9 de veines blanches et dor\u00e9es combin\u00e9es \u00e0 de jolis tons bleus qui sont principalement utilis\u00e9s pour les comptoirs, ainsi que pour les contours de chemin\u00e9e ou le fond de mur de t\u00e9l\u00e9vision. Cette pierre naturelle r\u00e9sistante peut \u00eatre utilis\u00e9e pour cr\u00e9er de beaux sols, murs, dessus de vanit\u00e9 dans la conception de la salle de bain. <\/p>","protected":false},"featured_media":7475,"comment_status":"closed","ping_status":"closed","template":"","meta":[],"product_brand":[],"product_cat":[195],"product_tag":[545,549,552,547,550,548,546,553,551,554],"class_list":{"0":"post-3593","1":"product","2":"type-product","3":"status-publish","4":"has-post-thumbnail","6":"product_cat-quartzite","7":"product_tag-azul-imperial-quartzite","8":"product_tag-azul-imperial-quartzite-bathroom","9":"product_tag-azul-imperial-quartzite-bookmatch-wall","10":"product_tag-azul-imperial-quartzite-price","11":"product_tag-azul-imperial-quartzite-stone","12":"product_tag-azul-imperiale-quartzite-fireplace-surrandings","13":"product_tag-azul-imperiale-quartzite-price","14":"product_tag-blue-imperiale-quarzite","15":"product_tag-light-blue-quartzite","16":"product_tag-royal-blue-quartzite","18":"first","19":"instock","20":"shipping-taxable","21":"product-type-simple"},"_links":{"self":[{"href":"https:\/\/www.quartzite-stone.com\/fr\/wp-json\/wp\/v2\/product\/3593","targetHints":{"allow":["GET"]}}],"collection":[{"href":"https:\/\/www.quartzite-stone.com\/fr\/wp-json\/wp\/v2\/product"}],"about":[{"href":"https:\/\/www.quartzite-stone.com\/fr\/wp-json\/wp\/v2\/types\/product"}],"replies":[{"embeddable":true,"href":"https:\/\/www.quartzite-stone.com\/fr\/wp-json\/wp\/v2\/comments?post=3593"}],"wp:featuredmedia":[{"embeddable":true,"href":"https:\/\/www.quartzite-stone.com\/fr\/wp-json\/wp\/v2\/media\/7475"}],"wp:attachment":[{"href":"https:\/\/www.quartzite-stone.com\/fr\/wp-json\/wp\/v2\/media?parent=3593"}],"wp:term":[{"taxonomy":"product_brand","embeddable":true,"href":"https:\/\/www.quartzite-stone.com\/fr\/wp-json\/wp\/v2\/product_brand?post=3593"},{"taxonomy":"product_cat","embeddable":true,"href":"https:\/\/www.quartzite-stone.com\/fr\/wp-json\/wp\/v2\/product_cat?post=3593"},{"taxonomy":"product_tag","embeddable":true,"href":"https:\/\/www.quartzite-stone.com\/fr\/wp-json\/wp\/v2\/product_tag?post=3593"}],"curies":[{"name":"wp","href":"https:\/\/api.w.org\/{rel}","templated":true}]}}