{"id":3540,"date":"2022-09-27T13:47:51","date_gmt":"2022-09-27T05:47:51","guid":{"rendered":"https:\/\/www.quartzite-stone.com\/product\/pink-onyx-dining-table\/"},"modified":"2023-03-10T17:14:38","modified_gmt":"2023-03-10T09:14:38","slug":"table-a-manger-en-onyx-rose","status":"publish","type":"product","link":"https:\/\/www.quartzite-stone.com\/fr\/products\/pink-onyx-dining-table\/","title":{"rendered":"Table \u00e0 manger en onyx rose"},"content":{"rendered":"<p><strong>Table \u00e0 manger en onyx rose<\/strong><\/p>\n<p>Table de salle \u00e0 manger en onyx rose avec pied\/base en onyx rose en forme de T qui est un ensemble complet de superbes dessus en onyx est associ\u00e9 \u00e0 des d\u00e9tails opulents et montre l&#039;\u00e9l\u00e9gance, la classe portant les conceptions de tables \u00e0 manger au niveau de luxe. Unique en son genre, derni\u00e8re collection \u00e9l\u00e9gante avec dessus de table en onyx. Cr\u00e9ez des souvenirs durables avec vos proches assis autour de la table de salle \u00e0 manger Onyx. Une base en croix accrocheuse est fabriqu\u00e9e avec du m\u00e9tal en laiton dor\u00e9 enduit de poudre, offrant r\u00e9sistance et stabilit\u00e9. La coloration du plateau de table en onyx rose permet \u00e0 cette table de salle \u00e0 manger de compl\u00e9ter une large gamme de palettes de couleurs et de styles de d\u00e9coration.<\/p>\n<p>La taille ci-dessous est de 51 pouces de diam\u00e8tre avec une couleur rose pur avec un design de jambe en forme de T:<\/p>\n<p><img decoding=\"async\" src=\"https:\/\/data.adwebcloud.com\/public\/material\/220426a7q47o\/product\/blobid0_1665541994689.jpg\" \/><\/p>\n<p>Table \u00e0 manger en onyx rose souvent connue sous le nom d&#039;Onice Rosa qui est l&#039;un de nos produits de vente chaude. L&#039;onyx rose pur 100% est hautement pr\u00e9f\u00e9r\u00e9 en raison de ses veines frappantes d&#039;un blanc clair, de son excellente translucidit\u00e9 et de sa magnifique couleur rose pure. Il est fr\u00e9quemment utilis\u00e9 dans les h\u00f4tels, les restaurants, les bars et les lieux de divertissement. Notre table \u00e0 manger en onyx rose peut \u00eatre utilis\u00e9e comme d\u00e9corations murales, tables basses ou \u00e0 manger, comptoirs de salle de bain et de cuisine, ou d\u00e9corations ornementales dans l&#039;int\u00e9rieur de votre maison. L&#039;onyx rose pur a de grandes dalles ou de petites dalles, de sorte que tout type de taille de table peut \u00eatre disponible sur mesure. Et la table \u00e0 manger en onyx rose peut \u00e9galement \u00eatre utilis\u00e9e avec d&#039;autres petits accessoires, comme des pots \u00e0 bougies, des assiettes\u2026<\/p>\n<p><img decoding=\"async\" src=\"https:\/\/data.adwebcloud.com\/public\/material\/220426a7q47o\/product\/blobid1_1665542008842.jpg\" \/><\/p>\n<p>Vous pouvez choisir et acheter une vari\u00e9t\u00e9 de couleurs d&#039;onyx naturel dans notre usine car nous sommes un fabricant r\u00e9put\u00e9 de pierre d&#039;onyx. comme l&#039;onyx blanc, rose, jaune, bleu, vert, noir et gris, entre autres. Et avec diff\u00e9rents types de design de table.<\/p>\n<p>La capacit\u00e9 de la table \u00e0 manger en onyx rose \u00e0 transmettre la lumi\u00e8re fait partie de ses qualit\u00e9s esth\u00e9tiques les plus s\u00e9duisantes. Lorsqu&#039;ils sont r\u00e9tro-\u00e9clair\u00e9s, les murs et les comptoirs en onyx prennent une apparence myst\u00e9rieuse en raison de leur translucidit\u00e9, de leurs couleurs d\u00e9licates et de leurs motifs saisissants. Pour amplifier l&#039;apparence, des sources de lumi\u00e8re artificielle sont fr\u00e9quemment utilis\u00e9es. Cette table \u00e0 manger en onyx rose illuminera \u00e9galement les meubles.&nbsp;<\/p>\n<p>La table \u00e0 manger en onyx rose est un design cubique :<\/p>\n<p><img decoding=\"async\" src=\"https:\/\/data.adwebcloud.com\/public\/material\/220426a7q47o\/product\/blobid2_1665542110965.jpg\" \/><\/p>\n<p>Un mobilier de maison magnifique et \u00e9l\u00e9gant qui a \u00e9t\u00e9 utilis\u00e9 pour la d\u00e9coration de style moderne actuel est un mobilier en marbre. La pierre de marbre dure et tr\u00e8s agr\u00e9able est particuli\u00e8rement adaptable car elle peut \u00eatre moul\u00e9e en diff\u00e9rentes formes avec un peu d&#039;id\u00e9e de design et d&#039;aptitude. C&#039;est un investissement judicieux car il se transmet de g\u00e9n\u00e9ration en g\u00e9n\u00e9ration et dure tr\u00e8s longtemps. Il est compr\u00e9hensible que les gens soient pr\u00eats \u00e0 d\u00e9bourser beaucoup d&#039;argent pour ce style de mobilier.<\/p>\n<p>Il n&#039;est pas n\u00e9cessaire que les meubles en marbre soient blancs. De plus, il est propos\u00e9 dans une vari\u00e9t\u00e9 de couleurs, notamment le rose, le jaune, le gris, le noir et le vert. Les propri\u00e9taires et les architectes d&#039;int\u00e9rieur pr\u00e9f\u00e8rent la pierre en raison de sa beaut\u00e9 et de sa r\u00e9sistance.<\/p>\n<p>La table \u00e0 manger en onyx rose est un mat\u00e9riau assez robuste qui peut \u00eatre travaill\u00e9 \u00e0 l&#039;aide d&#039;une gamme d&#039;outils pour cr\u00e9er diff\u00e9rentes formes. C&#039;est le mat\u00e9riau pr\u00e9f\u00e9r\u00e9 de ceux qui veulent que leurs meubles aient un design et une beaut\u00e9 uniques. Il est \u00e9galement id\u00e9al pour ceux qui m\u00e8nent une longue vie car il ne n\u00e9cessite presque aucun entretien et est simple \u00e0 nettoyer.<\/p>\n<p><img decoding=\"async\" src=\"https:\/\/data.adwebcloud.com\/public\/material\/220426a7q47o\/product\/blobid3_1665542117099.jpg\" \/><\/p>\n<p>Un type de mobilier particuli\u00e8rement distinctif et unique en son genre est le mobilier en marbre personnalis\u00e9. Il est id\u00e9al pour ceux qui recherchent des objets uniques qui peuvent faire exactement la m\u00eame table en marbre. Il est \u00e9galement parfait pour ceux qui ont des sp\u00e9cifications sp\u00e9cifiques en mati\u00e8re de design, de couleur et de mat\u00e9riau.<\/p>\n<p>&nbsp;<\/p>\n<p>Nous sommes l&#039;usine de table \u00e0 manger en onyx rose pour produire principalement des meubles en marbre: table \u00e0 manger, table d&#039;appoint, table basse, table d&#039;appoint, cube et tabouret et socle, etc. Le mat\u00e9riau peut \u00eatre personnalis\u00e9 avec de l&#039;onyx, du marbre, du quartzite et de la pierre de luxe. et m\u00eame l&#039;agate pour la conception de meubles, et la forme peut \u00e9galement \u00eatre personnalis\u00e9e, nous pouvons \u00e9galement cr\u00e9er une conception gratuite. Alors envoyez-moi simplement votre demande pour un devis gratuit ou un \u00e9chantillon gratuit de table \u00e0 manger en onyx rose.&nbsp;<\/p>\n<p>&nbsp;<\/p>","protected":false},"excerpt":{"rendered":"<p>La table \u00e0 manger en onyx rose est une pierre unique et \u00e0 la mode pour tout espace de vie car elle est aussi majestueuse que ravissante. La plupart des gens le choisissent comme fond de mur, sol, comptoirs, dessus de bar et table basse, table d&#039;appoint, table \u00e0 manger, tabouret et autres meubles en pierre naturelle solide, en raison de sa transparence, rose pur.<\/p><\/p>","protected":false},"featured_media":5414,"comment_status":"closed","ping_status":"closed","template":"","meta":[],"product_brand":[],"product_cat":[460],"product_tag":[573,569,571,566,568,570,567,565,564],"class_list":{"0":"post-3540","1":"product","2":"type-product","3":"status-publish","4":"has-post-thumbnail","6":"product_cat-stone-furniture","7":"product_tag-marble-dining-table","8":"product_tag-marble-furniture","9":"product_tag-onyx-pink-marble","10":"product_tag-pink-onyx-coffee-table","11":"product_tag-pink-onyx-dining-table-top","12":"product_tag-pink-onyx-marble","13":"product_tag-pink-onyx-side-table","14":"product_tag-pink-onyx-table","15":"product_tag-pink-onyx-table-top","17":"first","18":"instock","19":"shipping-taxable","20":"product-type-simple"},"_links":{"self":[{"href":"https:\/\/www.quartzite-stone.com\/fr\/wp-json\/wp\/v2\/product\/3540","targetHints":{"allow":["GET"]}}],"collection":[{"href":"https:\/\/www.quartzite-stone.com\/fr\/wp-json\/wp\/v2\/product"}],"about":[{"href":"https:\/\/www.quartzite-stone.com\/fr\/wp-json\/wp\/v2\/types\/product"}],"replies":[{"embeddable":true,"href":"https:\/\/www.quartzite-stone.com\/fr\/wp-json\/wp\/v2\/comments?post=3540"}],"wp:featuredmedia":[{"embeddable":true,"href":"https:\/\/www.quartzite-stone.com\/fr\/wp-json\/wp\/v2\/media\/5414"}],"wp:attachment":[{"href":"https:\/\/www.quartzite-stone.com\/fr\/wp-json\/wp\/v2\/media?parent=3540"}],"wp:term":[{"taxonomy":"product_brand","embeddable":true,"href":"https:\/\/www.quartzite-stone.com\/fr\/wp-json\/wp\/v2\/product_brand?post=3540"},{"taxonomy":"product_cat","embeddable":true,"href":"https:\/\/www.quartzite-stone.com\/fr\/wp-json\/wp\/v2\/product_cat?post=3540"},{"taxonomy":"product_tag","embeddable":true,"href":"https:\/\/www.quartzite-stone.com\/fr\/wp-json\/wp\/v2\/product_tag?post=3540"}],"curies":[{"name":"wp","href":"https:\/\/api.w.org\/{rel}","templated":true}]}}