{"id":3444,"date":"2022-09-27T10:02:27","date_gmt":"2022-09-27T02:02:27","guid":{"rendered":"https:\/\/www.quartzite-stone.com\/product\/casablanca-black-quartzite\/"},"modified":"2023-06-27T16:51:18","modified_gmt":"2023-06-27T08:51:18","slug":"quartzite-noir-de-casablanca","status":"publish","type":"product","link":"https:\/\/www.quartzite-stone.com\/fr\/products\/casablanca-black-quartzite\/","title":{"rendered":"Quartzite noire de Casablanca"},"content":{"rendered":"<p>INFORMATIONS COMPL\u00c9MENTAIRES<\/p>\n<table>\n<tbody>\n<tr>\n<td width=\"124\"><strong>MAT\u00c9RIEL<\/strong><\/td>\n<td width=\"444\">Quartzite<\/td>\n<\/tr>\n<tr>\n<td width=\"124\"><strong>COULEUR<\/strong><\/td>\n<td width=\"444\">Beige<\/td>\n<\/tr>\n<tr>\n<td width=\"124\"><strong>PAYS D&#039;ORIGINE<\/strong><\/td>\n<td width=\"444\">Br\u00e9sil<\/td>\n<\/tr>\n<tr>\n<td width=\"124\"><strong>FINITION DE SURFACE<\/strong><\/td>\n<td width=\"444\">Poli, aiguis\u00e9, cuir\u00e9<\/td>\n<\/tr>\n<tr>\n<td width=\"124\"><strong>UTILISER<\/strong><\/td>\n<td width=\"444\">Cuisines, salles de bains, sols, murs, carrelages, dalles<\/td>\n<\/tr>\n<tr>\n<td width=\"124\"><strong>DISPONIBILIT\u00c9<\/strong><\/td>\n<td width=\"444\">Veuillez v\u00e9rifier la disponibilit\u00e9 des stocks aupr\u00e8s de HRST STONE pour visiter.<\/p>\n<p>Les \u00e9chantillons de pierre ne sont pas non plus disponibles pour chaque s\u00e9lection de pierre, veuillez vous renseigner pour la disponibilit\u00e9.<\/p>\n<\/td>\n<\/tr>\n<\/tbody>\n<\/table>\n<p>Le quartzite de Casablanca est une sorte de quartzite beige extraite au Br\u00e9sil. Cette pierre est particuli\u00e8rement bonne pour les comptoirs, les monuments, la mosa\u00efque, l&#039;ext\u00e9rieur - les applications de murs et de sols int\u00e9rieurs, les fontaines, les couronnements de piscines et de murs, les escaliers, les appuis de fen\u00eatre et d&#039;autres projets de conception. Il s&#039;appelait aussi Casablanca Black Quartzite. Le quartzite noir de Casablanca peut \u00eatre transform\u00e9 en poli, sci\u00e9, ponc\u00e9, rocheux, sabl\u00e9, d\u00e9gringol\u00e9, etc.<\/p>\n<p>Cette pierre est particuli\u00e8rement adapt\u00e9e aux plans de travail, monuments, mosa\u00efques, applications ext\u00e9rieures et au sol, fontaines, piscines et rev\u00eatements muraux, escaliers, appuis de fen\u00eatre et autres projets de conception. <span style=\"color: #236fa1\"><strong><a href=\"https:\/\/www.quartzite-stone.com\/fr\/2023\/06\/19\/le-quartzite-de-casablanca-un-chef-doeuvre-intemporel-qui-transcende-les-tendances\/\" style=\"color: #236fa1\">Quartzite de Casablanca<\/a><\/strong><\/span> peut \u00eatre transform\u00e9 en poli, sci\u00e9, ponc\u00e9, recouvert de pierre, sabl\u00e9, d\u00e9gringol\u00e9, etc.<\/p>\n<p>Le quartzite de Casablanca est un quartzite blanc laiteux extrait au Br\u00e9sil. Ses veines grises courbes s&#039;\u00e9tendent sur sa surface comme des faisceaux lumineux. Casablanca Black Quartzite Stone \u00b7 Pierre naturelle 100% \u00b7 Texture \u00e9l\u00e9gante \u00b7 R\u00e9sistant \u00e0 la chaleur \u00b7 R\u00e9sistant aux rayures \u00b7 R\u00e9sistant aux acides et aux taches \u00b7 Convient pour une utilisation en ext\u00e9rieur.<\/p>\n<h3 style=\"font-size: 19px\">Domaines d&#039;application du quartzite de casablanca<\/h3>\n<p>Le quartzite de Casablanca est une pierre naturelle qui pr\u00e9sente des fonds blancs cr\u00e9meux et des veines douces de gris clair, de beige et d&#039;or. C&#039;est un mat\u00e9riau polyvalent qui peut \u00eatre utilis\u00e9 dans diverses applications int\u00e9rieures et ext\u00e9rieures. Voici quelques domaines d&#039;application courants pour le quartzite noir de Casablanca\u00a0:<\/p>\n<ol style=\"list-style-type: decimal\">\n<li>\n<p>Comptoirs : Casablanca Quartzite est un choix populaire pour les comptoirs de cuisine et de salle de bain en raison de sa durabilit\u00e9, de sa r\u00e9sistance \u00e0 la chaleur et de son aspect unique.<\/p>\n<\/li>\n<li>\n<p>Rev\u00eatement de sol : Sa couleur neutre et ses belles veinures en font une excellente option de rev\u00eatement de sol pour les espaces commerciaux et r\u00e9sidentiels.<\/p>\n<\/li>\n<li>\n<p>Rev\u00eatement mural : Casablanca Black Quartzite peut ajouter de l&#039;\u00e9l\u00e9gance et de la sophistication aux murs int\u00e9rieurs et aux fa\u00e7ades ext\u00e9rieures, ce qui en fait un choix populaire pour les maisons de luxe, les h\u00f4tels et autres projets architecturaux.<\/p>\n<\/li>\n<li>\n<p>Espaces de vie ext\u00e9rieurs : le quartzite noir de Casablanca est durable et r\u00e9sistant aux intemp\u00e9ries, ce qui en fait un excellent choix pour les patios, terrasses, all\u00e9es et autres espaces de vie ext\u00e9rieurs.<\/p>\n<\/li>\n<li>\n<p>Chemin\u00e9es : Sa r\u00e9sistance \u00e0 la chaleur et au feu en fait une option id\u00e9ale pour les entourages de chemin\u00e9es, les manteaux et les foyers.<\/p>\n<\/li>\n<\/ol>\n<p>Dans l&#039;ensemble, Casablanca Quartzite est une pierre naturelle belle et durable qui peut rehausser la beaut\u00e9 de n&#039;importe quel espace. Chaque dalle de Casablanca Black Quartzite est unique, avec des variations de couleur, de veinage et de texture, cr\u00e9ant une apparence unique.<\/p>\n<\/p>\n<p>Quartzite noire de Casablanca<\/p>\n<p>Article : Quartzite noir de Casablanca pour les projets d&#039;int\u00e9rieur<\/p>\n<p>Mat\u00e9riaux : Quartzite noir de Casablanca<\/p>\n<p>Marque : Xiamen HRST Stone Co., Ltd<\/p>\n<p>MOQ\u00a0: 50\u00a0m2<\/p>\n<p>Taille de dalle de marbre : (2200-2600)mm\u00d7(1300-1600)mm\u00d718mm<\/p>\n<p>Tuile coup\u00e9e \u00e0 la taille : 800 \u00d7 800 mm, 600 \u00d7 600 mm, 300 \u00d7 300 mm, 300 \u00d7 600 mm, etc.<\/p>\n<h3 style=\"font-size: 19px\">d\u00e9tails du produit<\/h3>\n<p>Dalles polies par quartzite noir de Casablanca pour le plancher et le mur int\u00e9rieurs<\/p>\n<p><img fetchpriority=\"high\" decoding=\"async\" src=\"https:\/\/data.adwebcloud.com\/public\/material\/220426a7q47o\/product\/GranitCopacabana(1)_1662112784980.jpg\" alt=\"\" width=\"750\" height=\"600\" \/><\/p>\n<p>HRST vend en gros des dalles de quartzite noir de casablanca et est coup\u00e9e sur mesure en Chine. Notre atelier est professionnel dans la production de comptoirs de cuisine, de dessus de vanit\u00e9, de carreaux de mur et de sol pour des projets. Bienvenue \u00e0 l&#039;enqu\u00eate pour les co\u00fbts de quartzite noir de casablanca.&nbsp;<\/p>\n<p><img decoding=\"async\" src=\"https:\/\/data.adwebcloud.com\/public\/material\/220426a7q47o\/product\/CasablancaBlack(3)_1662112889910.jpg\" alt=\"\" \/><\/p>\n<p><img decoding=\"async\" src=\"https:\/\/data.adwebcloud.com\/public\/material\/220426a7q47o\/product\/CasablancaBlack(5)_1662112905033.jpg\" alt=\"\" width=\"750\" height=\"600\" \/><\/p>\n<p>&nbsp;<\/p>\n<p><img fetchpriority=\"high\" decoding=\"async\" src=\"https:\/\/data.adwebcloud.com\/public\/material\/220426a7q47o\/product\/GranitCopacabana(1)_1662112784980.jpg\" alt=\"\" width=\"750\" height=\"600\" \/><\/p>\n<p><img decoding=\"async\" src=\"https:\/\/data.adwebcloud.com\/public\/material\/220426a7q47o\/product\/GranitCopacabana(8)_1662112761495.jpg\" alt=\"\" width=\"750\" height=\"600\" \/><\/p>\n<p>Br\u00e9sil <a class=\"wpil_keyword_link\" href=\"https:\/\/www.quartzite-stone.com\/fr\/produit\/granit-de-copacabana\/\"   title=\"Granit de Copacabana\" data-wpil-keyword-link=\"linked\">Granit de Copacabana<\/a> Dalles pour comptoirs<\/p>\n<p><img decoding=\"async\" src=\"https:\/\/data.adwebcloud.com\/public\/material\/220426a7q47o\/product\/Copacabana&nbsp;Granite(2)_1654764674978.jpg\" alt=\"\" \/><\/p>\n<h3 style=\"font-size: 19px\">Avantages d&#039;utiliser le quartzite de Casablanca<\/h3>\n<p>Il y a plusieurs avantages \u00e0 utiliser le Quartzite noir de Casablanca comme mat\u00e9riau de construction :<\/p>\n<ol style=\"list-style-type: decimal\">\n<li>\n<p>Durabilit\u00e9 : Casablanca Black Quartzite est une pierre naturelle durable qui peut r\u00e9sister \u00e0 l&#039;usure, ce qui la rend id\u00e9ale pour les zones \u00e0 fort trafic.<\/p>\n<\/li>\n<li>\n<p>Esth\u00e9tique : Il a une apparence magnifique et unique, avec des veines douces de gris clair, de beige et d&#039;or sur un fond blanc cr\u00e8me. Cette pierre naturelle peut ajouter de l&#039;\u00e9l\u00e9gance et de la sophistication \u00e0 n&#039;importe quel espace.<\/p>\n<\/li>\n<li>\n<p>Entretien facile : Casablanca Quartzite est facile \u00e0 entretenir et \u00e0 nettoyer, ne n\u00e9cessitant qu&#039;un balayage r\u00e9gulier et un scellement occasionnel pour conserver sa beaut\u00e9.<\/p>\n<\/li>\n<li>\n<p>Polyvalence : il peut \u00eatre utilis\u00e9 dans diverses applications int\u00e9rieures et ext\u00e9rieures, y compris les comptoirs, les rev\u00eatements de sol, les rev\u00eatements muraux, les espaces de vie ext\u00e9rieurs, les chemin\u00e9es, etc.<\/p>\n<\/li>\n<li>\n<p>R\u00e9sistant \u00e0 la chaleur : le quartzite noir de Casablanca est tr\u00e8s r\u00e9sistant \u00e0 la chaleur, ce qui le rend id\u00e9al pour une utilisation autour des chemin\u00e9es, des po\u00eales et d&#039;autres sources de chaleur.<\/p>\n<\/li>\n<li>\n<p>Augmentation de la valeur de la maison\u00a0: l&#039;utilisation du quartzite noir de Casablanca dans la conception de la maison peut augmenter la valeur de revente d&#039;une propri\u00e9t\u00e9 en raison de sa beaut\u00e9 et de sa durabilit\u00e9 uniques.<\/p>\n<\/li>\n<\/ol>\n<p>Dans l&#039;ensemble, les nombreux avantages de Casablanca Quartzite en font un choix populaire pour les architectes, les designers et les propri\u00e9taires. Sa durabilit\u00e9, sa polyvalence et son apparence unique en font un excellent investissement pour ceux qui recherchent une solution de conception durable et \u00e9l\u00e9gante pour leurs maisons ou leurs projets commerciaux.<\/p>\n<\/p>\n<h3 style=\"font-size: 19px\">Quelle est l&#039;origine du quartzite de Casablanca et comment se forme-t-il ?<\/h3>\n<p>Le quartzite de Casablanca, \u00e9galement connu sous le nom de quartzite blanc de Macaubas, provient principalement du Br\u00e9sil. Il doit son nom \u00e0 la c\u00e9l\u00e8bre ville de Casablanca au Maroc, bien qu'il ne provienne pas de cette r\u00e9gion. Le quartzite de Casablanca est une pierre naturelle qui a subi un processus g\u00e9ologique pour se former.<\/p>\n<p>La quartzite est form\u00e9e par le m\u00e9tamorphisme du gr\u00e8s. Le processus commence lorsque le gr\u00e8s est soumis \u00e0 une chaleur et une pression intenses au plus profond de la cro\u00fbte terrestre. Cela provoque la recristallisation et la fusion des grains de sable, ce qui donne une pierre dense et durable connue sous le nom de quartzite.<\/p>\n<p>Au cours du processus m\u00e9tamorphique, les min\u00e9raux contenus dans le gr\u00e8s, comme le quartz, subissent une transformation structurelle. Cette transformation donne au quartzite sa duret\u00e9, sa r\u00e9sistance et ses motifs de couleur uniques.<\/p>\n<p>Le quartzite de Casablanca est particuli\u00e8rement pris\u00e9 pour sa belle coloration blanche et grise, avec des veines d\u00e9licates qui ressemblent souvent au marbre. La composition min\u00e9rale sp\u00e9cifique et les conditions g\u00e9ologiques du Br\u00e9sil contribuent \u00e0 la formation de cette vari\u00e9t\u00e9 de quartzite distincte et attrayante.<\/p>\n<p>Il est important de noter que les formations de pierre naturelle peuvent varier et que le quartzite de Casablanca peut pr\u00e9senter de l\u00e9g\u00e8res variations de couleur, de veines et de motifs d&#039;une carri\u00e8re \u00e0 l&#039;autre ou m\u00eame au sein de dalles individuelles. Cette variation naturelle fait partie de la beaut\u00e9 et de l&#039;unicit\u00e9 de la pierre.<\/p>\n<h3 style=\"font-size: 19px\">Comment la couleur et le motif du quartzite de Casablanca varient-ils d&#039;une dalle \u00e0 l&#039;autre ?<\/h3>\n<p>La couleur et le motif du quartzite de Casablanca peuvent varier d&#039;une dalle \u00e0 l&#039;autre, ce qui ajoute \u00e0 son attrait unique et naturel. Voici un aper\u00e7u des variantes potentielles que vous pouvez trouver\u00a0:<\/p>\n<p>Couleur : Le quartzite de Casablanca est connu pour sa couleur de base \u00e0 pr\u00e9dominance blanche ou cr\u00e9meuse. Cependant, dans cette gamme de couleurs globale, vous pouvez vous attendre \u00e0 des variations de ton et d&#039;intensit\u00e9. Certaines dalles peuvent pr\u00e9senter un fond blanc plus brillant, tandis que d&#039;autres peuvent avoir un ton blanc cass\u00e9 l\u00e9g\u00e8rement plus chaud ou plus att\u00e9nu\u00e9. L&#039;intensit\u00e9 et la distribution des veines et autres motifs contribuent \u00e9galement \u00e0 l&#039;apparence globale de la couleur de chaque dalle.<\/p>\n<p>Motif\u00a0: le quartzite de Casablanca pr\u00e9sente g\u00e9n\u00e9ralement des veines, des mouvements subtils et des motifs complexes qui ressemblent \u00e0 l&#039;aspect du marbre. Le veinage peut varier de d\u00e9licat et vaporeux \u00e0 plus prononc\u00e9 et audacieux. Les motifs peuvent \u00eatre lin\u00e9aires, ondul\u00e9s ou m\u00eame ressembler \u00e0 l&#039;apparence d&#039;un \u00e9coulement d&#039;eau. Chaque dalle aura sa propre combinaison unique de motifs, et la distribution et l&#039;intensit\u00e9 de ces motifs peuvent varier consid\u00e9rablement.<\/p>\n<p>Variation naturelle : Il est important de noter que le quartzite est une pierre naturelle et, \u00e0 ce titre, chaque dalle poss\u00e8de ses propres caract\u00e9ristiques individuelles. Les variations de couleur et de motif sont inh\u00e9rentes et r\u00e9sultent des processus g\u00e9ologiques qui ont form\u00e9 la pierre. Ces variations ajoutent \u00e0 la beaut\u00e9 et au caract\u00e8re unique du quartzite de Casablanca, car il n&#039;y a pas deux dalles identiques.<\/p>\n<p>Lors de la s\u00e9lection des dalles de quartzite de Casablanca pour un projet, il est recommand\u00e9 de visualiser et de choisir les dalles sp\u00e9cifiques que vous pr\u00e9voyez d&#039;utiliser. Cela vous permet d&#039;appr\u00e9cier et de s\u00e9lectionner les variantes qui correspondent le mieux \u00e0 vos pr\u00e9f\u00e9rences et exigences de conception. Gardez \u00e0 l&#039;esprit que les photographies et les \u00e9chantillons peuvent ne pas capturer toute la gamme des variations de couleurs et de motifs, il est donc pr\u00e9f\u00e9rable de voir les dalles en personne ou de consulter un fournisseur ou un fabricant de pierres de confiance pour une repr\u00e9sentation plus pr\u00e9cise.<\/p>\n<h3 style=\"font-size: 19px\">Comment le quartzite de Casablanca se compare-t-il aux autres types de quartzite en termes de durabilit\u00e9 et de r\u00e9sistance ?<\/h3>\n<p>Le quartzite de Casablanca, comme les autres types de quartzite, est connu pour sa durabilit\u00e9 et sa r\u00e9sistance exceptionnelles. Voici comment le quartzite de Casablanca se compare \u00e0 d&#039;autres types de quartzite dans ces aspects :<\/p>\n<ol style=\"list-style-type: decimal\">\n<li>\n<p>Durabilit\u00e9 : le quartzite de Casablanca est tr\u00e8s durable et peut r\u00e9sister \u00e0 une utilisation et \u00e0 une usure intensives. Il r\u00e9siste aux rayures, aux \u00e9clats et aux fissures, ce qui le rend adapt\u00e9 aux zones \u00e0 fort trafic. La duret\u00e9 du quartzite lui permet de conserver son aspect d&#039;origine dans le temps, m\u00eame en cas d&#039;utilisation r\u00e9guli\u00e8re.<\/p>\n<\/li>\n<li>\n<p>R\u00e9sistance : La quartzite est form\u00e9e par le m\u00e9tamorphisme du gr\u00e8s, ce qui entra\u00eene une augmentation significative de sa r\u00e9sistance. Le quartzite de Casablanca, \u00e9tant un type de quartzite, pr\u00e9sente d&#039;excellentes caract\u00e9ristiques de r\u00e9sistance. Il peut r\u00e9sister \u00e0 des pressions \u00e9lev\u00e9es et \u00e0 des chocs sans se casser ni se fracturer. Cette force en fait un choix appropri\u00e9 pour diverses applications, y compris les comptoirs, les rev\u00eatements de sol et les rev\u00eatements muraux.<\/p>\n<\/li>\n<li>\n<p>R\u00e9sistance \u00e0 la chaleur : le quartzite de Casablanca a une bonne r\u00e9sistance \u00e0 la chaleur, similaire aux autres vari\u00e9t\u00e9s de quartzite. Il peut supporter des temp\u00e9ratures \u00e9lev\u00e9es sans \u00eatre endommag\u00e9 ou d\u00e9color\u00e9. Cependant, il est toujours conseill\u00e9 d&#039;utiliser des dessous de plat ou des coussins chauffants sous les ustensiles de cuisine chauds pour \u00e9viter un choc thermique potentiel ou un chauffage in\u00e9gal.<\/p>\n<\/li>\n<li>\n<p>R\u00e9sistance \u00e0 l&#039;eau : Le quartzite, y compris le quartzite de Casablanca, est naturellement r\u00e9sistant \u00e0 la p\u00e9n\u00e9tration de l&#039;eau lorsqu&#039;il est correctement scell\u00e9. Il n&#039;est pas facilement affect\u00e9 par l&#039;humidit\u00e9, ce qui le rend adapt\u00e9 \u00e0 une utilisation dans des zones humides telles que les salles de bains et les cuisines. Cependant, il est important de noter que le quartzite n&#039;est pas enti\u00e8rement imperm\u00e9able \u00e0 l&#039;eau et qu&#039;un scellement p\u00e9riodique est recommand\u00e9 pour maintenir sa r\u00e9sistance \u00e0 l&#039;eau.<\/p>\n<\/li>\n<\/ol>\n<p>Comparativement, la durabilit\u00e9 et la r\u00e9sistance du quartzite de Casablanca sont comparables \u00e0 celles d&#039;autres vari\u00e9t\u00e9s de quartzite de haute qualit\u00e9. Cependant, il est important de consid\u00e9rer que les propri\u00e9t\u00e9s physiques sp\u00e9cifiques peuvent varier l\u00e9g\u00e8rement en fonction de la carri\u00e8re et de la dalle sp\u00e9cifiques. Il est conseill\u00e9 de consulter votre fournisseur ou fabricant de pierre pour comprendre les caract\u00e9ristiques sp\u00e9cifiques du quartzite de Casablanca disponible pour votre projet et vous assurer qu&#039;il r\u00e9pond \u00e0 vos exigences.<\/p><\/p>","protected":false},"excerpt":{"rendered":"<p>Le quartzite noir Casablanca est un granit noir piano de tr\u00e8s haute qualit\u00e9 avec de larges rayures blanches\/ivoire sur toute la longueur de la dalle et des pointes beige\/brun doux. C&#039;est une pierre totalement naturelle qui a \u00e9t\u00e9 cr\u00e9\u00e9e par les processus de la nature.<\/p><\/p>","protected":false},"featured_media":7412,"comment_status":"closed","ping_status":"closed","template":"","meta":[],"product_brand":[],"product_cat":[195],"product_tag":[321,1096,296,319,297,320,322,318],"class_list":{"0":"post-3444","1":"product","2":"type-product","3":"status-publish","4":"has-post-thumbnail","6":"product_cat-quartzite","7":"product_tag-2cm-casablanca-black-quartzite-slabs","8":"product_tag-black-horse-quartzite","9":"product_tag-brazil-copacabana-granite-slabs-for-countertops","10":"product_tag-buy-casablanca-quartzite-slabs","11":"product_tag-casablanca-black-quartzite","12":"product_tag-casablanca-black-quartzite-countertops","13":"product_tag-casablanca-black-quartzite-wall-and-floor-tiles","14":"product_tag-casablanca-granite-slabs","16":"first","17":"instock","18":"shipping-taxable","19":"product-type-simple"},"_links":{"self":[{"href":"https:\/\/www.quartzite-stone.com\/fr\/wp-json\/wp\/v2\/product\/3444","targetHints":{"allow":["GET"]}}],"collection":[{"href":"https:\/\/www.quartzite-stone.com\/fr\/wp-json\/wp\/v2\/product"}],"about":[{"href":"https:\/\/www.quartzite-stone.com\/fr\/wp-json\/wp\/v2\/types\/product"}],"replies":[{"embeddable":true,"href":"https:\/\/www.quartzite-stone.com\/fr\/wp-json\/wp\/v2\/comments?post=3444"}],"wp:featuredmedia":[{"embeddable":true,"href":"https:\/\/www.quartzite-stone.com\/fr\/wp-json\/wp\/v2\/media\/7412"}],"wp:attachment":[{"href":"https:\/\/www.quartzite-stone.com\/fr\/wp-json\/wp\/v2\/media?parent=3444"}],"wp:term":[{"taxonomy":"product_brand","embeddable":true,"href":"https:\/\/www.quartzite-stone.com\/fr\/wp-json\/wp\/v2\/product_brand?post=3444"},{"taxonomy":"product_cat","embeddable":true,"href":"https:\/\/www.quartzite-stone.com\/fr\/wp-json\/wp\/v2\/product_cat?post=3444"},{"taxonomy":"product_tag","embeddable":true,"href":"https:\/\/www.quartzite-stone.com\/fr\/wp-json\/wp\/v2\/product_tag?post=3444"}],"curies":[{"name":"wp","href":"https:\/\/api.w.org\/{rel}","templated":true}]}}