{"id":3429,"date":"2022-09-27T09:59:44","date_gmt":"2022-09-27T01:59:44","guid":{"rendered":"https:\/\/www.quartzite-stone.com\/product\/granit-copacabana\/"},"modified":"2023-03-03T16:48:14","modified_gmt":"2023-03-03T08:48:14","slug":"granit-copacabana-2","status":"publish","type":"product","link":"https:\/\/www.quartzite-stone.com\/fr\/products\/granit-copacabana\/","title":{"rendered":"Granit Copacabana"},"content":{"rendered":"<p>Le quartzite Jacaranda Oro est un type de pierre naturelle extrait au Br\u00e9sil. Elle est connue pour son m\u00e9lange unique de tons dor\u00e9s, beiges et gris, qui lui conf\u00e8re un aspect distinctif. Le quartzite Jacaranda Oro est un choix populaire pour les comptoirs, les sols et les applications murales en raison de sa durabilit\u00e9, de sa r\u00e9sistance \u00e0 la chaleur et aux rayures, et de son faible besoin d'entretien.<\/p>\n<p>Le quartzite est une pierre naturelle qui se forme lorsque le gr\u00e8s est soumis \u00e0 une chaleur et une pression \u00e9lev\u00e9es au fil du temps. Il est compos\u00e9 principalement de quartz, ce qui lui conf\u00e8re sa duret\u00e9 et sa durabilit\u00e9. Le quartzite est \u00e9galement connu pour sa r\u00e9sistance aux taches, ce qui en fait un excellent choix pour les zones \u00e0 fort trafic et les cuisines. <a class=\"wpil_keyword_link\" href=\"https:\/\/www.quartzite-stone.com\/fr\/produit\/jacaranda-oro-quartzite-2\/\"   title=\"Quartzite Jacaranda Oro\" data-wpil-keyword-link=\"linked\">Quartzite Jacaranda Oro<\/a> est une vari\u00e9t\u00e9 de quartzite particuli\u00e8rement belle et unique qui peut ajouter de l&#039;\u00e9l\u00e9gance et de la sophistication \u00e0 n&#039;importe quel espace.<\/p>\n<\/p>\n<p><a class=\"wpil_keyword_link\" href=\"https:\/\/www.quartzite-stone.com\/fr\/produit\/granit-de-copacabana\/\"   title=\"Granit de Copacabana\" data-wpil-keyword-link=\"linked\">Granit de Copacabana<\/a> est un granit noir piano de tr\u00e8s haute qualit\u00e9, avec de larges bandes blanc\/ivoire sur toute la longueur de la dalle et des pointes beige\/marron doux. Le granit Copacabana est une pierre totalement naturelle qui a \u00e9t\u00e9 cr\u00e9\u00e9e par les processus de la nature. En fonction de la quantit\u00e9 de quartz qu'il contient (jusqu'\u00e0 60%) et de la taille des min\u00e9raux qu'il renferme, sa composition granulaire unique, sa combinaison de teintes et ses composants changeront.<\/p>\n<p><img fetchpriority=\"high\" decoding=\"async\" src=\"https:\/\/data.adwebcloud.com\/public\/material\/220426a7q47o\/product\/GranitCopacabana(1)_1662112784980.jpg\" alt=\"\" width=\"750\" height=\"600\" \/><\/p>\n<p>Aujourd&#039;hui, Copacabana Granite est sans aucun doute la pierre la plus populaire. La duret\u00e9, le faible taux d&#039;absorption et la r\u00e9sistance aux temp\u00e9ratures \u00e9lev\u00e9es du granit Copacabana en font un excellent choix pour les comptoirs de cuisine, les sols et autres surfaces fr\u00e9quemment utilis\u00e9es. Selon les d\u00e9finitions g\u00e9ologiques, de nombreuses pierres de ce groupe ne sont pas de v\u00e9ritables granits au sens commercial. A travaux et propri\u00e9t\u00e9s comparables, ils sont propos\u00e9s \u00e0 la vente sous forme de granit. Ces pierres dimensionnelles offrent le plus haut niveau de r\u00e9sistance \u00e0 l&#039;abrasion et aux rayures et sont les plus r\u00e9sistantes. Les min\u00e9raux primaires du granit r\u00e9sistent \u00e0 pratiquement tous les polluants pr\u00e9sents dans un milieu de vie.<\/p>\n<p><img decoding=\"async\" src=\"https:\/\/data.adwebcloud.com\/public\/material\/220426a7q47o\/product\/CasablancaBlack(3)_1662112889910.jpg\" alt=\"\" \/><\/p>\n<p>Cuisine en granit Copacabana, comptoirs en granit Copacabana, aspect incroyable<\/p>\n<p><img decoding=\"async\" src=\"https:\/\/data.adwebcloud.com\/public\/material\/220426a7q47o\/product\/CasablancaBlack(5)_1662112905033.jpg\" alt=\"\" width=\"750\" height=\"600\" \/><\/p>\n<p>Nous vendons en gros des dalles de granit Copacabana, donc notre prix de granit Copacabana est bon.<\/p>\n<p><img fetchpriority=\"high\" decoding=\"async\" src=\"https:\/\/data.adwebcloud.com\/public\/material\/220426a7q47o\/product\/GranitCopacabana(1)_1662112784980.jpg\" alt=\"\" width=\"750\" height=\"600\" \/><\/p>\n<p><img decoding=\"async\" src=\"https:\/\/data.adwebcloud.com\/public\/material\/220426a7q47o\/product\/GranitCopacabana(8)_1662112761495.jpg\" alt=\"\" width=\"750\" height=\"600\" \/><\/p>\n<p>Dalles de granit de Copacabana au Br\u00e9sil pour les comptoirs<\/p>\n<p><img decoding=\"async\" src=\"https:\/\/data.adwebcloud.com\/public\/material\/220426a7q47o\/product\/Copacabana&nbsp;Granite(2)_1654764674978.jpg\" alt=\"\" \/><\/p><\/p>","protected":false},"excerpt":{"rendered":"<p><a class=\"wpil_keyword_link\" href=\"https:\/\/www.quartzite-stone.com\/fr\/produit\/granit-de-copacabana\/\"   title=\"Granit de Copacabana\" data-wpil-keyword-link=\"linked\">Granit de Copacabana<\/a> est un granit noir piano de tr\u00e8s haute qualit\u00e9 avec de larges rayures blanches\/ivoire sur toute la longueur de la dalle et des pointes beige\/brun doux. C&#039;est une pierre totalement naturelle qui a \u00e9t\u00e9 cr\u00e9\u00e9e par les processus de la nature.<\/p>","protected":false},"featured_media":5323,"comment_status":"closed","ping_status":"closed","template":"","meta":[],"product_brand":[],"product_cat":[205],"product_tag":[295,296,297,291,294,293,292],"class_list":{"0":"post-3429","1":"product","2":"type-product","3":"status-publish","4":"has-post-thumbnail","6":"product_cat-granite","7":"product_tag-black-copacabana-granite","8":"product_tag-brazil-copacabana-granite-slabs-for-countertops","9":"product_tag-casablanca-black-quartzite","10":"product_tag-copacabana-granite","11":"product_tag-copacabana-granite-countertops","12":"product_tag-copacabana-granite-kitchen","13":"product_tag-copacabana-granite-price","15":"first","16":"instock","17":"shipping-taxable","18":"product-type-simple"},"_links":{"self":[{"href":"https:\/\/www.quartzite-stone.com\/fr\/wp-json\/wp\/v2\/product\/3429","targetHints":{"allow":["GET"]}}],"collection":[{"href":"https:\/\/www.quartzite-stone.com\/fr\/wp-json\/wp\/v2\/product"}],"about":[{"href":"https:\/\/www.quartzite-stone.com\/fr\/wp-json\/wp\/v2\/types\/product"}],"replies":[{"embeddable":true,"href":"https:\/\/www.quartzite-stone.com\/fr\/wp-json\/wp\/v2\/comments?post=3429"}],"wp:featuredmedia":[{"embeddable":true,"href":"https:\/\/www.quartzite-stone.com\/fr\/wp-json\/wp\/v2\/media\/5323"}],"wp:attachment":[{"href":"https:\/\/www.quartzite-stone.com\/fr\/wp-json\/wp\/v2\/media?parent=3429"}],"wp:term":[{"taxonomy":"product_brand","embeddable":true,"href":"https:\/\/www.quartzite-stone.com\/fr\/wp-json\/wp\/v2\/product_brand?post=3429"},{"taxonomy":"product_cat","embeddable":true,"href":"https:\/\/www.quartzite-stone.com\/fr\/wp-json\/wp\/v2\/product_cat?post=3429"},{"taxonomy":"product_tag","embeddable":true,"href":"https:\/\/www.quartzite-stone.com\/fr\/wp-json\/wp\/v2\/product_tag?post=3429"}],"curies":[{"name":"wp","href":"https:\/\/api.w.org\/{rel}","templated":true}]}}