{"id":3418,"date":"2022-09-26T16:42:38","date_gmt":"2022-09-26T08:42:38","guid":{"rendered":"https:\/\/www.quartzite-stone.com\/product\/quartzite-3\/"},"modified":"2023-06-27T17:58:34","modified_gmt":"2023-06-27T09:58:34","slug":"da-vinci-quartzite-2","status":"publish","type":"product","link":"https:\/\/www.quartzite-stone.com\/fr\/products\/da-vinci-quartzite\/","title":{"rendered":"Quartzite de L\u00e9onard de Vinci"},"content":{"rendered":"<p><strong>Da Vinci Quartzite\/ Bahia Green Quartzite<\/strong><\/p>\n<p>Le quartzite Da Vinci est une sorte de chef-d'\u0153uvre naturel pr\u00e9cieux et unique, plus que du cristal. <br \/>Les tons verts pastel, la chance, le th\u00e9 coulent dans un motif rafra\u00eechissant et forment un vert \u00e9tincelant. <br \/>quartzite cristallin avec des veines dor\u00e9es spectaculaires.<\/p>\n<p>Da Vinci Quartzite est une surface naturelle dont la magnificence est l'incarnation de la puret\u00e9, <br \/>une beaut\u00e9 non filtr\u00e9e. Cette pierre naturelle a un sens du myst\u00e8re et de l'attrait pour \u00eatre magnifique. <br \/>simplement en raison de sa teinte verte plus douce.<\/p>\n<p>Da Vinci est un excellent choix pour tous les int\u00e9rieurs et ext\u00e9rieurs qui se distinguent et attirent l'attention. <br \/>gr\u00e2ce au visuel translucide qui scintille pour que l'atmosph\u00e8re du salon soit la plus agr\u00e9able possible. <br \/>et vous vous sentez plus proche de l'enchantement de la nature gr\u00e2ce \u00e0 cette raret\u00e9. <br \/>quartzite vert et se sentent plus proches de la r\u00e9alit\u00e9.<\/p>\n<p>En plus de sa beaut\u00e9 naturelle, le quartzite Da Vinci pr\u00e9sente \u00e9galement des caract\u00e9ristiques de quartz. <br \/>Les cristaux qui donnent \u00e0 la pierre sa translucidit\u00e9, donc si vous avez de la lumi\u00e8re sur le mur du fond, cette pierre peut \u00eatre utilis\u00e9e pour la construction d'une maison ou d'un appartement. <br \/>la pierre a l'air incroyable !<\/p>\n<p><img decoding=\"async\" src=\"https:\/\/data.adwebcloud.com\/public\/material\/220426a7q47o\/product\/blobid0_1662438655295.jpg\" \/><\/p>\n<p>Le quartzite vert Da Vinci est une roche m\u00e9tamorphique r\u00e9sistante, belle et adaptable. Elle peut \u00eatre un excellent substitut au marbre car elle offre le m\u00eame aspect de marbre mais est plus durable, ce qui en fait un choix populaire pour les comptoirs de cuisine.<br \/>Le quartzite vert Da Vinci est une sorte de quartzite naturel qui peut \u00eatre utilis\u00e9 comme chemin\u00e9e, comptoir en quartzite, plan de travail en quartzite, comptoir de cuisine en quartzite, et m\u00eame pour la salle de bain en quartzite et son comptoir de salle de bain en quartzite.<\/p>\n<p>Le march\u00e9 de la pierre naturelle est assez nouveau pour Da Vinci Green Quartziteslabs. Le quartzite Da offre une vari\u00e9t\u00e9 \u00e9tonnante de teintes, de veines et de mouvements et peut ressembler au marbre, au granit ou \u00e0 un hybride des deux. Il s'agit d'un produit tr\u00e8s en vogue, que ce soit pour les comptoirs de cuisine ou les murs d'accent, en raison de sa beaut\u00e9, de sa brillance cristalline, de sa durabilit\u00e9 et de son allure sophistiqu\u00e9e.<\/p>\n<p><img decoding=\"async\" src=\"https:\/\/data.adwebcloud.com\/public\/material\/220426a7q47o\/product\/blobid1_1662438693013.jpg\" \/><\/p>\n<p>En raison de sa solidit\u00e9, le quartzite vert de Bahia r\u00e9siste principalement \u00e0 l'\u00e9rosion et aux conditions m\u00e9t\u00e9orologiques instables, ce qui le rend appropri\u00e9 pour les sols, les marches d'escalier, les rev\u00eatements muraux et les tuiles de toiture. Le quartzite vert de Bahia est de plus en plus souvent utilis\u00e9 \u00e0 l'int\u00e9rieur comme table de meuble et comme surface de comptoir. En raison des diff\u00e9rentes concentrations d'oxyde de fer, le quartzite peut \u00e9galement se pr\u00e9senter dans une vari\u00e9t\u00e9 de teintes roses et rouges en plus de sa gamme de couleurs neutres typiques allant du blanc au gris.<\/p>\n<p>Le quartzite vert de Bahia est une excellente option pour la d\u00e9coration moderne, comme les \u00e9l\u00e9ments muraux en tant que d\u00e9coration murale d'accent, ou les tables, les tables basses, les tables \u00e0 manger, les tables d'appoint, ou l'entourage de la t\u00e9l\u00e9vision ou de la chemin\u00e9e, ou m\u00eame pour le sol ou le mur de la salle de bains ou l'entourage de la douche ou de la baignoire, qui est une tr\u00e8s belle pierre pour la d\u00e9coration int\u00e9rieure ou la conception d'un h\u00f4tel ou d'une villa.<\/p>\n<p>Voir le mod\u00e8le ci-dessous, qui semble simple mais qui est d'une beaut\u00e9 magnifique.<\/p>\n<p><img decoding=\"async\" src=\"https:\/\/data.adwebcloud.com\/public\/material\/220426a7q47o\/product\/blobid2_1662438701173.jpg\" \/><\/p>\n<p>Le quartzite Da Vinci est une pierre naturelle qui pr\u00e9sente de belles stries de couleur, des tons profonds et de jolis motifs \u00e0 sa surface. Ces caract\u00e9ristiques permettent au quartzite d'\u00eatre un point focal tout \u00e0 fait distinctif dans une cuisine, une salle de bain ou un int\u00e9rieur. C'est pourquoi de plus en plus de personnes le choisissent comme d\u00e9coration d'int\u00e9rieur.<\/p>\n<p><img decoding=\"async\" src=\"https:\/\/data.adwebcloud.com\/public\/material\/220426a7q47o\/product\/blobid3_1662438707288.jpg\" \/><\/p>\n<p>Ce quartzite vert, originaire du Br\u00e9sil, pr\u00e9sente une texture vein\u00e9e et des qualit\u00e9s translucides. <br \/>qui lui conf\u00e8rent un aspect distinctif donnent aux gens un sentiment de luxe dans tous les espaces int\u00e9rieurs et ext\u00e9rieurs. <br \/>A l'int\u00e9rieur, les murs d'accent dans les salons, les rev\u00eatements de sol dans les salles de <br \/>Les meubles de salle de bain et les plans de travail de cuisine, ainsi que les meubles de table, sont \u00e9galement con\u00e7us pour \u00eatre utilis\u00e9s comme meubles. <br \/>choisir Da Vinci Quartzite pour les tables massives. Da Vinci Quartzite convient \u00e9galement \u00e0 la conception de plateaux de r\u00e9ception et de bars.<\/p>\n<p>Le quartzite vert Da Vinci donne un aspect tourbillonnant et une duret\u00e9 similaire \u00e0 celle du granit. <br \/>Le quartzite est un mat\u00e9riau fr\u00e9quemment utilis\u00e9, de couleur verte avec des veines uniques. <br \/>incroyablement s\u00e9duisante et attrayante <br \/>Les personnes qui habitent dans ces r\u00e9sidences les choisissent comme d\u00e9coration int\u00e9rieure.<\/p>\n<p>&nbsp;<\/p>","protected":false},"excerpt":{"rendered":"<p>Le quartzite vert Da Vinci, originaire du Br\u00e9sil, a une texture vein\u00e9e et des qualit\u00e9s translucides. Cela donne aux gens un sentiment de luxe dans toutes les utilisations int\u00e9rieures et ext\u00e9rieures. Da Vinci Quartzite peut \u00eatre utilis\u00e9 pour les murs d&#039;accent dans la conception des salons et des sols dans les plans de travail des vanit\u00e9s de salle de bain et des comptoirs de cuisine.<\/p>","protected":false},"featured_media":7473,"comment_status":"closed","ping_status":"closed","template":"","meta":[],"product_brand":[],"product_cat":[195],"product_tag":[287,282,286,348,281,285,284,283,288,289],"class_list":{"0":"post-3418","1":"product","2":"type-product","3":"status-publish","4":"has-post-thumbnail","6":"product_cat-quartzite","7":"product_tag-bahia-green-quartzite","8":"product_tag-da-vinci-green-quartzite","9":"product_tag-da-vinci-quartzite","10":"product_tag-da-vinci-quartzite-countertops","11":"product_tag-green-da-vinci-quartzite","12":"product_tag-green-da-vinci-quartzite-accent-wall","13":"product_tag-green-da-vinci-quartzite-bathroom-wall","14":"product_tag-green-da-vinci-quartzite-for-countertops","15":"product_tag-green-quartzite-countertops","16":"product_tag-green-stone-for-tables","18":"first","19":"instock","20":"shipping-taxable","21":"product-type-simple"},"_links":{"self":[{"href":"https:\/\/www.quartzite-stone.com\/fr\/wp-json\/wp\/v2\/product\/3418","targetHints":{"allow":["GET"]}}],"collection":[{"href":"https:\/\/www.quartzite-stone.com\/fr\/wp-json\/wp\/v2\/product"}],"about":[{"href":"https:\/\/www.quartzite-stone.com\/fr\/wp-json\/wp\/v2\/types\/product"}],"replies":[{"embeddable":true,"href":"https:\/\/www.quartzite-stone.com\/fr\/wp-json\/wp\/v2\/comments?post=3418"}],"wp:featuredmedia":[{"embeddable":true,"href":"https:\/\/www.quartzite-stone.com\/fr\/wp-json\/wp\/v2\/media\/7473"}],"wp:attachment":[{"href":"https:\/\/www.quartzite-stone.com\/fr\/wp-json\/wp\/v2\/media?parent=3418"}],"wp:term":[{"taxonomy":"product_brand","embeddable":true,"href":"https:\/\/www.quartzite-stone.com\/fr\/wp-json\/wp\/v2\/product_brand?post=3418"},{"taxonomy":"product_cat","embeddable":true,"href":"https:\/\/www.quartzite-stone.com\/fr\/wp-json\/wp\/v2\/product_cat?post=3418"},{"taxonomy":"product_tag","embeddable":true,"href":"https:\/\/www.quartzite-stone.com\/fr\/wp-json\/wp\/v2\/product_tag?post=3418"}],"curies":[{"name":"wp","href":"https:\/\/api.w.org\/{rel}","templated":true}]}}