{"id":3400,"date":"2022-09-26T14:44:01","date_gmt":"2022-09-26T06:44:01","guid":{"rendered":"https:\/\/www.quartzite-stone.com\/product\/quartzite\/"},"modified":"2023-06-27T17:58:17","modified_gmt":"2023-06-27T09:58:17","slug":"quartzite-de-soie-blanche","status":"publish","type":"product","link":"https:\/\/www.quartzite-stone.com\/fr\/products\/white-silk-quartzite\/","title":{"rendered":"Quartzite de soie blanche"},"content":{"rendered":"<p>Comptoir de cuisine en quartzite de soie blanche<\/p>\n<p>&nbsp;<\/p>\n<p>Quartzite Bianco Superiore\/Quartzite Aphrodite\/Quartzite blanc soyeux<\/p>\n<p>Quartzite de soie blanche extraite au Br\u00e9sil qui est tr\u00e8s solide, belle et adaptable <br \/>mat\u00e9riau de roche m\u00e9tamorphique avec une base de fond blanc pur et quelques veines grises. \u00c7a peut \u00eatre <br \/>un excellent substitut au marbre car il offre le m\u00eame aspect de marbre mais est <br \/>plus durable, ce qui en fait un choix populaire pour les comptoirs de cuisine et l&#039;\u00eelot avec <br \/>chute d&#039;eau qui les rend bookmatched. La quartzite peut \u00e9galement \u00eatre appliqu\u00e9e comme sol, <br \/>le dosseret, la salle de bain ou la chemin\u00e9e entourent la r\u00e9ception ou le bar \u00e0 l&#039;int\u00e9rieur et \u00e0 l&#039;ext\u00e9rieur <br \/>haut..<\/p>\n<p>&nbsp;<\/p>\n<p>Le quartzite de soie blanche est \u00e9galement appel\u00e9 quartzite de Spring Falls, qui est un granit super exotique. <br \/>Il peut \u00eatre utilis\u00e9 comme comptoir de cuisine ou dessus de table, comme dans la table \u00e0 manger, les tables basses, <br \/>tables d&#039;appoint.Parce qu&#039;il s&#039;agit de quartzite durable, si possible, certaines personnes le choisissent comme <br \/>rev\u00eatements de sol, comptoirs, dessus de vanit\u00e9 dans le sol et les murs de la salle de bain et le dosseret de la cuisine.<\/p>\n<p>&nbsp;<\/p>\n<p><img decoding=\"async\" src=\"https:\/\/data.adwebcloud.com\/public\/material\/220426a7q47o\/product\/blobid0_1663314383431.jpg\" \/><\/p>\n<p>Le quartzite White Silk est un quartzite magnifique qui pr\u00e9sente un motif de veines grises d\u00e9licates et une couleur blanc cr\u00e8me. Il est id\u00e9al pour donner \u00e0 n&#039;importe quel comptoir de cuisine ou de salle de bain une touche d&#039;\u00e9l\u00e9gance naturelle. C&#039;est une option fantastique pour la d\u00e9coration de la maison dans les comptoirs en raison de son extraordinaire durabilit\u00e9 et de sa r\u00e9sistance aux rayures.<\/p>\n<p><img decoding=\"async\" src=\"https:\/\/data.adwebcloud.com\/public\/material\/220426a7q47o\/product\/blobid1_1663314389839.jpg\" \/><\/p>\n<p>La soie blanche peut \u00e9galement \u00eatre utilis\u00e9e pour cr\u00e9er des comptoirs plus propres, plus modernes et id\u00e9aux pour la cuisine ou la salle de bain. Partout o\u00f9 elle est utilis\u00e9e, la soie blanche ajoute une touche d&#039;\u00e9l\u00e9gance tout en ajoutant du style et de la sophistication \u00e0 n&#039;importe quel espace. Les pubs, restaurants, h\u00f4tels et centres de vill\u00e9giature haut de gamme utilisent fr\u00e9quemment la soie blanche dans leur d\u00e9coration. Les comptoirs en soie blanche sont une option \u00e9tonnante que les visiteurs peuvent laisser une impression durable.<\/p>\n<p>Toute pi\u00e8ce de votre maison o\u00f9 vous souhaitez faire une d\u00e9claration doit \u00eatre recouverte de soie blanche. Partout o\u00f9 vous souhaitez ajouter une touche de luxe, y compris la cuisine, la salle de bain, le salon et la salle \u00e0 manger, le quartzite de soie blanche peut \u00eatre utilis\u00e9. Tout en conservant la durabilit\u00e9 et la r\u00e9sistance aux taches, la soie blanche ajoute du luxe \u00e0 votre maison. Le quartzite de soie blanche est un choix fantastique si vous recherchez un mat\u00e9riau de comptoir magnifique et de haute qualit\u00e9. Votre maison sera sans aucun doute plus belle avec elle.<\/p>\n<p><img decoding=\"async\" src=\"https:\/\/data.adwebcloud.com\/public\/material\/220426a7q47o\/product\/blobid2_1663314395320.jpg\" \/><\/p>\n<p>Le quartzite de soie blanche est l&#039;un des plus beaux mat\u00e9riaux de pierre que vous pouvez utiliser pour vos besoins de comptoir. La pierre naturelle a de belles teintes blanches qui peuvent accentuer toute r\u00e9novation de salle de bain ou de cuisine. White Silk Quartzite est un quartzite blanc avec des veines boucl\u00e9es ou droites avec un fond cr\u00e9meux clair. La surface polie ou en cuir peut \u00eatre disponible avec 2 cm ou 3 cm en stock. La plupart des gens le choisissent \u00e9galement comme design de dessus de table, comme une table \u00e0 manger, une table basse, des tables d&#039;appoint, un dessus de bar, un banc ou m\u00eame pour la d\u00e9coration ext\u00e9rieure comme comptoirs de barbecue. Alors envoyez-nous votre demande et nous pouvons vous aider \u00e0 faire le meilleur design pour la d\u00e9coration de votre maison.<\/p>\n<p><img decoding=\"async\" src=\"https:\/\/data.adwebcloud.com\/public\/material\/220426a7q47o\/product\/blobid3_1663314406416.jpg\" \/><\/p>\n<p>Quartzite soyeux blanc avec des veines similaires au marbre et c&#039;est parce qu&#039;il est tr\u00e8s populaire <br \/>choix pour les comptoirs de cuisine et de salle de bain, les murs d&#039;accent ou les murs caract\u00e9ristiques. Parce que c<\/p>\n<p>Avec des veines similaires au marbre, les dalles de quartzite naturel deviennent de plus en plus <br \/>choix populaire pour les comptoirs de cuisine et de salle de bain, les dosserets et les murs caract\u00e9ristiques. <br \/>Les constructeurs, les d\u00e9corateurs et les propri\u00e9taires pr\u00e9f\u00e8rent le quartzite pour son \u00e9clat cristallin et <br \/>motifs saisissants car il est disponible dans une vari\u00e9t\u00e9 de teintes terreuses qui vont bien avec <br \/>n&#039;importe quel style.<\/p>\n<p>Le quartzite de soie blanche est une sorte de pierre luxueuse et chaque dalle de quartzite est unique. <br \/>Avec des variations en fonction du niveau d&#039;oxyde de fer, de la surface et de l&#039;\u00e2ge de la pierre, des teintes communes <br \/>inclure les tons blancs et gris tourbillonnants qui pr\u00e9dominent dans les conceptions de cuisine d&#039;aujourd&#039;hui, ainsi <br \/>en tant que types plus rares, notamment le marron, l&#039;or, l&#039;orange, le rouge, le vert et le bleu.Si vous voulez <br \/>en savoir plus sur les autres options de pierre, vous allez chercher votre site Web en v\u00e9rifiant d&#039;autres conceptions.<\/p>\n<p>&nbsp;<\/p>\n<p>&nbsp;<\/p>\n<p>&nbsp;<\/p>","protected":false},"excerpt":{"rendered":"<p>Le quartzite de soie blanche extrait au Br\u00e9sil est tr\u00e8s solide, beau et adaptable. Il offre le m\u00eame aspect de marbre mais est plus durable. La quartzite peut \u00e9galement \u00eatre appliqu\u00e9e comme comptoir de cuisine, sol, dosseret, salle de bain ou contour de chemin\u00e9e.<\/p>","protected":false},"featured_media":7479,"comment_status":"closed","ping_status":"closed","template":"","meta":[],"product_brand":[],"product_cat":[195],"product_tag":[265,266,262,268,269,270,263,267,264,271],"class_list":{"0":"post-3400","1":"product","2":"type-product","3":"status-publish","4":"has-post-thumbnail","6":"product_cat-quartzite","7":"product_tag-aphrodite-quartzite","8":"product_tag-bianco-superiore-quartzite","9":"product_tag-white-silk-quartzite","10":"product_tag-white-silk-quartzite-bathroom-vanity-top","11":"product_tag-white-silk-quartzite-countertops","12":"product_tag-white-silk-quartzite-fireplace-surround","13":"product_tag-white-silk-quartzite-kitchen-countertop","14":"product_tag-white-silk-quartzite-tabletops","15":"product_tag-white-silky-quartzite","16":"product_tag-white-silky-stone","18":"first","19":"instock","20":"shipping-taxable","21":"product-type-simple"},"_links":{"self":[{"href":"https:\/\/www.quartzite-stone.com\/fr\/wp-json\/wp\/v2\/product\/3400","targetHints":{"allow":["GET"]}}],"collection":[{"href":"https:\/\/www.quartzite-stone.com\/fr\/wp-json\/wp\/v2\/product"}],"about":[{"href":"https:\/\/www.quartzite-stone.com\/fr\/wp-json\/wp\/v2\/types\/product"}],"replies":[{"embeddable":true,"href":"https:\/\/www.quartzite-stone.com\/fr\/wp-json\/wp\/v2\/comments?post=3400"}],"wp:featuredmedia":[{"embeddable":true,"href":"https:\/\/www.quartzite-stone.com\/fr\/wp-json\/wp\/v2\/media\/7479"}],"wp:attachment":[{"href":"https:\/\/www.quartzite-stone.com\/fr\/wp-json\/wp\/v2\/media?parent=3400"}],"wp:term":[{"taxonomy":"product_brand","embeddable":true,"href":"https:\/\/www.quartzite-stone.com\/fr\/wp-json\/wp\/v2\/product_brand?post=3400"},{"taxonomy":"product_cat","embeddable":true,"href":"https:\/\/www.quartzite-stone.com\/fr\/wp-json\/wp\/v2\/product_cat?post=3400"},{"taxonomy":"product_tag","embeddable":true,"href":"https:\/\/www.quartzite-stone.com\/fr\/wp-json\/wp\/v2\/product_tag?post=3400"}],"curies":[{"name":"wp","href":"https:\/\/api.w.org\/{rel}","templated":true}]}}