{"id":2937,"date":"2022-07-05T00:05:28","date_gmt":"2022-07-04T16:05:28","guid":{"rendered":"https:\/\/www.quartzite-stone.com\/product\/red-agate\/"},"modified":"2023-07-11T11:46:26","modified_gmt":"2023-07-11T03:46:26","slug":"agate-rouge","status":"publish","type":"product","link":"https:\/\/www.quartzite-stone.com\/fr\/products\/red-agate\/","title":{"rendered":"Agate rouge"},"content":{"rendered":"<p>INFORMATIONS COMPL\u00c9MENTAIRES<\/p>\n<table>\n<tbody>\n<tr>\n<td width=\"124\"><strong>MAT\u00c9RIEL<\/strong><\/td>\n<td width=\"444\">Agate<\/td>\n<\/tr>\n<tr>\n<td width=\"124\"><strong>COULEUR<\/strong><\/td>\n<td width=\"444\">Rouge<\/td>\n<\/tr>\n<tr>\n<td width=\"124\"><strong>PAYS D&#039;ORIGINE<\/strong><\/td>\n<td width=\"444\">Br\u00e9sil<\/td>\n<\/tr>\n<tr>\n<td width=\"124\"><strong>FINITION DE SURFACE<\/strong><\/td>\n<td width=\"444\">Poli, aiguis\u00e9, cuir\u00e9<\/td>\n<\/tr>\n<tr>\n<td width=\"124\"><strong>UTILISER<\/strong><\/td>\n<td width=\"444\">Cuisines, salles de bains, sols, murs, carrelages, dalles<\/td>\n<\/tr>\n<tr>\n<td width=\"124\"><strong>DISPONIBILIT\u00c9<\/strong><\/td>\n<td width=\"444\">Veuillez v\u00e9rifier la disponibilit\u00e9 des stocks aupr\u00e8s de HRST STONE pour visiter.<\/p>\n<p>Les \u00e9chantillons de pierre ne sont pas non plus disponibles pour chaque s\u00e9lection de pierre, veuillez vous renseigner pour la disponibilit\u00e9.<\/td>\n<\/tr>\n<\/tbody>\n<\/table>\n<p>&nbsp;<\/p>\n<h2>Effet physiologique<\/h2>\n<p>L&#039;agate rouge peut am\u00e9liorer le syst\u00e8me endocrinien, renforcer la circulation sanguine, am\u00e9liorer le teint, \u00e9liminer les obstacles sexuels et \u00e9viter l&#039;impuissance et l&#039;infertilit\u00e9. L&#039;agate rouge orang\u00e9e peut \u00eatre efficace sur le rectum et le tractus gastro-intestinal, et peut activer les organes internes. Pr\u00e9venir la constipation, aider \u00e0 expulser les toxines, soulager les maladies du foie, les rhumatismes, les n\u00e9vralgies, les varices, etc. L&#039;agate rouge a un champ super \u00e9nerg\u00e9tique.<\/p>\n<p>Renforcez votre esprit personnel et votre champ magn\u00e9tique, attirez la force positive et la chance, et am\u00e9liorez votre fortune ! L&#039;agate rouge peut am\u00e9liorer la fonction immunitaire, favoriser la circulation sanguine, renforcer le m\u00e9tabolisme et peut \u00e9galement traiter l&#039;insomnie.<\/p>\n<p>&nbsp;<\/p>\n<h2>Effet psychologique<\/h2>\n<p>Pour les personnes qui sont passives dans la situation actuelle et qui n&#039;ont ni objectifs ni motivation, cela peut stimuler leur curiosit\u00e9 et leur action, afin qu&#039;elles puissent reconna\u00eetre leurs objectifs et se pr\u00e9cipiter pour les poursuivre. Renforcer la cr\u00e9ativit\u00e9 et la cr\u00e9ativit\u00e9, et \u00eatre inspir\u00e9 dans le processus de cr\u00e9ation. Dans le m\u00eame temps, l&#039;agate rouge peut \u00e9liminer le stress et la tension mentale, r\u00e9soudre le foss\u00e9 des g\u00e9n\u00e9rations et promouvoir l&#039;honn\u00eatet\u00e9 et l&#039;honn\u00eatet\u00e9 entre les gens. C&#039;est un joyau pour maintenir l&#039;harmonie entre la famille, l&#039;entreprise et les membres du groupe.<\/p>\n<p>&nbsp;<\/p>\n<p>Onyx peut \u00e9quilibrer l&#039;\u00e9nergie positive et n\u00e9gative, \u00e9liminer la tension mentale et le stress. Maintenir l&#039;harmonie du corps et de l&#039;esprit, renforcer l&#039;amour et la loyaut\u00e9, et avoir \u00e9galement pour effet d&#039;inspirer le courage et de rendre les gens confiants et r\u00e9solus. Pour les personnes \u00e9motives, le puissant pouvoir de l&#039;onyx est n\u00e9cessaire pour stabiliser les troubles de l&#039;esprit.<\/p>\n<p>&nbsp;<\/p>\n<p>La couleur de l&#039;agate rouge est d\u00e9licate, fra\u00eeche et magnifique ! Lorsque vous voyez \u00e0 travers la lumi\u00e8re, il y aura des lignes naturelles \u00e9videntes. C&#039;est tr\u00e8s mignon. Apr\u00e8s l&#039;avoir port\u00e9, la peau sera plus juste et plus d\u00e9licate. Depuis l&#039;Antiquit\u00e9, les \u00e9rudits consid\u00e8rent l&#039;agate comme le &quot;troisi\u00e8me \u0153il&quot; des pierres pr\u00e9cieuses, symbolisant l&#039;amour amical et l&#039;espoir. Effets physiologiques : l&#039;agate rouge peut am\u00e9liorer le syst\u00e8me endocrinien, renforcer la circulation sanguine et am\u00e9liorer le teint.<\/p>\n<p>&nbsp;<\/p>\n<p>L&#039;agate rouge a pour effet de stimuler la curiosit\u00e9 et l&#039;action des personnes qui ont des pens\u00e9es n\u00e9gatives, qui n&#039;ont pas d&#039;objectifs ni de motivation. Renforcer la cr\u00e9ativit\u00e9 et la cr\u00e9ativit\u00e9, et \u00eatre inspir\u00e9 dans le processus de cr\u00e9ation. La couleur de l&#039;agate rouge est d\u00e9licate et lumineuse, et lorsqu&#039;elle est vue \u00e0 travers la lumi\u00e8re, il y aura des lignes naturelles \u00e9videntes. Depuis l&#039;Antiquit\u00e9, les \u00e9rudits consid\u00e8rent l&#039;agate comme le &quot;troisi\u00e8me \u0153il&quot; des pierres pr\u00e9cieuses, symbolisant l&#039;amour amical et l&#039;espoir.<\/p>\n<p><img decoding=\"async\" class=\"aligncenter\" src=\"https:\/\/data.adwebcloud.com\/public\/material\/220426a7q47o\/product\/imageFile_1664271904364.jpg\" alt=\"\" \/><\/p>\n<p><img decoding=\"async\" class=\"aligncenter\" src=\"https:\/\/data.adwebcloud.com\/public\/material\/220426a7q47o\/product\/imageFile_1664271905191.jpg\" alt=\"\" \/><\/p>\n<p><img decoding=\"async\" class=\"aligncenter\" src=\"https:\/\/data.adwebcloud.com\/public\/material\/220426a7q47o\/product\/imageFile_1664271906144.jpg\" alt=\"\" \/><\/p>","protected":false},"excerpt":{"rendered":"<p>L&#039;agate rouge a pour effet de stimuler la curiosit\u00e9 et l&#039;action des personnes qui ont des pens\u00e9es n\u00e9gatives, qui n&#039;ont pas d&#039;objectifs ni de motivation. Renforcer la cr\u00e9ativit\u00e9 et la cr\u00e9ativit\u00e9, et \u00eatre inspir\u00e9 dans le processus de cr\u00e9ation. La couleur de l&#039;agate rouge est d\u00e9licate et lumineuse, et lorsqu&#039;elle est vue \u00e0 travers la lumi\u00e8re...<\/p>","protected":false},"featured_media":7945,"comment_status":"closed","ping_status":"closed","template":"","meta":[],"product_brand":[],"product_cat":[208],"product_tag":[893,891,892,894,896,889,890,895],"class_list":{"0":"post-2937","1":"product","2":"type-product","3":"status-publish","4":"has-post-thumbnail","6":"product_cat-agate","7":"product_tag-red-agate-countertop","8":"product_tag-red-agate-floors","9":"product_tag-red-agate-kitchens","10":"product_tag-red-agate-price","11":"product_tag-red-agate-raw","12":"product_tag-red-agate-slab","13":"product_tag-red-agate-table","14":"product_tag-red-agate-tiles","16":"first","17":"instock","18":"product-type-simple"},"_links":{"self":[{"href":"https:\/\/www.quartzite-stone.com\/fr\/wp-json\/wp\/v2\/product\/2937","targetHints":{"allow":["GET"]}}],"collection":[{"href":"https:\/\/www.quartzite-stone.com\/fr\/wp-json\/wp\/v2\/product"}],"about":[{"href":"https:\/\/www.quartzite-stone.com\/fr\/wp-json\/wp\/v2\/types\/product"}],"replies":[{"embeddable":true,"href":"https:\/\/www.quartzite-stone.com\/fr\/wp-json\/wp\/v2\/comments?post=2937"}],"wp:featuredmedia":[{"embeddable":true,"href":"https:\/\/www.quartzite-stone.com\/fr\/wp-json\/wp\/v2\/media\/7945"}],"wp:attachment":[{"href":"https:\/\/www.quartzite-stone.com\/fr\/wp-json\/wp\/v2\/media?parent=2937"}],"wp:term":[{"taxonomy":"product_brand","embeddable":true,"href":"https:\/\/www.quartzite-stone.com\/fr\/wp-json\/wp\/v2\/product_brand?post=2937"},{"taxonomy":"product_cat","embeddable":true,"href":"https:\/\/www.quartzite-stone.com\/fr\/wp-json\/wp\/v2\/product_cat?post=2937"},{"taxonomy":"product_tag","embeddable":true,"href":"https:\/\/www.quartzite-stone.com\/fr\/wp-json\/wp\/v2\/product_tag?post=2937"}],"curies":[{"name":"wp","href":"https:\/\/api.w.org\/{rel}","templated":true}]}}