{"id":2921,"date":"2022-07-05T00:04:54","date_gmt":"2022-07-04T16:04:54","guid":{"rendered":"https:\/\/www.quartzite-stone.com\/product\/green-agate\/"},"modified":"2023-07-11T11:46:40","modified_gmt":"2023-07-11T03:46:40","slug":"comptoir-retro-eclaire-en-agate-verte","status":"publish","type":"product","link":"https:\/\/www.quartzite-stone.com\/fr\/products\/green-agate-slab-backlit-countertop\/","title":{"rendered":"Agate verte"},"content":{"rendered":"<p>INFORMATIONS COMPL\u00c9MENTAIRES<\/p>\n<table>\n<tbody>\n<tr>\n<td width=\"124\"><strong>MAT\u00c9RIEL<\/strong><\/td>\n<td width=\"444\">agate<\/td>\n<\/tr>\n<tr>\n<td width=\"124\"><strong>COULEUR<\/strong><\/td>\n<td width=\"444\">vert<\/td>\n<\/tr>\n<tr>\n<td width=\"124\"><strong>PAYS D&#039;ORIGINE<\/strong><\/td>\n<td width=\"444\">Br\u00e9sil<\/td>\n<\/tr>\n<tr>\n<td width=\"124\"><strong>FINITION DE SURFACE<\/strong><\/td>\n<td width=\"444\">Poli, aiguis\u00e9, cuir\u00e9<\/td>\n<\/tr>\n<tr>\n<td width=\"124\"><strong>UTILISER<\/strong><\/td>\n<td width=\"444\">Cuisines, salles de bains, sols, murs, carrelages, dalles<\/td>\n<\/tr>\n<tr>\n<td width=\"124\"><strong>DISPONIBILIT\u00c9<\/strong><\/td>\n<td width=\"444\">Veuillez v\u00e9rifier la disponibilit\u00e9 des stocks aupr\u00e8s de HRST STONE pour visiter.<\/p>\n<p>Les \u00e9chantillons de pierre ne sont pas non plus disponibles pour chaque s\u00e9lection de pierre, veuillez vous renseigner pour la disponibilit\u00e9.<\/p>\n<\/td>\n<\/tr>\n<\/tbody>\n<\/table>\n<p>Les dalles de pierre d&#039;agate semi-pr\u00e9cieuses sont une pierre de luxe pour l&#039;am\u00e9nagement int\u00e9rieur, ces pierres, en particulier les vari\u00e9t\u00e9s translucides qui peuvent \u00eatre \u00e9clair\u00e9es par l&#039;arri\u00e8re, cr\u00e9ent des effets de couleur uniques et ajoutent des touches originales \u00e0 une pi\u00e8ce. Pour sublimer les pi\u00e8ces et les rendre uniques.<\/p>\n<p>Chaque pierre semi-pr\u00e9cieuse est taill\u00e9e individuellement et assembl\u00e9e \u00e0 la main avec une r\u00e9sine \u00e9poxy pour cr\u00e9er une dalle \u00e9tonnante. Ces pierres pr\u00e9cieuses et cristaux rares sont tr\u00e8s appr\u00e9ci\u00e9s depuis l'Antiquit\u00e9. En raison de son r\u00e9tro\u00e9clairage, ce produit peut \u00eatre install\u00e9 comme comptoir, dosseret, application murale ou rev\u00eatement de sol.<\/p>\n<p>Les dalles en agate verte sont une belle pierre pr\u00e9cieuse de luxe pour l'am\u00e9nagement int\u00e9rieur. Elles peuvent \u00eatre \u00e9clair\u00e9es par l'arri\u00e8re, cr\u00e9er des effets de couleur uniques et ajouter des touches originales \u00e0 une pi\u00e8ce.<\/p>\n<\/p>\n<p>L'agate verte est une vari\u00e9t\u00e9 relativement pr\u00e9cieuse de la famille des agates. La couleur de l'agate verte naturelle n'est pas un vert pur, mais plut\u00f4t un vert impur, un vert fonc\u00e9 et un vert brun\u00e2tre. L'agate verte tr\u00e8s pure est tr\u00e8s rare et est le plus souvent teint\u00e9e artificiellement. Ou une erreur de d\u00e9nomination pour la chrysoprase. La couleur de l'agate verte est semblable \u00e0 celle de la jad\u00e9ite de tr\u00e8s haute qualit\u00e9, elle est magnifique et g\u00e9n\u00e9reuse, et elle a un effet spirituel et un effet puissant, ce qui est tr\u00e8s populaire parmi les gens.<\/p>\n<p>&nbsp;<\/p>\n<p>La couleur de l'agate verte est similaire \u00e0 celle du jade. De nombreux marchands peu scrupuleux utilisent de l'agate verte artificielle pour faire croire qu'il s'agit de jade. L'agate verte naturelle est tr\u00e8s rare. Bien que l'agate verte appartienne \u00e0 la famille des agates, elle a un effet et une fonction qui lui sont propres.<\/p>\n<p>&nbsp;<\/p>\n<h3 style=\"font-size: 19px\">L'effet physiologique magique de l'onyx vert<\/h3>\n<p>Les plaques d'agate verte sont un minerai naturel, contenant une vari\u00e9t\u00e9 de min\u00e9raux, une usure \u00e0 long terme, un bon effet de promotion sur la circulation sanguine humaine et le m\u00e9tabolisme, et des effets de beaut\u00e9 sur la peau au fil du temps ; l'agate verte a des effets sp\u00e9ciaux sur la r\u00e9gulation des hormones f\u00e9minines et le traitement des maladies gyn\u00e9cologiques, convient \u00e0 l'irr\u00e9gularit\u00e9 du sang, aux femmes souffrant du syndrome de la m\u00e9nopause ; l'agate verte a des effets de d\u00e9sintoxication, de d\u00e9shumidification et d'autres effets, et peut soulager les sympt\u00f4mes du rhumatisme chez les personnes \u00e2g\u00e9es.<\/p>\n<p>&nbsp;<\/p>\n<h3 style=\"font-size: 19px\">L'effet spirituel de l'onyx vert<\/h3>\n<p>L'agate est l'un des sept tr\u00e9sors du bouddhisme, et elle est dot\u00e9e d'un puissant pouvoir d'\u00e9loignement des esprits mal\u00e9fiques. Les dalles de pierre d'agate verte, en tant que famille d'agate, ont naturellement l'effet magique d'\u00e9loigner les mauvais esprits ; l'agate verte convient aux personnes au temp\u00e9rament indiff\u00e9rent, car l'agate verte a l'effet d'augmenter l'enthousiasme, et l'agate verte peut am\u00e9liorer la mobilit\u00e9 personnelle, le travail acharn\u00e9.<\/p>\n<\/p>\n<p>Les plaques d'agate sont de grandes pi\u00e8ces plates d'agate qui ont \u00e9t\u00e9 coup\u00e9es et polies pour \u00eatre utilis\u00e9es dans des applications d\u00e9coratives. Les dalles d'agate sont appr\u00e9ci\u00e9es pour leurs motifs uniques et magnifiques, form\u00e9s par le d\u00e9p\u00f4t de couches min\u00e9rales au fil du temps. Ces dalles sont souvent utilis\u00e9es dans la construction de comptoirs, de plateaux de table et d'autres surfaces d\u00e9coratives, ainsi que pour le rev\u00eatement de murs et d'autres applications de d\u00e9coration int\u00e9rieure.<\/p>\n<p>Les plaques de pierre d'agate se pr\u00e9sentent sous diff\u00e9rentes couleurs et motifs, en fonction du type d'agate et des conditions dans lesquelles elle s'est form\u00e9e. Les couleurs les plus courantes sont le bleu, le vert, le violet, le rose et le blanc, tandis que les motifs peuvent comprendre des rayures, des tourbillons et des anneaux concentriques.<\/p>\n<\/p>\n<p><img decoding=\"async\" class=\"aligncenter\" src=\"https:\/\/data.adwebcloud.com\/public\/material\/220426a7q47o\/product\/imageFile_1664271898785.jpg\" alt=\"\" \/><\/p>\n<p><img decoding=\"async\" class=\"aligncenter\" src=\"https:\/\/data.adwebcloud.com\/public\/material\/220426a7q47o\/product\/imageFile_1664271899729.jpg\" alt=\"\" \/><img decoding=\"async\" class=\"aligncenter\" src=\"https:\/\/data.adwebcloud.com\/public\/material\/220426a7q47o\/product\/imageFile_1664271900753.jpg\" alt=\"\" \/><\/p>\n<\/p>\n<h3 style=\"font-size: 19px\">FAQ<\/h3>\n<p>Q : Qu'est-ce qu'une plaque de pierre d'agate ?<br \/>R : Une plaque d'agate est un morceau de pierre naturelle qui a \u00e9t\u00e9 taill\u00e9 et poli en une plaque plate destin\u00e9e \u00e0 \u00eatre utilis\u00e9e dans des applications d\u00e9coratives telles que les comptoirs, les plateaux de table et les panneaux muraux.<\/p>\n<p>Q : Comment se forme une dalle en pierre d'agate ?<br \/>R : Les plaques d'agate sont form\u00e9es par un processus de cristallisation dans les cavit\u00e9s ou fissures des roches volcaniques. Au fil du temps, des couches de solutions riches en silice s'accumulent dans ces cavit\u00e9s, cr\u00e9ant l'apparence en bandes ou en couches de la pierre d'agate.<\/p>\n<p>Q : Quels sont les avantages de la pierre d'agate ?<br \/>R : Les dalles en pierre d'Agate offrent un certain nombre d'avantages, notamment leur aspect unique et magnifique, leur durabilit\u00e9 et leur r\u00e9sistance aux rayures et \u00e0 la chaleur.<\/p>\n<p>Q : Comment entretenir une dalle en pierre d'agate ?<br \/>R : Les dalles en pierre d'Agate doivent \u00eatre nettoy\u00e9es avec une solution d'eau et de savon doux, et tout liquide renvers\u00e9 doit \u00eatre essuy\u00e9 imm\u00e9diatement pour \u00e9viter les taches. \u00c9vitez d'utiliser des nettoyants abrasifs ou des \u00e9ponges qui pourraient rayer la surface de la pierre.<\/p>\n<p>Q : O\u00f9 puis-je utiliser les dalles en pierre d'agate ?<br \/>R : Les dalles de pierre d'Agate peuvent \u00eatre utilis\u00e9es dans une vari\u00e9t\u00e9 d'applications, y compris les plans de travail, les plateaux de table, les dosserets et les panneaux muraux. Elles sont \u00e9galement souvent utilis\u00e9es pour des accents d\u00e9coratifs tels que des sous-verres, des vases et des bo\u00eetes \u00e0 bijoux.<\/p>\n<p>Q : Combien co\u00fbtent les dalles en pierre d'agate ?<br \/>R : Le co\u00fbt d'une dalle en pierre d'agate peut varier consid\u00e9rablement en fonction de facteurs tels que la taille, la couleur et la qualit\u00e9 de la pierre, ainsi que l'emplacement et l'expertise du fournisseur. Il faut compter entre $100 et $500 par m\u00e8tre carr\u00e9 pour une dalle en pierre d'agate de haute qualit\u00e9.<\/p>\n<p>Q : Les dalles en pierre d'agate peuvent-elles \u00eatre command\u00e9es sur mesure ?<br \/>R : Oui, de nombreux fournisseurs proposent des commandes personnalis\u00e9es de dalles en pierre d'agate dans une grande vari\u00e9t\u00e9 de tailles, de formes et de couleurs. Toutefois, il faut garder \u00e0 l'esprit que les commandes personnalis\u00e9es peuvent \u00eatre plus ch\u00e8res et que leur production et leur livraison peuvent prendre plus de temps.<\/p>\n<\/p>\n<h3 style=\"list-style-type: revert;font-size: 19px\">L'histoire de la pierre d'agate<\/h3>\n<p style=\"list-style-type: revert\">Les pierres d'agate sont utilis\u00e9es depuis des milliers d'ann\u00e9es pour leur beaut\u00e9 et leurs propri\u00e9t\u00e9s curatives. Les anciens \u00c9gyptiens et Grecs croyaient que les pierres d'agate avaient le pouvoir de prot\u00e9ger contre le mal et de promouvoir la sant\u00e9. Au Moyen \u00c2ge, on attribuait aux pierres d'agate le pouvoir de gu\u00e9rir les fi\u00e8vres et de prot\u00e9ger contre la peste. Aujourd'hui, les pierres d'agate sont toujours tr\u00e8s pris\u00e9es pour leur beaut\u00e9 et sont utilis\u00e9es dans une vari\u00e9t\u00e9 d'applications, de la fabrication de bijoux \u00e0 la d\u00e9coration d'int\u00e9rieur.<\/p>\n<h3 style=\"list-style-type: revert;font-size: 19px\">Avantages de l'utilisation des dalles en pierre d'agate<\/h3>\n<p style=\"list-style-type: revert\">Les dalles en pierre d'agate pr\u00e9sentent un certain nombre d'avantages qui en font un choix populaire pour les d\u00e9corateurs d'int\u00e9rieur et les propri\u00e9taires. L'un des principaux avantages des pierres d'agate r\u00e9side dans leurs motifs et leurs couleurs uniques. Il n'y a pas deux pierres d'agate identiques, ce qui signifie que chaque dalle de pierre d'agate est unique. Cela en fait un excellent choix pour cr\u00e9er une pi\u00e8ce d'apparat dans n'importe quelle pi\u00e8ce.<\/p>\n<p style=\"list-style-type: revert\">Outre leur beaut\u00e9, les pierres d'agate sont \u00e9galement connues pour leurs propri\u00e9t\u00e9s curatives. De nombreuses personnes pensent que les pierres d'agate ont le pouvoir de favoriser l'\u00e9quilibre et la stabilit\u00e9 \u00e9motionnels. On dit aussi qu'elles aident \u00e0 soulager les maux physiques tels que les maux de t\u00eate et les probl\u00e8mes digestifs.<\/p>\n<h3 style=\"list-style-type: revert;font-size: 19px\">Types de dalles en pierre d'agate<\/h3>\n<p style=\"list-style-type: revert\">Les pierres d'agate se d\u00e9clinent en de nombreuses vari\u00e9t\u00e9s, chacune pr\u00e9sentant des motifs et des couleurs uniques. Parmi les types de pierres d'agate les plus populaires, on trouve l'agate dentelle bleue, l'agate mousse et l'agate dendritique. L'agate dentelle bleue se caract\u00e9rise par sa couleur bleu clair et ses d\u00e9licats motifs en forme de dentelle. L'agate mousse est connue pour sa couleur verte et ses inclusions ressemblant \u00e0 de la mousse. L'agate dendritique a un fond blanc ou gris avec des motifs arborescents noirs ou bruns.<\/p>\n<h3 style=\"list-style-type: revert;font-size: 19px\">Comment utiliser les dalles de pierre d'agate dans la d\u00e9coration d'int\u00e9rieur<\/h3>\n<p style=\"list-style-type: revert\">Les dalles en pierre d'Agate peuvent \u00eatre utilis\u00e9es de diverses mani\u00e8res dans la d\u00e9coration int\u00e9rieure. L'une des applications les plus populaires est la cr\u00e9ation d'un point d'int\u00e9r\u00eat dans une pi\u00e8ce. Une grande plaque d'agate peut \u00eatre accroch\u00e9e \u00e0 un mur ou plac\u00e9e sur une table pour cr\u00e9er un point focal spectaculaire. De plus petites plaques d'agate peuvent \u00eatre utilis\u00e9es comme sous-verres ou sets de table pour ajouter une touche d'\u00e9l\u00e9gance \u00e0 une table \u00e0 manger.<\/p>\n<p style=\"list-style-type: revert\">Les dalles d'agate peuvent \u00e9galement \u00eatre utilis\u00e9es pour cr\u00e9er des luminaires uniques et attrayants. La nature translucide des pierres d'agate les rend parfaites pour cr\u00e9er des lampes et des appliques qui diffusent une lumi\u00e8re chaude et accueillante.<\/p>\n<h3 style=\"list-style-type: revert;font-size: 19px\">Plaques de pierre d'agate Projets de bricolage<\/h3>\n<p style=\"list-style-type: revert\">Si vous vous sentez l'\u00e2me d'un bricoleur, les plaques de pierre d'agate peuvent \u00eatre utilis\u00e9es dans de nombreux projets de bricolage. L'une des id\u00e9es les plus populaires est d'utiliser de petites plaques de pierre d'agate comme aimants. Il suffit de coller un petit aimant au dos de la pierre d'agate pour obtenir une d\u00e9coration unique et fonctionnelle pour votre r\u00e9frig\u00e9rateur. La pierre d'agate peut \u00e9galement \u00eatre utilis\u00e9e pour cr\u00e9er des bijoux, tels que des colliers et des boucles d'oreilles.<\/p><\/p>","protected":false},"excerpt":{"rendered":"<p>Les dalles de pierre d&#039;agate semi-pr\u00e9cieuses sont une pierre de luxe pour l&#039;am\u00e9nagement int\u00e9rieur, ces pierres, en particulier les vari\u00e9t\u00e9s translucides qui peuvent \u00eatre \u00e9clair\u00e9es par l&#039;arri\u00e8re, cr\u00e9ent des effets de couleur uniques et ajoutent des touches originales \u00e0 une pi\u00e8ce. Pour sublimer les pi\u00e8ces et les rendre uniques.<\/p><\/p>","protected":false},"featured_media":7955,"comment_status":"closed","ping_status":"closed","template":"","meta":[],"product_brand":[],"product_cat":[208],"product_tag":[880,885,882,884,881,883,886,887,888],"class_list":{"0":"post-2921","1":"product","2":"type-product","3":"status-publish","4":"has-post-thumbnail","6":"product_cat-agate","7":"product_tag-agate-slab","8":"product_tag-green-agate-countertop","9":"product_tag-green-agate-floors","10":"product_tag-green-agate-kitchens","11":"product_tag-green-agate-slab","12":"product_tag-green-agate-table","13":"product_tag-green-agate-tiles","14":"product_tag-green-gem-stone","15":"product_tag-green-semi-precious-stones","17":"first","18":"instock","19":"product-type-simple"},"_links":{"self":[{"href":"https:\/\/www.quartzite-stone.com\/fr\/wp-json\/wp\/v2\/product\/2921","targetHints":{"allow":["GET"]}}],"collection":[{"href":"https:\/\/www.quartzite-stone.com\/fr\/wp-json\/wp\/v2\/product"}],"about":[{"href":"https:\/\/www.quartzite-stone.com\/fr\/wp-json\/wp\/v2\/types\/product"}],"replies":[{"embeddable":true,"href":"https:\/\/www.quartzite-stone.com\/fr\/wp-json\/wp\/v2\/comments?post=2921"}],"wp:featuredmedia":[{"embeddable":true,"href":"https:\/\/www.quartzite-stone.com\/fr\/wp-json\/wp\/v2\/media\/7955"}],"wp:attachment":[{"href":"https:\/\/www.quartzite-stone.com\/fr\/wp-json\/wp\/v2\/media?parent=2921"}],"wp:term":[{"taxonomy":"product_brand","embeddable":true,"href":"https:\/\/www.quartzite-stone.com\/fr\/wp-json\/wp\/v2\/product_brand?post=2921"},{"taxonomy":"product_cat","embeddable":true,"href":"https:\/\/www.quartzite-stone.com\/fr\/wp-json\/wp\/v2\/product_cat?post=2921"},{"taxonomy":"product_tag","embeddable":true,"href":"https:\/\/www.quartzite-stone.com\/fr\/wp-json\/wp\/v2\/product_tag?post=2921"}],"curies":[{"name":"wp","href":"https:\/\/api.w.org\/{rel}","templated":true}]}}